{"id":88,"date":"2026-05-14T19:05:56","date_gmt":"2026-05-14T12:05:56","guid":{"rendered":"https:\/\/hubet.wine\/index.php\/mien-tru-trach-nhiem\/"},"modified":"2026-05-14T19:05:56","modified_gmt":"2026-05-14T12:05:56","slug":"mien-tru-trach-nhiem","status":"publish","type":"page","link":"https:\/\/hubet.wine\/index.php\/mien-tru-trach-nhiem\/","title":{"rendered":"Mi\u1ec5n Tr\u1eeb Tr\u00e1ch Nhi\u1ec7m | Ch\u00ednh S\u00e1ch Minh B\u1ea1ch Cho Ng\u01b0\u1eddi D\u00f9ng"},"content":{"rendered":"<div class=\"row\" id=\"row-150725348\">\n<div id=\"col-784826301\" class=\"col medium-3 small-12 large-3\">\n<div class=\"col-inner\">\n<div id=\"text-2750147746\" class=\"text khung\">\n<div class=\"trang-chu\">\n<p style=\"text-align: center;\"><strong><span class=\"widget-title\">\u2705TH\u00d4NG TIN<\/span><\/strong><\/p>\n<div class=\"textwidget\">\n<ul>\n<li><strong>Th\u01b0\u01a1ng hi\u1ec7u: <a href=\"https:\/\/hubet.wine\/\">HUBET<\/a><\/strong><\/li>\n<li><strong>Danh M\u1ee5c:<\/strong> C\u00e1 C\u01b0\u1ee3c Tr\u1ef1c Tuy\u1ebfn<\/li>\n<li><strong>S\u1ea3n Ph\u1ea9m Ch\u1ee7 \u0110\u1ea1o:<\/strong> Casino Online<\/li>\n<li><strong>N\u0103m Th\u00e0nh L\u1eadp:<\/strong> 2019<\/li>\n<li><strong>\u0110\u1ecba ch\u1ec9<\/strong>: 03 L\u00ea Thanh Ngh\u1ecb, Ho\u00e0 C\u01b0\u1eddng B\u1eafc, H\u1ea3i Ch\u00e2u, \u0110\u00e0 N\u1eb5ng 50000, Vi\u1ec7t Nam<\/li>\n<li><strong>Email: <\/strong>support@xoi.us.com<strong><br \/><\/strong><\/li>\n<li><b>Hotline: 0375 704 385<\/b><\/li>\n<li><strong>Website<\/strong>: <a href=\"https:\/\/hubet.wine\/\"><strong>https:\/\/xoi.us.com\/<\/strong><\/a><\/li>\n<li><strong>Hashtag: <\/strong>#hubet #hubetdecom #hu_bet #hubet_casino\u00a0 #CasinoOnline #T\u00e0iX\u1ec9u<\/li>\n<\/ul>\n<\/div>\n<\/div><\/div>\n<div id=\"text-2702881036\" class=\"text khung\">\n<div class=\"trang-chu\">\n<div style=\"text-align: center;\"><strong>\u00a0\u2705S\u1ea2N PH\u1ea8M<\/strong><\/div>\n<ul>\n<li><a href=\"https:\/\/hubet.wine\/casino-hubet\/\"><strong>Casino<\/strong><\/a><\/li>\n<li><a href=\"https:\/\/hubet.wine\/the-thao-hubet\/\"><strong>Th\u1ec3 Thao<\/strong><\/a><\/li>\n<li><a href=\"https:\/\/hubet.wine\/no-hu-hubet\/\"><strong>N\u1ed5 H\u0169<\/strong><\/a><\/li>\n<li><a href=\"https:\/\/hubet.wine\/ban-ca-hubet\/\"><strong>B\u1eafn C\u00e1<\/strong><\/a><\/li>\n<li><a href=\"https:\/\/hubet.wine\/da-ga-hubet\/\"><strong>\u0110\u00e1 G\u00e0<\/strong><\/a><\/li>\n<li><a href=\"https:\/\/hubet.wine\/xo-so-hubet\/\"><strong>X\u1ed5 S\u1ed1<\/strong><\/a><\/li>\n<\/ul>\n<\/div><\/div>\n<\/p><\/div>\n<\/p><\/div>\n<div id=\"col-350985889\" class=\"col medium-9 small-12 large-9\">\n<div class=\"col-inner\">\n<p><a href=\"https:\/\/hubet.wine\/mien-tru-trach-nhiem\/\"><b>Mi\u1ec5n tr\u1eeb tr\u00e1ch nhi\u1ec7m<\/b><\/a><span style=\"font-weight: 400;\"> l\u00e0 n\u1ed9i dung \u0111\u01b0\u1ee3c <strong><a href=\"https:\/\/hubet.wine\/\">Hubet<\/a><\/strong> x\u00e2y d\u1ef1ng v\u1edbi m\u1ee5c ti\u00eau t\u1ea1o d\u1ef1ng s\u1ef1 minh b\u1ea1ch cho ng\u01b0\u1eddi s\u1eed d\u1ee5ng d\u1ecbch v\u1ee5. Ch\u00ednh s\u00e1ch n\u00e0y gi\u00fap ng\u01b0\u1eddi ch\u01a1i hi\u1ec3u r\u00f5 gi\u1edbi h\u1ea1n tr\u00e1ch nhi\u1ec7m c\u1ee7a nh\u00e0 c\u00e1i trong qu\u00e1 tr\u00ecnh s\u1eed d\u1ee5ng n\u1ec1n t\u1ea3ng. B\u00e0i vi\u1ebft sau \u0111\u00e2y s\u1ebd cung c\u1ea5p \u0111\u1ea7y \u0111\u1ee7 th\u00f4ng tin c\u1ea7n thi\u1ebft v\u1ec1 n\u1ed9i dung mi\u1ec5n tr\u00e1ch nhi\u1ec7m t\u1ea1i Hubet, tham kh\u1ea3o ngay!<\/span><\/p>\n<h2><b>C\u00e1c \u0111i\u1ec1u kho\u1ea3n chung trong ch\u00ednh s\u00e1ch mi\u1ec5n tr\u1eeb tr\u00e1ch nhi\u1ec7m<\/b><\/h2>\n<p><span style=\"font-weight: 400;\">Tr\u01b0\u1edbc khi t\u00ecm hi\u1ec3u chi ti\u1ebft, ng\u01b0\u1eddi d\u00f9ng c\u1ea7n hi\u1ec3u <\/span><b>mi\u1ec5n tr\u1eeb tr\u00e1ch nhi\u1ec7m<\/b><span style=\"font-weight: 400;\"> l\u00e0 ph\u1ea7n kh\u00f4ng th\u1ec3 t\u00e1ch r\u1eddi trong \u0111i\u1ec1u kho\u1ea3n s\u1eed d\u1ee5ng m\u00e0 th\u00e0nh vi\u00ean Hubet c\u0169ng n\u00ean \u0111\u1ecdc k\u1ef9. N\u00f3 x\u00e1c \u0111\u1ecbnh r\u00f5 gi\u1edbi h\u1ea1n tr\u00e1ch nhi\u1ec7m gi\u1eefa ng\u01b0\u1eddi d\u00f9ng v\u00e0 n\u1ec1n t\u1ea3ng trong c\u00e1c tr\u01b0\u1eddng h\u1ee3p c\u1ee5 th\u1ec3. \u0110\u1eb7c bi\u1ec7t l\u00e0 c\u00e1c t\u00ecnh hu\u1ed1ng n\u1eb1m ngo\u00e0i t\u1ea7m ki\u1ec3m so\u00e1t c\u1ee7a nh\u00e0 ph\u00e1t h\u00e0nh d\u1ecbch v\u1ee5.<\/span><\/p>\n<figure id=\"attachment_688\" aria-describedby=\"caption-attachment-688\" style=\"width: 800px\" class=\"wp-caption aligncenter\"><img title=\"Nh\u1eefng \u0111i\u1ec1u kho\u1ea3n chung v\u1ec1 mi\u1ec5n tr\u1eeb tr\u00e1ch nhi\u1ec7m\" loading=\"lazy\" decoding=\"async\" class=\"size-full wp-image-688\" src=\"https:\/\/hubet.wine\/wp-content\/uploads\/2026\/05\/mien-tru-trach-nhiem-1.webp\" alt=\"Nh\u1eefng \u0111i\u1ec1u kho\u1ea3n chung v\u1ec1 mi\u1ec5n tr\u1eeb tr\u00e1ch nhi\u1ec7m\" width=\"800\" height=\"450\"><figcaption id=\"caption-attachment-688\" class=\"wp-caption-text\">Nh\u1eefng \u0111i\u1ec1u kho\u1ea3n chung v\u1ec1 mi\u1ec5n tr\u1eeb tr\u00e1ch nhi\u1ec7m<\/figcaption><\/figure>\n<h3><b>N\u1ed9i dung ch\u00ednh s\u00e1ch \u00e1p d\u1ee5ng \u0111\u1ed1i v\u1edbi d\u1ecbch v\u1ee5 k\u1ef9 thu\u1eadt s\u1ed1<\/b><\/h3>\n<p><span style=\"font-weight: 400;\">Trong qu\u00e1 tr\u00ecnh s\u1eed d\u1ee5ng c\u00e1c s\u1ea3n ph\u1ea9m c\u00e1 c\u01b0\u1ee3c tr\u1ef1c tuy\u1ebfn t\u1ea1i Hubet c\u00f3 th\u1ec3 x\u1ea3y ra l\u1ed7i k\u1ef9 thu\u1eadt t\u1eeb nh\u00e0 cung c\u1ea5p h\u1ec7 th\u1ed1ng. T\u00ecnh tr\u1ea1ng m\u1ea5t k\u1ebft n\u1ed1i m\u1ea1ng, ho\u1eb7c gi\u00e1n \u0111o\u1ea1n b\u1ea5t kh\u1ea3 kh\u00e1ng t\u1eeb ph\u00eda b\u00ean th\u1ee9 ba. Trong c\u00e1c tr\u01b0\u1eddng h\u1ee3p nh\u01b0 v\u1eady, nh\u00e0 c\u00e1i kh\u00f4ng ch\u1ecbu tr\u00e1ch nhi\u1ec7m v\u1ec1 m\u1ecdi t\u1ed5n th\u1ea5t ph\u00e1t sinh do gi\u00e1n \u0111o\u1ea1n ho\u1eb7c sai l\u1ec7ch d\u1eef li\u1ec7u t\u1eeb h\u1ec7 th\u1ed1ng.\u00a0<\/span><\/p>\n<p><span style=\"font-weight: 400;\">M\u1ecdi th\u00f4ng tin \u0111\u01b0\u1ee3c hi\u1ec3n th\u1ecb tr\u00ean n\u1ec1n t\u1ea3ng mang t\u00ednh ch\u1ea5t tham kh\u1ea3o, kh\u00f4ng mang t\u00ednh \u0111\u1ea3m b\u1ea3o tuy\u1ec7t \u0111\u1ed1i v\u1ec1 \u0111\u1ed9 ch\u00ednh x\u00e1c t\u1ea1i m\u1ecdi th\u1eddi \u0111i\u1ec3m. Ch\u00fang gi\u00fap ng\u01b0\u1eddi d\u00f9ng hi\u1ec3u r\u1eb1ng vi\u1ec7c quy\u1ebft \u0111\u1ecbnh \u0111\u1eb7t c\u01b0\u1ee3c hay tham gia c\u00e1c tr\u00f2 ch\u01a1i \u0111\u1ec1u l\u00e0 h\u00e0nh \u0111\u1ed9ng c\u00e1 nh\u00e2n v\u00e0 ph\u1ea3i \u0111\u01b0\u1ee3c c\u00e2n nh\u1eafc k\u1ef9 l\u01b0\u1ee1ng.<\/span><\/p>\n<h3><b>Gi\u1edbi h\u1ea1n tr\u00e1ch nhi\u1ec7m \u0111\u1ed1i v\u1edbi h\u00e0nh vi c\u1ee7a ng\u01b0\u1eddi d\u00f9ng<\/b><\/h3>\n<p><span style=\"font-weight: 400;\">B\u00ean c\u1ea1nh c\u00e1c l\u1ed7i k\u1ef9 thu\u1eadt, Hubet s\u1ebd <\/span><b>mi\u1ec5n tr\u1eeb tr\u00e1ch nhi\u1ec7m <\/b><span style=\"font-weight: 400;\">trong tr\u01b0\u1eddng h\u1ee3p ng\u01b0\u1eddi d\u00f9ng vi ph\u1ea1m \u0111i\u1ec1u kho\u1ea3n s\u1eed d\u1ee5ng. T\u1ef1 \u00fd chia s\u1ebb th\u00f4ng tin t\u00e0i kho\u1ea3n ho\u1eb7c s\u1eed d\u1ee5ng ph\u1ea7n m\u1ec1m gian l\u1eadn.\u00a0<\/span><\/p>\n<p><span style=\"font-weight: 400;\">M\u1ed7i c\u00e1 nh\u00e2n \u0111\u1ec1u c\u00f3 tr\u00e1ch nhi\u1ec7m b\u1ea3o m\u1eadt th\u00f4ng tin c\u00e1 nh\u00e2n v\u00e0 t\u00e0i kho\u1ea3n c\u1ee7a m\u00ecnh. N\u1ebfu ph\u00e1t hi\u1ec7n c\u00f3 h\u00e0nh vi kh\u00f4ng minh b\u1ea1ch, h\u1ec7 th\u1ed1ng c\u00f3 quy\u1ec1n t\u1ea1m kh\u00f3a ho\u1eb7c thu h\u1ed3i quy\u1ec1n truy c\u1eadp m\u00e0 kh\u00f4ng ph\u1ea3i b\u1ed3i th\u01b0\u1eddng b\u1ea5t k\u1ef3 thi\u1ec7t h\u1ea1i n\u00e0o cho ng\u01b0\u1eddi d\u00f9ng.<\/span><\/p>\n<p><span style=\"font-weight: 400;\">S\u1ef1 r\u00f5 r\u00e0ng n\u00e0y gi\u00fap b\u1ea3o v\u1ec7 c\u1ed9ng \u0111\u1ed3ng ng\u01b0\u1eddi ch\u01a1i ch\u00e2n ch\u00ednh v\u00e0 duy tr\u00ec m\u00f4i tr\u01b0\u1eddng c\u00e1 c\u01b0\u1ee3c l\u00e0nh m\u1ea1nh, c\u00f4ng b\u1eb1ng. M\u1ed9t trong nh\u1eefng gi\u00e1 tr\u1ecb c\u1ed1t l\u00f5i m\u00e0 Hubet lu\u00f4n theo \u0111u\u1ed5i.<\/span><\/p>\n<h2><b>Mi\u1ec5n tr\u1eeb tr\u00e1ch nhi\u1ec7m li\u00ean quan \u0111\u1ebfn th\u00f4ng tin v\u00e0 n\u1ed9i dung hi\u1ec3n th\u1ecb<\/b><\/h2>\n<p><span style=\"font-weight: 400;\">Sau khi \u0111\u00e3 hi\u1ec3u c\u00e1c gi\u1edbi h\u1ea1n v\u1ec1 d\u1ecbch v\u1ee5 v\u00e0 h\u00e0nh vi ng\u01b0\u1eddi d\u00f9ng, b\u1ea1n c\u0169ng n\u00ean n\u1eafm \u0111\u01b0\u1ee3c ch\u00ednh s\u00e1ch mi\u1ec5n tr\u1eeb tr\u00e1ch nhi\u1ec7m li\u00ean quan \u0111\u1ebfn n\u1ed9i dung hi\u1ec3n th\u1ecb. Ch\u00fang \u0111\u1eb7c bi\u1ec7t quan tr\u1ecdng trong vi\u1ec7c ti\u1ebfp nh\u1eadn th\u00f4ng tin, ph\u00e2n t\u00edch d\u1eef li\u1ec7u c\u00e1 c\u01b0\u1ee3c v\u00e0 ra quy\u1ebft \u0111\u1ecbnh t\u00e0i ch\u00ednh.<\/span><\/p>\n<figure id=\"attachment_689\" aria-describedby=\"caption-attachment-689\" style=\"width: 800px\" class=\"wp-caption aligncenter\"><img title=\"T\u00ecnh hu\u1ed1ng mi\u1ec5n tr\u1eeb tr\u00e1ch nhi\u1ec7m v\u1ec1 th\u00f4ng tin hi\u1ec3n th\u1ecb\" loading=\"lazy\" decoding=\"async\" class=\"size-full wp-image-689\" src=\"https:\/\/hubet.wine\/wp-content\/uploads\/2026\/05\/mien-tru-trach-nhiem-2.webp\" alt=\"T\u00ecnh hu\u1ed1ng mi\u1ec5n tr\u1eeb tr\u00e1ch nhi\u1ec7m v\u1ec1 th\u00f4ng tin hi\u1ec3n th\u1ecb\" width=\"800\" height=\"450\"><figcaption id=\"caption-attachment-689\" class=\"wp-caption-text\">T\u00ecnh hu\u1ed1ng mi\u1ec5n tr\u1eeb tr\u00e1ch nhi\u1ec7m v\u1ec1 th\u00f4ng tin hi\u1ec3n th\u1ecb<\/figcaption><\/figure>\n<h3><b>N\u1ed9i dung mang t\u00ednh tham kh\u1ea3o, kh\u00f4ng cam k\u1ebft l\u1ee3i nhu\u1eadn<\/b><\/h3>\n<p><span style=\"font-weight: 400;\">To\u00e0n b\u1ed9 th\u00f4ng tin, b\u00e0i vi\u1ebft, ph\u00e2n t\u00edch tr\u1eadn \u0111\u1ea5u hay nh\u1eadn \u0111\u1ecbnh chuy\u00ean m\u00f4n \u0111\u01b0\u1ee3c Hubet cung c\u1ea5p ho\u00e0n to\u00e0n mang t\u00ednh ch\u1ea5t h\u1ed7 tr\u1ee3 ng\u01b0\u1eddi ch\u01a1i tham kh\u1ea3o. Nh\u00e0 c\u00e1i kh\u00f4ng cam k\u1ebft ho\u1eb7c \u0111\u1ea3m b\u1ea3o b\u1ea5t k\u1ef3 kho\u1ea3n l\u1ee3i nhu\u1eadn n\u00e0o d\u1ef1a tr\u00ean c\u00e1c th\u00f4ng tin n\u00e0y. Quy\u1ebft \u0111\u1ecbnh cu\u1ed1i c\u00f9ng thu\u1ed9c v\u1ec1 ng\u01b0\u1eddi ch\u01a1i v\u00e0 b\u1ea1n c\u1ea7n c\u00f3 s\u1ef1 ch\u1ee7 \u0111\u1ed9ng trong vi\u1ec7c ph\u00e2n t\u00edch d\u1eef li\u1ec7u tr\u01b0\u1edbc khi tham gia c\u00e1 c\u01b0\u1ee3c.<\/span><\/p>\n<p><span style=\"font-weight: 400;\">Vi\u1ec7c hi\u1ec3u r\u00f5 \u0111i\u1ec1u n\u00e0y s\u1ebd gi\u00fap b\u1ea1n x\u00e2y d\u1ef1ng th\u00f3i quen ch\u01a1i c\u00f3 tr\u00e1ch nhi\u1ec7m v\u00e0 kh\u00f4ng ph\u1ee5 thu\u1ed9c qu\u00e1 m\u1ee9c v\u00e0o b\u1ea5t k\u1ef3 ngu\u1ed3n th\u00f4ng tin n\u00e0o tr\u00ean n\u1ec1n t\u1ea3ng. \u0110\u00e2y c\u0169ng l\u00e0 c\u00e1ch m\u00e0 Hubet mong mu\u1ed1n ng\u01b0\u1eddi d\u00f9ng s\u1eed d\u1ee5ng d\u1ecbch v\u1ee5 m\u1ed9t c\u00e1ch t\u1ec9nh t\u00e1o v\u00e0 b\u1ec1n v\u1eefng.<\/span><\/p>\n<h3><b>C\u1eadp nh\u1eadt n\u1ed9i dung c\u00f3 th\u1ec3 thay \u0111\u1ed5i theo th\u1eddi gian<\/b><\/h3>\n<p><span style=\"font-weight: 400;\">M\u1ed9t y\u1ebfu t\u1ed1 quan tr\u1ecdng kh\u00e1c l\u00e0 h\u1ec7 th\u1ed1ng c\u00f3 quy\u1ec1n \u0111i\u1ec1u ch\u1ec9nh, b\u1ed5 sung ho\u1eb7c thay \u0111\u1ed5i n\u1ed9i dung tr\u00ean website m\u00e0 kh\u00f4ng c\u1ea7n th\u00f4ng b\u00e1o tr\u01b0\u1edbc. \u0110i\u1ec1u n\u00e0y bao g\u1ed3m c\u00e1c \u0111i\u1ec1u kho\u1ea3n mi\u1ec5n tr\u1eeb tr\u00e1ch nhi\u1ec7m, ch\u00ednh s\u00e1ch b\u1ea3o m\u1eadt v\u00e0 c\u00e1c h\u01b0\u1edbng d\u1eabn ng\u01b0\u1eddi d\u00f9ng.\u00a0<\/span><\/p>\n<p><span style=\"font-weight: 400;\">Do \u0111\u00f3, vi\u1ec7c th\u01b0\u1eddng xuy\u00ean c\u1eadp nh\u1eadt v\u00e0 \u0111\u1ecdc k\u1ef9 c\u00e1c \u0111i\u1ec1u kho\u1ea3n tr\u00ean website l\u00e0 quy\u1ec1n l\u1ee3i c\u0169ng nh\u01b0 ngh\u0129a v\u1ee5 c\u1ee7a ng\u01b0\u1eddi ch\u01a1i.<\/span><\/p>\n<p><span style=\"font-weight: 400;\">\u0110i\u1ec1u n\u00e0y gi\u00fap \u0111\u1ea3m b\u1ea3o b\u1ea1n lu\u00f4n n\u1eafm b\u1eaft th\u00f4ng tin m\u1edbi nh\u1ea5t, tr\u00e1nh hi\u1ec3u sai ho\u1eb7c s\u1eed d\u1ee5ng d\u1ecbch v\u1ee5 d\u1ef1a tr\u00ean nh\u1eefng n\u1ed9i dung \u0111\u00e3 l\u1ed7i th\u1eddi.<\/span><\/p>\n<h2><b>Mi\u1ec5n tr\u1eeb tr\u00e1ch nhi\u1ec7m trong c\u00e1c t\u00ecnh hu\u1ed1ng ph\u00e1p l\u00fd v\u00e0 b\u00ean th\u1ee9 ba<\/b><\/h2>\n<p><span style=\"font-weight: 400;\">Ngo\u00e0i c\u00e1c n\u1ed9i dung li\u00ean quan \u0111\u1ebfn k\u1ef9 thu\u1eadt v\u00e0 th\u00f4ng tin, Hubet c\u00f2n \u0111\u01b0a ra c\u00e1c quy \u0111\u1ecbnh <\/span><b>mi\u1ec5n tr\u1eeb tr\u00e1ch nhi\u1ec7m <\/b><span style=\"font-weight: 400;\">li\u00ean quan \u0111\u1ebfn y\u1ebfu t\u1ed1 ph\u00e1p l\u00fd v\u00e0 c\u00e1c \u0111\u01a1n v\u1ecb li\u00ean k\u1ebft b\u00ean ngo\u00e0i. \u0110\u00e2y l\u00e0 y\u1ebfu t\u1ed1 quan tr\u1ecdng khi b\u1ea1n s\u1eed d\u1ee5ng d\u1ecbch v\u1ee5 trong m\u00f4i tr\u01b0\u1eddng qu\u1ed1c t\u1ebf h\u00f3a v\u00e0 ch\u1ecbu \u1ea3nh h\u01b0\u1edfng b\u1edfi nhi\u1ec1u quy \u0111\u1ecbnh ph\u00e1p l\u00fd \u0111a d\u1ea1ng.<\/span><\/p>\n<figure id=\"attachment_690\" aria-describedby=\"caption-attachment-690\" style=\"width: 800px\" class=\"wp-caption aligncenter\"><img title=\"Mi\u1ec5n tr\u00e1ch nhi\u1ec7m ph\u00e1p l\u00fd c\u1ee7a Hubet v\u1edbi b\u00ean th\u1ee9 3\" loading=\"lazy\" decoding=\"async\" class=\"size-full wp-image-690\" src=\"https:\/\/hubet.wine\/wp-content\/uploads\/2026\/05\/mien-tru-trach-nhiem-3.webp\" alt=\"Mi\u1ec5n tr\u00e1ch nhi\u1ec7m ph\u00e1p l\u00fd c\u1ee7a Hubet v\u1edbi b\u00ean th\u1ee9 3\" width=\"800\" height=\"450\"><figcaption id=\"caption-attachment-690\" class=\"wp-caption-text\">Mi\u1ec5n tr\u00e1ch nhi\u1ec7m ph\u00e1p l\u00fd c\u1ee7a Hubet v\u1edbi b\u00ean th\u1ee9 3<\/figcaption><\/figure>\n<p><span style=\"font-weight: 400;\">Hubet l\u00e0 n\u1ec1n t\u1ea3ng ph\u1ee5c v\u1ee5 c\u1ed9ng \u0111\u1ed3ng qu\u1ed1c t\u1ebf, vi\u1ec7c truy c\u1eadp d\u1ecbch v\u1ee5 t\u1eeb khu v\u1ef1c n\u01a1i ho\u1ea1t \u0111\u1ed9ng ch\u01a1i game b\u1ecb c\u1ea5m l\u00e0 ho\u00e0n to\u00e0n do ng\u01b0\u1eddi d\u00f9ng ch\u1ecbu tr\u00e1ch nhi\u1ec7m. H\u1ec7 th\u1ed1ng kh\u00f4ng khuy\u1ebfn kh\u00edch ho\u1eb7c h\u1ed7 tr\u1ee3 ng\u01b0\u1eddi ch\u01a1i truy c\u1eadp tr\u00e1i ph\u00e1p lu\u1eadt t\u1ea1i c\u00e1c khu v\u1ef1c c\u00f3 quy \u0111\u1ecbnh nghi\u00eam ng\u1eb7t v\u1ec1 c\u00e1 c\u01b0\u1ee3c tr\u1ef1c tuy\u1ebfn.\u00a0<\/span><\/p>\n<p><span style=\"font-weight: 400;\">Ch\u00ednh v\u00ec v\u1eady, ng\u01b0\u1eddi ch\u01a1i c\u1ea7n t\u1ef1 \u0111\u1ea3m b\u1ea3o vi\u1ec7c tham gia n\u1ec1n t\u1ea3ng n\u00e0y kh\u00f4ng vi ph\u1ea1m ph\u00e1p lu\u1eadt t\u1ea1i n\u01a1i c\u01b0 tr\u00fa c\u1ee7a h\u1ecd. \u0110\u00e2y kh\u00f4ng ch\u1ec9 l\u00e0 nguy\u00ean t\u1eafc ph\u00e1p l\u00fd c\u01a1 b\u1ea3n, m\u00e0 l\u00e0 bi\u1ec7n ph\u00e1p ph\u00f2ng ng\u1eeba r\u1ee7i ro cho ch\u00ednh ng\u01b0\u1eddi d\u00f9ng trong qu\u00e1 tr\u00ecnh t\u01b0\u01a1ng t\u00e1c v\u1edbi n\u1ec1n t\u1ea3ng.<\/span><\/p>\n<h2><b>K\u1ebft lu\u1eadn<\/b><\/h2>\n<p><span style=\"font-weight: 400;\">Ch\u00ednh s\u00e1ch <\/span><b>mi\u1ec5n tr\u1eeb tr\u00e1ch nhi\u1ec7m<\/b><span style=\"font-weight: 400;\"> t\u1ea1i Hubet l\u00e0 kim ch\u1ec9 nam gi\u00fap ng\u01b0\u1eddi ch\u01a1i s\u1eed d\u1ee5ng d\u1ecbch v\u1ee5 m\u1ed9t c\u00e1ch hi\u1ec3u bi\u1ebft v\u00e0 an to\u00e0n. Vi\u1ec7c ph\u00e2n lo\u1ea1i r\u00f5 r\u00e0ng tr\u00e1ch nhi\u1ec7m, th\u00f4ng b\u00e1o r\u1ee7i ro v\u00e0 \u0111\u1ec1 cao y\u1ebfu t\u1ed1 minh b\u1ea1ch, Hubet kh\u1eb3ng \u0111\u1ecbnh vai tr\u00f2 c\u1ee7a m\u1ed9t th\u01b0\u01a1ng hi\u1ec7u c\u00e1 c\u01b0\u1ee3c hi\u1ec7n \u0111\u1ea1i v\u00e0 an to\u00e0n.<\/span><\/p>\n<\/p><\/div>\n<\/p><\/div>\n<\/div>\n","protected":false},"excerpt":{"rendered":"<p>\u2705TH\u00d4NG TIN Th\u01b0\u01a1ng hi\u1ec7u: HUBET Danh M\u1ee5c: C\u00e1 C\u01b0\u1ee3c Tr\u1ef1c Tuy\u1ebfn S\u1ea3n Ph\u1ea9m Ch\u1ee7 \u0110\u1ea1o: Casino Online N\u0103m Th\u00e0nh L\u1eadp: 2019 \u0110\u1ecba ch\u1ec9: 03 L\u00ea Thanh Ngh\u1ecb, Ho\u00e0 C\u01b0\u1eddng B\u1eafc, H\u1ea3i Ch\u00e2u, \u0110\u00e0 N\u1eb5ng 50000, Vi\u1ec7t Nam Email: support@xoi.us.com Hotline: 0375 704 385 Website: https:\/\/xoi.us.com\/ Hashtag: #hubet #hubetdecom #hu_bet #hubet_casino\u00a0 #CasinoOnline #T\u00e0iX\u1ec9u \u00a0\u2705S\u1ea2N PH\u1ea8M Casino [&#8230;]\n","protected":false},"author":1,"featured_media":93,"parent":0,"menu_order":0,"comment_status":"closed","ping_status":"closed","template":"","meta":{"footnotes":""},"class_list":["post-88","page","type-page","status-publish","has-post-thumbnail","hentry"],"_links":{"self":[{"href":"https:\/\/hubet.wine\/index.php\/wp-json\/wp\/v2\/pages\/88","targetHints":{"allow":["GET"]}}],"collection":[{"href":"https:\/\/hubet.wine\/index.php\/wp-json\/wp\/v2\/pages"}],"about":[{"href":"https:\/\/hubet.wine\/index.php\/wp-json\/wp\/v2\/types\/page"}],"author":[{"embeddable":true,"href":"https:\/\/hubet.wine\/index.php\/wp-json\/wp\/v2\/users\/1"}],"replies":[{"embeddable":true,"href":"https:\/\/hubet.wine\/index.php\/wp-json\/wp\/v2\/comments?post=88"}],"version-history":[{"count":0,"href":"https:\/\/hubet.wine\/index.php\/wp-json\/wp\/v2\/pages\/88\/revisions"}],"wp:featuredmedia":[{"embeddable":true,"href":"https:\/\/hubet.wine\/index.php\/wp-json\/wp\/v2\/media\/93"}],"wp:attachment":[{"href":"https:\/\/hubet.wine\/index.php\/wp-json\/wp\/v2\/media?parent=88"}],"curies":[{"name":"wp","href":"https:\/\/api.w.org\/{rel}","templated":true}]}}