{"id":87,"date":"2026-05-14T19:05:56","date_gmt":"2026-05-14T12:05:56","guid":{"rendered":"https:\/\/hubet.wine\/index.php\/quyen-rieng-tu\/"},"modified":"2026-05-14T19:05:56","modified_gmt":"2026-05-14T12:05:56","slug":"quyen-rieng-tu","status":"publish","type":"page","link":"https:\/\/hubet.wine\/index.php\/quyen-rieng-tu\/","title":{"rendered":"Quy\u1ec1n Ri\u00eang T\u01b0 T\u1ea1i Hubet &#8211; Nh\u1eefng \u0110i\u1ec1u C\u1ea7n L\u01b0u \u00dd, N\u1eafm Ch\u1eafc\u00a0"},"content":{"rendered":"<div class=\"row\" id=\"row-1517577539\">\n<div id=\"col-1597140140\" class=\"col medium-3 small-12 large-3\">\n<div class=\"col-inner\">\n<div id=\"text-2490017365\" class=\"text khung\">\n<div style=\"text-align: center;\"><strong>\u2705TH\u00d4NG TIN<\/strong><\/div>\n<div>\u00a0<\/div>\n<ul>\n<li><strong>Th\u01b0\u01a1ng hi\u1ec7u:<\/strong> <a href=\"https:\/\/hubet.wine\/\"><strong>HUBET<\/strong><\/a><\/li>\n<li><strong>Danh M\u1ee5c:<\/strong> C\u00e1 C\u01b0\u1ee3c Tr\u1ef1c Tuy\u1ebfn<\/li>\n<li><strong>S\u1ea3n Ph\u1ea9m Ch\u1ee7 \u0110\u1ea1o:<\/strong> Casino Online<\/li>\n<li><strong>N\u0103m Th\u00e0nh L\u1eadp:<\/strong> 2019<\/li>\n<li><strong>\u0110\u1ecba ch\u1ec9:<\/strong> 03 L\u00ea Thanh Ngh\u1ecb, Ho\u00e0 C\u01b0\u1eddng B\u1eafc, H\u1ea3i Ch\u00e2u, \u0110\u00e0 N\u1eb5ng 50000, Vi\u1ec7t Nam<\/li>\n<li><strong>Email:<\/strong> support@xoi.us.com<\/li>\n<li><strong>Hotline:<\/strong> 0375 704 385<\/li>\n<li><strong>Website:<\/strong> <a href=\"https:\/\/hubet.wine\/\"><strong>https:\/\/xoi.us.com\/<\/strong><\/a><\/li>\n<li><strong>Hashtag:<\/strong> #hubet #hubetdecom #hu_bet #hubet_casino\u00a0 #CasinoOnline #T\u00e0iX\u1ec9u<\/li>\n<\/ul><\/div>\n<div id=\"text-2898168217\" class=\"text khung\">\n<div style=\"text-align: center;\">\n<div><strong>\u00a0\u2705S\u1ea2N PH\u1ea8M<\/strong><\/div>\n<p style=\"text-align: left;\">\u00a0<\/p>\n<ul>\n<li style=\"text-align: left;\"><a href=\"https:\/\/hubet.wine\/casino-hubet\/\"><strong>Casino<\/strong><\/a><\/li>\n<li style=\"text-align: left;\"><a href=\"https:\/\/hubet.wine\/the-thao-hubet\/\"><strong>Th\u1ec3 Thao<\/strong><\/a><\/li>\n<li style=\"text-align: left;\"><a href=\"https:\/\/hubet.wine\/no-hu-hubet\/\"><strong>N\u1ed5 H\u0169<\/strong><\/a><\/li>\n<li style=\"text-align: left;\"><a href=\"https:\/\/hubet.wine\/ban-ca-hubet\/\"><strong>B\u1eafn C\u00e1<\/strong><\/a><\/li>\n<li style=\"text-align: left;\"><a href=\"https:\/\/hubet.wine\/da-ga-hubet\/\"><strong>\u0110\u00e1 G\u00e0<\/strong><\/a><\/li>\n<li style=\"text-align: left;\"><a href=\"https:\/\/hubet.wine\/xo-so-hubet\/\"><strong>X\u1ed5 S\u1ed1<\/strong><\/a><\/li>\n<\/ul>\n<\/div><\/div>\n<\/p><\/div>\n<\/p><\/div>\n<div id=\"col-969792063\" class=\"col medium-9 small-12 large-9\">\n<div class=\"col-inner\">\n<p><a href=\"https:\/\/hubet.wine\/quyen-rieng-tu\/\"><b>Quy\u1ec1n ri\u00eang t\u01b0<\/b><\/a><span style=\"font-weight: 400;\"> t\u1ea1i <strong><a href=\"https:\/\/hubet.wine\/\">Hubet<\/a> <\/strong>\u0111\u01b0\u1ee3c xem l\u00e0 t\u1eeb kh\u00f3a \u0111\u01b0\u1ee3c nhi\u1ec1u kh\u00e1ch h\u00e0ng quan t\u00e2m khi tr\u1ea3i nghi\u1ec7m t\u1ea1i s\u00e2n ch\u01a1i n\u00e0y. Nh\u00e0 c\u00e1i lu\u00f4n cam k\u1ebft \u0111\u1ebfn \u0111em \u0111\u1ebfn cho ng\u01b0\u1eddi ch\u01a1i \u0111\u1ecba \u0111i\u1ec3m gi\u1ea3i tr\u00ed h\u1ea5p d\u1eabn, th\u00fa v\u1ecb. \u0110\u1ec3 h\u1ed9i vi\u00ean n\u1eafm r\u00f5 h\u01a1n v\u1ec1 m\u1ee5c \u0111\u00edch c\u1ee7a c\u00e1c \u0111i\u1ec1u kho\u1ea3n \u0111\u00f3 c\u0169ng nh\u01b0 n\u1ed9i dung ch\u00ednh s\u00e1ch, h\u00e3y c\u00f9ng Hubet.de.com t\u00ecm hi\u1ec3u ngay trong b\u00e0i vi\u1ebft d\u01b0\u1edbi \u0111\u00e2y.\u00a0<\/span><\/p>\n<h2><b>Gi\u1edbi thi\u1ec7u v\u00e0i n\u00e9t v\u1ec1 quy\u1ec1n ri\u00eang t\u01b0 t\u1ea1i Hubet<\/b><\/h2>\n<p><span style=\"font-weight: 400;\">Hubet lu\u00f4n xem <\/span><b>quy\u1ec1n ri\u00eang t\u01b0 <\/b><span style=\"font-weight: 400;\">v\u00e0 b\u1ea3o m\u1eadt th\u00f4ng tin c\u1ee7a ng\u01b0\u1eddi ch\u01a1i l\u00e0 m\u1ed9t trong nh\u1eefng gi\u00e1 tr\u1ecb c\u1ed1t l\u00f5i, \u0111\u00f3ng vai tr\u00f2 then ch\u1ed1t trong chi\u1ebfn l\u01b0\u1ee3c ph\u00e1t tri\u1ec3n l\u00e2u d\u00e0i, b\u1ec1n v\u1eefng. Ngay t\u1eeb nh\u1eefng ng\u00e0y \u0111\u1ea7u th\u00e0nh l\u1eadp, nh\u00e0 c\u00e1i \u0111\u00e3 cam k\u1ebft x\u00e2y d\u1ef1ng m\u1ed9t m\u00f4i tr\u01b0\u1eddng c\u00e1 c\u01b0\u1ee3c tr\u1ef1c tuy\u1ebfn minh b\u1ea1ch, uy t\u00edn, an to\u00e0n cho c\u1ed9ng \u0111\u1ed3ng ng\u01b0\u1eddi ch\u01a1i.\u00a0<\/span><\/p>\n<p><span style=\"font-weight: 400;\">\u0110\u1ec3 hi\u1ec7n th\u1ef1c \u0111i\u1ec1u \u0111\u00f3, Hubet \u0111\u00e3 thi\u1ebft l\u1eadp m\u1ed9t h\u1ec7 th\u1ed1ng quy \u0111\u1ecbnh nghi\u00eam ng\u1eb7t nh\u1eb1m b\u1ea3o v\u1ec7 d\u1eef li\u1ec7u c\u00e1 nh\u00e2n ng\u01b0\u1eddi ch\u01a1i. M\u1ee5c \u0111\u00edch ch\u00ednh \u0111\u1ec3 \u0111\u1ea3m b\u1ea3o an to\u00e0n m\u1ecdi th\u00f4ng tin c\u1ee7a kh\u00e1ch h\u00e0ng nh\u01b0 h\u1ecd t\u00ean, s\u1ed1 \u0111i\u1ec7n tho\u1ea1i, \u0111\u1ecba ch\u1ec9 email hay l\u1ecbch s\u1eed giao d\u1ecbch \u0111\u1ec1u \u0111\u01b0\u1ee3c m\u00e3 h\u00f3a v\u00e0 l\u01b0u tr\u1eef m\u1ed9t c\u00e1ch tuy\u1ec7t \u0111\u1ed1i.\u00a0<\/span><\/p>\n<p><span style=\"font-weight: 400;\">B\u00ean c\u1ea1nh \u0111\u00f3, ch\u1ea5t l\u01b0\u1ee3ng d\u1ecbch v\u1ee5 ch\u0103m s\u00f3c kh\u00e1ch h\u00e0ng m\u00e0 Hubet mang l\u1ea1i c\u0169ng l\u00e0 m\u1ed9t y\u1ebfu t\u1ed1 quan tr\u1ecdng gi\u00fap c\u1ee7ng c\u1ed1 ni\u1ec1m tin cho ng\u01b0\u1eddi ch\u01a1i. Nh\u1edd \u0111\u1ed9i ng\u0169 h\u1ed7 tr\u1ee3 chuy\u00ean nghi\u1ec7p, nhi\u1ec7t t\u00ecnh v\u00e0 lu\u00f4n s\u1eb5n s\u00e0ng ph\u1ee5c v\u1ee5 24\/7, h\u1ed9i vi\u00ean c\u00f3 th\u1ec3 d\u1ec5 d\u00e0ng nh\u1eadn \u0111\u01b0\u1ee3c s\u1ef1 tr\u1ee3 gi\u00fap khi g\u1eb7p b\u1ea5t k\u1ef3 v\u1ea5n \u0111\u1ec1 n\u00e0o li\u00ean quan \u0111\u1ebfn vi\u1ec7c b\u1ea3o m\u1eadt t\u00e0i kho\u1ea3n.\u00a0<\/span><\/p>\n<figure id=\"attachment_695\" aria-describedby=\"caption-attachment-695\" style=\"width: 800px\" class=\"wp-caption aligncenter\"><img title=\"Gi\u1edbi thi\u1ec7u m\u1ed9t v\u00e0i n\u00e9t v\u1ec1 quy\u1ec1n c\u00e1 nh\u00e2n Hubet\u00a0\" loading=\"lazy\" decoding=\"async\" class=\"size-full wp-image-695\" src=\"https:\/\/hubet.wine\/wp-content\/uploads\/2026\/05\/quyen-rieng-tu-hubet-1.webp\" alt=\"Gi\u1edbi thi\u1ec7u m\u1ed9t v\u00e0i n\u00e9t v\u1ec1 quy\u1ec1n c\u00e1 nh\u00e2n Hubet\u00a0\" width=\"800\" height=\"450\"><figcaption id=\"caption-attachment-695\" class=\"wp-caption-text\">Gi\u1edbi thi\u1ec7u m\u1ed9t v\u00e0i n\u00e9t v\u1ec1 quy\u1ec1n c\u00e1 nh\u00e2n Hubet<\/figcaption><\/figure>\n<h2><b>Mu\u0323c \u0111i\u0301ch ra \u0111\u01a1\u0300i quy\u1ec1n ri\u00eang t\u01b0 t\u1ea1i Hubet<\/b><\/h2>\n<p><span style=\"font-weight: 400;\">Trong b\u1ed1i c\u1ea3nh th\u1ecb tr\u01b0\u1eddng c\u00e1 c\u01b0\u1ee3c tr\u1ef1c tuy\u1ebfn ng\u00e0y c\u00e0ng ph\u00e1t tri\u1ec3n v\u00e0 c\u1ea1nh tranh kh\u1ed1c li\u1ec7t, vi\u1ec7c tu\u00e2n th\u1ee7 nghi\u00eam ng\u1eb7t c\u00e1c quy \u0111\u1ecbnh v\u1ec1 <\/span><b>quy\u1ec1n ri\u00eang t\u01b0<\/b><span style=\"font-weight: 400;\"> \u0111\u00e3 tr\u1edf th\u00e0nh m\u1ed9t y\u1ebfu t\u1ed1 s\u1ed1ng c\u00f2n \u0111\u1ed1i v\u1edbi c\u00e1c nh\u00e0 cung c\u1ea5p d\u1ecbch v\u1ee5. S\u1ef1 t\u00f4n tr\u1ecdng, b\u1ea3o v\u1ec7 th\u00f4ng tin c\u00e1 nh\u00e2n c\u1ee7a kh\u00e1ch h\u00e0ng kh\u00f4ng ch\u1ec9 l\u00e0 m\u1ed9t y\u00eau c\u1ea7u ph\u00e1p l\u00fd, m\u00e0 c\u00f2n \u0111\u00f3ng vai tr\u00f2 then ch\u1ed1t trong vi\u1ec7c x\u00e2y d\u1ef1ng l\u00f2ng tin t\u1eeb ph\u00eda ng\u01b0\u1eddi ch\u01a1i.\u00a0<\/span><\/p>\n<p><span style=\"font-weight: 400;\">Khi ng\u01b0\u1eddi d\u00f9ng cung c\u1ea5p th\u00f4ng tin c\u00e1 nh\u00e2n nh\u01b0 s\u1ed1 \u0111i\u1ec7n tho\u1ea1i, \u0111\u1ecba ch\u1ec9 email hay t\u00e0i kho\u1ea3n ng\u00e2n h\u00e0ng, h\u1ecd mong mu\u1ed1n nh\u1eefng d\u1eef li\u1ec7u n\u00e0y s\u1ebd \u0111\u01b0\u1ee3c b\u1ea3o v\u1ec7 tuy\u1ec7t \u0111\u1ed1i, kh\u00f4ng b\u1ecb r\u00f2 r\u1ec9 th\u00f4ng tin ra b\u00ean ngo\u00e0i. V\u00ec th\u1ebf, hi\u1ec7n nay Hubet \u00e1p d\u1ee5ng ch\u00ednh s\u00e1ch b\u1ea3o m\u1eadt ch\u1eb7t ch\u1ebd theo ti\u00eau chu\u1ea9n qu\u1ed1c t\u1ebf. M\u1ee5c \u0111\u00edch ch\u00ednh nh\u1eb1m \u0111\u1ea3m b\u1ea3o r\u1eb1ng m\u1ecdi th\u00f4ng tin c\u00e1 nh\u00e2n do ng\u01b0\u1eddi d\u00f9ng s\u1ebd kh\u00f4ng b\u1ecb chia s\u1ebb, ti\u1ebft l\u1ed9 hay b\u00e1n cho b\u00ean th\u1ee9 ba.\u00a0<\/span><\/p>\n<p><span style=\"font-weight: 400;\">Nh\u1edd v\u00e0o nh\u1eefng n\u1ed7 l\u1ef1c trong vi\u1ec7c b\u1ea3o v\u1ec7 <\/span><b>quy\u1ec1n ri\u00eang t\u01b0<\/b><span style=\"font-weight: 400;\"> v\u00e0 x\u00e2y d\u1ef1ng n\u1ec1n t\u1ea3ng gi\u1ea3i tr\u00ed an to\u00e0n, Hubet \u0111\u00e3 th\u00e0nh c\u00f4ng trong vi\u1ec7c t\u1ea1o d\u1ef1ng l\u00f2ng tin t\u1eeb ph\u00eda ng\u01b0\u1eddi d\u00f9ng. V\u00ec th\u1ebf, kh\u00e1ch h\u00e0ng ho\u00e0n to\u00e0n c\u00f3 th\u1ec3 an t\u00e2m t\u1eadn h\u01b0\u1edfng nh\u1eefng gi\u00e2y ph\u00fat gi\u1ea3i tr\u00ed h\u1ea5p d\u1eabn m\u00e0 kh\u00f4ng c\u1ea7n lo l\u1eafng v\u1ec1 v\u1ea5n \u0111\u1ec1 r\u00f2 r\u1ec9 th\u00f4ng tin c\u00e1 nh\u00e2n ra b\u00ean ngo\u00e0i.\u00a0<\/span><\/p>\n<figure id=\"attachment_696\" aria-describedby=\"caption-attachment-696\" style=\"width: 800px\" class=\"wp-caption aligncenter\"><img title=\"M\u1ee5c \u0111\u00edch ch\u00ednh c\u1ee7a vi\u1ec7c ra \u0111\u1eddi quy\u1ec1n ri\u00eang t\u01b0 Hubet\u00a0\" loading=\"lazy\" decoding=\"async\" class=\"size-full wp-image-696\" src=\"https:\/\/hubet.wine\/wp-content\/uploads\/2026\/05\/quyen-rieng-tu-hubet-2.webp\" alt=\"M\u1ee5c \u0111\u00edch ch\u00ednh c\u1ee7a vi\u1ec7c ra \u0111\u1eddi quy\u1ec1n ri\u00eang t\u01b0 Hubet\u00a0\" width=\"800\" height=\"450\"><figcaption id=\"caption-attachment-696\" class=\"wp-caption-text\">M\u1ee5c \u0111\u00edch ch\u00ednh c\u1ee7a vi\u1ec7c ra \u0111\u1eddi quy\u1ec1n ri\u00eang t\u01b0 Hubet<\/figcaption><\/figure>\n<h2><b>Ch\u00ednh s\u00e1ch b\u1ea3o v\u1ec7 quy\u1ec1n ri\u00eang t\u01b0 ng\u01b0\u1eddi d\u00f9ng t\u1ea1i Hubet\u00a0<\/b><\/h2>\n<p><span style=\"font-weight: 400;\">Ch\u00ednh s\u00e1ch b\u1ea3o m\u1eadt t\u1ea1i nh\u00e0 c\u00e1i \u0111\u01b0\u1ee3c thi\u1ebft k\u1ebf to\u00e0n di\u1ec7n, \u0111i\u1ec1u n\u00e0y kh\u00f4ng ch\u1ec9 \u0111\u1ea3m b\u1ea3o an to\u00e0n th\u00f4ng tin cho ng\u01b0\u1eddi d\u00f9ng, \u0111\u1ed3ng th\u1eddi c\u00f2n \u0111em l\u1ea1i s\u1ef1 h\u00e0i l\u00f2ng c\u00f9ng nh\u1eefng tr\u1ea3i nghi\u1ec7m th\u00fa v\u1ecb, h\u1ea5p d\u1eabn cho kh\u00e1ch h\u00e0ng.\u00a0<\/span><\/p>\n<h3><b>Thu th\u1eadp s\u1eed d\u1ee5ng th\u00f4ng tin \u0111\u1ebfn t\u1eeb ng\u01b0\u1eddi d\u00f9ng\u00a0<\/b><\/h3>\n<p><span style=\"font-weight: 400;\">Khi ti\u1ebfn h\u00e0nh \u0111\u0103ng k\u00fd t\u00e0i kho\u1ea3n t\u1ea1i Hubet, h\u1ec7 th\u1ed1ng s\u1ebd y\u00eau c\u1ea7u ng\u01b0\u1eddi ch\u01a1i cung c\u1ea5p m\u1ed9t s\u1ed1 th\u00f4ng tin c\u00e1 nh\u00e2n c\u01a1 b\u1ea3n bao g\u1ed3m h\u1ecd v\u00e0 t\u00ean, email, s\u1ed1 \u0111i\u1ec7n tho\u1ea1i,\u2026 Nh\u1eefng d\u1eef li\u1ec7u n\u00e0y \u0111\u00f3ng vai tr\u00f2 thi\u1ebft y\u1ebfu trong vi\u1ec7c thi\u1ebft l\u1eadp h\u1ed3 s\u01a1 ng\u01b0\u1eddi d\u00f9ng v\u00e0 h\u1ed7 tr\u1ee3 cho c\u00e1c ch\u1ee9c n\u0103ng ch\u00ednh c\u1ee7a n\u1ec1n t\u1ea3ng.<\/span><\/p>\n<p><span style=\"font-weight: 400;\">M\u1ee5c ti\u00eau c\u1ee7a vi\u1ec7c thu th\u1eadp d\u1eef li\u1ec7u nh\u1eb1m \u0111\u1ea3m b\u1ea3o qu\u00e1 tr\u00ecnh giao d\u1ecbch \u0111\u01b0\u1ee3c th\u1ef1c hi\u1ec7n m\u1ed9t c\u00e1ch an to\u00e0n v\u00e0 ch\u00ednh x\u00e1c. Ngo\u00e0i ra, nh\u1eefng th\u00f4ng tin n\u00e0y c\u0169ng gi\u00fap \u0111\u1ed9i ng\u0169 ph\u00e1t tri\u1ec3n c\u00f3 c\u01a1 s\u1edf c\u1ea3i thi\u1ec7n ch\u1ea5t l\u01b0\u1ee3ng d\u1ecbch v\u1ee5 th\u00f4ng qua vi\u1ec7c ph\u00e2n t\u00edch ph\u1ea3n h\u1ed3i, h\u00e0nh vi s\u1eed d\u1ee5ng t\u1eeb kh\u00e1ch h\u00e0ng. H\u01a1n n\u1eefa, d\u1eef li\u1ec7u c\u00f2n \u0111\u01b0\u1ee3c d\u00f9ng nh\u01b0 m\u1ed9t c\u00f4ng c\u1ee5 h\u1ed7 tr\u1ee3 quan tr\u1ecdng trong vi\u1ec7c ph\u00e1t hi\u1ec7n, ng\u0103n ch\u1eb7n, x\u1eed l\u00fd c\u00e1c h\u00e0nh vi gian l\u1eadn ho\u1eb7c x\u00e2m ph\u1ea1m \u0111\u1ebfn quy\u1ec1n l\u1ee3i c\u1ee7a ng\u01b0\u1eddi d\u00f9ng.\u00a0<\/span><\/p>\n<h3><b>H\u1ec7 th\u1ed1ng b\u1ea3o m\u1eadt \u0111\u1ec9nh cao<\/b><\/h3>\n<p><span style=\"font-weight: 400;\">To\u00e0n b\u1ed9 th\u00f4ng tin c\u00e1 nh\u00e2n c\u1ee7a ng\u01b0\u1eddi d\u00f9ng \u0111\u1ec1u \u0111\u01b0\u1ee3c b\u1ea3o v\u1ec7 m\u1ed9t c\u00e1ch t\u1ed1i \u0111a nh\u1edd v\u00e0o vi\u1ec7c \u1ee9ng d\u1ee5ng c\u00f4ng ngh\u1ec7 m\u00e3 h\u00f3a ti\u00ean ti\u1ebfn SSL. \u0110\u00e2y l\u00e0 m\u1ed9t c\u00e1ch th\u1ee9c b\u1ea3o m\u1eadt \u0111\u01b0\u1ee3c tri\u1ec3n khai trong c\u00e1c giao d\u1ecbch tr\u1ef1c tuy\u1ebfn, ho\u1ea1t \u0111\u1ed9ng t\u01b0\u01a1ng t\u1ef1 nh\u01b0 m\u1ed9t \u201ct\u1ea5m l\u00e1 ch\u1eafn v\u00f4 h\u00ecnh\u201d nh\u1eb1m ng\u0103n ch\u1eb7n s\u1ef1 x\u00e2m nh\u1eadp tr\u00e1i ph\u00e9p \u0111\u1ebfn t\u1eeb b\u00ean ngo\u00e0i.\u00a0<\/span><\/p>\n<p><span style=\"font-weight: 400;\">SSL gi\u00fap m\u00e3 h\u00f3a d\u1eef li\u1ec7u tr\u01b0\u1edbc khi \u0111\u01b0\u1ee3c truy\u1ec1n qua m\u1ea1ng Internet, khi\u1ebfn cho hacker ho\u1eb7c c\u00e1c b\u00ean th\u1ee9 ba g\u1ea7n nh\u01b0 kh\u00f4ng th\u1ec3 gi\u1ea3i m\u00e3 \u0111\u01b0\u1ee3c n\u1ed9i dung, ngay c\u1ea3 khi h\u1ecd ch\u1eb7n \u0111\u01b0\u1ee3c lu\u1ed3ng d\u1eef li\u1ec7u. Theo c\u00e1c nghi\u00ean c\u1ee9u b\u1ea3o m\u1eadt g\u1ea7n \u0111\u00e2y, vi\u1ec7c s\u1eed d\u1ee5ng giao th\u1ee9c SSL c\u00f3 th\u1ec3 l\u00e0m gi\u1ea3m \u0111\u1ebfn 70% nguy c\u01a1 r\u00f2 r\u1ec9 th\u00f4ng tin c\u00e1 nh\u00e2n, \u0111\u1eb7c bi\u1ec7t l\u00e0 trong c\u00e1c l\u0129nh v\u1ef1c nh\u1ea1y c\u1ea3m nh\u01b0 ng\u00e2n h\u00e0ng, th\u01b0\u01a1ng m\u1ea1i \u0111i\u1ec7n t\u1eed hay c\u00e1 c\u01b0\u1ee3c tr\u1ef1c tuy\u1ebfn.<\/span><\/p>\n<figure id=\"attachment_697\" aria-describedby=\"caption-attachment-697\" style=\"width: 800px\" class=\"wp-caption aligncenter\"><img title=\"Ch\u00ednh s\u00e1ch b\u1ea3o v\u1ec7 quy\u1ec1n c\u00e1 nh\u00e2n c\u1ee7a ng\u01b0\u1eddi d\u00f9ng\u00a0\" loading=\"lazy\" decoding=\"async\" class=\"size-full wp-image-697\" src=\"https:\/\/hubet.wine\/wp-content\/uploads\/2026\/05\/quyen-rieng-tu-hubet-3.webp\" alt=\"Ch\u00ednh s\u00e1ch b\u1ea3o v\u1ec7 quy\u1ec1n c\u00e1 nh\u00e2n c\u1ee7a ng\u01b0\u1eddi d\u00f9ng\u00a0\" width=\"800\" height=\"450\"><figcaption id=\"caption-attachment-697\" class=\"wp-caption-text\">Ch\u00ednh s\u00e1ch b\u1ea3o v\u1ec7 quy\u1ec1n c\u00e1 nh\u00e2n c\u1ee7a ng\u01b0\u1eddi d\u00f9ng<\/figcaption><\/figure>\n<h3><b>Minh b\u1ea1ch trong x\u1eed l\u00fd d\u1eef li\u1ec7u<\/b><\/h3>\n<p><span style=\"font-weight: 400;\">S\u1ef1 minh b\u1ea1ch trong vi\u1ec7c x\u1eed l\u00fd v\u00e0 qu\u1ea3n l\u00fd d\u1eef li\u1ec7u c\u00e1 nh\u00e2n l\u00e0 m\u1ed9t trong nh\u1eefng ti\u00eau ch\u00ed h\u00e0ng \u0111\u1ea7u m\u00e0 h\u1ec7 th\u1ed1ng Hubet \u0111\u1eb7t ra nh\u1eb1m x\u00e2y d\u1ef1ng l\u00f2ng tin tuy\u1ec7t \u0111\u1ed1i t\u1eeb ph\u00eda ng\u01b0\u1eddi d\u00f9ng. Nh\u1edd \u00e1p d\u1ee5ng c\u00e1c nguy\u00ean t\u1eafc r\u00f5 r\u00e0ng v\u00e0 c\u00f4ng khai trong quy tr\u00ecnh x\u1eed l\u00fd d\u1eef li\u1ec7u, kh\u00e1ch h\u00e0ng c\u00f3 th\u1ec3 ho\u00e0n to\u00e0n y\u00ean t\u00e2m v\u1ec1 quy\u1ec1n ki\u1ec3m so\u00e1t th\u00f4ng tin c\u00e1 nh\u00e2n c\u1ee7a m\u00ecnh khi tham gia s\u1eed d\u1ee5ng d\u1ecbch v\u1ee5.\u00a0<\/span><\/p>\n<p><span style=\"font-weight: 400;\">B\u00ean c\u1ea1nh \u0111\u00f3, nh\u00e0 c\u00e1i cam k\u1ebft th\u1ef1c hi\u1ec7n c\u00e1c ch\u00ednh s\u00e1ch v\u1ec1<\/span><b> quy\u1ec1n ri\u00eang t\u01b0 <\/b><span style=\"font-weight: 400;\">c\u00f4ng khai v\u00e0 minh b\u1ea1ch. Ch\u00ednh nh\u1edd s\u1ef1 r\u00f5 r\u00e0ng trong c\u00e1c ch\u1ebf \u0111\u1ed9 b\u1ea3o m\u1eadt, ng\u01b0\u1eddi ch\u01a1i kh\u00f4ng ch\u1ec9 c\u1ea3m th\u1ea5y \u0111\u01b0\u1ee3c t\u00f4n tr\u1ecdng m\u00e0 c\u00f2n c\u00f3 th\u00eam c\u01a1 s\u1edf \u0111\u1ec3 \u0111\u1eb7t ni\u1ec1m tin v\u00e0o n\u1ec1n t\u1ea3ng khi tham gia c\u00e1c ho\u1ea1t \u0111\u1ed9ng gi\u1ea3i tr\u00ed.\u00a0<\/span><\/p>\n<p><b>Quy\u1ec1n ri\u00eang t\u01b0 <\/b><span style=\"font-weight: 400;\">Hubet l\u00e0 m\u1ed9t y\u1ebfu t\u1ed1 kh\u00f4ng th\u1ec3 thi\u1ebfu trong vi\u1ec7c b\u1ea3o v\u1ec7 th\u00f4ng tin c\u00e1 nh\u00e2n c\u1ee7a h\u1ed9i vi\u00ean trong th\u1eddi \u0111\u1ea1i s\u1ed1. Vi\u1ec7c t\u00f4n tr\u1ecdng v\u00e0 \u0111\u1ea3m b\u1ea3o quy\u1ec1n c\u00e1 nh\u00e2n ng\u01b0\u1eddi d\u00f9ng kh\u00f4ng ch\u1ec9 gi\u00fap x\u00e2y d\u1ef1ng ni\u1ec1m tin m\u00e0 c\u00f2n th\u1ec3 hi\u1ec7n tr\u00e1ch nhi\u1ec7m c\u1ee7a doanh nghi\u1ec7p \u0111\u1ed1i v\u1edbi kh\u00e1ch h\u00e0ng. Nh\u1edd \u0111\u00f3, ng\u01b0\u1eddi d\u00f9ng c\u00f3 th\u1ec3 an t\u00e2m h\u01a1n khi tr\u1ea3i nghi\u1ec7m t\u1ea1i nh\u00e0 c\u00e1i n\u00e0y. <\/span><\/p>\n<\/p><\/div>\n<\/p><\/div>\n<\/div>\n","protected":false},"excerpt":{"rendered":"<p>\u2705TH\u00d4NG TIN \u00a0 Th\u01b0\u01a1ng hi\u1ec7u: HUBET Danh M\u1ee5c: C\u00e1 C\u01b0\u1ee3c Tr\u1ef1c Tuy\u1ebfn S\u1ea3n Ph\u1ea9m Ch\u1ee7 \u0110\u1ea1o: Casino Online N\u0103m Th\u00e0nh L\u1eadp: 2019 \u0110\u1ecba ch\u1ec9: 03 L\u00ea Thanh Ngh\u1ecb, Ho\u00e0 C\u01b0\u1eddng B\u1eafc, H\u1ea3i Ch\u00e2u, \u0110\u00e0 N\u1eb5ng 50000, Vi\u1ec7t Nam Email: support@xoi.us.com Hotline: 0375 704 385 Website: https:\/\/xoi.us.com\/ Hashtag: #hubet #hubetdecom #hu_bet #hubet_casino\u00a0 #CasinoOnline #T\u00e0iX\u1ec9u \u00a0\u2705S\u1ea2N PH\u1ea8M [&#8230;]\n","protected":false},"author":1,"featured_media":92,"parent":0,"menu_order":0,"comment_status":"closed","ping_status":"closed","template":"","meta":{"footnotes":""},"class_list":["post-87","page","type-page","status-publish","has-post-thumbnail","hentry"],"_links":{"self":[{"href":"https:\/\/hubet.wine\/index.php\/wp-json\/wp\/v2\/pages\/87","targetHints":{"allow":["GET"]}}],"collection":[{"href":"https:\/\/hubet.wine\/index.php\/wp-json\/wp\/v2\/pages"}],"about":[{"href":"https:\/\/hubet.wine\/index.php\/wp-json\/wp\/v2\/types\/page"}],"author":[{"embeddable":true,"href":"https:\/\/hubet.wine\/index.php\/wp-json\/wp\/v2\/users\/1"}],"replies":[{"embeddable":true,"href":"https:\/\/hubet.wine\/index.php\/wp-json\/wp\/v2\/comments?post=87"}],"version-history":[{"count":0,"href":"https:\/\/hubet.wine\/index.php\/wp-json\/wp\/v2\/pages\/87\/revisions"}],"wp:featuredmedia":[{"embeddable":true,"href":"https:\/\/hubet.wine\/index.php\/wp-json\/wp\/v2\/media\/92"}],"wp:attachment":[{"href":"https:\/\/hubet.wine\/index.php\/wp-json\/wp\/v2\/media?parent=87"}],"curies":[{"name":"wp","href":"https:\/\/api.w.org\/{rel}","templated":true}]}}