{"id":86,"date":"2026-05-14T19:05:56","date_gmt":"2026-05-14T12:05:56","guid":{"rendered":"https:\/\/hubet.wine\/index.php\/chinh-sach-bao-mat\/"},"modified":"2026-05-14T19:05:56","modified_gmt":"2026-05-14T12:05:56","slug":"chinh-sach-bao-mat","status":"publish","type":"page","link":"https:\/\/hubet.wine\/index.php\/chinh-sach-bao-mat\/","title":{"rendered":"Ch\u00ednh S\u00e1ch B\u1ea3o M\u1eadt Hubet &#8211; \u0110\u1ea3m B\u1ea3o An To\u00e0n Cho Ng\u01b0\u1eddi D\u00f9ng"},"content":{"rendered":"<div class=\"row\" id=\"row-223139235\">\n<div id=\"col-1893592453\" class=\"col medium-3 small-12 large-3\">\n<div class=\"col-inner\">\n<div id=\"text-1402135567\" class=\"text khung\">\n<div style=\"text-align: center;\"><strong>\u2705TH\u00d4NG TIN<\/strong><\/div>\n<div>\u00a0<\/div>\n<ul>\n<li><strong>Th\u01b0\u01a1ng hi\u1ec7u:<\/strong> <a href=\"https:\/\/hubet.wine\/\"><strong>HUBET<\/strong><\/a><\/li>\n<li><strong>Danh M\u1ee5c:<\/strong> C\u00e1 C\u01b0\u1ee3c Tr\u1ef1c Tuy\u1ebfn<\/li>\n<li><strong>S\u1ea3n Ph\u1ea9m Ch\u1ee7 \u0110\u1ea1o:<\/strong> Casino Online<\/li>\n<li><strong>N\u0103m Th\u00e0nh L\u1eadp:<\/strong> 2019<\/li>\n<li><strong>\u0110\u1ecba ch\u1ec9:<\/strong> 03 L\u00ea Thanh Ngh\u1ecb, Ho\u00e0 C\u01b0\u1eddng B\u1eafc, H\u1ea3i Ch\u00e2u, \u0110\u00e0 N\u1eb5ng 50000, Vi\u1ec7t Nam<\/li>\n<li><strong>Email:<\/strong> support@xoi.us.com<\/li>\n<li><strong>Hotline:<\/strong> 0375 704 385<\/li>\n<li><strong>Website:<\/strong> <a href=\"https:\/\/hubet.wine\/\"><strong>https:\/\/xoi.us.com\/<\/strong><\/a><\/li>\n<li><strong>Hashtag:<\/strong> #hubet #hubetdecom #hu_bet #hubet_casino\u00a0 #CasinoOnline #T\u00e0iX\u1ec9u<\/li>\n<\/ul><\/div>\n<div id=\"text-3339376358\" class=\"text khung\">\n<div style=\"text-align: center;\">\n<div><strong>\u00a0\u2705S\u1ea2N PH\u1ea8M<\/strong><\/div>\n<p style=\"text-align: left;\">\u00a0<\/p>\n<ul>\n<li style=\"text-align: left;\"><a href=\"https:\/\/hubet.wine\/casino-hubet\/\"><strong>Casino<\/strong><\/a><\/li>\n<li style=\"text-align: left;\"><a href=\"https:\/\/hubet.wine\/the-thao-hubet\/\"><strong>Th\u1ec3 Thao<\/strong><\/a><\/li>\n<li style=\"text-align: left;\"><a href=\"https:\/\/hubet.wine\/no-hu-hubet\/\"><strong>N\u1ed5 H\u0169<\/strong><\/a><\/li>\n<li style=\"text-align: left;\"><a href=\"https:\/\/hubet.wine\/ban-ca-hubet\/\"><strong>B\u1eafn C\u00e1<\/strong><\/a><\/li>\n<li style=\"text-align: left;\"><a href=\"https:\/\/hubet.wine\/da-ga-hubet\/\"><strong>\u0110\u00e1 G\u00e0<\/strong><\/a><\/li>\n<li style=\"text-align: left;\"><a href=\"https:\/\/hubet.wine\/xo-so-hubet\/\"><strong>X\u1ed5 S\u1ed1<\/strong><\/a><\/li>\n<\/ul>\n<\/div><\/div>\n<\/p><\/div>\n<\/p><\/div>\n<div id=\"col-465627973\" class=\"col medium-9 small-12 large-9\">\n<div class=\"col-inner\">\n<p><b><a href=\"https:\/\/hubet.wine\/chinh-sach-bao-mat\/\">Ch\u00ednh s\u00e1ch b\u1ea3o m\u1eadt<\/a> <\/b><span style=\"font-weight: 400;\">\u00e0 y\u1ebfu t\u1ed1 then ch\u1ed1t nh\u1eb1m th\u1ec3 hi\u1ec7n nh\u1eefng cam k\u1ebft c\u1ee7a doanh nghi\u1ec7p trong vi\u1ec7c b\u1ea3o v\u1ec7 th\u00f4ng tin c\u00e1 nh\u00e2n v\u00e0 d\u1eef li\u1ec7u ng\u01b0\u1eddi d\u00f9ng. Trong th\u1eddi \u0111\u1ea1i ti\u00ean ti\u1ebfn, khi m\u00e0 c\u00e1c m\u1ed1i \u0111e d\u1ecda an ninh m\u1ea1ng ng\u00e0y c\u00e0ng tinh vi, vi\u1ec7c x\u00e2y d\u1ef1ng m\u1ed9t ch\u00ednh s\u00e1ch r\u00f5 r\u00e0ng, hi\u1ec7u qu\u1ea3 s\u1ebd gi\u00fap \u0111em \u0111\u1ebfn s\u1ef1 an t\u00e2m cho kh\u00e1ch h\u00e0ng khi s\u1eed d\u1ee5ng c\u00e1c d\u1ecbch v\u1ee5 t\u1ea1i <strong><a href=\"https:\/\/hubet.wine\/\">HUBET<\/a><\/strong>.\u00a0<\/span><\/p>\n<h2><b>Vai tr\u00f2 c\u1ee7a ch\u00ednh s\u00e1ch b\u1ea3o m\u1eadt Hubet\u00a0<\/b><\/h2>\n<p><span style=\"font-weight: 400;\">Khi ng\u01b0\u1eddi d\u00f9ng l\u1ef1a ch\u1ecdn tham gia v\u00e0o c\u00e1c n\u1ec1n t\u1ea3ng c\u00e1 c\u01b0\u1ee3c tr\u1ef1c tuy\u1ebfn, h\u1ecd bu\u1ed9c ph\u1ea3i cung c\u1ea5p m\u1ed9t l\u01b0\u1ee3ng l\u1edbn th\u00f4ng tin c\u00e1 nh\u00e2n \u0111\u1ec3 c\u00f3 th\u1ec3 \u0111\u0103ng k\u00fd v\u00e0 s\u1eed d\u1ee5ng d\u1ecbch v\u1ee5. H\u1ea7u h\u1ebft, nh\u1eefng d\u1eef li\u1ec7u \u0111\u00f3 \u0111\u1ec1u c\u00f3 gi\u00e1 tr\u1ecb cao v\u00e0 r\u1ea5t d\u1ec5 tr\u1edf th\u00e0nh m\u1ee5c ti\u00eau t\u1ea5n c\u00f4ng c\u1ee7a c\u00e1c t\u1ed5 ch\u1ee9c t\u1ed9i ph\u1ea1m m\u1ea1ng n\u1ebfu kh\u00f4ng \u0111\u01b0\u1ee3c b\u1ea3o m\u1eadt \u0111\u00fang c\u00e1ch.\u00a0<\/span><\/p>\n<p><span style=\"font-weight: 400;\">M\u1ed9t khi th\u00f4ng tin c\u00e1 nh\u00e2n b\u1ecb r\u00f2 r\u1ec9 ho\u1eb7c b\u1ecb khai th\u00e1c tr\u00e1i ph\u00e9p, ng\u01b0\u1eddi ch\u01a1i c\u00f3 th\u1ec3 ph\u1ea3i \u0111\u1ed1i m\u1eb7t v\u1edbi nh\u1eefng h\u1eadu qu\u1ea3 nghi\u00eam tr\u1ecdng nh\u01b0 b\u1ecb \u0111\u00e1nh c\u1eafp ti\u1ec1n trong t\u00e0i kho\u1ea3n, b\u1ecb gi\u1ea3 m\u1ea1o danh t\u00ednh. Ch\u00ednh v\u00ec nh\u1eefng nguy c\u01a1 ti\u1ec1m \u1ea9n nh\u01b0 th\u1ebf, Hubet lu\u00f4n xem vi\u1ec7c b\u1ea3o v\u1ec7 d\u1eef li\u1ec7u kh\u00e1ch h\u00e0ng l\u00e0 m\u1ed9t trong nh\u1eefng \u01b0u ti\u00ean h\u00e0ng \u0111\u1ea7u.\u00a0<\/span><\/p>\n<p><b>Ch\u00ednh s\u00e1ch b\u1ea3o m\u1eadt<\/b><span style=\"font-weight: 400;\"> kh\u00f4ng ch\u1ec9 tu\u00e2n th\u1ee7 nghi\u00eam ng\u1eb7t c\u00e1c quy \u0111\u1ecbnh ph\u00e1p l\u00fd v\u1ec1 b\u1ea3o m\u1eadt th\u00f4ng tin m\u00e0 nh\u00e0 c\u00e1i c\u00f2n \u0111\u1ea7u t\u01b0 v\u00e0o h\u1ec7 th\u1ed1ng m\u00e3 h\u00f3a d\u1eef li\u1ec7u, x\u00e1c th\u1ef1c hai l\u1edbp v\u00e0 gi\u00e1m s\u00e1t an ninh 24\/7. \u0110i\u1ec1u n\u00e0y kh\u00f4ng ch\u1ec9 gi\u00fap \u0111\u1ea3m b\u1ea3o an to\u00e0n cho ng\u01b0\u1eddi ch\u01a1i m\u00e0 c\u00f2n g\u00f3p ph\u1ea7n x\u00e2y d\u1ef1ng l\u00f2ng tin, s\u1ef1 g\u1eafn b\u00f3 l\u00e2u d\u00e0i gi\u1eefa kh\u00e1ch h\u00e0ng, nh\u00e0 c\u00e1i. T\u1eeb \u0111\u00f3 t\u1ea1o d\u1ef1ng uy t\u00edn, l\u1ee3i th\u1ebf c\u1ea1nh tranh b\u1ec1n v\u1eefng tr\u00ean th\u1ecb tr\u01b0\u1eddng c\u00e1 c\u01b0\u1ee3c tr\u1ef1c tuy\u1ebfn ng\u00e0y c\u00e0ng kh\u1ed1c li\u1ec7t.<\/span><\/p>\n<figure id=\"attachment_702\" aria-describedby=\"caption-attachment-702\" style=\"width: 800px\" class=\"wp-caption aligncenter\"><img title=\"Vai tr\u00f2 c\u1ee7a ch\u00ednh s\u00e1ch v\u1ec1 b\u1ea3o m\u1eadt t\u1ea1i nh\u00e0 c\u00e1i\u00a0\" loading=\"lazy\" decoding=\"async\" class=\"size-full wp-image-702\" src=\"https:\/\/hubet.wine\/wp-content\/uploads\/2026\/05\/chinh-sach-bao-mat-hubet-1.webp\" alt=\"Vai tr\u00f2 c\u1ee7a ch\u00ednh s\u00e1ch v\u1ec1 b\u1ea3o m\u1eadt t\u1ea1i nh\u00e0 c\u00e1i\u00a0\" width=\"800\" height=\"450\"><figcaption id=\"caption-attachment-702\" class=\"wp-caption-text\">Vai tr\u00f2 c\u1ee7a ch\u00ednh s\u00e1ch v\u1ec1 b\u1ea3o m\u1eadt t\u1ea1i nh\u00e0 c\u00e1i<\/figcaption><\/figure>\n<h2><b>N\u1ed9i dung c\u1ee7a ch\u00ednh s\u00e1ch b\u1ea3o m\u1eadt Hubet<\/b><\/h2>\n<p><span style=\"font-weight: 400;\">Nh\u1eb1m n\u1eafm b\u1eaft r\u00f5 n\u1ed9i dung v\u1ec1 <\/span><b>ch\u00ednh s\u00e1ch b\u1ea3o m\u1eadt<\/b><span style=\"font-weight: 400;\"> t\u1ea1i nh\u00e0 c\u00e1i, ng\u01b0\u1eddi ch\u01a1i h\u00e3y t\u00ecm hi\u1ec3u c\u1ee5 th\u1ec3 d\u01b0\u1edbi \u0111\u00e2y:\u00a0<\/span><\/p>\n<h3><b>Thu th\u1eadp th\u00f4ng tin \u0111\u1ebfn t\u1eeb kh\u00e1ch h\u00e0ng\u00a0<\/b><\/h3>\n<p><span style=\"font-weight: 400;\">Nh\u1eb1m b\u1ea3o v\u1ec7 t\u1ed1i \u0111a quy\u1ec1n l\u1ee3i h\u1ee3p ph\u00e1p c\u1ee7a ng\u01b0\u1eddi ch\u01a1i, <\/span><b>ch\u00ednh s\u00e1ch b\u1ea3o m\u1eadt<\/b><span style=\"font-weight: 400;\"> Hubet \u0111\u01b0a ra cam k\u1ebft ch\u1ec9 thu th\u1eadp nh\u1eefng th\u00f4ng tin c\u00e1 nh\u00e2n c\u1ea7n thi\u1ebft trong qu\u00e1 tr\u00ecnh \u0111\u0103ng k\u00fd t\u00e0i kho\u1ea3n v\u00e0 tham gia tr\u1ea3i nghi\u1ec7m d\u1ecbch v\u1ee5. M\u1ee5c \u0111\u00edch ch\u00ednh nh\u1eb1m x\u00e1c minh danh t\u00ednh ng\u01b0\u1eddi d\u00f9ng, \u0111\u1ea3m b\u1ea3o s\u1ef1 minh b\u1ea1ch, an to\u00e0n v\u00e0 ph\u00f2ng ch\u1ed1ng c\u00e1c h\u00e0nh vi gian l\u1eadn.\u00a0<\/span><\/p>\n<figure id=\"attachment_703\" aria-describedby=\"caption-attachment-703\" style=\"width: 800px\" class=\"wp-caption aligncenter\"><img title=\"N\u1ed9i dung c\u1ee7a ch\u00ednh s\u00e1ch b\u1ea3o m\u1eadt c\u1ee7a Hubet\u00a0\" loading=\"lazy\" decoding=\"async\" class=\"size-full wp-image-703\" src=\"https:\/\/hubet.wine\/wp-content\/uploads\/2026\/05\/chinh-sach-bao-mat-hubet-2.webp\" alt=\"N\u1ed9i dung c\u1ee7a ch\u00ednh s\u00e1ch b\u1ea3o m\u1eadt c\u1ee7a Hubet\u00a0\" width=\"800\" height=\"450\"><figcaption id=\"caption-attachment-703\" class=\"wp-caption-text\">N\u1ed9i dung c\u1ee7a ch\u00ednh s\u00e1ch b\u1ea3o m\u1eadt c\u1ee7a Hubet<\/figcaption><\/figure>\n<h3><b>Thu th\u1eadp cookies<\/b><\/h3>\n<p><span style=\"font-weight: 400;\">Khi ng\u01b0\u1eddi d\u00f9ng truy c\u1eadp v\u00e0o website c\u00e1 c\u01b0\u1ee3c tr\u1ef1c tuy\u1ebfn c\u1ee7a nh\u00e0 c\u00e1i, h\u1ec7 th\u1ed1ng s\u1ebd t\u1ef1 \u0111\u1ed9ng thu th\u1eadp v\u00e0 l\u01b0u tr\u1eef c\u00e1c t\u1ec7p tin Cookies nh\u1eb1m ghi nh\u1edb th\u00f4ng tin \u0111\u0103ng nh\u1eadp c\u1ee7a kh\u00e1ch h\u00e0ng trong c\u00e1c l\u1ea7n truy c\u1eadp ti\u1ebfp theo. Qu\u00e1 tr\u00ecnh n\u00e0y nh\u1eb1m gia t\u0103ng t\u00ednh ti\u1ec7n l\u1ee3i, r\u00fat ng\u1eafn th\u1eddi gian \u0111\u0103ng nh\u1eadp, mang \u0111\u1ebfn nh\u1eefng tr\u1ea3i nghi\u1ec7m th\u00fa v\u1ecb d\u00e0nh cho ng\u01b0\u1eddi ch\u01a1i.\u00a0<\/span><\/p>\n<p><span style=\"font-weight: 400;\">\u0110\u1ed3ng th\u1eddi, th\u00f4ng qua \u0111\u00f3, nh\u00e0 c\u00e1i c\u00f3 th\u1ec3 hi\u1ec3u r\u00f5 h\u01a1n v\u1ec1 h\u00e0nh vi s\u1eed d\u1ee5ng c\u1ee7a h\u1ed9i vi\u00ean. T\u1eeb \u0111\u00f3 t\u1ed1i \u01b0u h\u00f3a d\u1ecbch v\u1ee5 v\u00e0 giao di\u1ec7n trang web m\u1ed9t c\u00e1ch ph\u00f9 h\u1ee3p, hi\u1ec7u qu\u1ea3 h\u01a1n.<\/span><\/p>\n<p><span style=\"font-weight: 400;\">Tuy nhi\u00ean, quy\u1ec1n ri\u00eang t\u01b0 c\u1ee7a ng\u01b0\u1eddi d\u00f9ng lu\u00f4n \u0111\u01b0\u1ee3c \u0111\u1eb7t l\u00ean h\u00e0ng \u0111\u1ea7u. Kh\u00e1ch h\u00e0ng ho\u00e0n to\u00e0n c\u00f3 th\u1ec3 ch\u1ee7 \u0111\u1ed9ng \u0111i\u1ec1u ch\u1ec9nh ho\u1eb7c v\u00f4 hi\u1ec7u h\u00f3a vi\u1ec7c s\u1eed d\u1ee5ng Cookies th\u00f4ng qua c\u00e1c thi\u1ebft l\u1eadp c\u00f3 s\u1eb5n trong tr\u00ecnh duy\u1ec7t \u0111ang s\u1eed d\u1ee5ng.\u00a0<\/span><\/p>\n<p><span style=\"font-weight: 400;\">B\u00ean c\u1ea1nh \u0111\u00f3, nh\u00e0 c\u00e1i Hubet cam k\u1ebft d\u00f9ng Cookies m\u1ed9t c\u00e1ch minh b\u1ea1ch, r\u00f5 r\u00e0ng. T\u1ea5t c\u1ea3 \u0111\u1ec1u ho\u00e0n to\u00e0n v\u00ec m\u1ee5c \u0111\u00edch ch\u00ednh \u0111\u00e1ng nh\u01b0 n\u00e2ng cao ch\u1ea5t l\u01b0\u1ee3ng d\u1ecbch v\u1ee5, c\u1ea3i thi\u1ec7n hi\u1ec7u su\u1ea5t h\u1ec7 th\u1ed1ng v\u00e0 \u0111\u1ea3m b\u1ea3o s\u1ef1 an to\u00e0n th\u00f4ng tin cho ng\u01b0\u1eddi d\u00f9ng.\u00a0<\/span><\/p>\n<h3><b>Ch\u00ednh s\u00e1ch b\u1ea3o m\u1eadt giao d\u1ecbch t\u00e0i ch\u00ednh t\u1ea1i h\u1ec7 th\u1ed1ng Hubet<\/b><\/h3>\n<p><span style=\"font-weight: 400;\">Hubet lu\u00f4n \u0111\u1eb7t y\u1ebfu t\u1ed1 b\u1ea3o m\u1eadt th\u00f4ng tin c\u00e1 nh\u00e2n v\u00e0 t\u00e0i ch\u00ednh c\u1ee7a ng\u01b0\u1eddi ch\u01a1i l\u00ean h\u00e0ng \u0111\u1ea7u trong m\u1ecdi ho\u1ea1t \u0111\u1ed9ng c\u00e1 c\u01b0\u1ee3c. M\u1ee5c \u0111\u00edch ch\u00ednh nh\u1eb1m x\u00e2y d\u1ef1ng m\u1ed9t m\u00f4i tr\u01b0\u1eddng c\u00e1 c\u01b0\u1ee3c an to\u00e0n, \u0111\u00e1ng tin c\u1eady.\u00a0<\/span><\/p>\n<p><span style=\"font-weight: 400;\">M\u1ecdi giao d\u1ecbch t\u00e0i ch\u00ednh, bao g\u1ed3m s\u1ed1 ti\u1ec1n n\u1ea1p r\u00fat, th\u00f4ng tin t\u00e0i kho\u1ea3n ng\u00e2n h\u00e0ng v\u00e0 th\u1eddi gian th\u1ef1c hi\u1ec7n giao d\u1ecbch \u0111\u1ec1u \u0111\u01b0\u1ee3c m\u00e3 h\u00f3a b\u1eb1ng c\u00e1c c\u00e1ch th\u1ee9c b\u1ea3o m\u1eadt ti\u00ean ti\u1ebfn. Kh\u00f4ng ch\u1ec9 v\u1eady, to\u00e0n b\u1ed9 d\u1eef li\u1ec7u c\u00f2n \u0111\u01b0\u1ee3c l\u01b0u tr\u1eef tr\u00ean h\u1ec7 th\u1ed1ng m\u00e1y ch\u1ee7 c\u00f3 t\u01b0\u1eddng l\u1eeda b\u1ea3o v\u1ec7 nghi\u00eam ng\u1eb7t, gi\u00fap ng\u0103n ch\u1eb7n m\u1ecdi h\u00e0nh vi truy c\u1eadp tr\u00e1i ph\u00e9p ho\u1eb7c \u0111\u00e1nh c\u1eafp th\u00f4ng tin m\u1ed9t c\u00e1ch hi\u1ec7u qu\u1ea3. Nh\u1edd v\u1eady, ng\u01b0\u1eddi ch\u01a1i ho\u00e0n to\u00e0n c\u00f3 th\u1ec3 y\u00ean t\u00e2m tr\u1ea3i nghi\u1ec7m m\u00e0 kh\u00f4ng c\u1ea7n lo l\u1eafng qu\u00e1 nhi\u1ec1u v\u1ec1 r\u1ee7i ro r\u00f2 r\u1ec9 th\u00f4ng tin ng\u01b0\u1eddi d\u00f9ng.\u00a0<\/span><\/p>\n<h2><b>Cam k\u1ebft c\u1ee7a Hubet v\u1ec1 nh\u1eefng ch\u00ednh s\u00e1ch b\u1ea3o m\u1eadt\u00a0<\/b><\/h2>\n<p><span style=\"font-weight: 400;\">Nh\u1eb1m qu\u00e1 tr\u00ecnh tr\u1ea3i nghi\u1ec7m c\u1ee7a ng\u01b0\u1eddi ch\u01a1i \u0111\u01b0\u1ee3c di\u1ec5n ra m\u1ed9t c\u00e1ch su\u00f4n s\u1ebb, thu\u1eadn l\u1ee3i, nh\u00e0 c\u00e1i \u0111\u00e3 cam k\u1ebft m\u1ed9t s\u1ed1 \u0111i\u1ec1u sau:\u00a0<\/span><\/p>\n<h3><b>B\u1ea3o m\u1eadt an to\u00e0n th\u00f4ng tin ng\u01b0\u1eddi d\u00f9ng 100%\u00a0<\/b><\/h3>\n<p><span style=\"font-weight: 400;\">Qua <\/span><b>ch\u00ednh s\u00e1ch b\u1ea3o m\u1eadt<\/b><span style=\"font-weight: 400;\">, Hubet kh\u1eb3ng \u0111\u1ecbnh b\u1ea3o v\u1ec7 quy\u1ec1n ri\u00eang t\u01b0 v\u00e0 th\u00f4ng tin c\u00e1 nh\u00e2n c\u1ee7a h\u1ed9i vi\u00ean m\u1ed9t c\u00e1ch tuy\u1ec7t \u0111\u1ed1i. M\u1ecdi d\u1eef li\u1ec7u c\u00e1 nh\u00e2n m\u00e0 ng\u01b0\u1eddi ch\u01a1i cung c\u1ea5p trong qu\u00e1 tr\u00ecnh \u0111\u0103ng k\u00fd, x\u00e1c minh danh t\u00ednh ho\u1eb7c s\u1eed d\u1ee5ng d\u1ecbch v\u1ee5 \u0111\u1ec1u s\u1ebd \u0111\u01b0\u1ee3c b\u1ea3o m\u1eadt nghi\u00eam ng\u1eb7t.\u00a0<\/span><\/p>\n<p><span style=\"font-weight: 400;\">\u0110\u1ed3ng th\u1eddi, nh\u00e0 c\u00e1i s\u1ebd kh\u00f4ng chia s\u1ebb, chuy\u1ec3n nh\u01b0\u1ee3ng hay cung c\u1ea5p b\u1ea5t k\u1ef3 th\u00f4ng tin n\u00e0o c\u1ee7a h\u1ed9i vi\u00ean cho b\u00ean th\u1ee9 ba n\u00e0o n\u1ebfu ch\u01b0a c\u00f3 s\u1ef1 ch\u1ea5p thu\u1eadn r\u00f5 r\u00e0ng v\u00e0 \u0111\u1ea7y \u0111\u1ee7 t\u1eeb ph\u00eda ng\u01b0\u1eddi d\u00f9ng. Nh\u1eefng th\u00f4ng tin n\u00e0y ch\u1ec9 \u0111\u01b0\u1ee3c s\u1eed d\u1ee5ng n\u1ed9i b\u1ed9 cho nh\u1eefng m\u1ee5c \u0111\u00edch ch\u00ednh \u0111\u00e1ng nh\u01b0 qu\u1ea3n l\u00fd t\u00e0i kho\u1ea3n h\u1ed9i vi\u00ean, h\u1ed7 tr\u1ee3 kh\u00e1ch h\u00e0ng khi c\u1ea7n thi\u1ebft v\u00e0 \u0111\u1ed3ng th\u1eddi c\u1ea3i thi\u1ec7n ch\u1ea5t l\u01b0\u1ee3ng d\u1ecbch v\u1ee5 nh\u1eb1m mang l\u1ea1i tr\u1ea3i nghi\u1ec7m t\u1ed1t nh\u1ea5t cho ng\u01b0\u1eddi ch\u01a1i.\u00a0<\/span><\/p>\n<h3><b>\u00c1p d\u1ee5ng nh\u1eefng c\u00f4ng ngh\u1ec7 ti\u00ean ti\u1ebfn \u0111\u1ec3 b\u1ea3o v\u1ec7 ng\u01b0\u1eddi d\u00f9ng\u00a0<\/b><\/h3>\n<p><span style=\"font-weight: 400;\">T\u1ea1i Hubet, nh\u00e0 c\u00e1i \u0111\u01b0\u1ee3c x\u00e2y d\u1ef1ng tr\u00ean m\u1ed9t h\u1ec7 th\u1ed1ng b\u1ea3o m\u1eadt v\u1eefng ch\u1eafc, bao g\u1ed3m c\u00e1c gi\u1ea3i ph\u00e1p m\u00e3 h\u00f3a d\u1eef li\u1ec7u ti\u00ean ti\u1ebfn theo chu\u1ea9n qu\u1ed1c t\u1ebf. M\u1ee5c \u0111\u00edch ch\u00ednh gi\u00fap \u0111\u1ea3m b\u1ea3o m\u1ecdi th\u00f4ng tin \u0111\u01b0\u1ee3c truy\u1ec1n t\u1ea3i qua website \u0111\u1ec1u \u1edf tr\u1ea1ng th\u00e1i an to\u00e0n tuy\u1ec7t \u0111\u1ed1i.\u00a0<\/span><\/p>\n<p><span style=\"font-weight: 400;\">B\u00ean c\u1ea1nh \u0111\u00f3, h\u1ec7 th\u1ed1ng c\u00f2n \u0111\u01b0\u1ee3c t\u00edch h\u1ee3p t\u01b0\u1eddng l\u1eeda nhi\u1ec1u l\u1edbp, c\u00f3 kh\u1ea3 n\u0103ng ph\u00e1t hi\u1ec7n v\u00e0 ng\u0103n ch\u1eb7n hi\u1ec7u qu\u1ea3 c\u00e1c cu\u1ed9c t\u1ea5n c\u00f4ng m\u1ea1ng t\u1eeb b\u00ean ngo\u00e0i. \u0110\u1ed3ng th\u1eddi, Hubet c\u0169ng \u00e1p d\u1ee5ng c\u00e1c c\u01a1 ch\u1ebf gi\u00e1m s\u00e1t t\u1ef1 \u0111\u1ed9ng v\u00e0 li\u00ean t\u1ee5c 24\/7 \u0111\u1ec3 k\u1ecbp th\u1eddi ph\u00e1t hi\u1ec7n nh\u1eefng ho\u1ea1t \u0111\u1ed9ng b\u1ea5t th\u01b0\u1eddng ho\u1eb7c r\u1ee7i ro ti\u1ec1m \u1ea9n, t\u1eeb \u0111\u00f3 c\u00f3 c\u00e1c bi\u1ec7n ph\u00e1p x\u1eed l\u00fd nhanh ch\u00f3ng, \u0111\u1ea1t hi\u1ec7u qu\u1ea3 cao.\u00a0<\/span><\/p>\n<figure id=\"attachment_704\" aria-describedby=\"caption-attachment-704\" style=\"width: 800px\" class=\"wp-caption aligncenter\"><img title=\"Nh\u1eefng cam k\u1ebft c\u1ee7a Hubet qua ch\u00ednh s\u00e1ch b\u1ea3o m\u1eadt\u00a0\" loading=\"lazy\" decoding=\"async\" class=\"size-full wp-image-704\" src=\"https:\/\/hubet.wine\/wp-content\/uploads\/2026\/05\/chinh-sach-bao-mat-hubet-3.webp\" alt=\"Nh\u1eefng cam k\u1ebft c\u1ee7a Hubet qua ch\u00ednh s\u00e1ch b\u1ea3o m\u1eadt\u00a0\" width=\"800\" height=\"450\"><figcaption id=\"caption-attachment-704\" class=\"wp-caption-text\">Nh\u1eefng cam k\u1ebft c\u1ee7a Hubet qua ch\u00ednh s\u00e1ch b\u1ea3o m\u1eadt<\/figcaption><\/figure>\n<h3><b>Quy\u1ec1n y\u00eau c\u1ea7u x\u00f3a d\u1eef li\u1ec7u \u0111\u1ebfn t\u1eeb h\u1ec7 th\u1ed1ng Hubet\u00a0<\/b><\/h3>\n<p><b>Ch\u00ednh s\u00e1ch b\u1ea3o m\u1eadt<\/b><span style=\"font-weight: 400;\"> Hubet cam k\u1ebft \u0111\u1eb7t quy\u1ec1n ri\u00eang t\u01b0 v\u00e0 s\u1ef1 an to\u00e0n th\u00f4ng tin c\u00e1 nh\u00e2n c\u1ee7a ng\u01b0\u1eddi d\u00f9ng l\u00ean h\u00e0ng \u0111\u1ea7u trong m\u1ecdi ho\u1ea1t \u0111\u1ed9ng c\u00e1 c\u01b0\u1ee3c. Trong tr\u01b0\u1eddng h\u1ee3p ng\u01b0\u1eddi ch\u01a1i kh\u00f4ng c\u00f2n mu\u1ed1n ti\u1ebfp t\u1ee5c s\u1eed d\u1ee5ng c\u00e1c s\u1ea3n ph\u1ea9m ho\u1eb7c d\u1ecbch v\u1ee5, nh\u00e0 c\u00e1i ho\u00e0n to\u00e0n t\u1ea1o \u0111i\u1ec1u ki\u1ec7n \u0111\u1ec3 h\u1ed9i vi\u00ean th\u1ef1c hi\u1ec7n quy\u1ec1n y\u00eau c\u1ea7u x\u00f3a to\u00e0n b\u1ed9 th\u00f4ng tin c\u00e1 nh\u00e2n \u0111\u00e3 \u0111\u01b0\u1ee3c l\u01b0u tr\u1eef tr\u00ean h\u1ec7 th\u1ed1ng.<\/span><\/p>\n<p><span style=\"font-weight: 400;\">Khi ti\u1ebfp nh\u1eadn y\u00eau c\u1ea7u ch\u00ednh th\u1ee9c t\u1eeb ph\u00eda ng\u01b0\u1eddi d\u00f9ng, \u0111\u1ed9i ng\u0169 h\u1ed7 tr\u1ee3 v\u00e0 k\u1ef9 thu\u1eadt c\u1ee7a Hubet s\u1ebd nhanh ch\u00f3ng ti\u1ebfn h\u00e0nh quy tr\u00ecnh x\u00e1c minh. Sau \u0111\u00f3 x\u00f3a s\u1ea1ch to\u00e0n b\u1ed9 d\u1eef li\u1ec7u li\u00ean quan m\u1ed9t c\u00e1ch c\u1ea9n th\u1eadn, tri\u1ec7t \u0111\u1ec3.\u00a0<\/span><\/p>\n<p><b>Ch\u00ednh s\u00e1ch b\u1ea3o m\u1eadt<\/b><span style=\"font-weight: 400;\"> Hubet l\u00e0 n\u1ec1n t\u1ea3ng v\u1eefng ch\u1eafc gi\u00fap ng\u01b0\u1eddi d\u00f9ng y\u00ean t\u00e2m khi s\u1eed d\u1ee5ng d\u1ecbch v\u1ee5. V\u1edbi cam k\u1ebft minh b\u1ea1ch v\u00e0 r\u00f5 r\u00e0ng trong vi\u1ec7c thu th\u1eadp, x\u1eed l\u00fd d\u1eef li\u1ec7u c\u00e1 nh\u00e2n, Hubet lu\u00f4n \u0111\u1eb7t quy\u1ec1n l\u1ee3i ng\u01b0\u1eddi d\u00f9ng l\u00ean h\u00e0ng \u0111\u1ea7u. T\u1eeb \u0111\u00f3 gi\u00fap \u0111em \u0111\u1ebfn cho kh\u00e1ch h\u00e0ng nh\u1eefng tr\u1ea3i nghi\u1ec7m tuy\u1ec7t v\u1eddi t\u1ea1i \u0111\u00e2y.\u00a0<\/span><\/p>\n<\/p><\/div>\n<\/p><\/div>\n<\/div>\n","protected":false},"excerpt":{"rendered":"<p>\u2705TH\u00d4NG TIN \u00a0 Th\u01b0\u01a1ng hi\u1ec7u: HUBET Danh M\u1ee5c: C\u00e1 C\u01b0\u1ee3c Tr\u1ef1c Tuy\u1ebfn S\u1ea3n Ph\u1ea9m Ch\u1ee7 \u0110\u1ea1o: Casino Online N\u0103m Th\u00e0nh L\u1eadp: 2019 \u0110\u1ecba ch\u1ec9: 03 L\u00ea Thanh Ngh\u1ecb, Ho\u00e0 C\u01b0\u1eddng B\u1eafc, H\u1ea3i Ch\u00e2u, \u0110\u00e0 N\u1eb5ng 50000, Vi\u1ec7t Nam Email: support@xoi.us.com Hotline: 0375 704 385 Website: https:\/\/xoi.us.com\/ Hashtag: #hubet #hubetdecom #hu_bet #hubet_casino\u00a0 #CasinoOnline #T\u00e0iX\u1ec9u \u00a0\u2705S\u1ea2N PH\u1ea8M [&#8230;]\n","protected":false},"author":1,"featured_media":103,"parent":0,"menu_order":0,"comment_status":"closed","ping_status":"closed","template":"","meta":{"footnotes":""},"class_list":["post-86","page","type-page","status-publish","has-post-thumbnail","hentry"],"_links":{"self":[{"href":"https:\/\/hubet.wine\/index.php\/wp-json\/wp\/v2\/pages\/86","targetHints":{"allow":["GET"]}}],"collection":[{"href":"https:\/\/hubet.wine\/index.php\/wp-json\/wp\/v2\/pages"}],"about":[{"href":"https:\/\/hubet.wine\/index.php\/wp-json\/wp\/v2\/types\/page"}],"author":[{"embeddable":true,"href":"https:\/\/hubet.wine\/index.php\/wp-json\/wp\/v2\/users\/1"}],"replies":[{"embeddable":true,"href":"https:\/\/hubet.wine\/index.php\/wp-json\/wp\/v2\/comments?post=86"}],"version-history":[{"count":0,"href":"https:\/\/hubet.wine\/index.php\/wp-json\/wp\/v2\/pages\/86\/revisions"}],"wp:featuredmedia":[{"embeddable":true,"href":"https:\/\/hubet.wine\/index.php\/wp-json\/wp\/v2\/media\/103"}],"wp:attachment":[{"href":"https:\/\/hubet.wine\/index.php\/wp-json\/wp\/v2\/media?parent=86"}],"curies":[{"name":"wp","href":"https:\/\/api.w.org\/{rel}","templated":true}]}}