{"id":167,"date":"2026-05-14T19:07:26","date_gmt":"2026-05-14T12:07:26","guid":{"rendered":"https:\/\/hubet.wine\/index.php\/ban-ca-hubet\/"},"modified":"2026-05-14T19:07:26","modified_gmt":"2026-05-14T12:07:26","slug":"ban-ca-hubet","status":"publish","type":"page","link":"https:\/\/hubet.wine\/index.php\/ban-ca-hubet\/","title":{"rendered":"B\u1eafn C\u00e1 HUBET &#8211; S\u1ea3nh Game \u0110\u1ed5i Th\u01b0\u1edfng H\u1ea5p D\u1eabn TOP 1 Vi\u1ec7t Nam"},"content":{"rendered":"<div class=\"row\" id=\"row-390271516\">\n<div id=\"col-329761633\" class=\"col medium-3 small-12 large-3\">\n<div class=\"col-inner\">\n<div id=\"text-3758332548\" class=\"text khung\">\n<div class=\"trang-chu\">\n<p style=\"text-align: center;\"><strong><span class=\"widget-title\">\u2705TH\u00d4NG TIN<\/span><\/strong><\/p>\n<div class=\"textwidget\">\n<ul>\n<li><strong>Th\u01b0\u01a1ng hi\u1ec7u: <a href=\"https:\/\/hubet.wine\/\">HUBET<\/a><\/strong><\/li>\n<li><strong>Danh M\u1ee5c:<\/strong> C\u00e1 C\u01b0\u1ee3c Tr\u1ef1c Tuy\u1ebfn<\/li>\n<li><strong>S\u1ea3n Ph\u1ea9m Ch\u1ee7 \u0110\u1ea1o:<\/strong> Casino Online<\/li>\n<li><strong>N\u0103m Th\u00e0nh L\u1eadp:<\/strong> 2019<\/li>\n<li><strong>\u0110\u1ecba ch\u1ec9<\/strong>: 03 L\u00ea Thanh Ngh\u1ecb, Ho\u00e0 C\u01b0\u1eddng B\u1eafc, H\u1ea3i Ch\u00e2u, \u0110\u00e0 N\u1eb5ng 50000, Vi\u1ec7t Nam<\/li>\n<li><strong>Email: <\/strong>support@xoi.us.com<strong><br \/><\/strong><\/li>\n<li><b>Hotline: 0375 704 385<\/b><\/li>\n<li><strong>Website<\/strong>: <a href=\"https:\/\/hubet.wine\/\"><strong>https:\/\/xoi.us.com\/<\/strong><\/a><\/li>\n<li><strong>Hashtag: <\/strong>#hubet #hubetdecom #hu_bet #hubet_casino\u00a0 #CasinoOnline #T\u00e0iX\u1ec9u<\/li>\n<\/ul>\n<\/div>\n<\/div><\/div>\n<div id=\"text-1212176094\" class=\"text khung\">\n<div class=\"trang-chu\">\n<div style=\"text-align: center;\"><strong>\u00a0\u2705S\u1ea2N PH\u1ea8M<\/strong><\/div>\n<ul>\n<li><a href=\"https:\/\/hubet.wine\/casino-hubet\/\"><strong>Casino<\/strong><\/a><\/li>\n<li><a href=\"https:\/\/hubet.wine\/the-thao-hubet\/\"><strong>Th\u1ec3 Thao<\/strong><\/a><\/li>\n<li><a href=\"https:\/\/hubet.wine\/no-hu-hubet\/\"><strong>N\u1ed5 H\u0169<\/strong><\/a><\/li>\n<li><a href=\"https:\/\/hubet.wine\/ban-ca-hubet\/\"><strong>B\u1eafn C\u00e1<\/strong><\/a><\/li>\n<li><a href=\"https:\/\/hubet.wine\/da-ga-hubet\/\"><strong>\u0110\u00e1 G\u00e0<\/strong><\/a><\/li>\n<li><a href=\"https:\/\/hubet.wine\/xo-so-hubet\/\"><strong>X\u1ed5 S\u1ed1<\/strong><\/a><\/li>\n<\/ul>\n<\/div><\/div>\n<\/p><\/div>\n<\/p><\/div>\n<div id=\"col-674952588\" class=\"col medium-9 small-12 large-9\">\n<div class=\"col-inner\">\n<p><b><a href=\"https:\/\/hubet.wine\/ban-ca-hubet\/\">B\u1eafn c\u00e1 HUBET<\/a> <\/b><span style=\"font-weight: 400;\">mang \u0111\u1ebfn m\u1ed9t tr\u1ea3i nghi\u1ec7m gi\u1ea3i tr\u00ed \u0111\u1ec9nh cao v\u1edbi s\u1ea3nh s\u0103n boss h\u1ea5p d\u1eabn v\u00e0 giao di\u1ec7n \u0111\u1ea7y m\u00e0u s\u1eafc. \u0110\u00e2y l\u00e0 th\u1ec3 lo\u1ea1i game k\u1ebft h\u1ee3p h\u00e0i h\u00f2a gi\u1eefa k\u1ef9 n\u0103ng v\u00e0 y\u1ebfu t\u1ed1 may m\u1eafn, thu h\u00fat ng\u01b0\u1eddi ch\u01a1i t\u1ea1i <\/span><a href=\"https:\/\/hubet.wine\/\"><b>HUBET <\/b><\/a><span style=\"font-weight: 400;\">b\u1edfi nh\u1eefng hi\u1ec7u \u1ee9ng \u00e2m thanh v\u00e0 h\u00ecnh \u1ea3nh s\u1ed1ng \u0111\u1ed9ng, ch\u00e2n th\u1ef1c. Nh\u1eefng m\u00e0n b\u1eafn c\u00e1 \u0111\u1ea7y k\u1ecbch t\u00ednh v\u00e0 th\u1eed th\u00e1ch s\u0103n boss s\u1ebd lu\u00f4n gi\u1eef ng\u01b0\u1eddi ch\u01a1i trong s\u1ef1 h\u1ee9ng th\u00fa, kh\u00f4ng th\u1ec3 r\u1eddi m\u1eaft kh\u1ecfi m\u00e0n h\u00ecnh. C\u00f9ng kh\u00e1m ph\u00e1 ngay!<\/span><\/p>\n<h2><b>Gi\u1edbi thi\u1ec7u t\u1ed5ng quan s\u1ea3nh b\u1eafn c\u00e1 HUBET<\/b><\/h2>\n<p><b>B\u1eafn c\u00e1 HUBET <\/b><span style=\"font-weight: 400;\">mang \u0111\u1ebfn m\u1ed9t kh\u00f4ng gian \u0111\u1ea1i d\u01b0\u01a1ng s\u1ed1ng \u0111\u1ed9ng, n\u01a1i ng\u01b0\u1eddi ch\u01a1i c\u00f3 th\u1ec3 tham gia v\u00e0o nh\u1eefng cu\u1ed9c s\u0103n m\u1ed3i \u0111\u1ea7y k\u1ecbch t\u00ednh. V\u1edbi s\u1ef1 \u0111a d\u1ea1ng c\u1ee7a c\u00e1c s\u1ea3nh game t\u1eeb c\u00e1c th\u01b0\u01a1ng hi\u1ec7u n\u1ed5i ti\u1ebfng nh\u01b0 JILI, JDB, TP, CQ9, KA v\u00e0 nhi\u1ec1u c\u00e1i t\u00ean kh\u00e1c, s\u00e2n ch\u01a1i t\u1ea1o n\u00ean m\u1ed9t th\u1ebf gi\u1edbi \u0111\u1ea1i d\u01b0\u01a1ng phong ph\u00fa, \u0111\u1ea7y th\u1eed th\u00e1ch v\u00e0 h\u1ea5p d\u1eabn.<\/span><\/p>\n<p><span style=\"font-weight: 400;\">\u0110\u1ec3 b\u1eaft \u0111\u1ea7u h\u00e0nh tr\u00ecnh, ng\u01b0\u1eddi ch\u01a1i ch\u1ec9 c\u1ea7n \u0111\u0103ng k\u00fd t\u00e0i kho\u1ea3n, n\u1ea1p xu, trang b\u1ecb ph\u00e1o v\u00e0 \u0111\u1ea1n, sau \u0111\u00f3 ch\u1ecdn s\u1ea3nh ph\u00f9 h\u1ee3p \u0111\u1ec3 nh\u1eadp cu\u1ed9c. M\u1ed7i cu\u1ed9c s\u0103n m\u1ed3i kh\u00f4ng ch\u1ec9 l\u00e0 c\u01a1 h\u1ed9i \u0111\u1ec3 thu v\u1ec1 l\u1ee3i nhu\u1eadn, m\u00e0 c\u00f2n l\u00e0 d\u1ecbp \u0111\u1ec3 th\u1ec3 hi\u1ec7n b\u1ea3n l\u0129nh tr\u00ean b\u1ea3ng x\u1ebfp h\u1ea1ng. S\u1ef1 k\u1ebft h\u1ee3p gi\u1eefa y\u1ebfu t\u1ed1 gi\u1ea3i tr\u00ed th\u00fa v\u1ecb v\u00e0 nh\u1eefng ph\u1ea7n th\u01b0\u1edfng gi\u00e1 tr\u1ecb ch\u00ednh l\u00e0 \u0111i\u1ec3m thu h\u00fat m\u1ea1nh m\u1ebd c\u1ee7a <\/span><b>b\u1eafn c\u00e1 HUBET<\/b><span style=\"font-weight: 400;\"> khi\u1ebfn n\u00f3 lu\u00f4n \u0111\u01b0\u1ee3c c\u00e1c game th\u1ee7 \u01b0a chu\u1ed9ng.<\/span><\/p>\n<figure id=\"attachment_603\" aria-describedby=\"caption-attachment-603\" style=\"width: 800px\" class=\"wp-caption aligncenter\"><img title=\"Gi\u1edbi thi\u1ec7u chuy\u00ean m\u1ee5c b\u1eafn c\u00e1 c\u1ee7a nh\u00e0 c\u00e1i\" loading=\"lazy\" decoding=\"async\" class=\"size-full wp-image-603\" src=\"https:\/\/hubet.wine\/wp-content\/uploads\/2026\/05\/ban-ca-hubet-1.webp\" alt=\"Gi\u1edbi thi\u1ec7u chuy\u00ean m\u1ee5c b\u1eafn c\u00e1 c\u1ee7a nh\u00e0 c\u00e1i\" width=\"800\" height=\"450\"><figcaption id=\"caption-attachment-603\" class=\"wp-caption-text\">Gi\u1edbi thi\u1ec7u chuy\u00ean m\u1ee5c b\u1eafn c\u00e1 c\u1ee7a nh\u00e0 c\u00e1i<\/figcaption><\/figure>\n<h2><b>\u0110i\u1ec3m danh c\u00e1c \u0111\u1ed1i t\u00e1c l\u00e2u d\u00e0i c\u1ee7a b\u1eafn c\u00e1 HUBET<\/b><\/h2>\n<p><span style=\"font-weight: 400;\">Nh\u00e0 c\u00e1i hi\u1ec7n \u0111ang duy tr\u00ec m\u1ed1i h\u1ee3p t\u00e1c l\u00e2u d\u00e0i v\u1edbi 18 nh\u00e0 cung c\u1ea5p game b\u1eafn c\u00e1 h\u00e0ng \u0111\u1ea7u th\u1ecb tr\u01b0\u1eddng. T\u1ea5t c\u1ea3 mang t\u1edbi m\u1ed9t s\u00e2n ch\u01a1i \u0111a d\u1ea1ng, phong ph\u00fa. Sau \u0111\u00e2y l\u00e0 m\u1ed9t s\u1ed1 c\u00e1i t\u00ean n\u1ed5i b\u1eadt:<\/span><\/p>\n<h3><b>FC Gaming<\/b><\/h3>\n<p><span style=\"font-weight: 400;\">FC Gaming l\u00e0 s\u1ef1 l\u1ef1a ch\u1ecdn l\u00fd t\u01b0\u1edfng cho nh\u1eefng ai t\u00ecm ki\u1ebfm c\u00e1c tr\u00f2 ch\u01a1i gi\u1ea3i tr\u00ed \u0111\u1ed9c \u0111\u00e1o v\u00e0 m\u1edbi m\u1ebb. C\u00f4ng ty kh\u00f4ng ng\u1eebng nghi\u00ean c\u1ee9u v\u00e0 ph\u00e1t tri\u1ec3n \u0111\u1ec3 mang \u0111\u1ebfn nh\u1eefng t\u1ef1a game th\u00fa v\u1ecb v\u00e0 \u0111\u1ea7y th\u1eed th\u00e1ch. C\u00e1c tr\u00f2 ch\u01a1i ti\u00eau bi\u1ec3u t\u1ea1i s\u1ea3nh <\/span><b>b\u1eafn c\u00e1 HUBET <\/b><span style=\"font-weight: 400;\">\u2013 FC Gaming bao g\u1ed3m B\u1eafn C\u00e1 Ph\u00e1t T\u00e0i, Cu\u1ed9c Chi\u1ebfn B\u1eafn C\u00e1, \u0110\u1ea1i Th\u00e1nh B\u1eafn C\u00e1, v\u00e0 Ch\u00fang Th\u1ea7n Ph\u00e1t T\u00e0i,\u2026<\/span><\/p>\n<h3><b>TP Gaming<\/b><\/h3>\n<p><span style=\"font-weight: 400;\">TP Gaming l\u00e0 m\u1ed9t nh\u00e0 cung c\u1ea5p \u0111a d\u1ea1ng c\u00e1c tr\u00f2 ch\u01a1i gi\u1ea3i tr\u00ed n\u1ed5i ti\u1ebfng tr\u00ean th\u1ecb tr\u01b0\u1eddng qu\u1ed1c t\u1ebf, trong \u0111\u00f3 c\u00f3 c\u00e1c tr\u00f2 ch\u01a1i b\u1eafn c\u00e1. V\u1edbi \u0111\u1ed3 h\u1ecda \u1ea5n t\u01b0\u1ee3ng v\u00e0 tr\u1ea3i nghi\u1ec7m ch\u01a1i ch\u00e2n th\u1ef1c, TP Gaming mang \u0111\u1ebfn nh\u1eefng t\u1ef1a game \u0111\u01b0\u1ee3c y\u00eau th\u00edch nh\u01b0 C\u00e2u C\u00e1 Ph\u00e1t T\u00e0i, Nh\u1ecb Gia B\u1eafn C\u00e1, C\u00e2u C\u00e1 V\u00e0ng, v\u00e0 B\u1eafn C\u00f4n Tr\u00f9ng,\u2026<\/span><\/p>\n<h3><b>JDB Gaming<\/b><\/h3>\n<p><span style=\"font-weight: 400;\">S\u1ef1 ph\u00e1t tri\u1ec3n m\u1ea1nh m\u1ebd c\u1ee7a <\/span><b>b\u1eafn c\u00e1 HUBET <\/b><span style=\"font-weight: 400;\">m\u1ed9t ph\u1ea7n nh\u1edd v\u00e0o s\u1ef1 g\u00f3p m\u1eb7t c\u1ee7a c\u00e1c tr\u00f2 ch\u01a1i t\u1eeb s\u1ea3nh JDB. C\u00e1c t\u1ef1a game \u0111\u1ed5i th\u01b0\u1edfng t\u1ea1i \u0111\u00e2y lu\u00f4n t\u1eadp trung v\u00e0o c\u00e1c ch\u1ee7 \u0111\u1ec1 s\u00e1ng t\u1ea1o, ph\u00e1 v\u1ee1 c\u00e1c khu\u00f4n m\u1eabu truy\u1ec1n th\u1ed1ng v\u00e0 mang \u0111\u1ebfn nh\u1eefng tr\u1ea3i nghi\u1ec7m m\u1edbi m\u1ebb. \u0110\u1eb7c bi\u1ec7t, JDB Gaming \u0111\u00e3 m\u1ea1nh tay \u0111\u1ea7u t\u01b0 v\u00e0o t\u1ef7 l\u1ec7 thanh to\u00e1n h\u1ea5p d\u1eabn, \u0111em l\u1ea1i c\u01a1 h\u1ed9i th\u1eafng l\u1edbn cho ng\u01b0\u1eddi ch\u01a1i.<\/span><\/p>\n<figure id=\"attachment_604\" aria-describedby=\"caption-attachment-604\" style=\"width: 800px\" class=\"wp-caption aligncenter\"><img title=\"C\u00e1c \u0111\u1ed1i t\u00e1c uy t\u00edn h\u1ee3p t\u00e1c c\u00f9ng b\u1eafn c\u00e1 HUBET\" loading=\"lazy\" decoding=\"async\" class=\"size-full wp-image-604\" src=\"https:\/\/hubet.wine\/wp-content\/uploads\/2026\/05\/ban-ca-hubet-2.webp\" alt=\"C\u00e1c \u0111\u1ed1i t\u00e1c uy t\u00edn h\u1ee3p t\u00e1c c\u00f9ng b\u1eafn c\u00e1 HUBET\" width=\"800\" height=\"450\"><figcaption id=\"caption-attachment-604\" class=\"wp-caption-text\">C\u00e1c \u0111\u1ed1i t\u00e1c uy t\u00edn h\u1ee3p t\u00e1c c\u00f9ng b\u1eafn c\u00e1 HUBET<\/figcaption><\/figure>\n<h3><b>JILI Gaming<\/b><\/h3>\n<p><span style=\"font-weight: 400;\">JILI l\u00e0 m\u1ed9t trong nh\u1eefng nh\u00e0 ph\u00e1t h\u00e0nh game b\u1eafn c\u00e1 \u0111\u1ed5i th\u01b0\u1edfng \u0111\u01b0\u1ee3c l\u1ef1a ch\u1ecdn trong n\u0103m 2025. V\u1edbi kinh nghi\u1ec7m l\u00e2u d\u00e0i trong ng\u00e0nh, c\u00e1c s\u1ea3n ph\u1ea9m v\u00e0 d\u1ecbch v\u1ee5 c\u1ee7a JILI lu\u00f4n \u0111\u00e1p \u1ee9ng \u0111\u01b0\u1ee3c nhu c\u1ea7u v\u00e0 s\u1edf th\u00edch c\u1ee7a h\u00e0ng tri\u1ec7u ng\u01b0\u1eddi ch\u01a1i. H\u1ee3p t\u00e1c v\u1edbi <\/span><b>b\u1eafn c\u00e1 HUBET, <\/b><span style=\"font-weight: 400;\">h\u1ee9a h\u1eb9n trong t\u01b0\u01a1ng lai, JILI s\u1ebd ti\u1ebfp t\u1ee5c mang \u0111\u1ebfn nh\u1eefng tr\u00f2 ch\u01a1i h\u1ea5p d\u1eabn v\u00e0 \u0111\u1ed5i m\u1edbi, t\u1ea1o ra nh\u1eefng tr\u1ea3i nghi\u1ec7m th\u00fa v\u1ecb cho ng\u01b0\u1eddi ch\u01a1i.<\/span><\/p>\n<h2><b>C\u00e1c si\u00eau ph\u1ea9m nh\u1ea5t \u0111\u1ecbnh ph\u1ea3i th\u1eed khi ch\u01a1i b\u1eafn c\u00e1 HUBET<\/b><\/h2>\n<p><span style=\"font-weight: 400;\">S\u1ea3nh c\u01b0\u1ee3c ghi \u0111i\u1ec3m m\u1ea1nh m\u1ebd nh\u1edd v\u00e0o s\u1ef1 \u0111a d\u1ea1ng trong c\u00e1c tr\u00f2 ch\u01a1i, m\u1ed7i game \u0111\u1ec1u mang m\u1ed9t phong c\u00e1ch \u0111\u1ed9c \u0111\u00e1o, kh\u00f4ng ch\u1ec9 thu h\u00fat ng\u01b0\u1eddi ch\u01a1i m\u00e0 c\u00f2n th\u1ecfa m\u00e3n \u0111am m\u00ea s\u0103n th\u01b0\u1edfng c\u1ee7a h\u1ed9i vi\u00ean.<\/span><\/p>\n<h3><b>B\u1eafn c\u00e1 Th\u1ea7n T\u00e0i<\/b><\/h3>\n<p><span style=\"font-weight: 400;\">L\u00e0 m\u1ed9t trong nh\u1eefng tr\u00f2 ch\u01a1i \u0111\u01b0\u1ee3c y\u00eau th\u00edch t\u1ea1i <\/span><b>b\u1eafn c\u00e1 HUBET<\/b><span style=\"font-weight: 400;\">, B\u1eafn c\u00e1 Th\u1ea7n T\u00e0i n\u1ed5i b\u1eadt v\u1edbi gameplay d\u1ec5 d\u00e0ng ti\u1ebfp c\u1eadn v\u00e0 h\u1ec7 th\u1ed1ng \u0111\u1ed5i th\u01b0\u1edfng nhanh ch\u00f3ng. Khung c\u1ea3nh \u0111\u1ea1i d\u01b0\u01a1ng \u0111\u1ea7y m\u00e0u s\u1eafc, c\u00f9ng v\u1edbi v\u00f4 v\u00e0n sinh v\u1eadt bi\u1ec3n sinh \u0111\u1ed9ng, t\u1ea1o n\u00ean m\u1ed9t kh\u00f4ng gian s\u00f4i \u0111\u1ed9ng v\u00e0 h\u1ea5p d\u1eabn. Ch\u1ec9 v\u1edbi v\u00e0i pha x\u1eed l\u00fd tinh t\u1ebf, ng\u01b0\u1eddi ch\u01a1i c\u00f3 th\u1ec3 nhanh ch\u00f3ng \u0111\u1ea1t \u0111\u01b0\u1ee3c s\u1ed1 \u0111i\u1ec3m \u1ea5n t\u01b0\u1ee3ng.<\/span><\/p>\n<h3><b>S\u0103n R\u1ed3ng Bi\u1ec3n<\/b><\/h3>\n<p><span style=\"font-weight: 400;\">H\u00e0nh Tr\u00ecnh S\u0103n R\u1ed3ng Bi\u1ec3n \u0111\u01b0a ng\u01b0\u1eddi ch\u01a1i \u0111\u1ebfn v\u1edbi m\u1ed9t \u0111\u1ea1i d\u01b0\u01a1ng huy\u1ec1n b\u00ed, n\u01a1i nh\u1eefng con r\u1ed3ng bi\u1ec3n kh\u1ed5ng l\u1ed3 \u0111ang canh gi\u1eef kho b\u00e1u v\u00f4 gi\u00e1. Kh\u00f4ng gi\u1ed1ng v\u1edbi nh\u1eefng m\u00e0n s\u0103n c\u00e1 th\u00f4ng th\u01b0\u1eddng, m\u1ed7i l\u1ea7n \u0111\u1ed1i \u0111\u1ea7u v\u1edbi r\u1ed3ng bi\u1ec3n l\u00e0 m\u1ed9t th\u1eed th\u00e1ch \u0111\u1ea7y tr\u00ed tu\u1ec7, \u0111\u00f2i h\u1ecfi s\u1ef1 t\u00ednh to\u00e1n c\u1ea9n th\u1eadn t\u1eebng b\u01b0\u1edbc \u0111i. V\u1edbi l\u01b0\u1ee3ng m\u00e1u d\u00e0y v\u00e0 s\u1ee9c c\u00f4ng ph\u00e1 m\u1ea1nh m\u1ebd, con boss n\u00e0y tr\u1edf th\u00e0nh th\u1eed th\u00e1ch \u0111\u00e1ng s\u1ee3 cho nh\u1eefng ai mu\u1ed1n t\u00ecm ki\u1ebfm ph\u1ea7n th\u01b0\u1edfng v\u01b0\u1ee3t xa mong \u0111\u1ee3i.<\/span><\/p>\n<figure id=\"attachment_605\" aria-describedby=\"caption-attachment-605\" style=\"width: 800px\" class=\"wp-caption aligncenter\"><img title=\"C\u00e1c si\u00eau ph\u1ea9m b\u1eafn c\u00e1 HUBET nh\u1ea5t \u0111\u1ecbnh ph\u1ea3i th\u1eed\" loading=\"lazy\" decoding=\"async\" class=\"size-full wp-image-605\" src=\"https:\/\/hubet.wine\/wp-content\/uploads\/2026\/05\/ban-ca-hubet-3.webp\" alt=\"C\u00e1c si\u00eau ph\u1ea9m b\u1eafn c\u00e1 HUBET nh\u1ea5t \u0111\u1ecbnh ph\u1ea3i th\u1eed\" width=\"800\" height=\"450\"><figcaption id=\"caption-attachment-605\" class=\"wp-caption-text\">C\u00e1c si\u00eau ph\u1ea9m b\u1eafn c\u00e1 HUBET nh\u1ea5t \u0111\u1ecbnh ph\u1ea3i th\u1eed<\/figcaption><\/figure>\n<h3><b>B\u1eafn c\u00e1 Ti\u1ec3u Ti\u00ean C\u00e1<\/b><\/h3>\n<p><span style=\"font-weight: 400;\">T\u1ef1a game <\/span><b>b\u1eafn c\u00e1 HUBET<\/b><span style=\"font-weight: 400;\"> huy\u1ec1n b\u00ed l\u1ea5y c\u1ea3m h\u1ee9ng t\u1eeb nh\u1eefng c\u00e2u chuy\u1ec7n c\u1ed5 t\u00edch n\u1ed5i ti\u1ebfng. Ng\u01b0\u1eddi ch\u01a1i s\u1ebd b\u01b0\u1edbc v\u00e0o m\u1ed9t v\u00f9ng bi\u1ec3n \u0111\u1ea7y b\u00ed \u1ea9n, n\u01a1i nh\u1eefng n\u00e0ng ti\u00ean c\u00e1 xinh \u0111\u1eb9p \u0111ang b\u1ea3o v\u1ec7 kho b\u00e1u gi\u00e1 tr\u1ecb. Truy t\u00ecm v\u00e0 h\u1ea1 g\u1ee5c c\u00e1c m\u1ee5c ti\u00eau l\u00e0 ch\u00eca kh\u00f3a \u0111\u1ec3 s\u0103n l\u00f9ng ph\u1ea7n th\u01b0\u1edfng l\u1edbn.<\/span><\/p>\n<h2><b>K\u1ebft lu\u1eadn<\/b><\/h2>\n<p><span style=\"font-weight: 400;\">Th\u00f4ng tin v\u1ec1 nh\u00e0 c\u00e1i \u0111\u00e3 \u0111\u01b0\u1ee3c \u0111\u1ec1 c\u1eadp s\u1ebd l\u00e0 y\u1ebfu t\u1ed1 quan tr\u1ecdng gi\u00fap ng\u01b0\u1eddi ch\u01a1i t\u1ef1 tin khi tham gia s\u1ea3nh <\/span><b>b\u1eafn c\u00e1 HUBET<\/b><span style=\"font-weight: 400;\">. V\u1edbi h\u1ec7 th\u1ed1ng game \u0111a d\u1ea1ng v\u00e0 l\u1ed1i ch\u01a1i h\u1ea5p d\u1eabn, s\u1ea3nh game c\u00f2n cung c\u1ea5p nhi\u1ec1u ti\u1ec7n \u00edch h\u1ed7 tr\u1ee3 ng\u01b0\u1eddi ch\u01a1i t\u1ed1i \u01b0u h\u00f3a c\u01a1 h\u1ed9i gi\u00e0nh th\u01b0\u1edfng. Khi hi\u1ec3u r\u00f5 c\u00e1ch th\u1ee9c ho\u1ea1t \u0111\u1ed9ng c\u1ee7a s\u1ea3nh b\u1eafn c\u00e1, ng\u01b0\u1eddi ch\u01a1i ho\u00e0n to\u00e0n c\u00f3 th\u1ec3 thay \u0111\u1ed5i c\u1ee5c di\u1ec7n v\u00e0 chinh ph\u1ee5c \u0111\u1ea1i d\u01b0\u01a1ng m\u1ed9t c\u00e1ch d\u1ec5 d\u00e0ng.<\/span><\/p>\n<\/p><\/div>\n<\/p><\/div>\n<\/div>\n","protected":false},"excerpt":{"rendered":"<p>\u2705TH\u00d4NG TIN Th\u01b0\u01a1ng hi\u1ec7u: HUBET Danh M\u1ee5c: C\u00e1 C\u01b0\u1ee3c Tr\u1ef1c Tuy\u1ebfn S\u1ea3n Ph\u1ea9m Ch\u1ee7 \u0110\u1ea1o: Casino Online N\u0103m Th\u00e0nh L\u1eadp: 2019 \u0110\u1ecba ch\u1ec9: 03 L\u00ea Thanh Ngh\u1ecb, Ho\u00e0 C\u01b0\u1eddng B\u1eafc, H\u1ea3i Ch\u00e2u, \u0110\u00e0 N\u1eb5ng 50000, Vi\u1ec7t Nam Email: support@xoi.us.com Hotline: 0375 704 385 Website: https:\/\/xoi.us.com\/ Hashtag: #hubet #hubetdecom #hu_bet #hubet_casino\u00a0 #CasinoOnline #T\u00e0iX\u1ec9u \u00a0\u2705S\u1ea2N PH\u1ea8M Casino [&#8230;]\n","protected":false},"author":1,"featured_media":172,"parent":0,"menu_order":0,"comment_status":"closed","ping_status":"closed","template":"","meta":{"footnotes":""},"class_list":["post-167","page","type-page","status-publish","has-post-thumbnail","hentry"],"_links":{"self":[{"href":"https:\/\/hubet.wine\/index.php\/wp-json\/wp\/v2\/pages\/167","targetHints":{"allow":["GET"]}}],"collection":[{"href":"https:\/\/hubet.wine\/index.php\/wp-json\/wp\/v2\/pages"}],"about":[{"href":"https:\/\/hubet.wine\/index.php\/wp-json\/wp\/v2\/types\/page"}],"author":[{"embeddable":true,"href":"https:\/\/hubet.wine\/index.php\/wp-json\/wp\/v2\/users\/1"}],"replies":[{"embeddable":true,"href":"https:\/\/hubet.wine\/index.php\/wp-json\/wp\/v2\/comments?post=167"}],"version-history":[{"count":0,"href":"https:\/\/hubet.wine\/index.php\/wp-json\/wp\/v2\/pages\/167\/revisions"}],"wp:featuredmedia":[{"embeddable":true,"href":"https:\/\/hubet.wine\/index.php\/wp-json\/wp\/v2\/media\/172"}],"wp:attachment":[{"href":"https:\/\/hubet.wine\/index.php\/wp-json\/wp\/v2\/media?parent=167"}],"curies":[{"name":"wp","href":"https:\/\/api.w.org\/{rel}","templated":true}]}}