{"id":166,"date":"2026-05-14T19:07:25","date_gmt":"2026-05-14T12:07:25","guid":{"rendered":"https:\/\/hubet.wine\/index.php\/no-hu-hubet\/"},"modified":"2026-05-14T19:07:25","modified_gmt":"2026-05-14T12:07:25","slug":"no-hu-hubet","status":"publish","type":"page","link":"https:\/\/hubet.wine\/index.php\/no-hu-hubet\/","title":{"rendered":"N\u1ed5 H\u0169 HUBET &#8211; Kh\u00e1m Ph\u00e1 S\u1ea3nh Game Slot Hot Nh\u1ea5t 2025"},"content":{"rendered":"<div class=\"row\" id=\"row-576188087\">\n<div id=\"col-1593386260\" class=\"col medium-3 small-12 large-3\">\n<div class=\"col-inner\">\n<div id=\"text-1611522036\" class=\"text khung\">\n<div class=\"trang-chu\">\n<p style=\"text-align: center;\"><strong><span class=\"widget-title\">\u2705TH\u00d4NG TIN<\/span><\/strong><\/p>\n<div class=\"textwidget\">\n<ul>\n<li><strong>Th\u01b0\u01a1ng hi\u1ec7u: <a href=\"https:\/\/hubet.wine\/\">HUBET<\/a><\/strong><\/li>\n<li><strong>Danh M\u1ee5c:<\/strong> C\u00e1 C\u01b0\u1ee3c Tr\u1ef1c Tuy\u1ebfn<\/li>\n<li><strong>S\u1ea3n Ph\u1ea9m Ch\u1ee7 \u0110\u1ea1o:<\/strong> Casino Online<\/li>\n<li><strong>N\u0103m Th\u00e0nh L\u1eadp:<\/strong> 2019<\/li>\n<li><strong>\u0110\u1ecba ch\u1ec9<\/strong>: 03 L\u00ea Thanh Ngh\u1ecb, Ho\u00e0 C\u01b0\u1eddng B\u1eafc, H\u1ea3i Ch\u00e2u, \u0110\u00e0 N\u1eb5ng 50000, Vi\u1ec7t Nam<\/li>\n<li><strong>Email: <\/strong>support@xoi.us.com<strong><br \/><\/strong><\/li>\n<li><b>Hotline: 0375 704 385<\/b><\/li>\n<li><strong>Website<\/strong>: <a href=\"https:\/\/hubet.wine\/\"><strong>https:\/\/xoi.us.com\/<\/strong><\/a><\/li>\n<li><strong>Hashtag: <\/strong>#hubet #hubetdecom #hu_bet #hubet_casino\u00a0 #CasinoOnline #T\u00e0iX\u1ec9u<\/li>\n<\/ul>\n<\/div>\n<\/div><\/div>\n<div id=\"text-631176249\" class=\"text khung\">\n<div class=\"trang-chu\">\n<div class=\"trang-chu\">\n<div style=\"text-align: center;\"><strong>\u00a0\u2705S\u1ea2N PH\u1ea8M<\/strong><\/div>\n<ul>\n<li><a href=\"https:\/\/hubet.wine\/casino-hubet\/\"><strong>Casino<\/strong><\/a><\/li>\n<li><a href=\"https:\/\/hubet.wine\/the-thao-hubet\/\"><strong>Th\u1ec3 Thao<\/strong><\/a><\/li>\n<li><a href=\"https:\/\/hubet.wine\/no-hu-hubet\/\"><strong>N\u1ed5 H\u0169<\/strong><\/a><\/li>\n<li><a href=\"https:\/\/hubet.wine\/ban-ca-hubet\/\"><strong>B\u1eafn C\u00e1<\/strong><\/a><\/li>\n<li><a href=\"https:\/\/hubet.wine\/da-ga-hubet\/\"><strong>\u0110\u00e1 G\u00e0<\/strong><\/a><\/li>\n<li><a href=\"https:\/\/hubet.wine\/xo-so-hubet\/\"><strong>X\u1ed5 S\u1ed1<\/strong><\/a><\/li>\n<\/ul>\n<\/div>\n<\/div><\/div>\n<\/p><\/div>\n<\/p><\/div>\n<div id=\"col-763166878\" class=\"col medium-9 small-12 large-9\">\n<div class=\"col-inner\">\n<p><b><a href=\"https:\/\/hubet.wine\/no-hu-hubet\/\">N\u1ed5 h\u0169 HUBET<\/a>\u00a0<\/b><span style=\"font-weight: 400;\">mang \u0111\u1ebfn m\u1ed9t s\u00e2n ch\u01a1i l\u00fd t\u01b0\u1edfng cho nh\u1eefng ai \u0111am m\u00ea s\u0103n Jackpot. Ch\u1ec9 c\u1ea7n m\u1ed9t c\u00fa click, b\u1ea1n c\u00f3 th\u1ec3 chinh ph\u1ee5c nh\u1eefng gi\u1ea3i th\u01b0\u1edfng h\u1ea5p d\u1eabn v\u00e0 t\u1eadn h\u01b0\u1edfng nh\u1eefng gi\u00e2y ph\u00fat k\u1ecbch t\u00ednh. V\u1edbi giao di\u1ec7n th\u00e2n thi\u1ec7n, t\u1ef7 l\u1ec7 th\u1eafng cao v\u00e0 h\u1ec7 th\u1ed1ng b\u1ea3o m\u1eadt t\u1ed1i \u01b0u, <strong><a href=\"https:\/\/hubet.wine\/\">HUBET<\/a><\/strong> cam k\u1ebft mang l\u1ea1i tr\u1ea3i nghi\u1ec7m an to\u00e0n v\u00e0 \u0111\u00e1ng tin c\u1eady. H\u00e3y s\u1eb5n s\u00e0ng kh\u00e1m ph\u00e1 c\u01a1 h\u1ed9i \u0111\u1ed5i \u0111\u1eddi ch\u1ec9 trong t\u00edch t\u1eafc!<\/span><\/p>\n<h2><b>Th\u00f4ng tin s\u01a1 l\u01b0\u1ee3c s\u1ea3nh n\u1ed5 h\u0169 HUBET<\/b><\/h2>\n<p><b>N\u1ed5 h\u0169 HUBET<\/b><span style=\"font-weight: 400;\"> mang \u0111\u1ebfn cho ng\u01b0\u1eddi ch\u01a1i m\u1ed9t h\u1ec7 th\u1ed1ng game hi\u1ec7n \u0111\u1ea1i v\u1edbi giao di\u1ec7n tr\u1ef1c quan, hi\u1ec7u \u1ee9ng s\u1ed1ng \u0111\u1ed9ng, t\u1ea1o c\u1ea3m gi\u00e1c l\u00f4i cu\u1ed1n ngay t\u1eeb l\u1ea7n tr\u1ea3i nghi\u1ec7m \u0111\u1ea7u ti\u00ean. Kho ph\u1ea7n qu\u00e0 \u0111a d\u1ea1ng c\u00f9ng t\u1ef7 l\u1ec7 th\u1eafng h\u1ea5p d\u1eabn gi\u00fap m\u1ed7i l\u01b0\u1ee3t quay \u0111\u1ec1u tr\u00e0n \u0111\u1ea7y c\u01a1 h\u1ed9i \u0111\u1ed5i th\u01b0\u1edfng gi\u00e1 tr\u1ecb.<\/span><\/p>\n<p><span style=\"font-weight: 400;\">Nh\u00e0 c\u00e1i \u1ee9ng d\u1ee5ng c\u00f4ng ngh\u1ec7 b\u1ea3o m\u1eadt ti\u00ean ti\u1ebfn, \u0111\u1ea3m b\u1ea3o m\u1ecdi giao d\u1ecbch di\u1ec5n ra an to\u00e0n v\u00e0 minh b\u1ea1ch. Vi\u1ec7c r\u00fat th\u01b0\u1edfng \u0111\u01b0\u1ee3c h\u1ed7 tr\u1ee3 nhanh ch\u00f3ng, thu\u1eadn ti\u1ec7n, gi\u00fap ng\u01b0\u1eddi ch\u01a1i d\u1ec5 d\u00e0ng nh\u1eadn ph\u1ea7n th\u01b0\u1edfng m\u00e0 kh\u00f4ng g\u1eb7p b\u1ea5t k\u1ef3 tr\u1edf ng\u1ea1i n\u00e0o. V\u1edbi l\u1ed1i ch\u01a1i \u0111\u01a1n gi\u1ea3n, d\u1ec5 ti\u1ebfp c\u1eadn c\u00f9ng nhi\u1ec1u \u01b0u \u0111\u00e3i h\u1ea5p d\u1eabn, <\/span><b>n\u1ed5 h\u0169 HUBET<\/b><span style=\"font-weight: 400;\"> l\u00e0 l\u1ef1a ch\u1ecdn l\u00fd t\u01b0\u1edfng cho nh\u1eefng ai \u0111ang <\/span><span style=\"font-weight: 400;\">t\u00ecm ki\u1ebfm tr\u1ea3i nghi\u1ec7m gi\u1ea3i tr\u00ed ch\u1ea5t l\u01b0\u1ee3ng v\u00e0 c\u01a1 h\u1ed9i \u0111\u1ed5i \u0111\u1eddi.<\/span><\/p>\n<figure id=\"attachment_610\" aria-describedby=\"caption-attachment-610\" style=\"width: 800px\" class=\"wp-caption aligncenter\"><img title=\"Gi\u1edbi thi\u1ec7u s\u01a1 qua chuy\u00ean m\u1ee5c slot game c\u1ee7a nh\u00e0 c\u00e1i\" loading=\"lazy\" decoding=\"async\" class=\"size-full wp-image-610\" src=\"https:\/\/hubet.wine\/wp-content\/uploads\/2026\/05\/no-hu-hubet-1.webp\" alt=\"Gi\u1edbi thi\u1ec7u s\u01a1 qua chuy\u00ean m\u1ee5c slot game c\u1ee7a nh\u00e0 c\u00e1i\" width=\"800\" height=\"450\"><figcaption id=\"caption-attachment-610\" class=\"wp-caption-text\">Gi\u1edbi thi\u1ec7u s\u01a1 qua chuy\u00ean m\u1ee5c slot game c\u1ee7a nh\u00e0 c\u00e1i<\/figcaption><\/figure>\n<h2><b>Top 3 s\u1ea3nh n\u1ed5 h\u0169 HUBET \u0103n kh\u00e1ch nh\u1ea5t hi\u1ec7n nay<\/b><\/h2>\n<p><span style=\"font-weight: 400;\">Mang \u0111\u1ebfn tr\u1ea3i nghi\u1ec7m gi\u1ea3i tr\u00ed \u0111a d\u1ea1ng v\u00e0 \u0111\u1eb3ng c\u1ea5p, HUBET cung c\u1ea5p nhi\u1ec1u s\u1ea3nh game slot h\u1ea5p d\u1eabn v\u1edbi giao di\u1ec7n tr\u1ef1c quan, hi\u1ec7u \u1ee9ng sinh \u0111\u1ed9ng v\u00e0 t\u1ef7 l\u1ec7 th\u01b0\u1edfng c\u1ea1nh tranh. M\u1ed7i s\u1ea3nh \u0111\u1ec1u s\u1edf h\u1eefu nh\u1eefng n\u00e9t \u0111\u1eb7c tr\u01b0ng ri\u00eang, ph\u00f9 h\u1ee3p v\u1edbi s\u1edf th\u00edch v\u00e0 nhu c\u1ea7u c\u1ee7a t\u1eebng ng\u01b0\u1eddi ch\u01a1i.<\/span><\/p>\n<h3><b>S\u1ea3nh JILI<\/b><\/h3>\n<p><span style=\"font-weight: 400;\">S\u1ea3nh JILI c\u1ee7a <\/span><b>n\u1ed5 H\u0169 HUBET<\/b><span style=\"font-weight: 400;\"> n\u1ed5i b\u1eadt v\u1edbi kho game \u0111a d\u1ea1ng, thi\u1ebft k\u1ebf sinh \u0111\u1ed9ng v\u00e0 l\u1ed1i ch\u01a1i cu\u1ed1n h\u00fat. M\u1ed7i v\u00f2ng quay \u0111\u01b0\u1ee3c t\u1ed1i \u01b0u v\u1edbi t\u1ef7 l\u1ec7 tr\u00fang th\u01b0\u1edfng cao, m\u1edf ra c\u01a1 h\u1ed9i nh\u1eadn nhi\u1ec1u ph\u1ea7n qu\u00e0 gi\u00e1 tr\u1ecb. Giao di\u1ec7n m\u01b0\u1ee3t m\u00e0, h\u00ecnh \u1ea3nh s\u1ed1ng \u0111\u1ed9ng v\u00e0 c\u01a1 ch\u1ebf quay s\u1ed1 minh b\u1ea1ch mang \u0111\u1ebfn tr\u1ea3i nghi\u1ec7m ch\u00e2n th\u1ef1c. B\u00ean c\u1ea1nh \u0111\u00f3, h\u1ec7 th\u1ed1ng b\u1ea3o m\u1eadt ti\u00ean ti\u1ebfn v\u00e0 t\u1ed1c \u0111\u1ed9 giao d\u1ecbch nhanh ch\u00f3ng \u0111\u1ea3m b\u1ea3o an to\u00e0n tuy\u1ec7t \u0111\u1ed1i cho ng\u01b0\u1eddi ch\u01a1i.<\/span><\/p>\n<h3><b>S\u1ea3nh n\u1ed5 h\u0169 HUBET \u2013 KA<\/b><\/h3>\n<p><span style=\"font-weight: 400;\">T\u1ea1i s\u1ea3nh KA, ng\u01b0\u1eddi ch\u01a1i s\u1ebd \u0111\u01b0\u1ee3c kh\u00e1m ph\u00e1 kho game phong ph\u00fa v\u1edbi hi\u1ec7u \u1ee9ng h\u00ecnh \u1ea3nh s\u1eafc n\u00e9t v\u00e0 l\u1ed1i ch\u01a1i l\u00f4i cu\u1ed1n. M\u1ed7i v\u00f2ng quay \u0111\u1ec1u mang \u0111\u1ebfn t\u1ef7 l\u1ec7 th\u01b0\u1edfng cao, c\u00f9ng nhi\u1ec1u t\u00ednh n\u0103ng \u0111\u1eb7c bi\u1ec7t nh\u01b0 v\u00f2ng quay mi\u1ec5n ph\u00ed v\u00e0 nh\u00e2n \u0111\u00f4i ph\u1ea7n th\u01b0\u1edfng. Giao di\u1ec7n tr\u1ef1c quan v\u00e0 t\u1ed1c \u0111\u1ed9 x\u1eed l\u00fd m\u01b0\u1ee3t m\u00e0 gi\u00fap duy tr\u00ec tr\u1ea3i nghi\u1ec7m \u1ed5n \u0111\u1ecbnh, li\u1ec1n m\u1ea1ch trong su\u1ed1t qu\u00e1 tr\u00ecnh tham gia.<\/span><\/p>\n<h3><b>S\u1ea3nh JDB<\/b><\/h3>\n<p><span style=\"font-weight: 400;\">S\u1ea3nh JDB c\u1ee7a <\/span><b>n\u1ed5 h\u0169 HUBET <\/b><span style=\"font-weight: 400;\">l\u00e0 l\u1ef1a ch\u1ecdn l\u00fd t\u01b0\u1edfng cho nh\u1eefng ai y\u00eau th\u00edch s\u1ef1 hi\u1ec7n \u0111\u1ea1i v\u00e0 phong ph\u00fa trong tr\u1ea3i nghi\u1ec7m. V\u1edbi giao di\u1ec7n m\u01b0\u1ee3t m\u00e0, \u00e2m thanh s\u1ed1ng \u0111\u1ed9ng v\u00e0 h\u1ec7 th\u1ed1ng game \u0111a d\u1ea1ng, ng\u01b0\u1eddi ch\u01a1i s\u1ebd d\u1ec5 d\u00e0ng b\u1ecb cu\u1ed1n h\u00fat v\u00e0o t\u1eebng v\u00f2ng quay.\u00a0<\/span><\/p>\n<p><span style=\"font-weight: 400;\">T\u1ef7 l\u1ec7 tr\u1ea3 th\u01b0\u1edfng h\u1ea5p d\u1eabn, nhi\u1ec1u l\u01b0\u1ee3t quay mi\u1ec5n ph\u00ed v\u00e0 c\u01a1 ch\u1ebf thanh to\u00e1n minh b\u1ea1ch gi\u00fap t\u1ed1i \u0111a h\u00f3a c\u01a1 h\u1ed9i chi\u1ebfn th\u1eafng. T\u1ea5t c\u1ea3 thao t\u00e1c \u0111\u1ec1u \u0111\u01b0\u1ee3c x\u1eed l\u00fd nhanh ch\u00f3ng, \u0111\u1ea3m b\u1ea3o tr\u1ea3i nghi\u1ec7m li\u1ec1n m\u1ea1ch v\u00e0 tr\u1ecdn v\u1eb9n.<\/span><\/p>\n<figure id=\"attachment_611\" aria-describedby=\"caption-attachment-611\" style=\"width: 800px\" class=\"wp-caption aligncenter\"><img title=\"3 s\u1ea3nh n\u1ed5 h\u0169 \u0103n kh\u00e1ch nh\u1ea5t hi\u1ec7n nay t\u1ea1i HUBET\" loading=\"lazy\" decoding=\"async\" class=\"size-full wp-image-611\" src=\"https:\/\/hubet.wine\/wp-content\/uploads\/2026\/05\/no-hu-hubet-2.webp\" alt=\"3 s\u1ea3nh n\u1ed5 h\u0169 \u0103n kh\u00e1ch nh\u1ea5t hi\u1ec7n nay t\u1ea1i HUBET\" width=\"800\" height=\"450\"><figcaption id=\"caption-attachment-611\" class=\"wp-caption-text\">3 s\u1ea3nh n\u1ed5 h\u0169 \u0103n kh\u00e1ch nh\u1ea5t hi\u1ec7n nay t\u1ea1i HUBET<\/figcaption><\/figure>\n<h2><b>T\u1ef1a game n\u1ed5 h\u0169 HUBET h\u1ea5p d\u1eabn kh\u00f4ng th\u1ec3 b\u1ecf qua<\/b><\/h2>\n<p><span style=\"font-weight: 400;\">S\u1ea3nh game \u0111ang ng\u00e0y c\u00e0ng ghi d\u1ea5u \u1ea5n v\u1edbi c\u1ed9ng \u0111\u1ed3ng ng\u01b0\u1eddi ch\u01a1i nh\u1edd v\u00e0o lo\u1ea1t game h\u1ea5p d\u1eabn, \u0111\u1ed3 h\u1ecda b\u1eaft m\u1eaft v\u00e0 l\u1ed1i ch\u01a1i l\u00f4i cu\u1ed1n. Nhi\u1ec1u t\u1ef1a game t\u1ea1i \u0111\u00e2y \u0111\u00e3 nh\u1eadn \u0111\u01b0\u1ee3c \u0111\u00e1nh gi\u00e1 t\u00edch c\u1ef1c v\u00e0 s\u1ef1 y\u00eau th\u00edch t\u1eeb \u0111\u00f4ng \u0111\u1ea3o th\u00e0nh vi\u00ean, mang \u0111\u1ebfn nh\u1eefng ph\u00fat gi\u00e2y gi\u1ea3i tr\u00ed \u0111\u1ec9nh cao v\u00e0 c\u01a1 h\u1ed9i tr\u00fang th\u01b0\u1edfng h\u1ea5p d\u1eabn.<\/span><\/p>\n<h3><b>N\u1ed5 H\u0169 Th\u1ea7n T\u00e0i<\/b><\/h3>\n<p><span style=\"font-weight: 400;\">Kh\u00f4ng th\u1ec3 kh\u00f4ng nh\u1eafc \u0111\u1ebfn N\u1ed5 H\u0169 Th\u1ea7n T\u00e0i \u2013 m\u1ed9t trong nh\u1eefng t\u1ef1a game \u0111\u00ecnh \u0111\u00e1m nh\u1ea5t t\u1ea1i s\u1ea3nh <\/span><b>n\u1ed5 h\u0169 HUBET<\/b><span style=\"font-weight: 400;\">. V\u1edbi thi\u1ebft k\u1ebf \u0111\u1eb9p m\u1eaft, giao di\u1ec7n th\u00e2n thi\u1ec7n v\u00e0 l\u1ed1i ch\u01a1i quen thu\u1ed9c, tr\u00f2 ch\u01a1i n\u00e0y mang \u0111\u1ebfn nh\u1eefng v\u00f2ng quay h\u1ed3i h\u1ed9p, n\u01a1i ng\u01b0\u1eddi ch\u01a1i c\u00f3 th\u1ec3 ch\u1ea1m \u0111\u1ebfn c\u00e1c gi\u1ea3i th\u01b0\u1edfng gi\u00e1 tr\u1ecb l\u1edbn. M\u1ed7i l\u1ea7n quay l\u00e0 m\u1ed9t l\u1ea7n tr\u00e0n \u0111\u1ea7y k\u1ef3 v\u1ecdng, t\u1ea1o n\u00ean c\u1ea3m gi\u00e1c h\u1ee9ng th\u00fa v\u00e0 mong \u0111\u1ee3i khi\u1ebfn ng\u01b0\u1eddi ch\u01a1i kh\u00f4ng ng\u1eebng quay l\u1ea1i.<\/span><\/p>\n<h3><b>\u0110\u01b0\u1eddng M\u1ea1t Ch\u01b0\u1ee3c<\/b><\/h3>\n<p><span style=\"font-weight: 400;\">L\u00e0 m\u1ed9t t\u1ef1a game mang \u0111\u1eadm d\u1ea5u \u1ea5n v\u0103n h\u00f3a \u00c1 \u0110\u00f4ng, \u0110\u01b0\u1eddng M\u1ea1t Ch\u01b0\u1ee3c kh\u00f4ng ch\u1ec9 k\u1ebf th\u1eeba tinh th\u1ea7n truy\u1ec1n th\u1ed1ng m\u00e0 c\u00f2n mang \u0111\u1ebfn tr\u1ea3i nghi\u1ec7m m\u1edbi m\u1ebb nh\u1edd l\u1ed1i ch\u01a1i \u0111\u01a1n gi\u1ea3n nh\u01b0ng gi\u00e0u t\u00ednh chi\u1ebfn thu\u1eadt.\u00a0<\/span><\/p>\n<p><span style=\"font-weight: 400;\">Ng\u01b0\u1eddi ch\u01a1i kh\u00f4ng ch\u1ec9 c\u1ea7n may m\u1eafn m\u00e0 c\u00f2n ph\u1ea3i s\u1edf h\u1eefu t\u01b0 duy s\u1eafc b\u00e9n, kh\u1ea3 n\u0103ng quan s\u00e1t tinh t\u1ebf \u0111\u1ec3 gi\u00e0nh chi\u1ebfn th\u1eafng. \u0110\u00e2y ch\u00ednh l\u00e0 y\u1ebfu t\u1ed1 gi\u00fap tr\u00f2 ch\u01a1i lu\u00f4n duy tr\u00ec \u0111\u01b0\u1ee3c s\u1ee9c h\u00fat v\u00e0 kh\u00f4ng khi\u1ebfn ng\u01b0\u1eddi ch\u01a1i c\u1ea3m th\u1ea5y nh\u00e0m ch\u00e1n.<\/span><\/p>\n<figure id=\"attachment_612\" aria-describedby=\"caption-attachment-612\" style=\"width: 800px\" class=\"wp-caption aligncenter\"><img title=\"T\u1ef1a game slots h\u1ea5p d\u1eabn kh\u00f4ng th\u1ec3 b\u1ecf qua\" loading=\"lazy\" decoding=\"async\" class=\"size-full wp-image-612\" src=\"https:\/\/hubet.wine\/wp-content\/uploads\/2026\/05\/no-hu-hubet-3.webp\" alt=\"T\u1ef1a game slots h\u1ea5p d\u1eabn kh\u00f4ng th\u1ec3 b\u1ecf qua\" width=\"800\" height=\"450\"><figcaption id=\"caption-attachment-612\" class=\"wp-caption-text\">T\u1ef1a game slots h\u1ea5p d\u1eabn kh\u00f4ng th\u1ec3 b\u1ecf qua<\/figcaption><\/figure>\n<h3><b>Lucky Neko<\/b><\/h3>\n<p><span style=\"font-weight: 400;\">L\u1ea5y c\u1ea3m h\u1ee9ng t\u1eeb bi\u1ec3u t\u01b0\u1ee3ng m\u00e8o may m\u1eafn trong v\u0103n h\u00f3a Nh\u1eadt B\u1ea3n, Lucky Neko nhanh ch\u00f3ng tr\u1edf th\u00e0nh m\u1ed9t trong nh\u1eefng tr\u00f2 ch\u01a1i \u0111\u01b0\u1ee3c y\u00eau th\u00edch nh\u1ea5t t\u1ea1i <\/span><b>n\u1ed5 h\u0169<\/b> <b>HUBET<\/b><span style=\"font-weight: 400;\">. Tr\u00f2 ch\u01a1i g\u00e2y \u1ea5n t\u01b0\u1ee3ng m\u1ea1nh v\u1edbi \u0111\u1ed3 h\u1ecda s\u1ed1ng \u0111\u1ed9ng, \u00e2m thanh cu\u1ed1n h\u00fat c\u00f9ng t\u1ef7 l\u1ec7 tr\u1ea3 th\u01b0\u1edfng h\u1ea5p d\u1eabn. \u0110\u1eb7c bi\u1ec7t, t\u00ednh n\u0103ng bonus \u0111\u1ed9c \u0111\u00e1o gi\u00fap ng\u01b0\u1eddi ch\u01a1i c\u00f3 c\u01a1 h\u1ed9i nh\u1eadn \u0111\u01b0\u1ee3c nh\u1eefng ph\u1ea7n th\u01b0\u1edfng l\u1edbn, mang l\u1ea1i c\u1ea3m gi\u00e1c h\u1ee9ng kh\u1edfi v\u00e0 gi\u1ea3i tr\u00ed tr\u1ecdn v\u1eb9n.<\/span><\/p>\n<h2><b>K\u1ebft lu\u1eadn<\/b><\/h2>\n<p><b>N\u1ed5 h\u0169 HUBET<\/b><span style=\"font-weight: 400;\"> m\u1edf ra m\u1ed9t th\u1ebf gi\u1edbi gi\u1ea3i tr\u00ed \u0111\u1ea7y k\u1ecbch t\u00ednh, n\u01a1i m\u1ed7i v\u00f2ng quay \u0111\u1ec1u \u1ea9n ch\u1ee9a c\u01a1 h\u1ed9i tr\u00fang th\u01b0\u1edfng h\u1ea5p d\u1eabn. Kh\u00f4ng ch\u1ec9 mang l\u1ea1i c\u1ea3m gi\u00e1c h\u1ed3i h\u1ed9p, m\u1ed7i l\u1ea7n quay c\u00f2n c\u00f3 th\u1ec3 gi\u00fap ng\u01b0\u1eddi ch\u01a1i chinh ph\u1ee5c nh\u1eefng ph\u1ea7n qu\u00e0 gi\u00e1 tr\u1ecb. Ch\u1ec9 c\u1ea7n m\u1ed9t c\u00fa click, h\u00e0nh tr\u00ecnh kh\u00e1m ph\u00e1 kho b\u00e1u \u0111\u00e3 b\u1eaft \u0111\u1ea7u ngay h\u00f4m nay!<\/span><\/p>\n<\/p><\/div>\n<\/p><\/div>\n<\/div>\n","protected":false},"excerpt":{"rendered":"<p>\u2705TH\u00d4NG TIN Th\u01b0\u01a1ng hi\u1ec7u: HUBET Danh M\u1ee5c: C\u00e1 C\u01b0\u1ee3c Tr\u1ef1c Tuy\u1ebfn S\u1ea3n Ph\u1ea9m Ch\u1ee7 \u0110\u1ea1o: Casino Online N\u0103m Th\u00e0nh L\u1eadp: 2019 \u0110\u1ecba ch\u1ec9: 03 L\u00ea Thanh Ngh\u1ecb, Ho\u00e0 C\u01b0\u1eddng B\u1eafc, H\u1ea3i Ch\u00e2u, \u0110\u00e0 N\u1eb5ng 50000, Vi\u1ec7t Nam Email: support@xoi.us.com Hotline: 0375 704 385 Website: https:\/\/xoi.us.com\/ Hashtag: #hubet #hubetdecom #hu_bet #hubet_casino\u00a0 #CasinoOnline #T\u00e0iX\u1ec9u \u00a0\u2705S\u1ea2N PH\u1ea8M Casino [&#8230;]\n","protected":false},"author":1,"featured_media":171,"parent":0,"menu_order":0,"comment_status":"closed","ping_status":"closed","template":"","meta":{"footnotes":""},"class_list":["post-166","page","type-page","status-publish","has-post-thumbnail","hentry"],"_links":{"self":[{"href":"https:\/\/hubet.wine\/index.php\/wp-json\/wp\/v2\/pages\/166","targetHints":{"allow":["GET"]}}],"collection":[{"href":"https:\/\/hubet.wine\/index.php\/wp-json\/wp\/v2\/pages"}],"about":[{"href":"https:\/\/hubet.wine\/index.php\/wp-json\/wp\/v2\/types\/page"}],"author":[{"embeddable":true,"href":"https:\/\/hubet.wine\/index.php\/wp-json\/wp\/v2\/users\/1"}],"replies":[{"embeddable":true,"href":"https:\/\/hubet.wine\/index.php\/wp-json\/wp\/v2\/comments?post=166"}],"version-history":[{"count":0,"href":"https:\/\/hubet.wine\/index.php\/wp-json\/wp\/v2\/pages\/166\/revisions"}],"wp:featuredmedia":[{"embeddable":true,"href":"https:\/\/hubet.wine\/index.php\/wp-json\/wp\/v2\/media\/171"}],"wp:attachment":[{"href":"https:\/\/hubet.wine\/index.php\/wp-json\/wp\/v2\/media?parent=166"}],"curies":[{"name":"wp","href":"https:\/\/api.w.org\/{rel}","templated":true}]}}