{"id":164,"date":"2026-05-14T19:07:24","date_gmt":"2026-05-14T12:07:24","guid":{"rendered":"https:\/\/hubet.wine\/index.php\/thuong-hieu-hubet\/"},"modified":"2026-05-14T19:07:24","modified_gmt":"2026-05-14T12:07:24","slug":"thuong-hieu-hubet","status":"publish","type":"page","link":"https:\/\/hubet.wine\/index.php\/thuong-hieu-hubet\/","title":{"rendered":"Th\u01b0\u01a1ng Hi\u1ec7u HUBET &#8211; S\u1ef1 K\u1ebft H\u1ee3p Gi\u1eefa Gi\u1ea3i Tr\u00ed V\u00e0 Ki\u1ebfm Ti\u1ec1n"},"content":{"rendered":"<div class=\"row\" id=\"row-1263984174\">\n<div id=\"col-1916105470\" class=\"col medium-3 small-12 large-3\">\n<div class=\"col-inner\">\n<div id=\"text-3471158228\" class=\"text khung\">\n<div class=\"trang-chu\">\n<p style=\"text-align: center;\"><strong><span class=\"widget-title\">\u2705TH\u00d4NG TIN<\/span><\/strong><\/p>\n<div class=\"textwidget\">\n<ul>\n<li><strong>Th\u01b0\u01a1ng hi\u1ec7u: <a href=\"https:\/\/hubet.wine\/\">HUBET<\/a><\/strong><\/li>\n<li><strong>Danh M\u1ee5c:<\/strong> C\u00e1 C\u01b0\u1ee3c Tr\u1ef1c Tuy\u1ebfn<\/li>\n<li><strong>S\u1ea3n Ph\u1ea9m Ch\u1ee7 \u0110\u1ea1o:<\/strong> Casino Online<\/li>\n<li><strong>N\u0103m Th\u00e0nh L\u1eadp:<\/strong> 2019<\/li>\n<li><strong>\u0110\u1ecba ch\u1ec9<\/strong>: 03 L\u00ea Thanh Ngh\u1ecb, Ho\u00e0 C\u01b0\u1eddng B\u1eafc, H\u1ea3i Ch\u00e2u, \u0110\u00e0 N\u1eb5ng 50000, Vi\u1ec7t Nam<\/li>\n<li><strong>Email: <\/strong>support@xoi.us.com<strong><br \/><\/strong><\/li>\n<li><b>Hotline: 0375 704 385<\/b><\/li>\n<li><strong>Website<\/strong>: <a href=\"https:\/\/hubet.wine\/\"><strong>https:\/\/xoi.us.com\/<\/strong><\/a><\/li>\n<li><strong>Hashtag: <\/strong>#hubet #hubetdecom #hu_bet #hubet_casino\u00a0 #CasinoOnline #T\u00e0iX\u1ec9u<\/li>\n<\/ul>\n<\/div>\n<\/div><\/div>\n<div id=\"text-518399373\" class=\"text khung\">\n<div class=\"trang-chu\">\n<div style=\"text-align: center;\"><strong>\u00a0\u2705S\u1ea2N PH\u1ea8M<\/strong><\/div>\n<ul>\n<li><a href=\"https:\/\/hubet.wine\/casino-hubet\/\"><strong>Casino<\/strong><\/a><\/li>\n<li><a href=\"https:\/\/hubet.wine\/the-thao-hubet\/\"><strong>Th\u1ec3 Thao<\/strong><\/a><\/li>\n<li><a href=\"https:\/\/hubet.wine\/no-hu-hubet\/\"><strong>N\u1ed5 H\u0169<\/strong><\/a><\/li>\n<li><a href=\"https:\/\/hubet.wine\/ban-ca-hubet\/\"><strong>B\u1eafn C\u00e1<\/strong><\/a><\/li>\n<li><a href=\"https:\/\/hubet.wine\/da-ga-hubet\/\"><strong>\u0110\u00e1 G\u00e0<\/strong><\/a><\/li>\n<li><a href=\"https:\/\/hubet.wine\/xo-so-hubet\/\"><strong>X\u1ed5 S\u1ed1<\/strong><\/a><\/li>\n<\/ul>\n<\/div><\/div>\n<\/p><\/div>\n<\/p><\/div>\n<div id=\"col-256415033\" class=\"col medium-9 small-12 large-9\">\n<div class=\"col-inner\">\n<p><a href=\"https:\/\/hubet.wine\/thuong-hieu-hubet\/\"><b>Th\u01b0\u01a1ng hi\u1ec7u<\/b> <b>HUBET<\/b><\/a><span style=\"font-weight: 400;\"> \u0111\u00e3 v\u1eefng v\u00e0ng kh\u1eb3ng \u0111\u1ecbnh v\u1ecb th\u1ebf trong ng\u00e0nh gi\u1ea3i tr\u00ed tr\u1ef1c tuy\u1ebfn nh\u1edd v\u00e0o s\u1ef1 chuy\u00ean nghi\u1ec7p v\u00e0 ch\u1ea5t l\u01b0\u1ee3ng d\u1ecbch v\u1ee5. V\u1edbi \u0111a d\u1ea1ng c\u00e1c l\u1ef1a ch\u1ecdn c\u00e1 c\u01b0\u1ee3c t\u1eeb th\u1ec3 thao \u0111\u1ebfn b\u1eafn c\u00e1, x\u1ed5 s\u1ed1, n\u1ed5 h\u0169,.. n\u1ec1n t\u1ea3ng <\/span><a href=\"https:\/\/hubet.wine\/\"><b>HUBET<\/b><\/a><b> <\/b><span style=\"font-weight: 400;\">mang \u0111\u1ebfn nh\u1eefng tr\u1ea3i nghi\u1ec7m th\u00fa v\u1ecb, \u0111\u00e1p \u1ee9ng m\u1ecdi s\u1edf th\u00edch c\u1ee7a ng\u01b0\u1eddi ch\u01a1i. Kh\u00e1m ph\u00e1 ngay \u0111\u1ec3 b\u01b0\u1edbc v\u00e0o m\u1ed9t th\u1ebf gi\u1edbi \u0111\u1ea7y c\u01a1 h\u1ed9i v\u00e0 ni\u1ec1m vui.<\/span><\/p>\n<h2><b>Ngu\u1ed3n g\u1ed1c ra \u0111\u1eddi th\u01b0\u01a1ng hi\u1ec7u HUBET<\/b><\/h2>\n<p><b>Th\u01b0\u01a1ng hi\u1ec7u HUBET <\/b><span style=\"font-weight: 400;\">ch\u00ednh th\u1ee9c ra m\u1eaft v\u00e0o n\u0103m 2019. M\u1eb7c d\u00f9 gia nh\u1eadp th\u1ecb tr\u01b0\u1eddng mu\u1ed9n h\u01a1n so v\u1edbi m\u1ed9t s\u1ed1 n\u1ec1n t\u1ea3ng kh\u00e1c, nh\u01b0ng \u0111\u00e3 nhanh ch\u00f3ng kh\u1eb3ng \u0111\u1ecbnh \u0111\u01b0\u1ee3c uy t\u00edn v\u00e0 v\u1ecb th\u1ebf c\u1ee7a m\u00ecnh.\u00a0<\/span><\/p>\n<p><span style=\"font-weight: 400;\">Tr\u1ee5 s\u1edf ch\u00ednh c\u1ee7a c\u00f4ng ty \u0111\u1eb7t t\u1ea1i Philippines, n\u01a1i ho\u1ea1t \u0111\u1ed9ng c\u1ee7a n\u1ec1n t\u1ea3ng \u0111\u01b0\u1ee3c gi\u00e1m s\u00e1t ch\u1eb7t ch\u1ebd theo quy \u0111\u1ecbnh ph\u00e1p lu\u1eadt \u0111\u1ecba ph\u01b0\u01a1ng. Nh\u1edd v\u00e0o chi\u1ebfn l\u01b0\u1ee3c m\u1edf r\u1ed9ng nhanh ch\u00f3ng, s\u00e2n ch\u01a1i \u0111\u00e3 thu h\u00fat \u0111\u01b0\u1ee3c \u0111\u00f4ng \u0111\u1ea3o ng\u01b0\u1eddi ch\u01a1i kh\u00f4ng ch\u1ec9 \u1edf khu v\u1ef1c Ch\u00e2u \u00c1 m\u00e0 c\u00f2n m\u1edf r\u1ed9ng sang c\u00e1c qu\u1ed1c gia t\u1ea1i Ch\u00e2u \u00c2u.<\/span><\/p>\n<p><span style=\"font-weight: 400;\">K\u1ec3 t\u1eeb khi th\u00e0nh l\u1eadp, <\/span><b>th\u01b0\u01a1ng hi\u1ec7u HUBET <\/b><span style=\"font-weight: 400;\">lu\u00f4n kh\u00f4ng ng\u1eebng n\u1ed7 l\u1ef1c c\u1ea3i ti\u1ebfn v\u00e0 n\u00e2ng cao ch\u1ea5t l\u01b0\u1ee3ng d\u1ecbch v\u1ee5 \u0111\u1ec3 \u0111\u00e1p \u1ee9ng nhu c\u1ea7u ng\u00e0y c\u00e0ng cao c\u1ee7a ng\u01b0\u1eddi d\u00f9ng. \u0110\u1eb7c bi\u1ec7t, v\u00e0o n\u0103m 2021, n\u1ec1n t\u1ea3ng \u0111\u00e3 vinh d\u1ef1 nh\u1eadn \u0111\u01b0\u1ee3c danh hi\u1ec7u \u201cNh\u00e0 c\u00e1i uy t\u00edn b\u1eadc nh\u1ea5t Ch\u00e2u \u00c1\u201d. N\u00f3 \u0111\u00e1nh d\u1ea5u m\u1ed9t c\u1ed9t m\u1ed1c quan tr\u1ecdng trong qu\u00e1 tr\u00ecnh ph\u00e1t tri\u1ec3n v\u00e0 kh\u1eb3ng \u0111\u1ecbnh v\u1ecb th\u1ebf v\u1eefng ch\u1eafc trong ng\u00e0nh c\u00e1 c\u01b0\u1ee3c tr\u1ef1c tuy\u1ebfn.<\/span><\/p>\n<figure id=\"attachment_588\" aria-describedby=\"caption-attachment-588\" style=\"width: 800px\" class=\"wp-caption aligncenter\"><img title=\"L\u1ecbch s\u1eed ra \u0111\u1eddi c\u1ee7a HUBET\" loading=\"lazy\" decoding=\"async\" class=\"size-full wp-image-588\" src=\"https:\/\/hubet.wine\/wp-content\/uploads\/2026\/05\/thuong-hieu-hubet-1.webp\" alt=\"L\u1ecbch s\u1eed ra \u0111\u1eddi c\u1ee7a HUBET\" width=\"800\" height=\"450\"><figcaption id=\"caption-attachment-588\" class=\"wp-caption-text\">L\u1ecbch s\u1eed ra \u0111\u1eddi c\u1ee7a HUBET<\/figcaption><\/figure>\n<h2><b>T\u1ed5ng h\u1ee3p gi\u1ea5y ch\u1ee9ng nh\u1eadn m\u00e0 th\u01b0\u01a1ng hi\u1ec7u HUBET nh\u1eadn \u0111\u01b0\u1ee3c<\/b><\/h2>\n<p><span style=\"font-weight: 400;\">Ch\u00fang t\u00f4i t\u1ef1 h\u00e0o gi\u1edbi thi\u1ec7u HUBET, nh\u00e0 c\u00e1i h\u00e0ng \u0111\u1ea7u hi\u1ec7n nay v\u1edbi c\u00e1c gi\u1ea5y ph\u00e9p ho\u1ea1t \u0111\u1ed9ng uy t\u00edn t\u1eeb c\u00e1c t\u1ed5 ch\u1ee9c qu\u1ed1c t\u1ebf. D\u01b0\u1edbi \u0111\u00e2y l\u00e0 nh\u1eefng ch\u1ee9ng nh\u1eadn uy t\u00edn m\u00e0 HUBET \u0111\u00e3 \u0111\u1ea1t \u0111\u01b0\u1ee3c:<\/span><\/p>\n<h3><b>Curacao Gaming<\/b><\/h3>\n<p><b>Th\u01b0\u01a1ng hi\u1ec7u HUBET <\/b><span style=\"font-weight: 400;\">\u0111\u00e3 vinh d\u1ef1 nh\u1eadn ch\u1ee9ng ch\u1ec9 t\u1eeb Curacao Gaming, m\u1ed9t trong nh\u1eefng t\u1ed5 ch\u1ee9c \u0111\u00e1nh gi\u00e1 uy t\u00edn nh\u1ea5t trong ng\u00e0nh c\u00e1 c\u01b0\u1ee3c tr\u1ef1c tuy\u1ebfn to\u00e0n c\u1ea7u. V\u1edbi ti\u00eau ch\u00ed c\u00f4ng b\u1eb1ng v\u00e0 minh b\u1ea1ch, Curacao Gaming \u0111\u1eb7c bi\u1ec7t \u0111\u00e1nh gi\u00e1 cao nh\u00e0 c\u00e1i nh\u1edd v\u00e0o h\u1ec7 th\u1ed1ng b\u1ea3o m\u1eadt th\u00f4ng tin kh\u00e1ch h\u00e0ng v\u00e0 quy tr\u00ecnh tr\u1ea3 th\u01b0\u1edfng r\u00f5 r\u00e0ng, c\u00f4ng b\u1eb1ng.<\/span><\/p>\n<h3><b>MGA (Malta Gaming Authority)<\/b><\/h3>\n<p><span style=\"font-weight: 400;\">MGA l\u00e0 t\u1ed5 ch\u1ee9c h\u00e0ng \u0111\u1ea7u trong vi\u1ec7c c\u1ea5p ph\u00e9p v\u00e0 gi\u00e1m s\u00e1t c\u00e1c nh\u00e0 cung c\u1ea5p d\u1ecbch v\u1ee5 c\u00e1 c\u01b0\u1ee3c tr\u1ef1c tuy\u1ebfn. <\/span><b>Th\u01b0\u01a1ng hi\u1ec7u HUBET <\/b><span style=\"font-weight: 400;\">t\u1ef1 h\u00e0o khi nh\u1eadn \u0111\u01b0\u1ee3c gi\u1ea5y ch\u1ee9ng nh\u1eadn t\u1eeb MGA, ch\u1ee9ng minh cam k\u1ebft v\u1ec1 s\u1ef1 minh b\u1ea1ch v\u00e0 ch\u1ea5t l\u01b0\u1ee3ng d\u1ecbch v\u1ee5 trong n\u0103m 2024. Vi\u1ec7c \u0111\u01b0\u1ee3c c\u1ea5p ph\u00e9p t\u1eeb MGA l\u00e0 m\u1ed9t minh ch\u1ee9ng cho n\u1ed7 l\u1ef1c kh\u00f4ng ng\u1eebng c\u1ee7a ch\u00fang t\u00f4i. \u0110\u1eb7c bi\u1ec7t l\u00e0 trong vi\u1ec7c duy tr\u00ec c\u00e1c ti\u00eau chu\u1ea9n cao v\u1ec1 b\u1ea3o m\u1eadt v\u00e0 d\u1ecbch v\u1ee5 kh\u00e1ch h\u00e0ng.<\/span><\/p>\n<h3><b>PAGCOR (Philippine Amusement and Gaming Corporation)<\/b><\/h3>\n<p><span style=\"font-weight: 400;\">PAGCOR, c\u01a1 quan qu\u1ea3n l\u00fd c\u00e1 c\u01b0\u1ee3c tr\u1ef1c tuy\u1ebfn t\u1ea1i Philippines, c\u0169ng \u0111\u00e3 c\u1ea5p ph\u00e9p cho <\/span><b>th\u01b0\u01a1ng hi\u1ec7u HUBET<\/b><span style=\"font-weight: 400;\">, kh\u1eb3ng \u0111\u1ecbnh t\u00ednh h\u1ee3p ph\u00e1p v\u00e0 uy t\u00edn c\u1ee7a nh\u00e0 c\u00e1i. V\u1edbi s\u1ef1 gi\u00e1m s\u00e1t ch\u1eb7t ch\u1ebd c\u1ee7a PAGCOR, c\u00e1c ho\u1ea1t \u0111\u1ed9ng c\u1ee7a nh\u00e0 c\u00e1i \u0111\u1ec1u tu\u00e2n th\u1ee7 nghi\u00eam ng\u1eb7t c\u00e1c quy \u0111\u1ecbnh v\u00e0 ti\u00eau chu\u1ea9n b\u1ea3o m\u1eadt. T\u1ea5t c\u1ea3 v\u00ec m\u1ee5c \u0111\u00edch mang l\u1ea1i cho ng\u01b0\u1eddi ch\u01a1i s\u1ef1 an t\u00e2m tuy\u1ec7t \u0111\u1ed1i.<\/span><\/p>\n<figure id=\"attachment_589\" aria-describedby=\"caption-attachment-589\" style=\"width: 800px\" class=\"wp-caption aligncenter\"><img title=\"HUBET - Th\u01b0\u01a1ng hi\u1ec7u nh\u1eadn \u0111\u01b0\u1ee3c r\u1ea5t nhi\u1ec1u gi\u1ea5y ch\u1ee9ng nh\u1eadn\" loading=\"lazy\" decoding=\"async\" class=\"size-full wp-image-589\" src=\"https:\/\/hubet.wine\/wp-content\/uploads\/2026\/05\/thuong-hieu-hubet-2.webp\" alt=\"HUBET - Th\u01b0\u01a1ng hi\u1ec7u nh\u1eadn \u0111\u01b0\u1ee3c r\u1ea5t nhi\u1ec1u gi\u1ea5y ch\u1ee9ng nh\u1eadn\" width=\"800\" height=\"450\"><figcaption id=\"caption-attachment-589\" class=\"wp-caption-text\">HUBET \u2013 Th\u01b0\u01a1ng hi\u1ec7u nh\u1eadn \u0111\u01b0\u1ee3c r\u1ea5t nhi\u1ec1u gi\u1ea5y ch\u1ee9ng nh\u1eadn<\/figcaption><\/figure>\n<h2><b>FAQs \u2013 Gi\u1ea3i \u0111\u00e1p m\u1ed9t s\u1ed1 c\u00e2u h\u1ecfi v\u1ec1 th\u01b0\u01a1ng hi\u1ec7u HUBET<\/b><\/h2>\n<p><span style=\"font-weight: 400;\">D\u01b0\u1edbi \u0111\u00e2y l\u00e0 gi\u1ea3i \u0111\u00e1p m\u1ed9t s\u1ed1 c\u00e2u h\u1ecfi th\u01b0\u1eddng g\u1eb7p v\u1ec1 th\u01b0\u01a1ng hi\u1ec7u, gi\u00fap b\u1ea1n hi\u1ec3u r\u00f5 h\u01a1n v\u1ec1 c\u00e1c d\u1ecbch v\u1ee5, t\u00ednh n\u0103ng v\u00e0 tr\u1ea3i nghi\u1ec7m m\u00e0 HUBET mang l\u1ea1i. Tham kh\u1ea3o \u0111\u1ec3 c\u00f3 c\u00e1i nh\u00ecn kh\u00e1ch quan h\u01a1n tr\u01b0\u1edbc khi quy\u1ebft \u0111\u1ecbnh tham gia:<\/span><\/p>\n<h3><b>Th\u01b0\u01a1ng hi\u1ec7u HUBET l\u00e0 g\u00ec?\u00a0<\/b><\/h3>\n<p><span style=\"font-weight: 400;\">\u0110\u00e2y l\u00e0 m\u1ed9t n\u1ec1n t\u1ea3ng c\u00e1 c\u01b0\u1ee3c tr\u1ef1c tuy\u1ebfn n\u1ed5i b\u1eadt, chuy\u00ean cung c\u1ea5p c\u00e1c tr\u00f2 ch\u01a1i gi\u1ea3i tr\u00ed nh\u01b0 b\u1eafn c\u00e1, c\u00e1 c\u01b0\u1ee3c th\u1ec3 thao, game \u0111\u1ed5i th\u01b0\u1edfng, v\u00e0 nhi\u1ec1u tr\u00f2 ch\u01a1i casino kh\u00e1c. HUBET n\u1ed5i b\u1eadt nh\u1edd v\u00e0o giao di\u1ec7n ng\u01b0\u1eddi d\u00f9ng th\u00e2n thi\u1ec7n, h\u1ec7 th\u1ed1ng b\u1ea3o m\u1eadt cao v\u00e0 d\u1ecbch v\u1ee5 ch\u0103m s\u00f3c kh\u00e1ch h\u00e0ng t\u1eadn t\u00e2m. T\u1ea5t c\u1ea3 \u0111em \u0111\u1ebfn tr\u1ea3i nghi\u1ec7m gi\u1ea3i tr\u00ed tuy\u1ec7t v\u1eddi cho ng\u01b0\u1eddi ch\u01a1i.<\/span><\/p>\n<h3><b>C\u00e1c tr\u00f2 ch\u01a1i c\u1ee7a HUBET c\u00f3 c\u00f4ng b\u1eb1ng kh\u00f4ng?<\/b><\/h3>\n<p><b>Th\u01b0\u01a1ng hi\u1ec7u HUBET <\/b><span style=\"font-weight: 400;\">cam k\u1ebft mang \u0111\u1ebfn c\u00e1c tr\u00f2 ch\u01a1i c\u00f4ng b\u1eb1ng v\u00e0 minh b\u1ea1ch. C\u00e1c tr\u00f2 ch\u01a1i t\u1ea1i \u0111\u00e2y s\u1eed d\u1ee5ng c\u00f4ng ngh\u1ec7 RNG (Random Number Generator) \u0111\u1ec3 \u0111\u1ea3m b\u1ea3o t\u00ednh ng\u1eabu nhi\u00ean v\u00e0 c\u00f4ng b\u1eb1ng cho m\u1ecdi ng\u01b0\u1eddi ch\u01a1i. Ngo\u00e0i ra, c\u00e1c nh\u00e0 ph\u00e1t h\u00e0nh game \u0111\u1ed1i t\u00e1c c\u1ee7a nh\u00e0 c\u00e1i \u0111\u1ec1u l\u00e0 nh\u1eefng t\u00ean tu\u1ed5i l\u1edbn trong ng\u00e0nh, gi\u00fap n\u00e2ng cao ch\u1ea5t l\u01b0\u1ee3ng v\u00e0 t\u00ednh c\u00f4ng b\u1eb1ng c\u1ee7a c\u00e1c tr\u00f2 ch\u01a1i.<\/span><\/p>\n<h3><b>HUBET cung c\u1ea5p nh\u1eefng h\u00ecnh th\u1ee9c giao d\u1ecbch n\u00e0o?<\/b><\/h3>\n<p><span style=\"font-weight: 400;\">Nh\u00e0 c\u00e1i h\u1ed7 tr\u1ee3 nhi\u1ec1u ph\u01b0\u01a1ng th\u1ee9c thanh to\u00e1n kh\u00e1c nhau, bao g\u1ed3m chuy\u1ec3n kho\u1ea3n ng\u00e2n h\u00e0ng, v\u00ed \u0111i\u1ec7n t\u1eed, v\u00e0 c\u00e1c h\u00ecnh th\u1ee9c thanh to\u00e1n tr\u1ef1c tuy\u1ebfn ph\u1ed5 bi\u1ebfn. C\u00e1c giao d\u1ecbch n\u1ea1p\/r\u00fat ti\u1ec1n t\u1ea1i <\/span><b>th\u01b0\u01a1ng hi\u1ec7u HUBET <\/b><span style=\"font-weight: 400;\">nhanh ch\u00f3ng v\u00e0 an to\u00e0n, gi\u00fap ng\u01b0\u1eddi ch\u01a1i c\u00f3 th\u1ec3 d\u1ec5 d\u00e0ng qu\u1ea3n l\u00fd t\u00e0i kho\u1ea3n c\u1ee7a m\u00ecnh. Tuy nhi\u00ean, th\u1eddi gian x\u1eed l\u00fd c\u00f3 th\u1ec3 thay \u0111\u1ed5i t\u00f9y thu\u1ed9c v\u00e0o ph\u01b0\u01a1ng th\u1ee9c thanh to\u00e1n \u0111\u01b0\u1ee3c ch\u1ecdn.<\/span><\/p>\n<figure id=\"attachment_590\" aria-describedby=\"caption-attachment-590\" style=\"width: 800px\" class=\"wp-caption aligncenter\"><img title=\"Gi\u1ea3i \u0111\u00e1p m\u1ed9t s\u1ed1 c\u00e2u h\u1ecfi v\u1ec1 th\u01b0\u01a1ng hi\u1ec7u HUBET\" loading=\"lazy\" decoding=\"async\" class=\"size-full wp-image-590\" src=\"https:\/\/hubet.wine\/wp-content\/uploads\/2026\/05\/thuong-hieu-hubet-3.webp\" alt=\"Gi\u1ea3i \u0111\u00e1p m\u1ed9t s\u1ed1 c\u00e2u h\u1ecfi v\u1ec1 th\u01b0\u01a1ng hi\u1ec7u HUBET\" width=\"800\" height=\"450\"><figcaption id=\"caption-attachment-590\" class=\"wp-caption-text\">Gi\u1ea3i \u0111\u00e1p m\u1ed9t s\u1ed1 c\u00e2u h\u1ecfi v\u1ec1 th\u01b0\u01a1ng hi\u1ec7u HUBET<\/figcaption><\/figure>\n<h3><b>HUBET c\u00f3 cung c\u1ea5p nhi\u1ec1u \u01b0u \u0111\u00e3i kh\u00f4ng?<\/b><\/h3>\n<p><span style=\"font-weight: 400;\">Ch\u00fang t\u00f4i th\u01b0\u1eddng xuy\u00ean cung c\u1ea5p c\u00e1c ch\u01b0\u01a1ng tr\u00ecnh khuy\u1ebfn m\u00e3i v\u00e0 \u01b0u \u0111\u00e3i h\u1ea5p d\u1eabn cho ng\u01b0\u1eddi ch\u01a1i m\u1edbi v\u00e0 ng\u01b0\u1eddi ch\u01a1i c\u0169. C\u00e1c ch\u01b0\u01a1ng tr\u00ecnh n\u00e0y c\u00f3 th\u1ec3 bao g\u1ed3m ti\u1ec1n th\u01b0\u1edfng ch\u00e0o m\u1eebng, ho\u00e0n tr\u1ea3 c\u01b0\u1ee3c, ho\u1eb7c c\u00e1c \u01b0u \u0111\u00e3i \u0111\u1eb7c bi\u1ec7t v\u00e0o c\u00e1c d\u1ecbp l\u1ec5, t\u1ebft. \u0110\u1ec3 c\u1eadp nh\u1eadt th\u00f4ng tin v\u1ec1 c\u00e1c khuy\u1ebfn m\u00e3i m\u1edbi nh\u1ea5t, ng\u01b0\u1eddi ch\u01a1i c\u00f3 th\u1ec3 theo d\u00f5i trang web ch\u00ednh th\u1ee9c c\u1ee7a HUBET ho\u1eb7c \u0111\u0103ng k\u00fd nh\u1eadn th\u00f4ng b\u00e1o qua email.<\/span><\/p>\n<h2><b>K\u1ebft lu\u1eadn<\/b><\/h2>\n<p><span style=\"font-weight: 400;\">B\u00e0i vi\u1ebft n\u00e0y cung c\u1ea5p \u0111\u1ea7y \u0111\u1ee7 th\u00f4ng tin c\u1ea7n thi\u1ebft v\u1ec1 <\/span><b>th\u01b0\u01a1ng hi\u1ec7u HUBET.<\/b><span style=\"font-weight: 400;\"> N\u1ebfu b\u1ea1n \u0111ang t\u00ecm ki\u1ebfm m\u1ed9t s\u00e2n ch\u01a1i uy t\u00edn v\u00e0 \u0111\u00e1ng tin c\u1eady, HUBET ch\u00ednh l\u00e0 s\u1ef1 l\u1ef1a ch\u1ecdn ho\u00e0n h\u1ea3o. Ch\u00fang t\u00f4i ch\u00fac b\u1ea1n c\u00f3 nh\u1eefng tr\u1ea3i nghi\u1ec7m tuy\u1ec7t v\u1eddi v\u00e0 \u0111\u1ea1t \u0111\u01b0\u1ee3c nh\u1eefng ph\u1ea7n th\u01b0\u1edfng x\u1ee9ng \u0111\u00e1ng!<\/span><\/p>\n<\/p><\/div>\n<\/p><\/div>\n<\/div>\n","protected":false},"excerpt":{"rendered":"<p>\u2705TH\u00d4NG TIN Th\u01b0\u01a1ng hi\u1ec7u: HUBET Danh M\u1ee5c: C\u00e1 C\u01b0\u1ee3c Tr\u1ef1c Tuy\u1ebfn S\u1ea3n Ph\u1ea9m Ch\u1ee7 \u0110\u1ea1o: Casino Online N\u0103m Th\u00e0nh L\u1eadp: 2019 \u0110\u1ecba ch\u1ec9: 03 L\u00ea Thanh Ngh\u1ecb, Ho\u00e0 C\u01b0\u1eddng B\u1eafc, H\u1ea3i Ch\u00e2u, \u0110\u00e0 N\u1eb5ng 50000, Vi\u1ec7t Nam Email: support@xoi.us.com Hotline: 0375 704 385 Website: https:\/\/xoi.us.com\/ Hashtag: #hubet #hubetdecom #hu_bet #hubet_casino\u00a0 #CasinoOnline #T\u00e0iX\u1ec9u \u00a0\u2705S\u1ea2N PH\u1ea8M Casino [&#8230;]\n","protected":false},"author":1,"featured_media":169,"parent":0,"menu_order":0,"comment_status":"closed","ping_status":"closed","template":"","meta":{"footnotes":""},"class_list":["post-164","page","type-page","status-publish","has-post-thumbnail","hentry"],"_links":{"self":[{"href":"https:\/\/hubet.wine\/index.php\/wp-json\/wp\/v2\/pages\/164","targetHints":{"allow":["GET"]}}],"collection":[{"href":"https:\/\/hubet.wine\/index.php\/wp-json\/wp\/v2\/pages"}],"about":[{"href":"https:\/\/hubet.wine\/index.php\/wp-json\/wp\/v2\/types\/page"}],"author":[{"embeddable":true,"href":"https:\/\/hubet.wine\/index.php\/wp-json\/wp\/v2\/users\/1"}],"replies":[{"embeddable":true,"href":"https:\/\/hubet.wine\/index.php\/wp-json\/wp\/v2\/comments?post=164"}],"version-history":[{"count":0,"href":"https:\/\/hubet.wine\/index.php\/wp-json\/wp\/v2\/pages\/164\/revisions"}],"wp:featuredmedia":[{"embeddable":true,"href":"https:\/\/hubet.wine\/index.php\/wp-json\/wp\/v2\/media\/169"}],"wp:attachment":[{"href":"https:\/\/hubet.wine\/index.php\/wp-json\/wp\/v2\/media?parent=164"}],"curies":[{"name":"wp","href":"https:\/\/api.w.org\/{rel}","templated":true}]}}