{"id":146,"date":"2026-05-14T19:07:03","date_gmt":"2026-05-14T12:07:03","guid":{"rendered":"https:\/\/hubet.wine\/index.php\/dang-nhap-hubet\/"},"modified":"2026-05-14T19:07:03","modified_gmt":"2026-05-14T12:07:03","slug":"dang-nhap-hubet","status":"publish","type":"page","link":"https:\/\/hubet.wine\/index.php\/dang-nhap-hubet\/","title":{"rendered":"\u0110\u0103ng Nh\u1eadp Hubet &#8211; C\u00e1c Thao T\u00e1c Th\u1ef1c Hi\u1ec7n \u0110\u01a1n Gi\u1ea3n, Nhanh G\u1ecdn"},"content":{"rendered":"<div class=\"row\" id=\"row-1922123206\">\n<div id=\"col-210121232\" class=\"col medium-3 small-12 large-3\">\n<div class=\"col-inner\">\n<div id=\"text-1617420106\" class=\"text khung\">\n<div style=\"text-align: center;\"><strong>\u2705TH\u00d4NG TIN<\/strong><\/div>\n<div>\u00a0<\/div>\n<ul>\n<li><strong>Th\u01b0\u01a1ng hi\u1ec7u:<\/strong> <a href=\"https:\/\/hubet.wine\/\"><strong>HUBET<\/strong><\/a><\/li>\n<li><strong>Danh M\u1ee5c:<\/strong> C\u00e1 C\u01b0\u1ee3c Tr\u1ef1c Tuy\u1ebfn<\/li>\n<li><strong>S\u1ea3n Ph\u1ea9m Ch\u1ee7 \u0110\u1ea1o:<\/strong> Casino Online<\/li>\n<li><strong>N\u0103m Th\u00e0nh L\u1eadp:<\/strong> 2019<\/li>\n<li><strong>\u0110\u1ecba ch\u1ec9:<\/strong> 03 L\u00ea Thanh Ngh\u1ecb, Ho\u00e0 C\u01b0\u1eddng B\u1eafc, H\u1ea3i Ch\u00e2u, \u0110\u00e0 N\u1eb5ng 50000, Vi\u1ec7t Nam<\/li>\n<li><strong>Email:<\/strong> support@xoi.us.com<\/li>\n<li><strong>Hotline:<\/strong> 0375 704 385<\/li>\n<li><strong>Website:<\/strong> <a href=\"https:\/\/hubet.wine\/\"><strong>https:\/\/xoi.us.com\/<\/strong><\/a><\/li>\n<li><strong>Hashtag:<\/strong> #hubet #hubetdecom #hu_bet #hubet_casino\u00a0 #CasinoOnline #T\u00e0iX\u1ec9u<\/li>\n<\/ul><\/div>\n<div id=\"text-2950132476\" class=\"text khung\">\n<div style=\"text-align: center;\"><strong>\u00a0\u2705S\u1ea2N PH\u1ea8M<\/strong><\/div>\n<p>\u00a0<\/p>\n<ul>\n<li><a href=\"https:\/\/hubet.wine\/casino-hubet\/\"><strong>Casino<\/strong><\/a><\/li>\n<li><a href=\"https:\/\/hubet.wine\/the-thao-hubet\/\"><strong>Th\u1ec3 Thao<\/strong><\/a><\/li>\n<li><a href=\"https:\/\/hubet.wine\/no-hu-hubet\/\"><strong>N\u1ed5 H\u0169<\/strong><\/a><\/li>\n<li><a href=\"https:\/\/hubet.wine\/ban-ca-hubet\/\"><strong>B\u1eafn C\u00e1<\/strong><\/a><\/li>\n<li><a href=\"https:\/\/hubet.wine\/da-ga-hubet\/\"><strong>\u0110\u00e1 G\u00e0<\/strong><\/a><\/li>\n<li><a href=\"https:\/\/hubet.wine\/xo-so-hubet\/\"><strong>X\u1ed5 S\u1ed1<\/strong><\/a><\/li>\n<\/ul><\/div>\n<\/p><\/div>\n<\/p><\/div>\n<div id=\"col-600889592\" class=\"col medium-9 small-12 large-9\">\n<div class=\"col-inner\">\n<p><span style=\"font-weight: 400;\">\u0110\u1ec3 truy c\u1eadp v\u00e0o t\u00e0i kho\u1ea3n v\u00e0 tham gia c\u00e1 c\u01b0\u1ee3c, <\/span><a href=\"https:\/\/hubet.wine\/dang-nhap-hubet\/\"><b>\u0111\u0103ng nh\u1eadp Hubet<\/b><\/a><span style=\"font-weight: 400;\"> l\u00e0 b\u01b0\u1edbc \u0111\u1ea7u ti\u00ean quan tr\u1ecdng. Tuy nhi\u00ean, m\u1ed9t s\u1ed1 b\u1ea1n t\u00e2n th\u1ee7 c\u00f3 th\u1ec3 v\u1eabn ch\u01b0a quen v\u1edbi quy tr\u00ecnh truy c\u1eadp nhanh ch\u00f3ng v\u00e0 d\u1ec5 d\u00e0ng. Trong b\u00e0i vi\u1ebft n\u00e0y, <\/span><a href=\"https:\/\/hubet.wine\/\"><b>Hubet<\/b><\/a><b> <\/b><span style=\"font-weight: 400;\">s\u1ebd ch\u1ec9 d\u1eabn si\u00eau chi ti\u1ebft t\u1eebng b\u01b0\u1edbc m\u1ed9t \u0111\u1ec3 gi\u00fap c\u00e1c bet th\u1ee7 d\u1ec5 d\u00e0ng v\u00e0o \u0111\u01b0\u1ee3c nh\u00e0 c\u00e1i v\u00e0 tham gia v\u00e0o c\u00e1c tr\u00f2 ch\u01a1i th\u00fa v\u1ecb.<\/span><\/p>\n<h2><b>H\u01b0\u1edbng d\u1eabn \u0111\u0103ng nh\u1eadp Hubet chi ti\u1ebft cho ng\u01b0\u1eddi m\u1edbi<\/b><\/h2>\n<figure id=\"attachment_645\" aria-describedby=\"caption-attachment-645\" style=\"width: 800px\" class=\"wp-caption aligncenter\"><img title=\"H\u01b0\u1edbng d\u1eabn \u0111\u0103ng nh\u1eadp Hubet chi ti\u1ebft\" loading=\"lazy\" decoding=\"async\" class=\"size-full wp-image-645\" src=\"https:\/\/hubet.wine\/wp-content\/uploads\/2026\/05\/dang-nhap-hubet-1.webp\" alt=\"H\u01b0\u1edbng d\u1eabn \u0111\u0103ng nh\u1eadp Hubet chi ti\u1ebft\" width=\"800\" height=\"450\"><figcaption id=\"caption-attachment-645\" class=\"wp-caption-text\">H\u01b0\u1edbng d\u1eabn \u0111\u0103ng nh\u1eadp Hubet chi ti\u1ebft<\/figcaption><\/figure>\n<p><span style=\"font-weight: 400;\">Khi tham gia c\u00e1 c\u01b0\u1ee3c t\u1ea1i Hubet, h\u1ed9i vi\u00ean ch\u1ec9 c\u1ea7n ho\u00e0n t\u1ea5t vi\u1ec7c \u0111\u0103ng k\u00fd t\u00e0i kho\u1ea3n m\u1ed9t l\u1ea7n duy nh\u1ea5t. Sau \u0111\u00f3, \u0111\u1ec3 tham gia v\u00e0o c\u00e1c si\u00eau ph\u1ea9m game t\u1ea1i \u0111\u00e2y, b\u1ea1n ch\u1ec9 c\u1ea7n th\u1ef1c hi\u1ec7n truy c\u1eadp th\u00f4ng qua m\u1ed9t trong ba ph\u01b0\u01a1ng th\u1ee9c d\u01b0\u1edbi \u0111\u00e2y:<\/span><\/p>\n<h3><b>\u0110\u0103ng nh\u1eadp tr\u1ef1c ti\u1ebfp Hubet b\u1eb1ng th\u00f4ng tin \u0111\u00e3 \u0111\u0103ng k\u00fd<\/b><\/h3>\n<p><span style=\"font-weight: 400;\">\u0110\u1ec3 <\/span><b>\u0111\u0103ng nh\u1eadp Hubet<\/b><span style=\"font-weight: 400;\">, tr\u01b0\u1edbc ti\u00ean b\u1ea1n c\u1ea7n ho\u00e0n th\u00e0nh b\u01b0\u1edbc \u0111\u0103ng k\u00fd theo ch\u1ec9 d\u1eabn c\u1ee7a nh\u00e0 c\u00e1i. Sau khi \u0111\u0103ng k\u00fd xong, b\u1ea1n c\u00f3 th\u1ec3 d\u1ec5 d\u00e0ng truy c\u1eadp t\u00e0i kho\u1ea3n b\u1eb1ng c\u00e1c b\u01b0\u1edbc \u0111\u01a1n gi\u1ea3n d\u01b0\u1edbi \u0111\u00e2y:<\/span><\/p>\n<ul>\n<li style=\"font-weight: 400;\" aria-level=\"1\"><span style=\"font-weight: 400;\">B\u01b0\u1edbc 1: Truy c\u1eadp v\u00e0o li\u00ean k\u1ebft ch\u00ednh th\u1ee9c v\u00e0 b\u1ea3o m\u1eadt c\u1ee7a Hubet.<\/span><\/li>\n<li style=\"font-weight: 400;\" aria-level=\"1\"><span style=\"font-weight: 400;\">B\u01b0\u1edbc 2: Ch\u1ecdn \u00f4 \u201c\u0110\u0103ng nh\u1eadp\u201d m\u00e0u tr\u1eafng n\u1eb1m c\u1ea1nh \u00f4 \u201c\u0110\u0103ng k\u00fd\u201d.<\/span><\/li>\n<li style=\"font-weight: 400;\" aria-level=\"1\"><span style=\"font-weight: 400;\">B\u01b0\u1edbc 3: Nh\u1eadp th\u00f4ng tin t\u00e0i kho\u1ea3n \u0111\u00e3 \u0111\u01b0\u1ee3c s\u1eed d\u1ee5ng khi \u0111\u0103ng k\u00fd.\u00a0\u00a0<\/span><\/li>\n<li style=\"font-weight: 400;\" aria-level=\"1\"><span style=\"font-weight: 400;\">B\u01b0\u1edbc 4: B\u1ea5m v\u00e0o n\u00fat \u201c\u0110\u0103ng nh\u1eadp\u201d m\u00e0u xanh d\u01b0\u1edbi m\u00e0n h\u00ecnh. N\u1ebfu th\u00f4ng tin \u0111\u00fang, h\u1ec7 th\u1ed1ng s\u1ebd t\u1ef1 \u0111\u1ed9ng m\u1edf t\u00e0i kho\u1ea3n c\u1ee7a b\u1ea1n.<\/span><\/li>\n<\/ul>\n<h3><b>\u0110\u0103ng nh\u1eadp v\u00e0o t\u00e0i kho\u1ea3n Hubet b\u1eb1ng Gmail<\/b><\/h3>\n<p><span style=\"font-weight: 400;\">N\u1ebfu t\u00e0i kho\u1ea3n c\u1ee7a b\u1ea1n \u0111\u01b0\u1ee3c \u0111\u0103ng k\u00fd qua Gmail, vi\u1ec7c truy c\u1eadp Hubet s\u1ebd tr\u1edf n\u00ean d\u1ec5 d\u00e0ng h\u01a1n r\u1ea5t nhi\u1ec1u. B\u1ea1n ch\u1ec9 c\u1ea7n nh\u1ea5n v\u00e0o n\u00fat \u201c\u0110\u0103ng nh\u1eadp\u201d tr\u00ean trang ch\u1ee7, sau \u0111\u00f3 ch\u1ecdn bi\u1ec3u t\u01b0\u1ee3ng Gmail ngay d\u01b0\u1edbi b\u1ea3ng m\u1eabu v\u00e0 ti\u1ebfp t\u1ee5c \u0111\u0103ng nh\u1eadp nh\u01b0 b\u00ecnh th\u01b0\u1eddng.<\/span><\/p>\n<h3><b>\u0110\u0103ng nh\u1eadp v\u00e0o Hubet b\u1eb1ng s\u1ed1 \u0111i\u1ec7n tho\u1ea1i<\/b><\/h3>\n<p><span style=\"font-weight: 400;\">M\u1ed9t l\u1ef1a ch\u1ecdn kh\u00e1c \u0111\u1ec3 <\/span><b>\u0111\u0103ng nh\u1eadp Hubet<\/b><span style=\"font-weight: 400;\"> l\u00e0 s\u1eed d\u1ee5ng s\u1ed1 \u0111i\u1ec7n tho\u1ea1i di \u0111\u1ed9ng c\u1ee7a b\u1ea1n, mi\u1ec5n l\u00e0 b\u1ea1n \u0111\u00e3 \u0111\u0103ng k\u00fd t\u00e0i kho\u1ea3n v\u1edbi s\u1ed1 n\u00e0y. Ch\u1ec9 c\u1ea7n ch\u1ecdn bi\u1ec3u t\u01b0\u1ee3ng \u0111i\u1ec7n tho\u1ea1i m\u00e0u xanh, nh\u1eadp s\u1ed1 \u0111i\u1ec7n tho\u1ea1i \u0111\u00e3 \u0111\u0103ng k\u00fd, r\u1ed3i x\u00e1c nh\u1eadn \u0111\u1ec3 ho\u00e0n t\u1ea5t qu\u00e1 tr\u00ecnh \u0111\u0103ng nh\u1eadp.\u00a0 L\u01b0u \u00fd r\u1eb1ng, s\u1ed1 \u0111i\u1ec7n tho\u1ea1i \u0111\u0103ng k\u00fd n\u00ean l\u00e0 s\u1ed1 b\u1ea1n s\u1eed d\u1ee5ng th\u01b0\u1eddng xuy\u00ean, v\u00ec \u0111i\u1ec1u \u0111\u00f3 s\u1ebd gi\u00fap nh\u00e0 c\u00e1i c\u1ee7a ch\u00fang t\u00f4i c\u00f3 th\u1ec3 d\u1ec5 d\u00e0ng c\u1eadp nh\u1eadt th\u00f4ng tin v\u00e0 g\u1eedi m\u00e3 OTP cho c\u00e1c giao d\u1ecbch sau n\u00e0y.<\/span><\/p>\n<h2><b>M\u1ed9t v\u00e0i \u0111i\u1ec3m c\u1ea7n ch\u00fa \u00fd khi \u0111\u0103ng nh\u1eadp Hubet<\/b><\/h2>\n<figure id=\"attachment_646\" aria-describedby=\"caption-attachment-646\" style=\"width: 800px\" class=\"wp-caption aligncenter\"><img title=\"M\u1ed9t v\u00e0i \u0111i\u1ec3m c\u1ea7n ch\u00fa \u00fd\" loading=\"lazy\" decoding=\"async\" class=\"size-full wp-image-646\" src=\"https:\/\/hubet.wine\/wp-content\/uploads\/2026\/05\/dang-nhap-hubet-2.webp\" alt=\"M\u1ed9t v\u00e0i \u0111i\u1ec3m c\u1ea7n ch\u00fa \u00fd\" width=\"800\" height=\"450\"><figcaption id=\"caption-attachment-646\" class=\"wp-caption-text\">M\u1ed9t v\u00e0i \u0111i\u1ec3m c\u1ea7n ch\u00fa \u00fd<\/figcaption><\/figure>\n<p><span style=\"font-weight: 400;\">M\u1eb7c d\u00f9 qu\u00e1 tr\u00ecnh truy c\u1eadp v\u00e0o h\u1ec7 th\u1ed1ng c\u00e1 c\u01b0\u1ee3c Hubet kh\u00e1 \u0111\u01a1n gi\u1ea3n, \u0111\u00f4i khi v\u1eabn c\u00f3 th\u1ec3 g\u1eb7p s\u1ef1 c\u1ed1 trong l\u1ea7n th\u1eed \u0111\u1ea7u ti\u00ean. \u0110\u1ec3 vi\u1ec7c \u0111\u0103ng nh\u1eadp tr\u1edf n\u00ean nhanh ch\u00f3ng v\u00e0 ch\u00ednh x\u00e1c, h\u1ed9i vi\u00ean c\u1ea7n ch\u00fa \u00fd m\u1ed9t s\u1ed1 \u0111i\u1ec3m sau:<\/span><\/p>\n<ul>\n<li style=\"font-weight: 400;\" aria-level=\"1\"><span style=\"font-weight: 400;\">\u0110\u1ea3m b\u1ea3o r\u1eb1ng k\u1ebft n\u1ed1i internet c\u1ee7a b\u1ea1n \u1ed5n \u0111\u1ecbnh \u0111\u1ec3 tr\u00e1nh gi\u00e1n \u0111o\u1ea1n khi \u0111\u0103ng nh\u1eadp.<\/span><\/li>\n<li style=\"font-weight: 400;\" aria-level=\"1\"><span style=\"font-weight: 400;\">Ki\u1ec3m tra l\u1ea1i th\u00f4ng tin t\u00e0i kho\u1ea3n, s\u1ed1 \u0111i\u1ec7n tho\u1ea1i di \u0111\u1ed9ng ho\u1eb7c Gmail m\u00e0 b\u1ea1n \u0111\u00e3 d\u00f9ng \u0111\u1ec3 \u0111\u0103ng k\u00fd. Nh\u1eadp sai th\u00f4ng tin c\u00f3 th\u1ec3 khi\u1ebfn b\u1ea1n kh\u00f4ng th\u1ec3 <\/span><b>\u0111\u0103ng nh\u1eadp Hubet<\/b><span style=\"font-weight: 400;\">.\u00a0\u00a0\u00a0<\/span><\/li>\n<li style=\"font-weight: 400;\" aria-level=\"1\"><span style=\"font-weight: 400;\">N\u1ebfu b\u1ea1n mu\u1ed1n ti\u1ebft ki\u1ec7m th\u1eddi gian cho l\u1ea7n \u0111\u0103ng nh\u1eadp sau, c\u00f3 th\u1ec3 l\u01b0u th\u00f4ng tin t\u00e0i kho\u1ea3n tr\u00ean thi\u1ebft b\u1ecb c\u00e1 nh\u00e2n. Tuy nhi\u00ean, n\u1ebfu d\u00f9ng chung thi\u1ebft b\u1ecb, kh\u00f4ng n\u00ean l\u01b0u d\u1eef li\u1ec7u n\u00e0y \u0111\u1ec3 tr\u00e1nh b\u1ecb \u0111\u00e1nh c\u1eafp t\u00e0i kho\u1ea3n.\u00a0<\/span><\/li>\n<li style=\"font-weight: 400;\" aria-level=\"1\"><span style=\"font-weight: 400;\">Tr\u00e1nh truy c\u1eadp, cung c\u1ea5p th\u00f4ng tin ho\u1eb7c n\u1ea1p ti\u1ec1n qua b\u1ea5t k\u1ef3 c\u00e1 nh\u00e2n, t\u1ed5 ch\u1ee9c hay \u0111\u01b0\u1eddng link kh\u00f4ng ch\u00ednh th\u1ee9c c\u1ee7a Hubet, d\u00f9 ch\u00fang xu\u1ea5t hi\u1ec7n tr\u00ean giao di\u1ec7n nh\u00e0 c\u00e1i.<\/span><\/li>\n<li style=\"font-weight: 400;\" aria-level=\"1\"><span style=\"font-weight: 400;\">N\u1ebfu \u0111\u00e3 nh\u1eadp ch\u00ednh x\u00e1c th\u00f4ng tin nh\u01b0ng v\u1eabn kh\u00f4ng th\u1ec3 \u0111\u0103ng nh\u1eadp, h\u00e3y li\u00ean h\u1ec7 ngay v\u1edbi \u0111\u1ed9i ng\u0169 h\u1ed7 tr\u1ee3 kh\u00e1ch h\u00e0ng \u0111\u1ec3 \u0111\u01b0\u1ee3c gi\u00fap \u0111\u1ee1.\u00a0\u00a0<\/span><\/li>\n<li style=\"font-weight: 400;\" aria-level=\"1\"><span style=\"font-weight: 400;\">Th\u01b0\u1eddng xuy\u00ean ki\u1ec3m tra s\u1ed1 \u0111i\u1ec7n tho\u1ea1i ho\u1eb7c email \u0111\u1ec3 kh\u00f4ng b\u1ecf l\u1ee1 c\u00e1c th\u00f4ng b\u00e1o, ch\u01b0\u01a1ng tr\u00ecnh khuy\u1ebfn m\u00e3i v\u00e0 c\u1eadp nh\u1eadt quan tr\u1ecdng t\u1eeb Hubet.<\/span><\/li>\n<\/ul>\n<h2><b>Nh\u1eefng l\u00fd do khi\u1ebfn anh em kh\u00f4ng th\u1ec3 \u0111\u0103ng nh\u1eadp Hubet<\/b><\/h2>\n<figure id=\"attachment_647\" aria-describedby=\"caption-attachment-647\" style=\"width: 800px\" class=\"wp-caption aligncenter\"><img title=\"L\u00fd do kh\u00f4ng th\u1ec3 \u0111\u0103ng nh\u1eadp\" loading=\"lazy\" decoding=\"async\" class=\"size-full wp-image-647\" src=\"https:\/\/hubet.wine\/wp-content\/uploads\/2026\/05\/dang-nhap-hubet-3.webp\" alt=\"L\u00fd do kh\u00f4ng th\u1ec3 \u0111\u0103ng nh\u1eadp\" width=\"800\" height=\"450\"><figcaption id=\"caption-attachment-647\" class=\"wp-caption-text\">L\u00fd do kh\u00f4ng th\u1ec3 \u0111\u0103ng nh\u1eadp<\/figcaption><\/figure>\n<p><span style=\"font-weight: 400;\">Trong qu\u00e1 tr\u00ecnh truy c\u1eadp v\u00e0o t\u00e0i kho\u1ea3n game tr\u00ean h\u1ec7 th\u1ed1ng c\u1ee7a nh\u00e0 c\u00e1i, c\u00f3 th\u1ec3 xu\u1ea5t hi\u1ec7n m\u1ed9t s\u1ed1 s\u1ef1 c\u1ed1 khi\u1ebfn vi\u1ec7c truy c\u1eadp kh\u00f4ng th\u00e0nh c\u00f4ng. D\u01b0\u1edbi \u0111\u00e2y l\u00e0 c\u00e1c nguy\u00ean nh\u00e2n ph\u1ed5 bi\u1ebfn m\u00e0 kh\u00e1ch h\u00e0ng th\u01b0\u1eddng xuy\u00ean g\u1eb7p ph\u1ea3i v\u00e0 chia s\u1ebb l\u1ea1i:<\/span><\/p>\n<ul>\n<li style=\"font-weight: 400;\" aria-level=\"1\"><span style=\"font-weight: 400;\">L\u1ed7i do nh\u1eadp sai t\u00ean<\/span><b> \u0111\u0103ng nh\u1eadp Hubet <\/b><span style=\"font-weight: 400;\">ho\u1eb7c m\u1eadt kh\u1ea9u \u0111\u00e3 \u0111\u0103ng k\u00fd. N\u1ebfu g\u1eb7p ph\u1ea3i t\u00ecnh hu\u1ed1ng n\u00e0y, h\u00e3y ki\u1ec3m tra l\u1ea1i th\u00f4ng tin c\u1ee7a m\u00ecnh v\u00e0 n\u1ebfu kh\u00f4ng nh\u1edb, nh\u1ea5n v\u00e0o \u201cQu\u00ean m\u1eadt kh\u1ea9u\u201d \u0111\u1ec3 h\u1ec7 th\u1ed1ng h\u1ed7 tr\u1ee3 kh\u00f4i ph\u1ee5c t\u00e0i kho\u1ea3n.<\/span><\/li>\n<li style=\"font-weight: 400;\" aria-level=\"1\"><span style=\"font-weight: 400;\">Vi\u1ec7c \u0111\u0103ng nh\u1eadp kh\u00f4ng th\u00e0nh c\u00f4ng c\u00f3 th\u1ec3 x\u1ea3y ra n\u1ebfu b\u1ea1n s\u1eed d\u1ee5ng s\u1ed1 \u0111i\u1ec7n tho\u1ea1i ho\u1eb7c \u0111\u1ecba ch\u1ec9 email ch\u01b0a \u0111\u01b0\u1ee3c \u0111\u0103ng k\u00fd trong h\u1ec7 th\u1ed1ng c\u00e1 c\u01b0\u1ee3c c\u1ee7a ch\u00fang t\u00f4i.<\/span><\/li>\n<li style=\"font-weight: 400;\" aria-level=\"1\"><span style=\"font-weight: 400;\">N\u1ebfu k\u1ebft n\u1ed1i m\u1ea1ng c\u1ee7a b\u1ea1n kh\u00f4ng \u1ed5n \u0111\u1ecbnh, qu\u00e1 tr\u00ecnh <\/span><b>\u0111\u0103ng nh\u1eadp Hubet<\/b><span style=\"font-weight: 400;\"> c\u00f3 th\u1ec3 b\u1ecb gi\u00e1n \u0111o\u1ea1n, g\u00e2y kh\u00f3 kh\u0103n khi truy c\u1eadp. V\u00ec v\u1eady, h\u00e3y ki\u1ec3m tra l\u1ea1i k\u1ebft n\u1ed1i c\u1ee7a b\u1ea1n tr\u01b0\u1edbc khi b\u1eaft \u0111\u1ea7u tr\u1ea3i nghi\u1ec7m d\u1ecbch v\u1ee5 c\u1ee7a nh\u00e0 c\u00e1i.<\/span><\/li>\n<li style=\"font-weight: 400;\" aria-level=\"1\"><span style=\"font-weight: 400;\">Trong tr\u01b0\u1eddng h\u1ee3p t\u00e0i kho\u1ea3n c\u1ee7a b\u1ea1n b\u1ecb hack ho\u1eb7c m\u1eadt kh\u1ea9u b\u1ecb thay \u0111\u1ed5i m\u00e0 b\u1ea1n kh\u00f4ng hay bi\u1ebft, b\u1ea1n s\u1ebd kh\u00f4ng th\u1ec3 v\u00e0o h\u1ec7 th\u1ed1ng c\u00e1 c\u01b0\u1ee3c.<\/span><\/li>\n<\/ul>\n<p><span style=\"font-weight: 400;\">N\u1ebfu \u0111\u00e3 th\u1eed \u0111\u0103ng nh\u1eadp h\u01a1n ba l\u1ea7n m\u00e0 v\u1eabn kh\u00f4ng th\u00e0nh c\u00f4ng, h\u00e3y ki\u1ec3m tra l\u1ea1i c\u00e1c nguy\u00ean nh\u00e2n c\u00f3 th\u1ec3 g\u00e2y ra s\u1ef1 c\u1ed1. N\u1ebfu t\u00ecnh tr\u1ea1ng v\u1eabn ti\u1ebfp t\u1ee5c v\u00e0 s\u1ed1 l\u1ea7n truy c\u1eadp kh\u00f4ng th\u00e0nh c\u00f4ng qu\u00e1 nhi\u1ec1u, t\u00e0i kho\u1ea3n c\u1ee7a b\u1ea1n c\u00f3 th\u1ec3 b\u1ecb t\u1ea1m kh\u00f3a v\u00ec h\u1ec7 th\u1ed1ng nh\u1eadn di\u1ec7n h\u00e0nh vi x\u00e2m nh\u1eadp tr\u00e1i ph\u00e9p. Khi \u0111\u00f3, li\u00ean h\u1ec7 ngay v\u1edbi \u0111\u1ed9i ng\u0169 h\u1ed7 tr\u1ee3 c\u1ee7a Hubet \u0111\u1ec3 nh\u1eadn h\u01b0\u1edbng d\u1eabn chi ti\u1ebft v\u1ec1 c\u00e1ch gi\u1ea3i quy\u1ebft.<\/span><\/p>\n<h2><b>K\u1ebft lu\u1eadn<\/b><\/h2>\n<p><span style=\"font-weight: 400;\">B\u00e0i vi\u1ebft n\u00e0y \u0111\u00e3 cung c\u1ea5p h\u01b0\u1edbng d\u1eabn chi ti\u1ebft gi\u00fap b\u1ea1n d\u1ec5 d\u00e0ng v\u00e0 nhanh ch\u00f3ng <\/span><b>\u0111\u0103ng nh\u1eadp Hubet<\/b><span style=\"font-weight: 400;\">. \u0110\u1eebng b\u1ecf l\u1ee1 c\u01a1 h\u1ed9i tham gia c\u00e1 c\u01b0\u1ee3c ngay tr\u00ean n\u1ec1n t\u1ea3ng c\u1ee7a ch\u00fang t\u00f4i \u0111\u1ec3 t\u1eadn h\u01b0\u1edfng nh\u1eefng ph\u1ea7n th\u01b0\u1edfng h\u1ea5p d\u1eabn v\u00e0 tr\u1ea3i nghi\u1ec7m gi\u1ea3i tr\u00ed tuy\u1ec7t v\u1eddi!<\/span><\/p>\n<\/p><\/div>\n<\/p><\/div>\n<\/div>\n","protected":false},"excerpt":{"rendered":"<p>\u2705TH\u00d4NG TIN \u00a0 Th\u01b0\u01a1ng hi\u1ec7u: HUBET Danh M\u1ee5c: C\u00e1 C\u01b0\u1ee3c Tr\u1ef1c Tuy\u1ebfn S\u1ea3n Ph\u1ea9m Ch\u1ee7 \u0110\u1ea1o: Casino Online N\u0103m Th\u00e0nh L\u1eadp: 2019 \u0110\u1ecba ch\u1ec9: 03 L\u00ea Thanh Ngh\u1ecb, Ho\u00e0 C\u01b0\u1eddng B\u1eafc, H\u1ea3i Ch\u00e2u, \u0110\u00e0 N\u1eb5ng 50000, Vi\u1ec7t Nam Email: support@xoi.us.com Hotline: 0375 704 385 Website: https:\/\/xoi.us.com\/ Hashtag: #hubet #hubetdecom #hu_bet #hubet_casino\u00a0 #CasinoOnline #T\u00e0iX\u1ec9u \u00a0\u2705S\u1ea2N PH\u1ea8M [&#8230;]\n","protected":false},"author":1,"featured_media":151,"parent":0,"menu_order":0,"comment_status":"closed","ping_status":"closed","template":"","meta":{"footnotes":""},"class_list":["post-146","page","type-page","status-publish","has-post-thumbnail","hentry"],"_links":{"self":[{"href":"https:\/\/hubet.wine\/index.php\/wp-json\/wp\/v2\/pages\/146","targetHints":{"allow":["GET"]}}],"collection":[{"href":"https:\/\/hubet.wine\/index.php\/wp-json\/wp\/v2\/pages"}],"about":[{"href":"https:\/\/hubet.wine\/index.php\/wp-json\/wp\/v2\/types\/page"}],"author":[{"embeddable":true,"href":"https:\/\/hubet.wine\/index.php\/wp-json\/wp\/v2\/users\/1"}],"replies":[{"embeddable":true,"href":"https:\/\/hubet.wine\/index.php\/wp-json\/wp\/v2\/comments?post=146"}],"version-history":[{"count":0,"href":"https:\/\/hubet.wine\/index.php\/wp-json\/wp\/v2\/pages\/146\/revisions"}],"wp:featuredmedia":[{"embeddable":true,"href":"https:\/\/hubet.wine\/index.php\/wp-json\/wp\/v2\/media\/151"}],"wp:attachment":[{"href":"https:\/\/hubet.wine\/index.php\/wp-json\/wp\/v2\/media?parent=146"}],"curies":[{"name":"wp","href":"https:\/\/api.w.org\/{rel}","templated":true}]}}