{"id":145,"date":"2026-05-14T19:07:02","date_gmt":"2026-05-14T12:07:02","guid":{"rendered":"https:\/\/hubet.wine\/index.php\/da-ga-hubet\/"},"modified":"2026-05-14T19:07:02","modified_gmt":"2026-05-14T12:07:02","slug":"da-ga-hubet","status":"publish","type":"page","link":"https:\/\/hubet.wine\/index.php\/da-ga-hubet\/","title":{"rendered":"\u0110\u00e1 G\u00e0 Hubet &#8211; Ch\u1ecdi K\u00ea C\u1ef1c \u0110\u00e3 V\u1edbi Nhi\u1ec1u Ph\u1ea7n Qu\u00e0 Kh\u1ee7ng"},"content":{"rendered":"<div class=\"row\" id=\"row-1854419734\">\n<div id=\"col-1953695847\" class=\"col medium-3 small-12 large-3\">\n<div class=\"col-inner\">\n<div id=\"text-1019877755\" class=\"text khung\">\n<div class=\"trang-chu\">\n<p style=\"text-align: center;\"><strong><span class=\"widget-title\">\u2705TH\u00d4NG TIN<\/span><\/strong><\/p>\n<div class=\"textwidget\">\n<ul>\n<li><strong>Th\u01b0\u01a1ng hi\u1ec7u: <a href=\"https:\/\/hubet.wine\/\">HUBET<\/a><\/strong><\/li>\n<li><strong>Danh M\u1ee5c:<\/strong> C\u00e1 C\u01b0\u1ee3c Tr\u1ef1c Tuy\u1ebfn<\/li>\n<li><strong>S\u1ea3n Ph\u1ea9m Ch\u1ee7 \u0110\u1ea1o:<\/strong> Casino Online<\/li>\n<li><strong>N\u0103m Th\u00e0nh L\u1eadp:<\/strong> 2019<\/li>\n<li><strong>\u0110\u1ecba ch\u1ec9<\/strong>: 03 L\u00ea Thanh Ngh\u1ecb, Ho\u00e0 C\u01b0\u1eddng B\u1eafc, H\u1ea3i Ch\u00e2u, \u0110\u00e0 N\u1eb5ng 50000, Vi\u1ec7t Nam<\/li>\n<li><strong>Email: <\/strong>support@xoi.us.com<strong><br \/><\/strong><\/li>\n<li><b>Hotline: 0375 704 385<\/b><\/li>\n<li><strong>Website<\/strong>: <a href=\"https:\/\/hubet.wine\/\"><strong>https:\/\/xoi.us.com\/<\/strong><\/a><\/li>\n<li><strong>Hashtag: <\/strong>#hubet #hubetdecom #hu_bet #hubet_casino\u00a0 #CasinoOnline #T\u00e0iX\u1ec9u<\/li>\n<\/ul>\n<div class=\"trang-chu\">\u00a0<\/div>\n<\/div>\n<\/div><\/div>\n<div id=\"text-218305050\" class=\"text khung\">\n<div class=\"trang-chu\">\n<div style=\"text-align: center;\"><strong>\u00a0\u2705S\u1ea2N PH\u1ea8M<\/strong><\/div>\n<ul>\n<li><a href=\"https:\/\/hubet.wine\/casino-hubet\/\"><strong>Casino<\/strong><\/a><\/li>\n<li><a href=\"https:\/\/hubet.wine\/the-thao-hubet\/\"><strong>Th\u1ec3 Thao<\/strong><\/a><\/li>\n<li><a href=\"https:\/\/hubet.wine\/no-hu-hubet\/\"><strong>N\u1ed5 H\u0169<\/strong><\/a><\/li>\n<li><a href=\"https:\/\/hubet.wine\/ban-ca-hubet\/\"><strong>B\u1eafn C\u00e1<\/strong><\/a><\/li>\n<li><a href=\"https:\/\/hubet.wine\/da-ga-hubet\/\"><strong>\u0110\u00e1 G\u00e0<\/strong><\/a><\/li>\n<li><a href=\"https:\/\/hubet.wine\/xo-so-hubet\/\"><strong>X\u1ed5 S\u1ed1<\/strong><\/a><\/li>\n<\/ul>\n<\/div><\/div>\n<\/p><\/div>\n<\/p><\/div>\n<div id=\"col-997218907\" class=\"col medium-9 small-12 large-9\">\n<div class=\"col-inner\">\n<p><a href=\"https:\/\/hubet.wine\/da-ga-hubet\/\"><b>\u0110\u00e1 g\u00e0 Hubet<\/b><\/a><span style=\"font-weight: 400;\"> mang \u0111\u1ebfn m\u1ed9t s\u00e2n ch\u01a1i gi\u1ea3i tr\u00ed tr\u1ef1c tuy\u1ebfn \u0111\u1ea7y cu\u1ed1n h\u00fat, n\u01a1i tinh hoa truy\u1ec1n th\u1ed1ng \u0111\u01b0\u1ee3c k\u1ebft h\u1ee3p h\u00e0i h\u00f2a v\u1edbi c\u00f4ng ngh\u1ec7 hi\u1ec7n \u0111\u1ea1i. Kh\u00f4ng ch\u1ec9 \u0111\u01a1n thu\u1ea7n l\u00e0 m\u1ed9t h\u00ecnh th\u1ee9c gi\u1ea3i tr\u00ed, \u0111\u00e2y c\u00f2n l\u00e0 c\u01a1 h\u1ed9i \u0111\u1ec3 kh\u00e1ch h\u00e0ng n\u00e2ng cao thu nh\u1eadp m\u1ed7i ng\u00e0y. C\u00f9ng t\u00ecm hi\u1ec3u chuy\u00ean m\u1ee5c h\u1ea5p d\u1eabn n\u00e0y t\u1ea1i <strong><a href=\"https:\/\/hubet.wine\/\">Hubet<\/a> <\/strong>qua b\u00e0i vi\u1ebft d\u01b0\u1edbi \u0111\u00e2y nh\u00e9!<\/span><\/p>\n<h2><b>\u0110\u00f4i n\u00e9t b\u1ea1n c\u1ea7n bi\u1ebft v\u1ec1 s\u1ea3nh \u0111\u00e1 g\u00e0 Hubet<\/b><\/h2>\n<figure id=\"attachment_617\" aria-describedby=\"caption-attachment-617\" style=\"width: 800px\" class=\"wp-caption aligncenter\"><img title=\"\u0110\u00f4i n\u00e9t v\u1ec1 s\u1ea3nh \u0111\u00e1 g\u00e0 Hubet\" loading=\"lazy\" decoding=\"async\" class=\"size-full wp-image-617\" src=\"https:\/\/hubet.wine\/wp-content\/uploads\/2026\/05\/da-ga-hubet-doi-net.webp\" alt=\"\u0110\u00f4i n\u00e9t v\u1ec1 s\u1ea3nh \u0111\u00e1 g\u00e0 Hubet\" width=\"800\" height=\"450\"><figcaption id=\"caption-attachment-617\" class=\"wp-caption-text\">\u0110\u00f4i n\u00e9t v\u1ec1 s\u1ea3nh \u0111\u00e1 g\u00e0 Hubet<\/figcaption><\/figure>\n<p><span style=\"font-weight: 400;\">S\u1ef1 b\u00f9ng n\u1ed5 c\u1ee7a c\u00f4ng ngh\u1ec7 hi\u1ec7n \u0111\u1ea1i \u0111\u00e3 m\u1edf ra m\u1ed9t ph\u01b0\u01a1ng th\u1ee9c ho\u00e0n to\u00e0n m\u1edbi cho b\u1ed9 m\u00f4n ch\u1ecdi k\u00ea. Gi\u1edd \u0111\u00e2y, thay v\u00ec ph\u1ea3i tr\u1ef1c ti\u1ebfp \u0111\u1ebfn c\u00e1c tr\u01b0\u1eddng \u0111\u1ea5u, kh\u00e1ch h\u00e0ng c\u00f3 th\u1ec3 d\u1ec5 d\u00e0ng truy c\u1eadp <\/span><b>\u0111\u00e1 g\u00e0 Hubet<\/b><span style=\"font-weight: 400;\"> \u0111\u1ec3 th\u1ecfa m\u00e3n ni\u1ec1m \u0111am m\u00ea b\u1ea5t c\u1ee9 l\u00fac n\u00e0o, b\u1ea5t c\u1ee9 n\u01a1i \u0111\u00e2u.<\/span><\/p>\n<p><span style=\"font-weight: 400;\">T\u1ea1i Hubet, chuy\u00ean m\u1ee5c ch\u1ecdi k\u00ea \u0111\u01b0\u1ee3c thi\u1ebft k\u1ebf chuy\u00ean nghi\u1ec7p v\u00e0 b\u00e0i b\u1ea3n, \u0111\u1ea3m b\u1ea3o mang l\u1ea1i tr\u1ea3i nghi\u1ec7m c\u00f4ng b\u1eb1ng, minh b\u1ea1ch cho m\u1ecdi \u0111\u1ed1i t\u01b0\u1ee3ng kh\u00e1ch h\u00e0ng. H\u1ec7 th\u1ed1ng s\u00e0n \u0111\u1ea5u c\u1ee7a ch\u00fang t\u00f4i k\u1ebft n\u1ed1i v\u1edbi lo\u1ea1t tr\u01b0\u1eddng g\u00e0 danh ti\u1ebfng khu v\u1ef1c nh\u01b0 Th\u00e1i Lan, Philippines hay Campuchia, \u0111em \u0111\u1ebfn nh\u1eefng tr\u1eadn tranh t\u00e0i n\u1ea3y l\u1eeda, \u0111\u1eadm t\u00ednh chuy\u00ean m\u00f4n.<\/span><\/p>\n<p><span style=\"font-weight: 400;\">C\u00e1c chi\u1ebfn k\u00ea \u0111\u1ec1u s\u1edf h\u1eefu th\u00e0nh t\u00edch \u1ea5n t\u01b0\u1ee3ng li\u00ean t\u1ee5c c\u1ed1ng hi\u1ebfn nh\u1eefng m\u00e0n \u0111\u1ed1i \u0111\u1ea7u ngh\u1eb9t th\u1edf. Kh\u00f4ng ch\u1ec9 th\u01b0\u1edfng th\u1ee9c tr\u1eadn \u0111\u1ea5u m\u00e3n nh\u00e3n, h\u1ed9i vi\u00ean c\u00f2n c\u00f3 th\u1ec3 tham gia d\u1ef1 \u0111o\u00e1n k\u1ebft qu\u1ea3 v\u00e0 nh\u1eadn th\u01b0\u1edfng khi l\u1ef1a ch\u1ecdn ch\u00ednh x\u00e1c. \u0110\u00e2y l\u00e0 c\u01a1 h\u1ed9i l\u00fd t\u01b0\u1edfng \u0111\u1ec3 n\u00e2ng cao thu nh\u1eadp ngay t\u1ea1i<\/span><b> \u0111\u00e1 g\u00e0 Hubet<\/b><span style=\"font-weight: 400;\">.<\/span><\/p>\n<h2><b>T\u1ed5ng h\u1ee3p h\u00ecnh th\u1ee9c \u0111\u00e1 g\u00e0 Hubet n\u1ed5i b\u1eadt b\u1ea1n n\u00ean bi\u1ebft<\/b><\/h2>\n<figure id=\"attachment_618\" aria-describedby=\"caption-attachment-618\" style=\"width: 800px\" class=\"wp-caption aligncenter\"><img title=\"T\u1ed5ng h\u1ee3p h\u00ecnh th\u1ee9c \u0111\u00e1 g\u00e0\" loading=\"lazy\" decoding=\"async\" class=\"size-full wp-image-618\" src=\"https:\/\/hubet.wine\/wp-content\/uploads\/2026\/05\/da-ga-hubet-hinh-thuc-hot.webp\" alt=\"T\u1ed5ng h\u1ee3p h\u00ecnh th\u1ee9c \u0111\u00e1 g\u00e0\" width=\"800\" height=\"450\"><figcaption id=\"caption-attachment-618\" class=\"wp-caption-text\">T\u1ed5ng h\u1ee3p h\u00ecnh th\u1ee9c \u0111\u00e1 g\u00e0<\/figcaption><\/figure>\n<p><span style=\"font-weight: 400;\">Nh\u00e0 c\u00e1i \u0111\u00e3 thi\u1ebft l\u1eadp nhi\u1ec1u m\u1ed1i quan h\u1ec7 \u0111\u1ed1i t\u00e1c v\u1edbi c\u00e1c tr\u01b0\u1eddng g\u00e0 n\u1ed5i ti\u1ebfng nh\u01b0 Thomo, Sabong,\u2026 Nh\u1edd \u0111\u00f3, h\u1ed9i vi\u00ean c\u00f3 th\u1ec3 th\u01b0\u1edfng th\u1ee9c h\u00e0ng lo\u1ea1t tr\u1eadn \u0111\u1ea5u phong ph\u00fa v\u00e0 \u0111a d\u1ea1ng m\u1ed7i ng\u00e0y. D\u00f9 b\u1ea1n \u01b0a th\u00edch th\u1ec3 lo\u1ea1i n\u00e0o, khi tham gia v\u00e0o s\u1ea3nh ch\u01a1i, b\u1ea1n s\u1ebd \u0111\u01b0\u1ee3c tr\u1ea3i nghi\u1ec7m nh\u1eefng g\u00ec m\u00ecnh mong mu\u1ed1n. Hi\u1ec7n t\u1ea1i, s\u00e2n ch\u01a1i c\u0169ng \u0111ang cung c\u1ea5p nhi\u1ec1u lo\u1ea1i h\u00ecnh ch\u1ecdi k\u00ea h\u1ea5p d\u1eabn, bao g\u1ed3m:<\/span><\/p>\n<h3><b>\u0110\u00e1 g\u00e0 c\u1ef1a s\u1eaft k\u1ecbch t\u00ednh<\/b><\/h3>\n<p><span style=\"font-weight: 400;\">Chuy\u00ean m\u1ee5c <\/span><b>\u0111\u00e1 g\u00e0 Hubet<\/b><span style=\"font-weight: 400;\"> ng\u00e0y c\u00e0ng thu h\u00fat s\u1ef1 ch\u00fa \u00fd v\u1edbi nh\u1eefng tr\u1eadn \u0111\u1ea5u k\u1ecbch t\u00ednh c\u1ee7a c\u00e1c chi\u1ebfn k\u00ea c\u1ef1a s\u1eaft. Nh\u1eefng chi\u1ebfn k\u00ea \u0111\u01b0\u1ee3c tuy\u1ec3n ch\u1ecdn k\u1ef9 l\u01b0\u1ee1ng, v\u1edbi \u0111\u00f4i c\u1ef1a s\u1eafc b\u00e9n, mang \u0111\u1ebfn nh\u1eefng pha so t\u00e0i c\u0103ng th\u1eb3ng v\u00e0 h\u1ea5p d\u1eabn.\u00a0\u00a0<\/span><\/p>\n<p><span style=\"font-weight: 400;\">C\u00e1c tr\u1eadn \u0111\u1ea5u t\u1eeb tr\u01b0\u1eddng Thomo, n\u01a1i quy t\u1ee5 nh\u1eefng chi\u1ebfn k\u00ea c\u1ef1a s\u1eaft h\u00e0ng \u0111\u1ea7u khu v\u1ef1c, s\u1ebd \u0111\u01b0\u1ee3c nh\u00e0 c\u00e1i ph\u00e1t tr\u1ef1c ti\u1ebfp. K\u00ea th\u1ee7 kh\u00f4ng ch\u1ec9 \u0111\u01b0\u1ee3c chi\u00eam ng\u01b0\u1ee1ng nh\u1eefng c\u00fa \u0111\u00e1 m\u1ea1nh m\u1ebd, tinh th\u1ea7n chi\u1ebfn \u0111\u1ea5u ngoan c\u01b0\u1eddng m\u00e0 c\u00f2n c\u00f3 c\u01a1 h\u1ed9i nh\u1eadn th\u01b0\u1edfng h\u1ea5p d\u1eabn khi d\u1ef1 \u0111o\u00e1n k\u1ebft qu\u1ea3 ch\u00ednh x\u00e1c.<\/span><\/p>\n<h3><b>\u0110\u00e1 g\u00e0 c\u1ef1a dao chuy\u00ean nghi\u1ec7p<\/b><\/h3>\n<p><span style=\"font-weight: 400;\">C\u00e1c c\u01b0\u1ee3c th\u1ee7 chuy\u00ean nghi\u1ec7p ch\u1eafc ch\u1eafn s\u1ebd kh\u00f4ng mu\u1ed1n b\u1ecf l\u1ee1 nh\u1eefng tr\u1eadn chi\u1ebfn gay c\u1ea5n gi\u1eefa c\u00e1c chi\u1ebfn k\u00ea c\u1ef1a dao t\u1ea1i \u0111\u00e2y. C\u00e1c tr\u1eadn \u0111\u1ea5u h\u1ea5p d\u1eabn t\u1eeb tr\u01b0\u1eddng Sabong \u1edf Campuchia s\u1ebd \u0111\u01b0\u1ee3c ph\u00e1t s\u00f3ng tr\u1ef1c ti\u1ebfp, v\u1edbi s\u1ef1 \u0111\u1ea3m b\u1ea3o v\u1ec1 t\u00ednh minh b\u1ea1ch v\u00e0 c\u00f4ng b\u1eb1ng trong m\u1ecdi kh\u00eda c\u1ea1nh c\u1ee7a qu\u00e1 tr\u00ecnh t\u1ed5 ch\u1ee9c v\u00e0 c\u00f4ng b\u1ed1 k\u1ebft qu\u1ea3.<\/span><\/p>\n<p><span style=\"font-weight: 400;\">H\u00e0ng ng\u00e0y, h\u00e0ng ch\u1ee5c tr\u1eadn \u0111\u1ea5u \u0111\u01b0\u1ee3c di\u1ec5n ra \u0111\u1ec3 \u0111\u00e1p \u1ee9ng nhu c\u1ea7u \u0111a d\u1ea1ng v\u00e0 s\u1edf th\u00edch c\u1ee7a nh\u1eefng ng\u01b0\u1eddi \u0111am m\u00ea \u0111\u00e1 g\u00e0 t\u1ea1i Hubet. B\u1ea1n c\u00f3 th\u1ec3 tham kh\u1ea3o nh\u1eefng g\u1ee3i \u00fd t\u1eeb h\u1ec7 th\u1ed1ng \u0111\u1ec3 l\u1ef1a ch\u1ecdn \u0111\u1eb7t c\u01b0\u1ee3c v\u00e0 kh\u00e1m ph\u00e1 c\u01a1 h\u1ed9i nh\u1eadn ph\u1ea7n th\u01b0\u1edfng h\u1ea5p d\u1eabn.<\/span><\/p>\n<h3><b>C\u00e1c h\u00ecnh th\u1ee9c n\u1ed5i b\u1eadt kh\u00e1c<\/b><\/h3>\n<p><span style=\"font-weight: 400;\">B\u00ean c\u1ea1nh c\u00e1c lo\u1ea1i <\/span><b>\u0111\u00e1 g\u00e0 Hubet<\/b><span style=\"font-weight: 400;\"> \u0111\u00e3 \u0111\u01b0\u1ee3c nh\u1eafc \u0111\u1ebfn, s\u1ea3nh ch\u01a1i c\u00f2n mang \u0111\u1ebfn cho c\u01b0\u1ee3c th\u1ee7 v\u00f4 s\u1ed1 l\u1ef1a ch\u1ecdn h\u1ea5p d\u1eabn kh\u00e1c nh\u01b0: \u0110\u00e1 g\u00e0 ch\u1ecdi, ch\u1ecdi k\u00ea M\u1ef9, \u0111\u00e1 g\u00e0 Peru v\u00e0 \u0111\u00e1 g\u00e0 tre. M\u1ed7i h\u00ecnh th\u1ee9c \u0111\u1ec1u cam k\u1ebft t\u00ednh minh b\u1ea1ch v\u00e0 c\u00f4ng b\u1eb1ng, t\u1ea1o \u0111i\u1ec1u ki\u1ec7n \u0111\u1ec3 c\u00e1c k\u00ea th\u1ee7 c\u00f3 th\u1ec3 y\u00ean t\u00e2m tham gia v\u00e0 th\u01b0\u1edfng th\u1ee9c nh\u1eefng gi\u00e2y ph\u00fat gi\u1ea3i tr\u00ed \u0111\u1ea7y h\u1ee9ng kh\u1edfi.<\/span><\/p>\n<h2><b>H\u01b0\u1edbng d\u1eabn tham gia \u0111\u00e1 g\u00e0 Hubet chu\u1ea9n ch\u1ec9nh nh\u1ea5t<\/b><\/h2>\n<figure id=\"attachment_619\" aria-describedby=\"caption-attachment-619\" style=\"width: 800px\" class=\"wp-caption aligncenter\"><img title=\"H\u01b0\u1edbng d\u1eabn tham gia \u0111\u00e1 g\u00e0\" loading=\"lazy\" decoding=\"async\" class=\"size-full wp-image-619\" src=\"https:\/\/hubet.wine\/wp-content\/uploads\/2026\/05\/da-ga-hubet-huong-dan.webp\" alt=\"H\u01b0\u1edbng d\u1eabn tham gia \u0111\u00e1 g\u00e0\" width=\"800\" height=\"450\"><figcaption id=\"caption-attachment-619\" class=\"wp-caption-text\">H\u01b0\u1edbng d\u1eabn tham gia \u0111\u00e1 g\u00e0<\/figcaption><\/figure>\n<p><span style=\"font-weight: 400;\">Hubet t\u1eeb l\u00e2u \u0111\u00e3 tr\u1edf th\u00e0nh \u0111i\u1ec3m \u0111\u1ebfn quen thu\u1ed9c cho nh\u1eefng ai \u0111am m\u00ea c\u00e1 c\u01b0\u1ee3c, \u0111\u1eb7c bi\u1ec7t l\u00e0 v\u1edbi b\u1ed9 m\u00f4n ch\u1ecdi k\u00ea. N\u1ebfu b\u1ea1n \u0111ang t\u00f2 m\u00f2 c\u00e1ch th\u1ee9c tham gia v\u00e0 \u0111\u1eb7t c\u01b0\u1ee3c t\u1ea1i \u0111\u00e2y, h\u00e3y tham kh\u1ea3o c\u00e1c b\u01b0\u1edbc d\u01b0\u1edbi \u0111\u00e2y \u0111\u1ec3 b\u1eaft \u0111\u1ea7u h\u00e0nh tr\u00ecnh tr\u1ea3i nghi\u1ec7m:<\/span><\/p>\n<ul>\n<li style=\"font-weight: 400;\" aria-level=\"1\"><span style=\"font-weight: 400;\">B\u01b0\u1edbc 1: Vi\u1ec7c \u0111\u1ea7u ti\u00ean c\u1ea7n l\u00e0m \u0111\u1ec3 tham gia \u0111\u00e1 g\u00e0 Hubet l\u00e0 t\u1ea1o t\u00e0i kho\u1ea3n c\u00e1 nh\u00e2n. Quy tr\u00ecnh \u0111\u0103ng k\u00fd \u0111\u01b0\u1ee3c thi\u1ebft k\u1ebf \u0111\u01a1n gi\u1ea3n, gi\u00fap b\u1ea1n ho\u00e0n t\u1ea5t ch\u1ec9 trong v\u00e0i ph\u00fat. H\u00e3y truy c\u1eadp trang ch\u00ednh th\u1ee9c c\u1ee7a Hubet, nh\u1ea5n \u201c\u0110\u0103ng k\u00fd\u201d, sau \u0111\u00f3 \u0111i\u1ec1n \u0111\u1ea7y \u0111\u1ee7 th\u00f4ng tin theo y\u00eau c\u1ea7u v\u00e0 ti\u1ebfn h\u00e0nh x\u00e1c minh t\u00e0i kho\u1ea3n.<\/span><\/li>\n<li style=\"font-weight: 400;\" aria-level=\"1\"><span style=\"font-weight: 400;\">B\u01b0\u1edbc 2: Ngay sau khi t\u00e0i kho\u1ea3n \u0111\u00e3 \u0111\u01b0\u1ee3c k\u00edch ho\u1ea1t, b\u1ea1n ch\u1ec9 c\u1ea7n nh\u1ea5n v\u00e0o n\u00fat \u201c\u0110\u0103ng nh\u1eadp\u201d tr\u00ean giao di\u1ec7n ch\u00ednh, \u0111i\u1ec1n th\u00f4ng tin \u0111\u0103ng nh\u1eadp \u0111\u1ec3 truy c\u1eadp v\u00e0o h\u1ec7 th\u1ed1ng v\u00e0 b\u1eaft \u0111\u1ea7u kh\u00e1m ph\u00e1 khu v\u1ef1c c\u00e1 c\u01b0\u1ee3c.<\/span><\/li>\n<li style=\"font-weight: 400;\" aria-level=\"1\"><span style=\"font-weight: 400;\">B\u01b0\u1edbc 3: Sau khi v\u00e0o th\u00e0nh c\u00f4ng, h\u00e3y ch\u1ecdn chuy\u00ean m\u1ee5c \u201c\u0110\u00e1 g\u00e0\u201d v\u00e0 t\u00ecm ki\u1ebfm tr\u1eadn \u0111\u1ea5u c\u00f9ng lo\u1ea1i chi\u1ebfn k\u00ea m\u00e0 b\u1ea1n h\u1ee9ng th\u00fa. T\u1ea1i Hubet, k\u00ea th\u1ee7 s\u1ebd \u0111\u01b0\u1ee3c ti\u1ebfp c\u1eadn nhi\u1ec1u th\u1ec3 lo\u1ea1i \u0111\u00e1 g\u00e0, m\u1ed7i lo\u1ea1i mang phong c\u00e1ch v\u00e0 \u0111\u1eb7c \u0111i\u1ec3m ri\u00eang bi\u1ec7t. Vi\u1ec7c l\u1ef1a ch\u1ecdn lo\u1ea1i g\u00e0 ph\u00f9 h\u1ee3p v\u1edbi chi\u1ebfn l\u01b0\u1ee3c c\u00e1 c\u01b0\u1ee3c s\u1ebd g\u00f3p ph\u1ea7n quy\u1ebft \u0111\u1ecbnh ph\u1ea7n l\u1edbn \u0111\u1ebfn k\u1ebft qu\u1ea3 cu\u1ed1i c\u00f9ng.<\/span><\/li>\n<li style=\"font-weight: 400;\" aria-level=\"1\"><span style=\"font-weight: 400;\">B\u01b0\u1edbc 4: Khi \u0111\u00e3 x\u00e1c \u0111\u1ecbnh chi\u1ebfn k\u00ea m\u00ecnh mu\u1ed1n theo d\u00f5i, b\u1ea1n c\u00f3 th\u1ec3 ti\u1ebfn h\u00e0nh \u0111\u1eb7t ti\u1ec1n. N\u1ec1n t\u1ea3ng \u0111\u00e1 g\u00e0 c\u1ee7a Hubet h\u1ed7 tr\u1ee3 nhi\u1ec1u lo\u1ea1i c\u01b0\u1ee3c t\u1eeb c\u01a1 b\u1ea3n cho \u0111\u1ebfn n\u00e2ng cao, ph\u00f9 h\u1ee3p v\u1edbi m\u1ecdi \u0111\u1ed1i t\u01b0\u1ee3ng kh\u00e1ch h\u00e0ng. \u0110\u1ed3ng th\u1eddi, h\u1ec7 th\u1ed1ng c\u0169ng cung c\u1ea5p video tr\u1ef1c ti\u1ebfp \u0111\u1ec3 b\u1ea1n ti\u1ec7n theo d\u00f5i di\u1ec5n bi\u1ebfn v\u00e0 \u0111i\u1ec1u ch\u1ec9nh chi\u1ebfn l\u01b0\u1ee3c c\u01b0\u1ee3c ngay trong th\u1eddi gian th\u1ef1c.<\/span><\/li>\n<\/ul>\n<h2><b>K\u1ebft lu\u1eadn<\/b><\/h2>\n<p><span style=\"font-weight: 400;\">S\u1ea3nh <\/span><b>\u0111\u00e1 g\u00e0 Hubet<\/b><span style=\"font-weight: 400;\"> lu\u00f4n n\u1ed7 l\u1ef1c v\u00e0 ph\u00e1t tri\u1ec3n \u0111\u1ec3 tr\u1edf th\u00e0nh l\u1ef1a ch\u1ecdn h\u00e0ng \u0111\u1ea7u cho c\u00e1c k\u00ea th\u1ee7 tr\u00ean to\u00e0n th\u1ebf gi\u1edbi. V\u1edbi s\u1ef1 \u0111a d\u1ea1ng trong c\u00e1c th\u1ec3 lo\u1ea1i ch\u1ecdi k\u00ea, c\u00e1c k\u00e8o \u0111\u1ea5u th\u00fa v\u1ecb c\u00f9ng t\u1ef7 l\u1ec7 th\u01b0\u1edfng h\u1ea5p d\u1eabn, nh\u00e0 c\u00e1i cam k\u1ebft mang \u0111\u1ebfn nh\u1eefng tr\u1ea3i nghi\u1ec7m tuy\u1ec7t v\u1eddi, \u0111\u00e1p \u1ee9ng \u0111\u1ea7y \u0111\u1ee7 s\u1edf th\u00edch v\u00e0 \u0111am m\u00ea c\u1ee7a kh\u00e1ch h\u00e0ng.<\/span><\/p>\n<\/p><\/div>\n<\/p><\/div>\n<\/div>\n","protected":false},"excerpt":{"rendered":"<p>\u2705TH\u00d4NG TIN Th\u01b0\u01a1ng hi\u1ec7u: HUBET Danh M\u1ee5c: C\u00e1 C\u01b0\u1ee3c Tr\u1ef1c Tuy\u1ebfn S\u1ea3n Ph\u1ea9m Ch\u1ee7 \u0110\u1ea1o: Casino Online N\u0103m Th\u00e0nh L\u1eadp: 2019 \u0110\u1ecba ch\u1ec9: 03 L\u00ea Thanh Ngh\u1ecb, Ho\u00e0 C\u01b0\u1eddng B\u1eafc, H\u1ea3i Ch\u00e2u, \u0110\u00e0 N\u1eb5ng 50000, Vi\u1ec7t Nam Email: support@xoi.us.com Hotline: 0375 704 385 Website: https:\/\/xoi.us.com\/ Hashtag: #hubet #hubetdecom #hu_bet #hubet_casino\u00a0 #CasinoOnline #T\u00e0iX\u1ec9u \u00a0 \u00a0\u2705S\u1ea2N PH\u1ea8M [&#8230;]\n","protected":false},"author":1,"featured_media":150,"parent":0,"menu_order":0,"comment_status":"closed","ping_status":"closed","template":"","meta":{"footnotes":""},"class_list":["post-145","page","type-page","status-publish","has-post-thumbnail","hentry"],"_links":{"self":[{"href":"https:\/\/hubet.wine\/index.php\/wp-json\/wp\/v2\/pages\/145","targetHints":{"allow":["GET"]}}],"collection":[{"href":"https:\/\/hubet.wine\/index.php\/wp-json\/wp\/v2\/pages"}],"about":[{"href":"https:\/\/hubet.wine\/index.php\/wp-json\/wp\/v2\/types\/page"}],"author":[{"embeddable":true,"href":"https:\/\/hubet.wine\/index.php\/wp-json\/wp\/v2\/users\/1"}],"replies":[{"embeddable":true,"href":"https:\/\/hubet.wine\/index.php\/wp-json\/wp\/v2\/comments?post=145"}],"version-history":[{"count":0,"href":"https:\/\/hubet.wine\/index.php\/wp-json\/wp\/v2\/pages\/145\/revisions"}],"wp:featuredmedia":[{"embeddable":true,"href":"https:\/\/hubet.wine\/index.php\/wp-json\/wp\/v2\/media\/150"}],"wp:attachment":[{"href":"https:\/\/hubet.wine\/index.php\/wp-json\/wp\/v2\/media?parent=145"}],"curies":[{"name":"wp","href":"https:\/\/api.w.org\/{rel}","templated":true}]}}