{"id":144,"date":"2026-05-14T19:07:02","date_gmt":"2026-05-14T12:07:02","guid":{"rendered":"https:\/\/hubet.wine\/index.php\/dang-ky-hubet\/"},"modified":"2026-05-14T19:07:02","modified_gmt":"2026-05-14T12:07:02","slug":"dang-ky-hubet","status":"publish","type":"page","link":"https:\/\/hubet.wine\/index.php\/dang-ky-hubet\/","title":{"rendered":"\u0110\u0103ng K\u00fd Hubet Ch\u1ec9 V\u1edbi C\u00e1c B\u01b0\u1edbc C\u1ef1c \u0110\u01a1n Gi\u1ea3n Cho T\u00e2n Th\u1ee7"},"content":{"rendered":"<div class=\"row\" id=\"row-1375542088\">\n<div id=\"col-1896744333\" class=\"col medium-3 small-12 large-3\">\n<div class=\"col-inner\">\n<div id=\"text-2715865766\" class=\"text khung\">\n<div style=\"text-align: center;\"><strong>\u2705TH\u00d4NG TIN<\/strong><\/div>\n<div>\u00a0<\/div>\n<ul>\n<li><strong>Th\u01b0\u01a1ng hi\u1ec7u:<\/strong> <a href=\"https:\/\/hubet.wine\/\"><strong>HUBET<\/strong><\/a><\/li>\n<li><strong>Danh M\u1ee5c:<\/strong> C\u00e1 C\u01b0\u1ee3c Tr\u1ef1c Tuy\u1ebfn<\/li>\n<li><strong>S\u1ea3n Ph\u1ea9m Ch\u1ee7 \u0110\u1ea1o:<\/strong> Casino Online<\/li>\n<li><strong>N\u0103m Th\u00e0nh L\u1eadp:<\/strong> 2019<\/li>\n<li><strong>\u0110\u1ecba ch\u1ec9:<\/strong> 03 L\u00ea Thanh Ngh\u1ecb, Ho\u00e0 C\u01b0\u1eddng B\u1eafc, H\u1ea3i Ch\u00e2u, \u0110\u00e0 N\u1eb5ng 50000, Vi\u1ec7t Nam<\/li>\n<li><strong>Email:<\/strong> support@xoi.us.com<\/li>\n<li><strong>Hotline:<\/strong> 0375 704 385<\/li>\n<li><strong>Website:<\/strong> <a href=\"https:\/\/hubet.wine\/\"><strong>https:\/\/xoi.us.com\/<\/strong><\/a><\/li>\n<li><strong>Hashtag:<\/strong> #hubet #hubetdecom #hu_bet #hubet_casino\u00a0 #CasinoOnline #T\u00e0iX\u1ec9u<\/li>\n<\/ul><\/div>\n<div id=\"text-3104777188\" class=\"text khung\">\n<div style=\"text-align: center;\"><strong>\u00a0\u2705S\u1ea2N PH\u1ea8M<\/strong><\/div>\n<p>\u00a0<\/p>\n<ul>\n<li><a href=\"https:\/\/hubet.wine\/casino-hubet\/\"><strong>Casino<\/strong><\/a><\/li>\n<li><a href=\"https:\/\/hubet.wine\/the-thao-hubet\/\"><strong>Th\u1ec3 Thao<\/strong><\/a><\/li>\n<li><a href=\"https:\/\/hubet.wine\/no-hu-hubet\/\"><strong>N\u1ed5 H\u0169<\/strong><\/a><\/li>\n<li><a href=\"https:\/\/hubet.wine\/ban-ca-hubet\/\"><strong>B\u1eafn C\u00e1<\/strong><\/a><\/li>\n<li><a href=\"https:\/\/hubet.wine\/da-ga-hubet\/\"><strong>\u0110\u00e1 G\u00e0<\/strong><\/a><\/li>\n<li><a href=\"https:\/\/hubet.wine\/xo-so-hubet\/\"><strong>X\u1ed5 S\u1ed1<\/strong><\/a><\/li>\n<\/ul><\/div>\n<\/p><\/div>\n<\/p><\/div>\n<div id=\"col-1180530474\" class=\"col medium-9 small-12 large-9\">\n<div class=\"col-inner\">\n<p><span style=\"font-weight: 400;\">Hi\u1ec7n t\u1ea1i, thao t\u00e1c <\/span><a href=\"https:\/\/hubet.wine\/dang-ky-hubet\/\"><b>\u0111\u0103ng k\u00fd Hubet<\/b><\/a><span style=\"font-weight: 400;\"> \u0111\u00e3 \u0111\u01b0\u1ee3c tinh gi\u1ea3n \u0111\u00e1ng k\u1ec3 nh\u1eb1m t\u1ea1o \u0111i\u1ec1u ki\u1ec7n thu\u1eadn l\u1ee3i cho kh\u00e1ch h\u00e0ng. M\u1eb7c d\u00f9 v\u1eady, m\u1ed9t s\u1ed1 b\u1ea1n t\u00e2n th\u1ee7 v\u1eabn c\u00f3 th\u1ec3 g\u1eb7p kh\u00f3 kh\u0103n trong qu\u00e1 tr\u00ecnh ti\u1ebfp c\u1eadn nh\u00e0 c\u00e1i c\u1ee7a ch\u00fang t\u00f4i. \u0110\u1ec3 gi\u00fap b\u1ea1n ho\u00e0n t\u1ea5t vi\u1ec7c m\u1edf t\u00e0i kho\u1ea3n t\u1ea1i <strong><a href=\"https:\/\/hubet.wine\/\">Hubet<\/a><\/strong> m\u1ed9t c\u00e1ch tr\u01a1n tru v\u00e0 hi\u1ec7u qu\u1ea3, \u0111\u1eebng b\u1ecf l\u1ee1 lo\u1ea1t h\u01b0\u1edbng d\u1eabn c\u1ee5 th\u1ec3 \u0111\u01b0\u1ee3c chia s\u1ebb ngay sau \u0111\u00e2y!<\/span><\/p>\n<h2><b>\u0110i\u1ec1u ki\u1ec7n c\u1ea7n chu\u1ea9n b\u1ecb tr\u01b0\u1edbc khi \u0111\u0103ng k\u00fd Hubet<\/b><\/h2>\n<figure id=\"attachment_638\" aria-describedby=\"caption-attachment-638\" style=\"width: 800px\" class=\"wp-caption aligncenter\"><img title=\"\u0110i\u1ec1u ki\u1ec7n tr\u01b0\u1edbc khi \u0111\u0103ng k\u00fd Hubet\" loading=\"lazy\" decoding=\"async\" class=\"size-full wp-image-638\" src=\"https:\/\/hubet.wine\/wp-content\/uploads\/2026\/05\/dang-ky-hubet-1.webp\" alt=\"\u0110i\u1ec1u ki\u1ec7n tr\u01b0\u1edbc khi \u0111\u0103ng k\u00fd Hubet\" width=\"800\" height=\"450\"><figcaption id=\"caption-attachment-638\" class=\"wp-caption-text\">\u0110i\u1ec1u ki\u1ec7n tr\u01b0\u1edbc khi \u0111\u0103ng k\u00fd Hubet<\/figcaption><\/figure>\n<p><span style=\"font-weight: 400;\">Hubet \u0111\u00e3 x\u00e2y d\u1ef1ng \u0111\u01b0\u1ee3c uy t\u00edn v\u1eefng ch\u1eafc trong c\u1ed9ng \u0111\u1ed3ng c\u00e1 c\u01b0\u1ee3c, \u0111\u1eb7c bi\u1ec7t l\u00e0 \u0111\u1ed1i v\u1edbi nh\u1eefng l\u00e3o l\u00e0ng gi\u00e0u kinh nghi\u1ec7m. \u0110\u1ec3 gi\u1eef v\u1eefng s\u1ef1 minh b\u1ea1ch v\u00e0 \u0111\u1ea3m b\u1ea3o \u0111\u1ed9 tin c\u1eady c\u1ee7a n\u1ec1n t\u1ea3ng, nh\u00e0 c\u00e1i \u0111\u00e3 \u0111\u1ec1 ra c\u00e1c quy \u0111\u1ecbnh v\u00e0 \u0111i\u1ec1u ki\u1ec7n c\u1ee5 th\u1ec3. D\u01b0\u1edbi \u0111\u00e2y l\u00e0 nh\u1eefng y\u00eau c\u1ea7u quan tr\u1ecdng m\u00e0 h\u1ed9i vi\u00ean c\u1ea7n tu\u00e2n th\u1ee7 khi t\u1ea1o t\u00e0i kho\u1ea3n Hubet:<\/span><\/p>\n<ul>\n<li style=\"font-weight: 400;\" aria-level=\"1\"><span style=\"font-weight: 400;\">Tr\u01b0\u1edbc ti\u00ean, \u0111\u1ec3 tham gia<\/span><b> \u0111\u0103ng k\u00fd Hubet<\/b><span style=\"font-weight: 400;\">, kh\u00e1ch h\u00e0ng c\u1ea7n ph\u1ea3i t\u1eeb 18 tu\u1ed5i tr\u1edf l\u00ean, \u0111\u00e1p \u1ee9ng \u0111i\u1ec1u ki\u1ec7n t\u1ed1i thi\u1ec3u v\u1ec1 \u0111\u1ed9 tu\u1ed5i quy \u0111\u1ecbnh cho vi\u1ec7c c\u00e1 c\u01b0\u1ee3c. \u0110\u00e2y l\u00e0 y\u00eau c\u1ea7u c\u01a1 b\u1ea3n, b\u1eaft bu\u1ed9c \u0111\u1ec3 c\u00f3 th\u1ec3 truy c\u1eadp c\u00e1c d\u1ecbch v\u1ee5 c\u1ee7a nh\u00e0 c\u00e1i.<\/span><\/li>\n<li style=\"font-weight: 400;\" aria-level=\"1\"><span style=\"font-weight: 400;\">Trong su\u1ed1t qu\u00e1 tr\u00ecnh t\u1ea1o t\u00e0i kho\u1ea3n, b\u1ea1n ph\u1ea3i cung c\u1ea5p th\u00f4ng tin ch\u00ednh x\u00e1c v\u00e0 \u0111\u1ea7y \u0111\u1ee7 theo y\u00eau c\u1ea7u c\u1ee7a h\u1ec7 th\u1ed1ng. C\u00e1c d\u1eef li\u1ec7u n\u00e0y s\u1ebd \u0111\u01b0\u1ee3c s\u1eed d\u1ee5ng \u0111\u1ec3 x\u00e1c minh v\u00e0 c\u1ea5p quy\u1ec1n truy c\u1eadp v\u00e0o t\u00e0i kho\u1ea3n c\u1ee7a b\u1ea1n. N\u1ebfu th\u00f4ng tin kh\u00f4ng \u0111\u00fang, vi\u1ec7c \u0111\u0103ng k\u00fd s\u1ebd kh\u00f4ng th\u1ec3 ho\u00e0n t\u1ea5t.<\/span><\/li>\n<li style=\"font-weight: 400;\" aria-level=\"1\"><span style=\"font-weight: 400;\">M\u1ed9t y\u1ebfu t\u1ed1 quan tr\u1ecdng n\u1eefa l\u00e0 \u0111\u1ea3m b\u1ea3o k\u1ebft n\u1ed1i internet \u1ed5n \u0111\u1ecbnh khi <\/span><b>\u0111\u0103ng k\u00fd Hubet<\/b><span style=\"font-weight: 400;\">. M\u1ea1ng l\u01b0\u1edbi kh\u00f4ng \u1ed5n \u0111\u1ecbnh ho\u1eb7c b\u1ecb gi\u00e1n \u0111o\u1ea1n c\u00f3 th\u1ec3 g\u00e2y l\u1ed7i, khi\u1ebfn qu\u00e1 tr\u00ecnh \u0111\u0103ng k\u00fd b\u1ecb tr\u00ec ho\u00e3n ho\u1eb7c th\u1ea5t b\u1ea1i.<\/span><\/li>\n<li style=\"font-weight: 400;\" aria-level=\"1\"><span style=\"font-weight: 400;\">Cu\u1ed1i c\u00f9ng, kh\u00e1ch h\u00e0ng c\u1ea7n ch\u00fa \u00fd r\u1eb1ng vi\u1ec7c t\u1ea1o nhi\u1ec1u t\u00e0i kho\u1ea3n c\u00e1 nh\u00e2n tr\u00ean n\u1ec1n t\u1ea3ng Hubet l\u00e0 h\u00e0nh vi kh\u00f4ng \u0111\u01b0\u1ee3c ph\u00e9p. N\u1ebfu ph\u00e1t hi\u1ec7n c\u00f3 s\u1ef1 tr\u00f9ng l\u1eb7p th\u00f4ng tin c\u00e1 nh\u00e2n tr\u00ean c\u00e1c t\u00e0i kho\u1ea3n kh\u00e1c nhau, t\u1ea5t c\u1ea3 nh\u1eefng t\u00e0i kho\u1ea3n n\u00e0y s\u1ebd b\u1ecb kh\u00f3a v\u0129nh vi\u1ec5n m\u00e0 kh\u00f4ng c\u00f3 ngo\u1ea1i l\u1ec7.<\/span><\/li>\n<\/ul>\n<h2><b>T\u1ea1i sao bet th\u1ee7 lu\u00f4n \u01b0u ti\u00ean l\u1ef1a ch\u1ecdn \u0111\u0103ng k\u00fd Hubet?<\/b><\/h2>\n<figure id=\"attachment_639\" aria-describedby=\"caption-attachment-639\" style=\"width: 800px\" class=\"wp-caption aligncenter\"><img title=\"L\u00fd do bet th\u1ee7 l\u1ef1a ch\u1ecdn \u0111\u0103ng k\u00fd t\u1ea1i Hubet\" loading=\"lazy\" decoding=\"async\" class=\"size-full wp-image-639\" src=\"https:\/\/hubet.wine\/wp-content\/uploads\/2026\/05\/dang-ky-hubet-3.webp\" alt=\"L\u00fd do bet th\u1ee7 l\u1ef1a ch\u1ecdn \u0111\u0103ng k\u00fd t\u1ea1i Hubet\" width=\"800\" height=\"450\"><figcaption id=\"caption-attachment-639\" class=\"wp-caption-text\">L\u00fd do bet th\u1ee7 l\u1ef1a ch\u1ecdn \u0111\u0103ng k\u00fd t\u1ea1i Hubet<\/figcaption><\/figure>\n<p><span style=\"font-weight: 400;\">Hubet hi\u1ec7n \u0111ang d\u1eabn \u0111\u1ea7u trong l\u0129nh v\u1ef1c c\u00e1 c\u01b0\u1ee3c tr\u1ef1c tuy\u1ebfn, \u0111\u01b0\u1ee3c y\u00eau th\u00edch v\u00e0 tin c\u1eady b\u1edfi \u0111\u00f4ng \u0111\u1ea3o kh\u00e1ch h\u00e0ng tr\u00ean to\u00e0n c\u1ea7u. Nh\u00e0 c\u00e1i c\u1ee7a ch\u00fang t\u00f4i kh\u00f4ng ch\u1ec9 cung c\u1ea5p h\u1ec7 th\u1ed1ng \u1ed5n \u0111\u1ecbnh m\u00e0 c\u00f2n cam k\u1ebft mang \u0111\u1ebfn d\u1ecbch v\u1ee5 kh\u00e1ch h\u00e0ng ch\u1ea5t l\u01b0\u1ee3ng. D\u01b0\u1edbi \u0111\u00e2y l\u00e0 nh\u1eefng l\u00fd do ch\u00ednh gi\u00fap b\u1ea1n hi\u1ec3u t\u1ea1i sao n\u00ean \u0111\u0103ng k\u00fd v\u00e0 tham gia nh\u1eadn th\u01b0\u1edfng t\u1eeb Hubet ngay h\u00f4m nay:<\/span><\/p>\n<ul>\n<li style=\"font-weight: 400;\" aria-level=\"1\"><span style=\"font-weight: 400;\">V\u1edbi uy t\u00edn v\u1eefng ch\u1eafc, Hubet ho\u1ea1t \u0111\u1ed9ng h\u1ee3p ph\u00e1p v\u00e0 \u0111\u00e3 \u0111\u01b0\u1ee3c c\u1ea5p ph\u00e9p b\u1edfi c\u01a1 quan qu\u1ea3n l\u00fd khu kinh t\u1ebf Cagayan (CEZA). Nh\u00e0 c\u00e1i c\u1ee7a ch\u00fang t\u00f4i cung c\u1ea5p m\u1ed9t danh s\u00e1ch phong ph\u00fa c\u00e1c tr\u00f2 ch\u01a1i, t\u1eeb b\u00e0i, slot, mini game \u0111\u1ebfn c\u00e1 c\u01b0\u1ee3c th\u1ec3 thao v\u00e0 x\u1ed5 s\u1ed1, \u0111\u00e1p \u1ee9ng m\u1ecdi nhu c\u1ea7u c\u00e1 c\u01b0\u1ee3c c\u1ee7a kh\u00e1ch h\u00e0ng.<\/span><\/li>\n<li style=\"font-weight: 400;\" aria-level=\"1\"><span style=\"font-weight: 400;\">Giao di\u1ec7n trang web \u0111\u01b0\u1ee3c thi\u1ebft k\u1ebf \u0111\u1eb9p m\u1eaft v\u1edbi \u0111\u1ed3 h\u1ecda 3D s\u1ed1ng \u0111\u1ed9ng v\u00e0 d\u1ec5 s\u1eed d\u1ee5ng, mang \u0111\u1ebfn tr\u1ea3i nghi\u1ec7m c\u00e1 c\u01b0\u1ee3c m\u01b0\u1ee3t m\u00e0 v\u00e0 th\u00fa v\u1ecb. Hubet cam k\u1ebft mang l\u1ea1i t\u1ef7 l\u1ec7 thanh to\u00e1n c\u1ef1c k\u1ef3 h\u1ea5p d\u1eabn cho t\u1ea5t c\u1ea3 c\u00e1c lo\u1ea1i c\u01b0\u1ee3c.<\/span><\/li>\n<li style=\"font-weight: 400;\" aria-level=\"1\"><span style=\"font-weight: 400;\">Ngo\u00e0i ra, Hubet th\u01b0\u1eddng xuy\u00ean t\u1ed5 ch\u1ee9c c\u00e1c ch\u01b0\u01a1ng tr\u00ecnh khuy\u1ebfn m\u00e3i h\u1ea5p d\u1eabn v\u1edbi ph\u1ea7n th\u01b0\u1edfng gi\u00e1 tr\u1ecb. C\u00e1c \u01b0u \u0111\u00e3i n\u00e0y di\u1ec5n ra li\u00ean t\u1ee5c, thu h\u00fat s\u1ef1 quan t\u00e2m c\u1ee7a khashc h\u00e0ng to\u00e0n c\u1ea7u v\u00e0 khi\u1ebfn h\u1ecd lu\u00f4n ch\u1ecdn l\u1ef1a<\/span><b> \u0111\u0103ng k\u00fd Hubet<\/b><span style=\"font-weight: 400;\">.<\/span><\/li>\n<li style=\"font-weight: 400;\" aria-level=\"1\"><span style=\"font-weight: 400;\">D\u1ecbch v\u1ee5 kh\u00e1ch h\u00e0ng c\u1ee7a nh\u00e0 c\u00e1i ho\u1ea1t \u0111\u1ed9ng su\u1ed1t 24\/7, bao g\u1ed3m c\u1ea3 cu\u1ed1i tu\u1ea7n v\u00e0 c\u00e1c ng\u00e0y l\u1ec5, lu\u00f4n s\u1eb5n s\u00e0ng h\u1ed7 tr\u1ee3 ng\u01b0\u1eddi ch\u01a1i b\u1ea5t c\u1ee9 l\u00fac n\u00e0o.<\/span><\/li>\n<li style=\"font-weight: 400;\" aria-level=\"1\"><span style=\"font-weight: 400;\">\u0110\u1ec3 b\u1ea3o v\u1ec7 s\u1ef1 an to\u00e0n cho th\u00f4ng tin c\u00e1 nh\u00e2n c\u1ee7a kh\u00e1ch h\u00e0ng, Hubet s\u1eed d\u1ee5ng c\u00f4ng ngh\u1ec7 m\u00e3 h\u00f3a SSL 128 bit ti\u00ean ti\u1ebfn, \u0111\u1ea3m b\u1ea3o r\u1eb1ng d\u1eef li\u1ec7u lu\u00f4n \u0111\u01b0\u1ee3c b\u1ea3o m\u1eadt tuy\u1ec7t \u0111\u1ed1i v\u00e0 kh\u00f4ng b\u1ecb r\u00f2 r\u1ec9 hay x\u00e2m nh\u1eadp t\u1eeb b\u00ean ngo\u00e0i.<\/span><\/li>\n<\/ul>\n<h2><b>Ba b\u01b0\u1edbc c\u1ef1c \u0111\u01a1n gi\u1ea3n \u0111\u1ec3 \u0111\u0103ng k\u00fd Hubet cho t\u00e2n th\u1ee7<\/b><\/h2>\n<figure id=\"attachment_640\" aria-describedby=\"caption-attachment-640\" style=\"width: 800px\" class=\"wp-caption aligncenter\"><img title=\"Ba b\u01b0\u1edbc \u0111\u0103ng k\u00fd \u0111\u01a1n gi\u1ea3n\" loading=\"lazy\" decoding=\"async\" class=\"size-full wp-image-640\" src=\"https:\/\/hubet.wine\/wp-content\/uploads\/2026\/05\/dang-ky-hubet-ly-do-2.webp\" alt=\"Ba b\u01b0\u1edbc \u0111\u0103ng k\u00fd \u0111\u01a1n gi\u1ea3n\" width=\"800\" height=\"450\"><figcaption id=\"caption-attachment-640\" class=\"wp-caption-text\">Ba b\u01b0\u1edbc \u0111\u0103ng k\u00fd \u0111\u01a1n gi\u1ea3n<\/figcaption><\/figure>\n<p><span style=\"font-weight: 400;\">Vi\u1ec7c t\u1ea1o cho m\u00ecnh m\u1ed9t t\u00e0i kho\u1ea3n t\u1ea1i Hubet m\u1edf ra c\u01a1 h\u1ed9i tr\u1ea3i nghi\u1ec7m v\u00f4 v\u00e0n si\u00eau ph\u1ea9m game c\u00e1 c\u01b0\u1ee3c h\u1ea5p d\u1eabn cho kh\u00e1ch h\u00e0ng. Nh\u00e0 c\u00e1i cung c\u1ea5p h\u00e0ng lo\u1ea1t tr\u00f2 ch\u01a1i \u0111a d\u1ea1ng v\u00e0 d\u1ecbch v\u1ee5 ch\u1ea5t l\u01b0\u1ee3ng cao. \u0110\u1ec3 tr\u1edf th\u00e0nh th\u00e0nh vi\u00ean v\u00e0 \u0111\u0103ng k\u00fd th\u00e0nh c\u00f4ng, b\u1ea1n ch\u1ec9 c\u1ea7n th\u1ef1c hi\u1ec7n c\u00e1c b\u01b0\u1edbc h\u01b0\u1edbng d\u1eabn d\u01b0\u1edbi \u0111\u00e2y:<\/span><\/p>\n<h3><b>B\u01b0\u1edbc 1: Truy c\u1eadp nh\u00e0 c\u00e1i<\/b><\/h3>\n<p><span style=\"font-weight: 400;\">\u0110\u1ec3 b\u1eaft \u0111\u1ea7u <\/span><b>\u0111\u0103ng k\u00fd Hubet<\/b><span style=\"font-weight: 400;\">, b\u01b0\u1edbc \u0111\u1ea7u ti\u00ean b\u1ea1n c\u1ea7n l\u00e0m l\u00e0 truy c\u1eadp v\u00e0o trang ch\u1ee7 ch\u00ednh th\u1ee9c c\u1ee7a nh\u00e0 c\u00e1i. Hi\u1ec7n nay, m\u1ed9t s\u1ed1 \u0111\u1ed1i t\u01b0\u1ee3ng x\u1ea5u l\u1ee3i d\u1ee5ng \u0111\u1ec3 l\u1eeba \u0111\u1ea3o v\u00e0 chi\u1ebfm \u0111o\u1ea1t t\u00e0i s\u1ea3n t\u1eeb kh\u00e1ch h\u00e0ng. V\u00ec v\u1eady, h\u00e3y lu\u00f4n th\u1eadn tr\u1ecdng v\u00e0 ch\u1ec9 s\u1eed d\u1ee5ng li\u00ean k\u1ebft ch\u00ednh th\u1ee9c \u0111\u01b0\u1ee3c cung c\u1ea5p \u0111\u1ec3 truy c\u1eadp v\u00e0o h\u1ec7 th\u1ed1ng.<\/span><\/p>\n<h3><b>B\u01b0\u1edbc 2: Th\u1ef1c hi\u1ec7n \u0111\u0103ng k\u00fd<\/b><\/h3>\n<p><span style=\"font-weight: 400;\">Khi \u0111\u00e3 v\u00e0o \u0111\u01b0\u1ee3c trang ch\u1ee7 c\u1ee7a nh\u00e0 c\u00e1i, b\u01b0\u1edbc ti\u1ebfp theo l\u00e0 t\u00ecm v\u00e0 nh\u1ea5p v\u00e0o n\u00fat \u0111\u0103ng k\u00fd. M\u1ed9t bi\u1ec3u m\u1eabu s\u1ebd xu\u1ea5t hi\u1ec7n ngay sau \u0111\u00f3, y\u00eau c\u1ea7u b\u1ea1n \u0111i\u1ec1n \u0111\u1ea7y \u0111\u1ee7 c\u00e1c th\u00f4ng tin c\u1ea7n thi\u1ebft. \u0110\u1ea3m b\u1ea3o r\u1eb1ng b\u1ea1n cung c\u1ea5p ch\u00ednh x\u00e1c v\u00e0 \u0111\u1ea7y \u0111\u1ee7 c\u00e1c th\u00f4ng tin \u0111\u1ec3 qu\u00e1 tr\u00ecnh x\u00e1c minh t\u00e0i kho\u1ea3n di\u1ec5n ra nhanh ch\u00f3ng.<\/span><\/p>\n<h3><b>B\u01b0\u1edbc 3: Ho\u00e0n t\u1ea5t qu\u00e1 tr\u00ecnh<\/b><\/h3>\n<p><span style=\"font-weight: 400;\">Sau khi \u0111i\u1ec1n xong th\u00f4ng tin v\u00e0o bi\u1ec3u m\u1eabu <\/span><b>\u0111\u0103ng k\u00fd Hubet<\/b><span style=\"font-weight: 400;\">, h\u00e3y ki\u1ec3m tra l\u1ea1i m\u1ed9t l\u1ea7n n\u1eefa \u0111\u1ec3 ch\u1eafc ch\u1eafn m\u1ecdi d\u1eef li\u1ec7u \u0111\u1ec1u ch\u00ednh x\u00e1c, vi\u1ec7c n\u00e0y s\u1ebd gi\u00fap tr\u00e1nh sai s\u00f3t khi x\u00e1c nh\u1eadn. Khi \u0111\u00e3 ch\u1eafc ch\u1eafn, nh\u1ea5n v\u00e0o n\u00fat x\u00e1c nh\u1eadn v\u00e0 ch\u1ec9 c\u1ea7n \u0111\u1ee3i t\u1eeb 2 \u0111\u1ebfn 3 ph\u00fat \u0111\u1ec3 h\u1ec7 th\u1ed1ng ho\u00e0n t\u1ea5t vi\u1ec7c c\u1ea5p t\u00e0i kho\u1ea3n cho b\u1ea1n.<\/span><\/p>\n<h2><b>K\u1ebft lu\u1eadn<\/b><\/h2>\n<p><b>\u0110\u0103ng k\u00fd Hubet<\/b><span style=\"font-weight: 400;\"> l\u00e0 b\u01b0\u1edbc \u0111\u1ea7u ti\u00ean thi\u1ebft y\u1ebfu gi\u00fap b\u1ea1n b\u1eaft \u0111\u1ea7u tham gia c\u00e1c tr\u00f2 ch\u01a1i tr\u00ean n\u1ec1n t\u1ea3ng. \u0110\u1ec3 qu\u00e1 tr\u00ecnh t\u1ea1o t\u00e0i kho\u1ea3n di\u1ec5n ra m\u1ed9t c\u00e1ch thu\u1eadn l\u1ee3i v\u00e0 hi\u1ec7u qu\u1ea3, h\u00e3y l\u00e0m theo c\u00e1c h\u01b0\u1edbng d\u1eabn chi ti\u1ebft \u0111\u00e3 \u0111\u01b0\u1ee3c cung c\u1ea5p. Ch\u00fang t\u00f4i tin r\u1eb1ng b\u1ea1n s\u1ebd nhanh ch\u00f3ng t\u1ea1o \u0111\u01b0\u1ee3c m\u1ed9t t\u00e0i kho\u1ea3n d\u00e0nh ri\u00eang cho m\u00ecnh v\u00e0 c\u00f3 nh\u1eefng tr\u1ea3i nghi\u1ec7m tuy\u1ec7t v\u1eddi t\u1ea1i nh\u00e0 c\u00e1i.<\/span><\/p>\n<\/p><\/div>\n<\/p><\/div>\n<\/div>\n","protected":false},"excerpt":{"rendered":"<p>\u2705TH\u00d4NG TIN \u00a0 Th\u01b0\u01a1ng hi\u1ec7u: HUBET Danh M\u1ee5c: C\u00e1 C\u01b0\u1ee3c Tr\u1ef1c Tuy\u1ebfn S\u1ea3n Ph\u1ea9m Ch\u1ee7 \u0110\u1ea1o: Casino Online N\u0103m Th\u00e0nh L\u1eadp: 2019 \u0110\u1ecba ch\u1ec9: 03 L\u00ea Thanh Ngh\u1ecb, Ho\u00e0 C\u01b0\u1eddng B\u1eafc, H\u1ea3i Ch\u00e2u, \u0110\u00e0 N\u1eb5ng 50000, Vi\u1ec7t Nam Email: support@xoi.us.com Hotline: 0375 704 385 Website: https:\/\/xoi.us.com\/ Hashtag: #hubet #hubetdecom #hu_bet #hubet_casino\u00a0 #CasinoOnline #T\u00e0iX\u1ec9u \u00a0\u2705S\u1ea2N PH\u1ea8M [&#8230;]\n","protected":false},"author":1,"featured_media":149,"parent":0,"menu_order":0,"comment_status":"closed","ping_status":"closed","template":"","meta":{"footnotes":""},"class_list":["post-144","page","type-page","status-publish","has-post-thumbnail","hentry"],"_links":{"self":[{"href":"https:\/\/hubet.wine\/index.php\/wp-json\/wp\/v2\/pages\/144","targetHints":{"allow":["GET"]}}],"collection":[{"href":"https:\/\/hubet.wine\/index.php\/wp-json\/wp\/v2\/pages"}],"about":[{"href":"https:\/\/hubet.wine\/index.php\/wp-json\/wp\/v2\/types\/page"}],"author":[{"embeddable":true,"href":"https:\/\/hubet.wine\/index.php\/wp-json\/wp\/v2\/users\/1"}],"replies":[{"embeddable":true,"href":"https:\/\/hubet.wine\/index.php\/wp-json\/wp\/v2\/comments?post=144"}],"version-history":[{"count":0,"href":"https:\/\/hubet.wine\/index.php\/wp-json\/wp\/v2\/pages\/144\/revisions"}],"wp:featuredmedia":[{"embeddable":true,"href":"https:\/\/hubet.wine\/index.php\/wp-json\/wp\/v2\/media\/149"}],"wp:attachment":[{"href":"https:\/\/hubet.wine\/index.php\/wp-json\/wp\/v2\/media?parent=144"}],"curies":[{"name":"wp","href":"https:\/\/api.w.org\/{rel}","templated":true}]}}