{"id":121,"date":"2026-05-14T19:06:40","date_gmt":"2026-05-14T12:06:40","guid":{"rendered":"https:\/\/hubet.wine\/index.php\/nap-tien-hubet\/"},"modified":"2026-05-14T19:06:40","modified_gmt":"2026-05-14T12:06:40","slug":"nap-tien-hubet","status":"publish","type":"page","link":"https:\/\/hubet.wine\/index.php\/nap-tien-hubet\/","title":{"rendered":"N\u1ea1p Ti\u1ec1n Hubet &#8211; H\u01b0\u1edbng D\u1eabn \u0110\u01a1n Gi\u1ea3n D\u00e0nh Cho T\u00e2n Th\u1ee7"},"content":{"rendered":"<div class=\"row\" id=\"row-1540699330\">\n<div id=\"col-1447561542\" class=\"col medium-3 small-12 large-3\">\n<div class=\"col-inner\">\n<div id=\"text-2365488142\" class=\"text khung\">\n<div style=\"text-align: center;\"><strong>\u2705TH\u00d4NG TIN<\/strong><\/div>\n<div>\u00a0<\/div>\n<ul>\n<li><strong>Th\u01b0\u01a1ng hi\u1ec7u:<\/strong> <a href=\"https:\/\/hubet.wine\/\"><strong>HUBET<\/strong><\/a><\/li>\n<li><strong>Danh M\u1ee5c:<\/strong> C\u00e1 C\u01b0\u1ee3c Tr\u1ef1c Tuy\u1ebfn<\/li>\n<li><strong>S\u1ea3n Ph\u1ea9m Ch\u1ee7 \u0110\u1ea1o:<\/strong> Casino Online<\/li>\n<li><strong>N\u0103m Th\u00e0nh L\u1eadp:<\/strong> 2019<\/li>\n<li><strong>\u0110\u1ecba ch\u1ec9:<\/strong> 03 L\u00ea Thanh Ngh\u1ecb, Ho\u00e0 C\u01b0\u1eddng B\u1eafc, H\u1ea3i Ch\u00e2u, \u0110\u00e0 N\u1eb5ng 50000, Vi\u1ec7t Nam<\/li>\n<li><strong>Email:<\/strong> support@xoi.us.com<\/li>\n<li><strong>Hotline:<\/strong> 0375 704 385<\/li>\n<li><strong>Website:<\/strong> <a href=\"https:\/\/hubet.wine\/\"><strong>https:\/\/xoi.us.com\/<\/strong><\/a><\/li>\n<li><strong>Hashtag:<\/strong> #hubet #hubetdecom #hu_bet #hubet_casino\u00a0 #CasinoOnline #T\u00e0iX\u1ec9u<\/li>\n<\/ul><\/div>\n<div id=\"text-3323364330\" class=\"text khung\">\n<div style=\"text-align: center;\"><strong>\u00a0\u2705S\u1ea2N PH\u1ea8M<\/strong><\/div>\n<p>\u00a0<\/p>\n<ul>\n<li><a href=\"https:\/\/hubet.wine\/casino-hubet\/\"><strong>Casino<\/strong><\/a><\/li>\n<li><a href=\"https:\/\/hubet.wine\/the-thao-hubet\/\"><strong>Th\u1ec3 Thao<\/strong><\/a><\/li>\n<li><a href=\"https:\/\/hubet.wine\/no-hu-hubet\/\"><strong>N\u1ed5 H\u0169<\/strong><\/a><\/li>\n<li><a href=\"https:\/\/hubet.wine\/ban-ca-hubet\/\"><strong>B\u1eafn C\u00e1<\/strong><\/a><\/li>\n<li><a href=\"https:\/\/hubet.wine\/da-ga-hubet\/\"><strong>\u0110\u00e1 G\u00e0<\/strong><\/a><\/li>\n<li><a href=\"https:\/\/hubet.wine\/xo-so-hubet\/\"><strong>X\u1ed5 S\u1ed1<\/strong><\/a><\/li>\n<\/ul><\/div>\n<\/p><\/div>\n<\/p><\/div>\n<div id=\"col-804557899\" class=\"col medium-9 small-12 large-9\">\n<div class=\"col-inner\">\n<p><a href=\"https:\/\/hubet.wine\/nap-tien-hubet\/\"><b>N\u1ea1p ti\u1ec1n Hubet<\/b><\/a><span style=\"font-weight: 400;\"> kh\u00f4ng ch\u1ec9 nhanh ch\u00f3ng m\u00e0 c\u00f2n r\u1ea5t \u0111\u01a1n gi\u1ea3n n\u1ebfu b\u1ea1n l\u00e0m theo h\u01b0\u1edbng d\u1eabn chi ti\u1ebft c\u1ee7a ch\u00fang t\u00f4i. T\u00f9y v\u00e0o ph\u01b0\u01a1ng th\u1ee9c thanh to\u00e1n, quy tr\u00ecnh c\u00f3 th\u1ec3 c\u00f3 s\u1ef1 kh\u00e1c bi\u1ec7t nh\u1ecf. B\u00e0i vi\u1ebft n\u00e0y <\/span><a href=\"https:\/\/hubet.wine\/\"><b>Hubet<\/b><\/a><b> s<\/b><span style=\"font-weight: 400;\">\u1ebd cung c\u1ea5p ch\u1ec9 d\u1eabn c\u1ee5 th\u1ec3, gi\u00fap b\u1ea1n th\u1ef1c hi\u1ec7n giao d\u1ecbch m\u1ed9t c\u00e1ch thu\u1eadn l\u1ee3i nh\u1ea5t. H\u00e3y c\u00f9ng kh\u00e1m ph\u00e1 \u0111\u1ec3 hi\u1ec3u r\u00f5 h\u01a1n v\u1ec1 c\u00e1ch giao d\u1ecbch t\u1ea1i nh\u00e0 c\u00e1i c\u1ee7a ch\u00fang t\u00f4i!<\/span><\/p>\n<h2><b>M\u1ed9t v\u00e0i \u0111i\u1ec1u ki\u1ec7n \u0111\u1ec3 c\u00f3 th\u1ec3 n\u1ea1p ti\u1ec1n Hubet<\/b><\/h2>\n<figure id=\"attachment_659\" aria-describedby=\"caption-attachment-659\" style=\"width: 800px\" class=\"wp-caption aligncenter\"><img title=\"\u0110i\u1ec1u ki\u1ec7n \u0111\u1ec3 c\u00f3 th\u1ec3 n\u1ea1p ti\u1ec1n Hubet\" loading=\"lazy\" decoding=\"async\" class=\"size-full wp-image-659\" src=\"https:\/\/hubet.wine\/wp-content\/uploads\/2026\/05\/nap-tien-hubet-1.webp\" alt=\"\u0110i\u1ec1u ki\u1ec7n \u0111\u1ec3 c\u00f3 th\u1ec3 n\u1ea1p ti\u1ec1n Hubet\" width=\"800\" height=\"450\"><figcaption id=\"caption-attachment-659\" class=\"wp-caption-text\">\u0110i\u1ec1u ki\u1ec7n \u0111\u1ec3 c\u00f3 th\u1ec3 n\u1ea1p ti\u1ec1n Hubet<\/figcaption><\/figure>\n<p><span style=\"font-weight: 400;\">\u0110\u1ec3 \u0111\u1ea3m b\u1ea3o giao d\u1ecbch <\/span><b>n\u1ea1p ti\u1ec1n Hubet<\/b><span style=\"font-weight: 400;\"> di\u1ec5n ra su\u00f4n s\u1ebb v\u00e0 nhanh ch\u00f3ng, b\u1ea1n c\u1ea7n n\u1eafm r\u00f5 c\u00e1c quy \u0111\u1ecbnh v\u00e0 y\u00eau c\u1ea7u c\u1ee7a nh\u00e0 c\u00e1i ch\u0169ng t\u00f4i. D\u01b0\u1edbi \u0111\u00e2y l\u00e0 nh\u1eefng \u0111i\u1ec1u m\u00e0 b\u1ea1n c\u1ea7n ph\u1ea3i l\u01b0u \u00fd tr\u01b0\u1edbc khi th\u1ef1c hi\u1ec7n giao d\u1ecbch:<\/span><\/p>\n<ul>\n<li style=\"font-weight: 400;\" aria-level=\"1\"><span style=\"font-weight: 400;\">B\u1ea1n ph\u1ea3i t\u1eeb 18 tu\u1ed5i tr\u1edf l\u00ean v\u00e0 \u0111\u00e3 ho\u00e0n t\u1ea5t vi\u1ec7c \u0111\u0103ng k\u00fd t\u00e0i kho\u1ea3n t\u1ea1i Hubet.<\/span><\/li>\n<li style=\"font-weight: 400;\" aria-level=\"1\"><span style=\"font-weight: 400;\">S\u1ed1 \u0111i\u1ec7n tho\u1ea1i d\u00f9ng \u0111\u1ec3 \u0111\u0103ng k\u00fd t\u00e0i kho\u1ea3n ph\u1ea3i l\u00e0 c\u1ee7a b\u1ea1n, \u0111i\u1ec1u \u0111\u00f3 gi\u00fap b\u1ea3o m\u1eadt v\u00e0 gi\u1ea3m thi\u1ec3u r\u1ee7i ro xu\u1ed1ng th\u1ea5p nh\u1ea5t c\u00f3 th\u1ec3.<\/span><\/li>\n<li style=\"font-weight: 400;\" aria-level=\"1\"><span style=\"font-weight: 400;\">Khi s\u1eed d\u1ee5ng th\u1ebb ng\u00e2n h\u00e0ng \u0111\u1ec3 th\u1ef1c hi\u1ec7n giao d\u1ecbch, \u0111\u1ea3m b\u1ea3o r\u1eb1ng c\u00e1c th\u00f4ng tin c\u00e1 nh\u00e2n ph\u1ea3i ch\u00ednh x\u00e1c v\u00e0 kh\u1edbp v\u1edbi th\u00f4ng tin \u0111\u0103ng k\u00fd t\u00e0i kho\u1ea3n t\u1ea1i nh\u00e0 c\u00e1i Hubet c\u1ee7a ch\u00fang t\u00f4i.<\/span><\/li>\n<li style=\"font-weight: 400;\" aria-level=\"1\"><span style=\"font-weight: 400;\">Tr\u01b0\u1edbc khi x\u00e1c nh\u1eadn giao d\u1ecbch, ki\u1ec3m tra l\u1ea1i t\u1ea5t t\u1ea7n t\u1eadt th\u00f4ng tin b\u1ea1n \u0111\u00e3 nh\u1eadp \u0111\u1ec3 tr\u00e1nh g\u1eb7p ph\u1ea1t nh\u1eefng sai s\u00f3t kh\u00f4ng mong mu\u1ed1n.<\/span><\/li>\n<\/ul>\n<h2><b>H\u01b0\u1edbng d\u1eabn chi ti\u1ebft \u0111\u1ec3 c\u00f3 th\u1ec3 n\u1ea1p ti\u1ec1n Hubet<\/b><\/h2>\n<figure id=\"attachment_660\" aria-describedby=\"caption-attachment-660\" style=\"width: 800px\" class=\"wp-caption aligncenter\"><img title=\"C\u00e1c b\u01b0\u1edbc h\u01b0\u1edbng d\u1eabn chi ti\u1ebft\" loading=\"lazy\" decoding=\"async\" class=\"size-full wp-image-660\" src=\"https:\/\/hubet.wine\/wp-content\/uploads\/2026\/05\/nap-tien-hubet-2.webp\" alt=\"C\u00e1c b\u01b0\u1edbc h\u01b0\u1edbng d\u1eabn chi ti\u1ebft\" width=\"800\" height=\"450\"><figcaption id=\"caption-attachment-660\" class=\"wp-caption-text\">C\u00e1c b\u01b0\u1edbc h\u01b0\u1edbng d\u1eabn chi ti\u1ebft<\/figcaption><\/figure>\n<p><span style=\"font-weight: 400;\">Hubet mang \u0111\u1ebfn cho kh\u00e1ch h\u00e0ng nhi\u1ec1u l\u1ef1a ch\u1ecdn ph\u01b0\u01a1ng th\u1ee9c thanh to\u00e1n, gi\u00fap b\u1ea1n d\u1ec5 d\u00e0ng th\u1ef1c hi\u1ec7n giao d\u1ecbch. D\u01b0\u1edbi \u0111\u00e2y l\u00e0 h\u01b0\u1edbng d\u1eabn chi ti\u1ebft v\u1ec1 c\u00e1c b\u01b0\u1edbc n\u1ea1p ti\u1ec1n v\u00e0o t\u00e0i kho\u1ea3n game qua t\u1eebng ph\u01b0\u01a1ng th\u1ee9c, gi\u00fap b\u1ea1n thu\u1eadn ti\u1ec7n th\u1ef1c hi\u1ec7n, c\u1ee5 th\u1ec3:<\/span><\/p>\n<h3><b>N\u1ea1p t\u1eeb t\u00e0i kho\u1ea3n ng\u00e2n h\u00e0ng<\/b><\/h3>\n<p><span style=\"font-weight: 400;\">Hi\u1ec7n t\u1ea1i, Hubet \u0111\u00e3 thi\u1ebft l\u1eadp h\u1ee3p t\u00e1c v\u1edbi c\u00e1c ng\u00e2n h\u00e0ng l\u1edbn, uy t\u00edn t\u1ea1i Vi\u1ec7t Nam, cung c\u1ea5p nhi\u1ec1u l\u1ef1a ch\u1ecdn thanh to\u00e1n qua ng\u00e2n h\u00e0ng. V\u1edbi t\u00ednh b\u1ea3o m\u1eadt v\u00e0 \u0111\u1ed9 tin c\u1eady cao, quy tr\u00ecnh <\/span><b>n\u1ea1p ti\u1ec1n Hubet<\/b><span style=\"font-weight: 400;\"> qua ng\u00e2n h\u00e0ng \u0111\u01b0\u1ee3c nhi\u1ec1u ng\u01b0\u1eddi ch\u01a1i tin d\u00f9ng. C\u00e1c b\u01b0\u1edbc th\u1ef1c hi\u1ec7n nh\u01b0 sau:<\/span><\/p>\n<ul>\n<li style=\"font-weight: 400;\" aria-level=\"1\"><span style=\"font-weight: 400;\">B\u01b0\u1edbc 1: Truy c\u1eadp v\u00e0o trang ch\u1ee7 Hubet v\u00e0 \u0111\u0103ng nh\u1eadp v\u00e0o t\u00e0i kho\u1ea3n c\u00e1 nh\u00e2n. N\u1ebfu ch\u01b0a c\u00f3 t\u00e0i kho\u1ea3n, b\u1ea1n c\u1ea7n \u0111\u0103ng k\u00fd m\u1edbi v\u00e0 cung c\u1ea5p c\u00e1c th\u00f4ng tin c\u00e1 nh\u00e2n theo y\u00eau c\u1ea7u c\u1ee7a nh\u00e0 c\u00e1i.<\/span><\/li>\n<li style=\"font-weight: 400;\" aria-level=\"1\"><span style=\"font-weight: 400;\">B\u01b0\u1edbc 2: Tr\u00ean trang ch\u1ee7 Hubet, b\u1ea1n h\u00e3y t\u00ecm ki\u1ebfm v\u00e0 nh\u1ea5n ch\u1ecdn v\u00e0o m\u1ee5c \u201cN\u1ea1p ti\u1ec1n\u201d v\u00e0 ti\u1ebfp theo l\u00e0 l\u1ef1a ch\u1ecdn ph\u01b0\u01a1ng th\u1ee9c ng\u00e2n h\u00e0ng.<\/span><\/li>\n<li style=\"font-weight: 400;\" aria-level=\"1\"><span style=\"font-weight: 400;\">B\u01b0\u1edbc 3: Ch\u1ecdn ng\u00e2n h\u00e0ng mu\u1ed1n s\u1eed d\u1ee5ng v\u00e0 \u0111i\u1ec1n th\u00f4ng tin c\u1ea7n thi\u1ebft nh\u01b0 h\u1ecd t\u00ean, s\u1ed1 t\u00e0i kho\u1ea3n, s\u1ed1 ti\u1ec1n mu\u1ed1n n\u1ea1p v\u00e0 chi nh\u00e1nh ng\u00e2n h\u00e0ng.<\/span><\/li>\n<li style=\"font-weight: 400;\" aria-level=\"1\"><span style=\"font-weight: 400;\">B\u01b0\u1edbc 4: Nh\u1ea5n \u201cX\u00e1c nh\u1eadn giao d\u1ecbch\u201d \u0111\u1ec3 ho\u00e0n t\u1ea5t v\u00e0 ch\u1edd h\u1ec7 th\u1ed1ng c\u1eadp nh\u1eadt s\u1ed1 ti\u1ec1n v\u00e0o t\u00e0i kho\u1ea3n c\u1ee7a b\u1ea1n.<\/span><\/li>\n<\/ul>\n<h3><b>N\u1ea1p b\u1eb1ng code pay<\/b><\/h3>\n<p><span style=\"font-weight: 400;\">H\u00ecnh th\u1ee9c n\u00e0y mang l\u1ea1i s\u1ef1 ti\u1ec7n l\u1ee3i, hi\u1ec7n \u0111\u1ea1i v\u00e0 ch\u00ednh x\u00e1c cao cho kh\u00e1ch h\u00e0ng. \u0110\u1ec3 th\u1ef1c hi\u1ec7n giao d\u1ecbch th\u00e0nh c\u00f4ng, b\u1ea1n c\u1ea7n li\u00ean k\u1ebft t\u00e0i kho\u1ea3n v\u1edbi d\u1ecbch v\u1ee5 ng\u00e2n h\u00e0ng tr\u1ef1c tuy\u1ebfn. C\u00e1c b\u01b0\u1edbc th\u1ef1c hi\u1ec7n t\u01b0\u01a1ng t\u1ef1 nh\u01b0 khi<\/span><b> n\u1ea1p ti\u1ec1n Hubet<\/b><span style=\"font-weight: 400;\"> qua ng\u00e2n h\u00e0ng, c\u1ee5 th\u1ec3 nh\u01b0 sau:<\/span><\/p>\n<ul>\n<li style=\"font-weight: 400;\" aria-level=\"1\"><span style=\"font-weight: 400;\">B\u01b0\u1edbc 1: Truy c\u1eadp v\u00e0o trang ch\u1ee7 c\u1ee7a Hubet v\u00e0 \u0111\u0103ng nh\u1eadp v\u00e0o t\u00e0i kho\u1ea3n c\u00e1 nh\u00e2n.<\/span><\/li>\n<li style=\"font-weight: 400;\" aria-level=\"1\"><span style=\"font-weight: 400;\">B\u01b0\u1edbc 2: Ch\u1ecdn m\u1ee5c \u201cN\u1ea1p ti\u1ec1n\u201d v\u00e0 sau \u0111\u00f3 l\u1ef1a ch\u1ecdn \u201cCode Pay\u201d.<\/span><\/li>\n<li style=\"font-weight: 400;\" aria-level=\"1\"><span style=\"font-weight: 400;\">B\u01b0\u1edbc 3: Cung c\u1ea5p \u0111\u1ea7y \u0111\u1ee7 th\u00f4ng tin c\u1ea7n thi\u1ebft nh\u01b0 ng\u00e2n h\u00e0ng s\u1eed d\u1ee5ng, s\u1ed1 t\u00e0i kho\u1ea3n, s\u1ed1 ti\u1ec1n mu\u1ed1n n\u1ea1p v\u00e0 chi nh\u00e1nh ng\u00e2n h\u00e0ng.<\/span><\/li>\n<li style=\"font-weight: 400;\" aria-level=\"1\"><span style=\"font-weight: 400;\">B\u01b0\u1edbc 4: Nh\u1ea5n \u201cT\u1ea1o m\u00e3\u201d \u1edf ph\u00eda b\u00ean ph\u1ea3i m\u00e0n h\u00ecnh, sau \u0111\u00f3 nh\u1eadp th\u00f4ng tin x\u00e1c th\u1ef1c \u0111\u1ec3 x\u00e1c nh\u1eadn quy\u1ec1n s\u1edf h\u1eefu t\u00e0i kho\u1ea3n. Cu\u1ed1i c\u00f9ng, ki\u1ec3m tra l\u1ea1i c\u00e1c th\u00f4ng tin v\u00e0 nh\u1ea5n \u201cG\u1eedi ti\u1ec1n\u201d \u0111\u1ec3 ho\u00e0n t\u1ea5t giao d\u1ecbch.<\/span><\/li>\n<\/ul>\n<h3><b>N\u1ea1p b\u1eb1ng th\u1ebb c\u00e0o<\/b><\/h3>\n<p><span style=\"font-weight: 400;\">N\u1ebfu kh\u00f4ng s\u1eed d\u1ee5ng t\u00e0i kho\u1ea3n ng\u00e2n h\u00e0ng, b\u1ea1n c\u00f3 th\u1ec3 l\u1ef1a ch\u1ecdn n\u1ea1p ti\u1ec1n qua th\u1ebb c\u00e0o, m\u1ed9t ph\u01b0\u01a1ng th\u1ee9c \u0111\u01a1n gi\u1ea3n v\u00e0 d\u1ec5 d\u00e0ng th\u1ef1c hi\u1ec7n. H\u00e3y tham kh\u1ea3o c\u00e1c b\u01b0\u1edbc h\u01b0\u1edbng d\u1eabn d\u01b0\u1edbi \u0111\u00e2y \u0111\u1ec3 th\u1ef1c hi\u1ec7n giao d\u1ecbch nhanh ch\u00f3ng:<\/span><\/p>\n<ul>\n<li style=\"font-weight: 400;\" aria-level=\"1\"><span style=\"font-weight: 400;\">B\u01b0\u1edbc 1: \u0110\u1ea7u ti\u00ean, nh\u01b0 c\u00e1c ph\u01b0\u01a1ng th\u1ee9c<\/span><b> n\u1ea1p ti\u1ec1n Hubet<\/b><span style=\"font-weight: 400;\"> kh\u00e1c, b\u1ea1n c\u1ea7n truy c\u1eadp v\u00e0o website v\u00e0 \u0111\u0103ng nh\u1eadp v\u00e0o t\u00e0i kho\u1ea3n c\u1ee7a b\u1ea1n.<\/span><\/li>\n<li style=\"font-weight: 400;\" aria-level=\"1\"><span style=\"font-weight: 400;\">B\u01b0\u1edbc 2: T\u1ea1i giao di\u1ec7n ch\u00ednh, ch\u1ecdn m\u1ee5c \u201cN\u1ea1p ti\u1ec1n\u201d, sau \u0111\u00f3 ch\u1ecdn \u201cTh\u1ebb c\u00e0o\u201d t\u1eeb c\u00e1c l\u1ef1a ch\u1ecdn c\u00f3 s\u1eb5n.<\/span><\/li>\n<li style=\"font-weight: 400;\" aria-level=\"1\"><span style=\"font-weight: 400;\">B\u01b0\u1edbc 3: \u0110i\u1ec1n \u0111\u1ea7y \u0111\u1ee7 th\u00f4ng tin theo y\u00eau c\u1ea7u c\u1ee7a h\u1ec7 th\u1ed1ng, bao g\u1ed3m m\u1ec7nh gi\u00e1 th\u1ebb, nh\u00e0 m\u1ea1ng, s\u1ed1 seri v\u00e0 m\u00e3 s\u1ed1 th\u1ebb c\u00e0o.<\/span><\/li>\n<li style=\"font-weight: 400;\" aria-level=\"1\"><span style=\"font-weight: 400;\">B\u01b0\u1edbc 4: Ki\u1ec3m tra l\u1ea1i th\u00f4ng tin \u0111\u00e3 nh\u1eadp v\u00e0 nh\u1ea5n \u201c\u0110\u1ed3ng \u00fd n\u1ea1p ti\u1ec1n\u201d \u0111\u1ec3 ho\u00e0n t\u1ea5t giao d\u1ecbch.<\/span><\/li>\n<\/ul>\n<h2><b>M\u1ed9t v\u00e0i \u0111i\u1ec1u c\u1ea7n ch\u00fa \u00fd khi n\u1ea1p ti\u1ec1n Hubet<\/b><\/h2>\n<figure id=\"attachment_661\" aria-describedby=\"caption-attachment-661\" style=\"width: 800px\" class=\"wp-caption aligncenter\"><img title=\"M\u1ed9t v\u00e0i \u0111i\u1ec1u c\u1ea7n ch\u00fa \u00fd\" loading=\"lazy\" decoding=\"async\" class=\"size-full wp-image-661\" src=\"https:\/\/hubet.wine\/wp-content\/uploads\/2026\/05\/nap-tien-hubet-3.webp\" alt=\"M\u1ed9t v\u00e0i \u0111i\u1ec1u c\u1ea7n ch\u00fa \u00fd\" width=\"800\" height=\"450\"><figcaption id=\"caption-attachment-661\" class=\"wp-caption-text\">M\u1ed9t v\u00e0i \u0111i\u1ec1u c\u1ea7n ch\u00fa \u00fd<\/figcaption><\/figure>\n<p><span style=\"font-weight: 400;\">D\u1ef1a tr\u00ean nh\u1eefng chia s\u1ebb tr\u01b0\u1edbc, c\u00f3 th\u1ec3 th\u1ea5y r\u1eb1ng quy tr\u00ecnh n\u1ea1p ti\u1ec1n t\u1ea1i Hubet v\u1eeba \u0111\u01a1n gi\u1ea3n v\u1eeba b\u1ea3o m\u1eadt. Tuy nhi\u00ean, \u0111\u1ec3 giao d\u1ecbch th\u00e0nh c\u00f4ng ngay l\u1ea7n \u0111\u1ea7u, c\u00e1c b\u1ea1n t\u00e2n th\u1ee7 c\u1ea7n l\u01b0u \u00fd m\u1ed9t s\u1ed1 \u0111i\u1ec3m sau:<\/span><\/p>\n<ul>\n<li style=\"font-weight: 400;\" aria-level=\"1\"><span style=\"font-weight: 400;\">\u0110\u1ea3m b\u1ea3o nh\u1eadp \u0111\u00fang s\u1ed1 ti\u1ec1n m\u00e0 b\u1ea1n mong mu\u1ed1n n\u1ea1p, vi\u1ec7c ki\u1ec3m tra k\u1ef9 l\u01b0\u1ee1ng s\u1ebd gi\u00fap tr\u00e1nh \u0111\u01b0\u1ee3c sai s\u00f3t, gi\u1ea3m thi\u1ec3u r\u1ee7i ro m\u1ea5t ti\u1ec1n ngo\u00e0i \u00fd mu\u1ed1n.<\/span><\/li>\n<li style=\"font-weight: 400;\" aria-level=\"1\"><span style=\"font-weight: 400;\">Sau khi th\u1ef1c hi\u1ec7n xong giao d\u1ecbch <\/span><b>n\u1ea1p ti\u1ec1n Hubet<\/b><span style=\"font-weight: 400;\">, h\u1ec7 th\u1ed1ng c\u1ee7a ch\u00fang t\u00f4i s\u1ebd x\u1eed l\u00fd trong kho\u1ea3ng th\u1eddi gian r\u1ea5t nhanh ch\u00f3ng, ch\u1ec9 t\u1eeb 1 \u0111\u1ebfn 5 ph\u00fat.<\/span><\/li>\n<li style=\"font-weight: 400;\" aria-level=\"1\"><span style=\"font-weight: 400;\">Theo quy \u0111\u1ecbnh c\u1ee7a Hubet, s\u1ed1 ti\u1ec1n t\u1ed1i thi\u1ec3u cho m\u1ed7i l\u1ea7n n\u1ea1p c\u1ee7a b\u1ea1n l\u00e0 20.000 \u0111\u1ed3ng (ngo\u1ea1i tr\u1eeb Pay Win) v\u00e0 s\u1ed1 ti\u1ec1n t\u1ed1i \u0111a l\u00e0 20.000.000 \u0111\u1ed3ng. Kh\u00e1ch h\u00e0ng c\u1ea7n b\u1eaft bu\u1ed9c tu\u00e2n th\u1ee7 nh\u1eefng m\u1ee9c gi\u1edbi h\u1ea1n n\u00e0y \u0111\u1ec3 \u0111\u1ea3m b\u1ea3o giao d\u1ecbch di\u1ec5n ra su\u00f4n s\u1ebb.<\/span><\/li>\n<\/ul>\n<h2><b>K\u1ebft lu\u1eadn<\/b><\/h2>\n<p><span style=\"font-weight: 400;\">B\u00e0i vi\u1ebft tr\u00ean \u0111\u00e3 chia s\u1ebb th\u00f4ng tin chi ti\u1ebft v\u00e0 \u0111\u1ea7y \u0111\u1ee7 v\u1ec1 quy tr\u00ecnh <\/span><b>n\u1ea1p ti\u1ec1n Hubet<\/b><span style=\"font-weight: 400;\">. Ch\u00fang t\u00f4i hy v\u1ecdng nh\u1eefng h\u01b0\u1edbng d\u1eabn n\u00e0y s\u1ebd h\u1ed7 tr\u1ee3 b\u1ea1n th\u1ef1c hi\u1ec7n nh\u1eefng giao d\u1ecbch sau n\u00e0y m\u1ed9t c\u00e1ch d\u1ec5 d\u00e0ng v\u00e0 tham gia c\u00e1c d\u1ecbch v\u1ee5 t\u1ea1i nh\u00e0 c\u00e1i m\u1ed9t c\u00e1ch thu\u1eadn ti\u1ec7n.<\/span><\/p>\n<\/p><\/div>\n<\/p><\/div>\n<\/div>\n","protected":false},"excerpt":{"rendered":"<p>\u2705TH\u00d4NG TIN \u00a0 Th\u01b0\u01a1ng hi\u1ec7u: HUBET Danh M\u1ee5c: C\u00e1 C\u01b0\u1ee3c Tr\u1ef1c Tuy\u1ebfn S\u1ea3n Ph\u1ea9m Ch\u1ee7 \u0110\u1ea1o: Casino Online N\u0103m Th\u00e0nh L\u1eadp: 2019 \u0110\u1ecba ch\u1ec9: 03 L\u00ea Thanh Ngh\u1ecb, Ho\u00e0 C\u01b0\u1eddng B\u1eafc, H\u1ea3i Ch\u00e2u, \u0110\u00e0 N\u1eb5ng 50000, Vi\u1ec7t Nam Email: support@xoi.us.com Hotline: 0375 704 385 Website: https:\/\/xoi.us.com\/ Hashtag: #hubet #hubetdecom #hu_bet #hubet_casino\u00a0 #CasinoOnline #T\u00e0iX\u1ec9u \u00a0\u2705S\u1ea2N PH\u1ea8M [&#8230;]\n","protected":false},"author":1,"featured_media":126,"parent":0,"menu_order":0,"comment_status":"closed","ping_status":"closed","template":"","meta":{"footnotes":""},"class_list":["post-121","page","type-page","status-publish","has-post-thumbnail","hentry"],"_links":{"self":[{"href":"https:\/\/hubet.wine\/index.php\/wp-json\/wp\/v2\/pages\/121","targetHints":{"allow":["GET"]}}],"collection":[{"href":"https:\/\/hubet.wine\/index.php\/wp-json\/wp\/v2\/pages"}],"about":[{"href":"https:\/\/hubet.wine\/index.php\/wp-json\/wp\/v2\/types\/page"}],"author":[{"embeddable":true,"href":"https:\/\/hubet.wine\/index.php\/wp-json\/wp\/v2\/users\/1"}],"replies":[{"embeddable":true,"href":"https:\/\/hubet.wine\/index.php\/wp-json\/wp\/v2\/comments?post=121"}],"version-history":[{"count":0,"href":"https:\/\/hubet.wine\/index.php\/wp-json\/wp\/v2\/pages\/121\/revisions"}],"wp:featuredmedia":[{"embeddable":true,"href":"https:\/\/hubet.wine\/index.php\/wp-json\/wp\/v2\/media\/126"}],"wp:attachment":[{"href":"https:\/\/hubet.wine\/index.php\/wp-json\/wp\/v2\/media?parent=121"}],"curies":[{"name":"wp","href":"https:\/\/api.w.org\/{rel}","templated":true}]}}