{"id":120,"date":"2026-05-14T19:06:40","date_gmt":"2026-05-14T12:06:40","guid":{"rendered":"https:\/\/hubet.wine\/index.php\/rut-tien-hubet\/"},"modified":"2026-05-14T19:06:40","modified_gmt":"2026-05-14T12:06:40","slug":"rut-tien-hubet","status":"publish","type":"page","link":"https:\/\/hubet.wine\/index.php\/rut-tien-hubet\/","title":{"rendered":"R\u00fat Ti\u1ec1n Hubet &#8211; C\u00e1c B\u01b0\u1edbc C\u1ef1c \u0110\u01a1n Gi\u1ea3n Cho Anh Em T\u00e2n Th\u1ee7"},"content":{"rendered":"<div class=\"row\" id=\"row-1452644645\">\n<div id=\"col-836991128\" class=\"col medium-3 small-12 large-3\">\n<div class=\"col-inner\">\n<div id=\"text-1689499256\" class=\"text khung\">\n<div style=\"text-align: center;\"><strong>\u2705TH\u00d4NG TIN<\/strong><\/div>\n<div>\u00a0<\/div>\n<ul>\n<li><strong>Th\u01b0\u01a1ng hi\u1ec7u:<\/strong> <a href=\"https:\/\/hubet.wine\/\"><strong>HUBET<\/strong><\/a><\/li>\n<li><strong>Danh M\u1ee5c:<\/strong> C\u00e1 C\u01b0\u1ee3c Tr\u1ef1c Tuy\u1ebfn<\/li>\n<li><strong>S\u1ea3n Ph\u1ea9m Ch\u1ee7 \u0110\u1ea1o:<\/strong> Casino Online<\/li>\n<li><strong>N\u0103m Th\u00e0nh L\u1eadp:<\/strong> 2019<\/li>\n<li><strong>\u0110\u1ecba ch\u1ec9:<\/strong> 03 L\u00ea Thanh Ngh\u1ecb, Ho\u00e0 C\u01b0\u1eddng B\u1eafc, H\u1ea3i Ch\u00e2u, \u0110\u00e0 N\u1eb5ng 50000, Vi\u1ec7t Nam<\/li>\n<li><strong>Email:<\/strong> support@xoi.us.com<\/li>\n<li><strong>Hotline:<\/strong> 0375 704 385<\/li>\n<li><strong>Website:<\/strong> <a href=\"https:\/\/hubet.wine\/\"><strong>https:\/\/xoi.us.com\/<\/strong><\/a><\/li>\n<li><strong>Hashtag:<\/strong> #hubet #hubetdecom #hu_bet #hubet_casino\u00a0 #CasinoOnline #T\u00e0iX\u1ec9u<\/li>\n<\/ul><\/div>\n<div id=\"text-944385774\" class=\"text khung\">\n<div style=\"text-align: center;\"><strong>\u00a0\u2705S\u1ea2N PH\u1ea8M<\/strong><\/div>\n<p>\u00a0<\/p>\n<ul>\n<li><a href=\"https:\/\/hubet.wine\/casino-hubet\/\"><strong>Casino<\/strong><\/a><\/li>\n<li><a href=\"https:\/\/hubet.wine\/the-thao-hubet\/\"><strong>Th\u1ec3 Thao<\/strong><\/a><\/li>\n<li><a href=\"https:\/\/hubet.wine\/no-hu-hubet\/\"><strong>N\u1ed5 H\u0169<\/strong><\/a><\/li>\n<li><a href=\"https:\/\/hubet.wine\/ban-ca-hubet\/\"><strong>B\u1eafn C\u00e1<\/strong><\/a><\/li>\n<li><a href=\"https:\/\/hubet.wine\/da-ga-hubet\/\"><strong>\u0110\u00e1 G\u00e0<\/strong><\/a><\/li>\n<li><a href=\"https:\/\/hubet.wine\/xo-so-hubet\/\"><strong>X\u1ed5 S\u1ed1<\/strong><\/a><\/li>\n<\/ul><\/div>\n<\/p><\/div>\n<\/p><\/div>\n<div id=\"col-96329688\" class=\"col medium-9 small-12 large-9\">\n<div class=\"col-inner\">\n<p><b><a href=\"https:\/\/hubet.wine\/rut-tien-hubet\/\">R\u00fat ti\u1ec1n Hubet<\/a> <\/b>v\u00e0 c\u00e1 c\u01b0\u1ee3c<span style=\"font-weight: 400;\">\u00a0l\u00e0 hai y\u1ebfu t\u1ed1 quan tr\u1ecdng \u1ea3nh h\u01b0\u1edfng \u0111\u1ebfn tr\u1ea3i nghi\u1ec7m kh\u00e1ch h\u00e0ng. \u0110\u1ec3 m\u1ecdi giao d\u1ecbch di\u1ec5n ra su\u00f4n s\u1ebb, vi\u1ec7c n\u1eafm v\u1eefng t\u1eebng b\u01b0\u1edbc l\u00e0 \u0111i\u1ec1u c\u1ea7n thi\u1ebft v\u00e0 r\u1ea5t quan tr\u1ecdng. Tham kh\u1ea3o ngay h\u01b0\u1edbng d\u1eabn chi ti\u1ebft t\u1eeb nh\u00e0 c\u00e1i <\/span><b><a href=\"https:\/\/hubet.wine\/\">Hubet<\/a> <\/b><span style=\"font-weight: 400;\">\u0111\u1ec3 \u0111\u1ea3m b\u1ea3o c\u00e1c giao d\u1ecbch c\u1ee7a b\u1ea1n lu\u00f4n \u0111\u01b0\u1ee3c th\u1ef1c hi\u1ec7n th\u00e0nh c\u00f4ng!<\/span><\/p>\n<h2><b>Kh\u00e1i qu\u00e1t v\u1ec1 d\u1ecbch v\u1ee5 r\u00fat ti\u1ec1n Hubet ng\u00e0y nay<\/b><\/h2>\n<figure id=\"attachment_652\" aria-describedby=\"caption-attachment-652\" style=\"width: 800px\" class=\"wp-caption aligncenter\"><img title=\"Kh\u00e1i qu\u00e1t v\u1ec1 d\u1ecbch v\u1ee5 r\u00fat ti\u1ec1n Hubet\" loading=\"lazy\" decoding=\"async\" class=\"size-full wp-image-652\" src=\"https:\/\/hubet.wine\/wp-content\/uploads\/2026\/05\/rut-tien-hubet-1.webp\" alt=\"Kh\u00e1i qu\u00e1t v\u1ec1 d\u1ecbch v\u1ee5 r\u00fat ti\u1ec1n Hubet\" width=\"800\" height=\"450\"><figcaption id=\"caption-attachment-652\" class=\"wp-caption-text\">Kh\u00e1i qu\u00e1t v\u1ec1 d\u1ecbch v\u1ee5 r\u00fat ti\u1ec1n Hubet<\/figcaption><\/figure>\n<p><span style=\"font-weight: 400;\">D\u01b0\u1edbi \u0111\u00e2y l\u00e0 nh\u1eefng th\u00f4ng tin quan tr\u1ecdng li\u00ean quan \u0111\u1ebfn d\u1ecbch v\u1ee5 <\/span><b>r\u00fat ti\u1ec1n Hubet<\/b><span style=\"font-weight: 400;\"> m\u00e0 ch\u00fang t\u00f4i m\u00e0 ch\u00fang t\u00f4i \u0111\u00e3 t\u1ed5ng h\u1ee3p chi ti\u1ebft l\u1ea1i v\u00e0 mu\u1ed1n g\u1eedi t\u1edbi c\u00e1c b\u1ea1n. C\u1ee5 th\u1ec3 nh\u01b0 sau:<\/span><\/p>\n<ul>\n<li style=\"font-weight: 400;\" aria-level=\"1\"><span style=\"font-weight: 400;\">C\u00e1c l\u1ef1a ch\u1ecdn r\u00fat ti\u1ec1n: Nh\u00e0 c\u00e1i cung c\u1ea5p nhi\u1ec1u ph\u01b0\u01a1ng th\u1ee9c thanh to\u00e1n linh ho\u1ea1t, bao g\u1ed3m chuy\u1ec3n kho\u1ea3n qua ng\u00e2n h\u00e0ng, th\u1ebb t\u00edn d\u1ee5ng, c\u00f9ng v\u1edbi c\u00e1c ph\u01b0\u01a1ng th\u1ee9c thanh to\u00e1n \u0111i\u1ec7n t\u1eed kh\u00e1c.<\/span><\/li>\n<li style=\"font-weight: 400;\" aria-level=\"1\"><span style=\"font-weight: 400;\">Th\u1eddi gian x\u1eed l\u00fd: T\u00f9y v\u00e0o ph\u01b0\u01a1ng th\u1ee9c l\u1ef1a ch\u1ecdn v\u00e0 quy \u0111\u1ecbnh c\u1ee7a nh\u00e0 c\u00e1i, th\u1eddi gian x\u1eed l\u00fd giao d\u1ecbch<\/span><b> r\u00fat ti\u1ec1n Hubet<\/b><span style=\"font-weight: 400;\"> c\u00f3 th\u1ec3 dao \u0111\u1ed9ng t\u1eeb v\u00e0i ph\u00fat \u0111\u1ebfn v\u00e0i gi\u1edd, mang l\u1ea1i s\u1ef1 thu\u1eadn ti\u1ec7n cho kh\u00e1ch h\u00e0ng.<\/span><\/li>\n<li style=\"font-weight: 400;\" aria-level=\"1\"><span style=\"font-weight: 400;\">Y\u00eau c\u1ea7u x\u00e1c minh: \u0110\u1ec3 b\u1ea3o v\u1ec7 an to\u00e0n v\u00e0 tu\u00e2n th\u1ee7 c\u00e1c quy \u0111\u1ecbnh ph\u00e1p l\u00fd, nh\u00e0 c\u00e1i y\u00eau c\u1ea7u b\u1ea1n cung c\u1ea5p gi\u1ea5y t\u1edd t\u00f9y th\u00e2n ho\u1eb7c th\u00f4ng tin c\u00e1 nh\u00e2n \u0111\u1ec3 x\u00e1c th\u1ef1c danh t\u00ednh.<\/span><\/li>\n<li style=\"font-weight: 400;\" aria-level=\"1\"><span style=\"font-weight: 400;\">S\u1ed1 ti\u1ec1n t\u1ed1i thi\u1ec3u: Nh\u00e0 c\u00e1i c\u0169ng quy \u0111\u1ecbnh m\u1ee9c ti\u1ec1n t\u1ed1i thi\u1ec3u cho m\u1ed7i l\u1ea7n r\u00fat, v\u00ec v\u1eady h\u00e3y ch\u1eafc ch\u1eafn ki\u1ec3m tra tr\u01b0\u1edbc khi th\u1ef1c hi\u1ec7n giao d\u1ecbch.<\/span><\/li>\n<\/ul>\n<h2><b>Nh\u1eefng \u0111i\u1ec1u ki\u1ec7n c\u1ea7n th\u1ecfa m\u00e3n tr\u01b0\u1edbc khi r\u00fat ti\u1ec1n Hubet<\/b><\/h2>\n<figure id=\"attachment_653\" aria-describedby=\"caption-attachment-653\" style=\"width: 800px\" class=\"wp-caption aligncenter\"><img title=\"Nh\u1eefng \u0111i\u1ec1u ki\u1ec7n c\u1ea7n th\u1ecfa m\u00e3n\" loading=\"lazy\" decoding=\"async\" class=\"size-full wp-image-653\" src=\"https:\/\/hubet.wine\/wp-content\/uploads\/2026\/05\/rut-tien-hubet-2.webp\" alt=\"Nh\u1eefng \u0111i\u1ec1u ki\u1ec7n c\u1ea7n th\u1ecfa m\u00e3n\" width=\"800\" height=\"450\"><figcaption id=\"caption-attachment-653\" class=\"wp-caption-text\">Nh\u1eefng \u0111i\u1ec1u ki\u1ec7n c\u1ea7n th\u1ecfa m\u00e3n<\/figcaption><\/figure>\n<p><span style=\"font-weight: 400;\">Tr\u01b0\u1edbc ti\u00ean, b\u1ea1n c\u1ea7n l\u01b0u \u00fd r\u1eb1ng kh\u00f4ng ph\u1ea3i t\u1ea5t c\u1ea3 t\u00e0i kho\u1ea3n c\u00e1 c\u01b0\u1ee3c \u0111\u1ec1u \u0111\u1ee7 \u0111i\u1ec1u ki\u1ec7n \u0111\u1ec3 th\u1ef1c hi\u1ec7n giao d\u1ecbch v\u00e0 kh\u00f4ng ph\u1ea3i b\u1ea5t k\u1ef3 kh\u00e1ch h\u00e0ng n\u00e0o c\u0169ng \u0111\u00e1p \u1ee9ng c\u00e1c y\u00eau c\u1ea7u c\u1ee7a h\u1ec7 th\u1ed1ng. \u0110\u1ec3 \u0111\u1ea3m b\u1ea3o giao d\u1ecbch di\u1ec5n ra th\u00e0nh c\u00f4ng, b\u1ea1n c\u1ea7n tu\u00e2n th\u1ee7 nh\u1eefng \u0111i\u1ec1u ki\u1ec7n d\u01b0\u1edbi \u0111\u00e2y, \u0111\u01b0\u1ee3c thi\u1ebft l\u1eadp nh\u1eb1m b\u1ea3o v\u1ec7 quy\u1ec1n l\u1ee3i c\u1ee7a c\u1ea3 hai b\u00ean:<\/span><\/p>\n<ul>\n<li style=\"font-weight: 400;\" aria-level=\"1\"><span style=\"font-weight: 400;\">B\u1eaft bu\u1ed9c b\u1ea1n ph\u1ea3i l\u00e0 m\u1ed9t th\u00e0nh vi\u00ean ch\u00ednh th\u1ee9c \u0111\u00e3 x\u00e1c minh t\u00e0i kho\u1ea3n m\u1edbi c\u00f3 th\u1ec3 th\u1ef1c hi\u1ec7n giao d\u1ecbch r\u00fat ti\u1ec1n t\u1ea1i th\u01b0\u01a1ng hi\u1ec7u c\u1ee7a ch\u00fang t\u00f4i.<\/span><\/li>\n<li style=\"font-weight: 400;\" aria-level=\"1\"><span style=\"font-weight: 400;\">M\u1ed7i kh\u00e1ch h\u00e0ng t\u1ea1i \u0111\u00e2y ch\u1ec9 \u0111\u01b0\u1ee3c ph\u00e9p c\u00f3 m\u1ed9t v\u00e0 ch\u1ec9 m\u1ed9t t\u00e0i kho\u1ea3n ch\u00ednh duy nh\u1ea5t \u0111\u1ec3 th\u1ef1c hi\u1ec7n c\u00e1c giao d\u1ecbch.<\/span><\/li>\n<li style=\"font-weight: 400;\" aria-level=\"1\"><span style=\"font-weight: 400;\">\u0110\u1ec3 qu\u00e1 tr\u00ecnh <\/span><b>r\u00fat ti\u1ec1n Hubet<\/b><span style=\"font-weight: 400;\"> di\u1ec5n ra su\u00f4n s\u1ebb, t\u00e0i kho\u1ea3n c\u00e1 c\u01b0\u1ee3c c\u1ee7a kh\u00e1ch h\u00e0ng c\u1ea7n ph\u1ea3i duy tr\u00ec s\u1ed1 d\u01b0 \u0111\u1ee7 y\u00eau c\u1ea7u.<\/span><\/li>\n<li style=\"font-weight: 400;\" aria-level=\"1\"><span style=\"font-weight: 400;\">M\u1ee9c r\u00fat ti\u1ec1n t\u1ed1i thi\u1ec3u l\u00e0 100.000 VN\u0110, t\u1ed1i \u0111a l\u00e0 10.000.000 VN\u0110\u00a0 v\u00e0 m\u1ed7i kh\u00e1ch h\u00e0ng b\u00ecnh th\u01b0\u1eddng ch\u1ec9 \u0111\u01b0\u1ee3c th\u1ef1c hi\u1ec7n t\u1ed1i \u0111a 5 giao d\u1ecbch r\u00fat ti\u1ec1n m\u1ed7i ng\u00e0y. C\u00f2n v\u1edbi h\u1ed9i vi\u00ean vip s\u1ed1 l\u1ea7n th\u1ef1c hi\u1ec7n c\u0169ng nh\u01b0 s\u1ed1 ti\u1ec1n \u0111\u01b0\u1ee3c r\u00fat c\u0169ng t\u0103ng l\u00ean r\u1ea5t nhi\u1ec1u.<\/span><\/li>\n<li style=\"font-weight: 400;\" aria-level=\"1\"><span style=\"font-weight: 400;\">Th\u00f4ng tin t\u00e0i kho\u1ea3n ng\u00e2n h\u00e0ng ph\u1ea3i tr\u00f9ng kh\u1edbp v\u1edbi th\u00f4ng tin \u0111\u00e3 \u0111\u0103ng k\u00fd t\u1ea1i Hubet \u0111\u1ec3 b\u1ea3o \u0111\u1ea3m t\u00ednh an to\u00e0n cho giao d\u1ecbch. Nh\u00e0 c\u00e1i s\u1ebd kh\u00f4ng th\u1ef1c hi\u1ec7n chi tr\u1ea3 cho t\u00e0i kho\u1ea3n c\u1ee7a b\u00ean th\u1ee9 ba.<\/span><\/li>\n<\/ul>\n<h2><b>H\u01b0\u1edbng d\u1eabn r\u00fat ti\u1ec1n Hubet ch\u00ednh x\u00e1c v\u00e0 nhanh ch\u00f3ng<\/b><\/h2>\n<figure id=\"attachment_654\" aria-describedby=\"caption-attachment-654\" style=\"width: 800px\" class=\"wp-caption aligncenter\"><img title=\"H\u01b0\u1edbng d\u1eabn r\u00fat ti\u1ec1n ch\u00ednh x\u00e1c\" loading=\"lazy\" decoding=\"async\" class=\"size-full wp-image-654\" src=\"https:\/\/hubet.wine\/wp-content\/uploads\/2026\/05\/rut-tien-hubet-3.webp\" alt=\"H\u01b0\u1edbng d\u1eabn r\u00fat ti\u1ec1n ch\u00ednh x\u00e1c\" width=\"800\" height=\"450\"><figcaption id=\"caption-attachment-654\" class=\"wp-caption-text\">H\u01b0\u1edbng d\u1eabn r\u00fat ti\u1ec1n ch\u00ednh x\u00e1c<\/figcaption><\/figure>\n<p><span style=\"font-weight: 400;\">D\u00e0nh cho nh\u1eefng b\u1ea1n t\u00e2n th\u1ee7 m\u1edbi tham gia, vi\u1ec7c th\u1ef1c hi\u1ec7n thanh to\u00e1n t\u1eeb Hubet v\u1ec1 t\u00e0i kho\u1ea3n ng\u00e2n h\u00e0ng c\u1ef1c k\u1ef3 d\u1ec5 d\u00e0ng v\u00e0 nhanh ch\u00f3ng. Ch\u1ec9 c\u1ea7n tu\u00e2n th\u1ee7 c\u00e1c b\u01b0\u1edbc \u0111\u01a1n gi\u1ea3n d\u01b0\u1edbi \u0111\u00e2y, b\u1ea1n s\u1ebd ho\u00e0n th\u00e0nh quy tr\u00ecnh m\u1ed9t c\u00e1ch nhanh ch\u00f3ng v\u00e0 hi\u1ec7u qu\u1ea3:<\/span><\/p>\n<h3><b>B\u01b0\u1edbc 1: Truy c\u1eadp website<\/b><\/h3>\n<p><span style=\"font-weight: 400;\">B\u01b0\u1edbc \u0111\u1ea7u ti\u00ean, b\u1ea1n c\u1ea7n truy c\u1eadp v\u00e0o trang ch\u00ednh th\u1ee9c c\u1ee7a Hubet \u0111\u1ec3 b\u1eaft \u0111\u1ea7u quy tr\u00ecnh. \u0110\u00e2y l\u00e0 b\u01b0\u1edbc c\u1ef1c k\u1ef3 quan tr\u1ecdng, gi\u00fap b\u1ea3o v\u1ec7 th\u00f4ng tin c\u00e1 nh\u00e2n v\u00e0 t\u00e0i ch\u00ednh c\u1ee7a b\u1ea1n kh\u1ecfi nh\u1eefng m\u1ed1i nguy hi\u1ec3m.<\/span><\/p>\n<p><span style=\"font-weight: 400;\">\u0110\u1ea3m b\u1ea3o ch\u1ec9 s\u1eed d\u1ee5ng c\u00e1c li\u00ean k\u1ebft ch\u00ednh th\u1ee9c t\u1eeb nh\u00e0 c\u00e1i \u0111\u1ec3 tr\u00e1nh nh\u1eefng trang web gi\u1ea3 m\u1ea1o ho\u1eb7c kh\u00f4ng an to\u00e0n. \u0110i\u1ec1u \u0111\u00f3 s\u1ebd gi\u00fap b\u1ea3o v\u1ec7 t\u00e0i kho\u1ea3n v\u00e0 d\u1eef li\u1ec7u c\u1ee7a b\u1ea1n m\u1ed9t c\u00e1ch hi\u1ec7u qu\u1ea3 nh\u1ea5t.<\/span><\/p>\n<h3><b>B\u01b0\u1edbc 2: \u0110\u0103ng nh\u1eadp<\/b><\/h3>\n<p><span style=\"font-weight: 400;\">Sau khi truy c\u1eadp v\u00e0o trang ch\u1ee7 nh\u00e0 c\u00e1i, b\u1ea1n ch\u1ec9 c\u1ea7n t\u00ecm ki\u1ebfm v\u00e0 click v\u00e0o n\u00fat \u201c\u0110\u0103ng nh\u1eadp\u201d, m\u1ed9t c\u1eeda s\u1ed5 s\u1ebd xu\u1ea5t hi\u1ec7n, y\u00eau c\u1ea7u b\u1ea1n nh\u1eadp t\u00ean t\u00e0i kho\u1ea3n c\u0169ng nh\u01b0 m\u1eadt kh\u1ea9u c\u1ee7a m\u00ecnh. H\u00e3y \u0111i\u1ec1n \u0111\u1ea7y \u0111\u1ee7 c\u00e1c th\u00f4ng tin c\u1ea7n thi\u1ebft \u0111\u00f3, ti\u1ebfp \u0111\u1ebfn nh\u1ea5n Enter tr\u00ean b\u00e0n ph\u00edm ho\u1eb7c ch\u1ecdn n\u00fat x\u00e1c nh\u1eadn \u0111\u1ec3 ho\u00e0n t\u1ea5t vi\u1ec7c \u0111\u0103ng nh\u1eadp v\u00e0 truy c\u1eadp v\u00e0o t\u00e0i kho\u1ea3n c\u1ee7a m\u00ecnh.<\/span><\/p>\n<h3><b>B\u01b0\u1edbc 3: Th\u1ef1c hi\u1ec7n r\u00fat ti\u1ec1n<\/b><\/h3>\n<p><span style=\"font-weight: 400;\">Tr\u00ean giao di\u1ec7n ch\u00ednh, m\u1ee5c \u201cR\u00fat ti\u1ec1n\u201d s\u1ebd xu\u1ea5t hi\u1ec7n \u1edf thanh c\u00f4ng c\u1ee5 ph\u00eda tr\u00ean c\u00f9ng c\u1ee7a trang web, b\u1ea1n ch\u1ec9 c\u1ea7n nh\u1ea5p v\u00e0o \u0111\u00f3 \u0111\u1ec3 b\u1eaft \u0111\u1ea7u giao d\u1ecbch. Ngo\u00e0i ra, n\u1ebfu mu\u1ed1n ti\u1ebft ki\u1ec7m th\u1eddi gian nh\u1ea5t c\u00f3 th\u1ec3, b\u1ea1n c\u0169ng c\u00f3 th\u1ec3 th\u1ef1c hi\u1ec7n nh\u1eefng quy tr\u00ecnh n\u00e0y th\u00f4ng qua \u1ee9ng d\u1ee5ng c\u1ee7a nh\u00e0 c\u00e1i.<\/span><\/p>\n<p><span style=\"font-weight: 400;\">\u0110\u1ec3 <\/span><b>r\u00fat ti\u1ec1n Hubet<\/b><span style=\"font-weight: 400;\"> m\u1ed9t c\u00e1ch nhanh ch\u00f3ng v\u00e0 an to\u00e0n, b\u1ea1n h\u00e3y \u0111i\u1ec1n \u0111\u1ea7y \u0111\u1ee7 c\u00e1c th\u00f4ng tin y\u00eau c\u1ea7u v\u00e0o m\u1eabu giao d\u1ecbch. C\u1ee5 th\u1ec3 bao g\u1ed3m:<\/span><\/p>\n<ul>\n<li style=\"font-weight: 400;\" aria-level=\"1\"><span style=\"font-weight: 400;\">S\u1ed1 ti\u1ec1n c\u1ea7n r\u00fat.<\/span><\/li>\n<li style=\"font-weight: 400;\" aria-level=\"1\"><span style=\"font-weight: 400;\">T\u00ean ng\u00e2n h\u00e0ng.<\/span><\/li>\n<li style=\"font-weight: 400;\" aria-level=\"1\"><span style=\"font-weight: 400;\">T\u00ean ch\u1ee7 t\u00e0i kho\u1ea3n.<\/span><\/li>\n<li style=\"font-weight: 400;\" aria-level=\"1\"><span style=\"font-weight: 400;\">S\u1ed1 t\u00e0i kho\u1ea3n ng\u00e2n h\u00e0ng.<\/span><\/li>\n<li style=\"font-weight: 400;\" aria-level=\"1\"><span style=\"font-weight: 400;\">\u0110\u1ecba ch\u1ec9 ng\u00e2n h\u00e0ng.<\/span><\/li>\n<\/ul>\n<h3><b>B\u01b0\u1edbc 4: G\u1eedi y\u00eau c\u1ea7u<\/b><\/h3>\n<p><span style=\"font-weight: 400;\">Sau khi b\u1ea1n \u0111\u00e3 \u0111i\u1ec1n \u0111\u1ea7y \u0111\u1ee7 v\u00e0 ch\u00ednh x\u00e1c c\u00e1c th\u00f4ng tin c\u1ea7n thi\u1ebft, ch\u1ec9 c\u1ea7n nh\u1ea5n n\u00fat \u201cG\u1eedi\u201d \u0111\u1ec3 ho\u00e0n t\u1ea5t y\u00eau c\u1ea7u <\/span><b>r\u00fat ti\u1ec1n Hubet<\/b><span style=\"font-weight: 400;\">. Nh\u00e0 c\u00e1i c\u1ee7a ch\u00fang t\u00f4i s\u1ebd ki\u1ec3m tra l\u1ea1i v\u00e0 x\u1eed l\u00fd y\u00eau c\u1ea7u ngay khi nh\u1eadn \u0111\u01b0\u1ee3c. Qu\u00e1 tr\u00ecnh n\u00e0y di\u1ec5n ra c\u1ef1c k\u1ef3 nhanh ch\u00f3ng, th\u01b0\u1eddng ch\u1ec9 m\u1ea5t kho\u1ea3n t\u1eeb 5 \u0111\u1ebfn 10 ph\u00fat. Khi y\u00eau c\u1ea7u \u0111\u01b0\u1ee3c duy\u1ec7t, s\u1ed1 ti\u1ec1n n\u00e0y s\u1ebd l\u1eadp t\u1ee9c \u0111\u01b0\u1ee3c chuy\u1ec3n kho\u1ea3n v\u00e0o t\u00e0i kho\u1ea3n c\u1ee7a b\u1ea1n.<\/span><\/p>\n<h2><b>K\u1ebft lu\u1eadn<\/b><\/h2>\n<p><span style=\"font-weight: 400;\">Hy v\u1ecdng r\u1eb1ng nh\u1eefng chia s\u1ebb tr\u00ean \u0111\u00e3 gi\u00fap b\u1ea1n n\u1eafm b\u1eaft r\u00f5 h\u01a1n quy tr\u00ecnh <\/span><b>r\u00fat ti\u1ec1n Hubet<\/b><span style=\"font-weight: 400;\">. M\u1eb7c d\u00f9 quy tr\u00ecnh kh\u00f4ng qu\u00e1 ph\u1ee9c t\u1ea1p, nh\u01b0ng vi\u1ec7c tu\u00e2n th\u1ee7 \u0111\u00fang c\u00e1c y\u00eau c\u1ea7u l\u00e0 v\u00f4 c\u00f9ng quan tr\u1ecdng. \u0110i\u1ec1u \u0111\u00f3 s\u1ebd gi\u00fap b\u1ea1n th\u1ef1c hi\u1ec7n thanh to\u00e1n nhanh ch\u00f3ng v\u00e0 thu\u1eadn ti\u1ec7n, \u0111\u1ed3ng th\u1eddi n\u00e2ng cao tr\u1ea3i nghi\u1ec7m ch\u01a1i c\u1ee7a b\u1ea1n.<\/span><\/p>\n<\/p><\/div>\n<\/p><\/div>\n<\/div>\n","protected":false},"excerpt":{"rendered":"<p>\u2705TH\u00d4NG TIN \u00a0 Th\u01b0\u01a1ng hi\u1ec7u: HUBET Danh M\u1ee5c: C\u00e1 C\u01b0\u1ee3c Tr\u1ef1c Tuy\u1ebfn S\u1ea3n Ph\u1ea9m Ch\u1ee7 \u0110\u1ea1o: Casino Online N\u0103m Th\u00e0nh L\u1eadp: 2019 \u0110\u1ecba ch\u1ec9: 03 L\u00ea Thanh Ngh\u1ecb, Ho\u00e0 C\u01b0\u1eddng B\u1eafc, H\u1ea3i Ch\u00e2u, \u0110\u00e0 N\u1eb5ng 50000, Vi\u1ec7t Nam Email: support@xoi.us.com Hotline: 0375 704 385 Website: https:\/\/xoi.us.com\/ Hashtag: #hubet #hubetdecom #hu_bet #hubet_casino\u00a0 #CasinoOnline #T\u00e0iX\u1ec9u \u00a0\u2705S\u1ea2N PH\u1ea8M [&#8230;]\n","protected":false},"author":1,"featured_media":125,"parent":0,"menu_order":0,"comment_status":"closed","ping_status":"closed","template":"","meta":{"footnotes":""},"class_list":["post-120","page","type-page","status-publish","has-post-thumbnail","hentry"],"_links":{"self":[{"href":"https:\/\/hubet.wine\/index.php\/wp-json\/wp\/v2\/pages\/120","targetHints":{"allow":["GET"]}}],"collection":[{"href":"https:\/\/hubet.wine\/index.php\/wp-json\/wp\/v2\/pages"}],"about":[{"href":"https:\/\/hubet.wine\/index.php\/wp-json\/wp\/v2\/types\/page"}],"author":[{"embeddable":true,"href":"https:\/\/hubet.wine\/index.php\/wp-json\/wp\/v2\/users\/1"}],"replies":[{"embeddable":true,"href":"https:\/\/hubet.wine\/index.php\/wp-json\/wp\/v2\/comments?post=120"}],"version-history":[{"count":0,"href":"https:\/\/hubet.wine\/index.php\/wp-json\/wp\/v2\/pages\/120\/revisions"}],"wp:featuredmedia":[{"embeddable":true,"href":"https:\/\/hubet.wine\/index.php\/wp-json\/wp\/v2\/media\/125"}],"wp:attachment":[{"href":"https:\/\/hubet.wine\/index.php\/wp-json\/wp\/v2\/media?parent=120"}],"curies":[{"name":"wp","href":"https:\/\/api.w.org\/{rel}","templated":true}]}}