{"id":119,"date":"2026-05-14T19:06:40","date_gmt":"2026-05-14T12:06:40","guid":{"rendered":"https:\/\/hubet.wine\/index.php\/choi-co-trach-nhiem\/"},"modified":"2026-05-14T19:06:40","modified_gmt":"2026-05-14T12:06:40","slug":"choi-co-trach-nhiem","status":"publish","type":"page","link":"https:\/\/hubet.wine\/index.php\/choi-co-trach-nhiem\/","title":{"rendered":"Ch\u01a1i C\u00f3 Tr\u00e1ch Nhi\u1ec7m | Nguy\u00ean T\u1eafc V\u00e0ng Khi Tham Gia Hubet"},"content":{"rendered":"<div class=\"row\" id=\"row-1233416129\">\n<div id=\"col-268807308\" class=\"col medium-3 small-12 large-3\">\n<div class=\"col-inner\">\n<div id=\"text-898039092\" class=\"text khung\">\n<div style=\"text-align: center;\"><strong>\u2705TH\u00d4NG TIN<\/strong><\/div>\n<div>\u00a0<\/div>\n<ul>\n<li><strong>Th\u01b0\u01a1ng hi\u1ec7u:<\/strong> <a href=\"https:\/\/hubet.wine\/\"><strong>HUBET<\/strong><\/a><\/li>\n<li><strong>Danh M\u1ee5c:<\/strong> C\u00e1 C\u01b0\u1ee3c Tr\u1ef1c Tuy\u1ebfn<\/li>\n<li><strong>S\u1ea3n Ph\u1ea9m Ch\u1ee7 \u0110\u1ea1o:<\/strong> Casino Online<\/li>\n<li><strong>N\u0103m Th\u00e0nh L\u1eadp:<\/strong> 2019<\/li>\n<li><strong>\u0110\u1ecba ch\u1ec9:<\/strong> 03 L\u00ea Thanh Ngh\u1ecb, Ho\u00e0 C\u01b0\u1eddng B\u1eafc, H\u1ea3i Ch\u00e2u, \u0110\u00e0 N\u1eb5ng 50000, Vi\u1ec7t Nam<\/li>\n<li><strong>Email:<\/strong> support@xoi.us.com<\/li>\n<li><strong>Hotline:<\/strong> 0375 704 385<\/li>\n<li><strong>Website:<\/strong> <a href=\"https:\/\/hubet.wine\/\"><strong>https:\/\/xoi.us.com\/<\/strong><\/a><\/li>\n<li><strong>Hashtag:<\/strong> #hubet #hubetdecom #hu_bet #hubet_casino\u00a0 #CasinoOnline #T\u00e0iX\u1ec9u<\/li>\n<\/ul><\/div>\n<div id=\"text-982482008\" class=\"text khung\">\n<div style=\"text-align: center;\"><strong>\u00a0\u2705S\u1ea2N PH\u1ea8M<\/strong><\/div>\n<p>\u00a0<\/p>\n<ul>\n<li><a href=\"https:\/\/hubet.wine\/casino-hubet\/\"><strong>Casino<\/strong><\/a><\/li>\n<li><a href=\"https:\/\/hubet.wine\/the-thao-hubet\/\"><strong>Th\u1ec3 Thao<\/strong><\/a><\/li>\n<li><a href=\"https:\/\/hubet.wine\/no-hu-hubet\/\"><strong>N\u1ed5 H\u0169<\/strong><\/a><\/li>\n<li><a href=\"https:\/\/hubet.wine\/ban-ca-hubet\/\"><strong>B\u1eafn C\u00e1<\/strong><\/a><\/li>\n<li><a href=\"https:\/\/hubet.wine\/da-ga-hubet\/\"><strong>\u0110\u00e1 G\u00e0<\/strong><\/a><\/li>\n<li><a href=\"https:\/\/hubet.wine\/xo-so-hubet\/\"><strong>X\u1ed5 S\u1ed1<\/strong><\/a><\/li>\n<\/ul><\/div>\n<\/p><\/div>\n<\/p><\/div>\n<div id=\"col-1339051850\" class=\"col medium-9 small-12 large-9\">\n<div class=\"col-inner\">\n<p><a href=\"https:\/\/hubet.wine\/choi-co-trach-nhiem\/\"><b>Ch\u01a1i c\u00f3 tr\u00e1ch nhi\u1ec7m<\/b><\/a><span style=\"font-weight: 400;\"> l\u00e0 y\u1ebfu t\u1ed1 c\u1ed1t l\u00f5i m\u00e0 <strong><a href=\"https:\/\/hubet.wine\/\">Hubet<\/a><\/strong> lu\u00f4n \u0111\u1eb7t l\u00ean h\u00e0ng \u0111\u1ea7u nh\u1eb1m x\u00e2y d\u1ef1ng m\u1ed9t m\u00f4i tr\u01b0\u1eddng gi\u1ea3i tr\u00ed l\u00e0nh m\u1ea1nh. D\u01b0\u1edbi \u0111\u00e2y l\u00e0 nh\u1eefng g\u00f3c nh\u00ecn chuy\u00ean s\u00e2u v\u1ec1 vi\u1ec7c ch\u01a1i m\u1ed9t c\u00e1ch t\u1ec9nh t\u00e1o, ki\u1ec3m so\u00e1t v\u00e0 v\u0103n minh. C\u00f9ng kh\u00e1m ph\u00e1 ngay nh\u1eefng th\u00f4ng tin h\u1eefu \u00edch t\u1eeb nh\u00e0 c\u00e1i \u0111\u1ec3 hi\u1ec3u r\u00f5 h\u01a1n.<\/span><\/p>\n<h2><b>Ki\u1ebfn t\u1ea1o t\u01b0 duy \u0111\u00fang \u0111\u1eafn khi tham gia c\u00e1 c\u01b0\u1ee3c<\/b><\/h2>\n<p><span style=\"font-weight: 400;\">M\u1ed9t trong nh\u1eefng b\u01b0\u1edbc \u0111\u1ea7u ti\u00ean \u0111\u1ec3 thi\u1ebft l\u1eadp h\u00e0nh vi <\/span><b>ch\u01a1i c\u00f3 tr\u00e1ch nhi\u1ec7m <\/b><span style=\"font-weight: 400;\">l\u00e0 hi\u1ec3u r\u00f5 b\u1ea3n ch\u1ea5t c\u1ee7a c\u00e1 c\u01b0\u1ee3c. Thay v\u00ec xem \u0111\u00f3 l\u00e0 m\u1ed9t ph\u01b0\u01a1ng ti\u1ec7n ki\u1ebfm ti\u1ec1n, Hubet \u0111\u1ecbnh h\u01b0\u1edbng ng\u01b0\u1eddi d\u00f9ng coi \u0111\u00e2y l\u00e0 h\u00ecnh th\u1ee9c gi\u1ea3i tr\u00ed gi\u00fap th\u01b0 gi\u00e3n v\u00e0 n\u00e2ng cao tr\u1ea3i nghi\u1ec7m tinh th\u1ea7n.<\/span><\/p>\n<figure id=\"attachment_682\" aria-describedby=\"caption-attachment-682\" style=\"width: 800px\" class=\"wp-caption aligncenter\"><img title=\"T\u01b0 duy ch\u01a1i c\u00f3 tr\u00e1ch nhi\u1ec7m th\u1eadt s\u1ef1 quan tr\u1ecdng\" loading=\"lazy\" decoding=\"async\" class=\"size-full wp-image-682\" src=\"https:\/\/hubet.wine\/wp-content\/uploads\/2026\/05\/choi-co-trach-nhiem-3.webp\" alt=\"T\u01b0 duy ch\u01a1i c\u00f3 tr\u00e1ch nhi\u1ec7m th\u1eadt s\u1ef1 quan tr\u1ecdng\" width=\"800\" height=\"450\"><figcaption id=\"caption-attachment-682\" class=\"wp-caption-text\">T\u01b0 duy ch\u01a1i c\u00f3 tr\u00e1ch nhi\u1ec7m th\u1eadt s\u1ef1 quan tr\u1ecdng<\/figcaption><\/figure>\n<h3><b>Hi\u1ec3u r\u00f5 gi\u1edbi h\u1ea1n c\u00e1 nh\u00e2n l\u00e0 ch\u00eca kh\u00f3a ki\u1ec3m so\u00e1t h\u00e0nh vi<\/b><\/h3>\n<p><span style=\"font-weight: 400;\">Tham gia b\u1ea5t k\u1ef3 ho\u1ea1t \u0111\u1ed9ng n\u00e0o c\u0169ng c\u1ea7n c\u00f3 gi\u1edbi h\u1ea1n v\u00e0 c\u00e1 c\u01b0\u1ee3c c\u0169ng kh\u00f4ng ngo\u1ea1i l\u1ec7. Ng\u01b0\u1eddi ch\u01a1i c\u1ea7n x\u00e1c \u0111\u1ecbnh r\u00f5 s\u1ed1 ti\u1ec1n c\u00f3 th\u1ec3 s\u1eed d\u1ee5ng cho m\u1ee5c \u0111\u00edch gi\u1ea3i tr\u00ed, t\u00e1ch bi\u1ec7t ho\u00e0n to\u00e0n v\u1edbi ngu\u1ed3n t\u00e0i ch\u00ednh cho sinh ho\u1ea1t hay \u0111\u1ea7u t\u01b0.\u00a0<\/span><\/p>\n<p><span style=\"font-weight: 400;\">H\u1ec7 th\u1ed1ng lu\u00f4n khuy\u1ebfn kh\u00edch kh\u00e1ch h\u00e0ng \u0111\u1eb7t ra h\u1ea1n m\u1ee9c c\u00e1 nh\u00e2n m\u1ed7i ng\u00e0y, m\u1ed7i tu\u1ea7n ho\u1eb7c m\u1ed7i th\u00e1ng m\u1ee5c \u0111\u00edch \u0111\u1ec3 duy tr\u00ec s\u1ef1 ki\u1ec3m so\u00e1t t\u1ed1i \u0111a \u0111\u1ed1i v\u1edbi th\u00f3i quen c\u00e1 c\u01b0\u1ee3c. Ngo\u00e0i ra, vi\u1ec7c t\u1ef1 \u0111\u00e1nh gi\u00e1 h\u00e0nh vi th\u01b0\u1eddng xuy\u00ean l\u00e0 m\u1ed9t ph\u01b0\u01a1ng ph\u00e1p hi\u1ec7u qu\u1ea3 \u0111\u1ec3 nh\u1eadn di\u1ec7n d\u1ea5u hi\u1ec7u c\u1ee7a h\u00e0nh vi thi\u1ebfu ki\u1ec3m so\u00e1t. N\u1ebfu b\u1ea1n c\u1ea3m th\u1ea5y c\u00e1 c\u01b0\u1ee3c b\u1eaft \u0111\u1ea7u \u1ea3nh h\u01b0\u1edfng \u0111\u1ebfn c\u00f4ng vi\u1ec7c, gia \u0111\u00ecnh hay t\u00e2m l\u00fd th\u00ec \u0111\u00e3 \u0111\u1ebfn l\u00fac c\u1ea7n d\u1eebng l\u1ea1i v\u00e0 t\u00ecm s\u1ef1 h\u1ed7 tr\u1ee3.<\/span><\/p>\n<h3><b>Nh\u1eadn th\u1ee9c \u0111\u00fang v\u1ec1 t\u1ec9 l\u1ec7 th\u1eafng ;\u00e0 ch\u01a1i c\u00f3 tr\u00e1ch nhi\u1ec7m<\/b><\/h3>\n<p><span style=\"font-weight: 400;\">M\u1ed9t sai l\u1ea7m ph\u1ed5 bi\u1ebfn khi\u1ebfn nhi\u1ec1u ng\u01b0\u1eddi m\u1ea5t ki\u1ec3m so\u00e1t l\u00e0 tin r\u1eb1ng m\u00ecnh c\u00f3 th\u1ec3 th\u1eafng m\u00e3i. Tr\u00ean Hubet, m\u1ecdi tr\u00f2 ch\u01a1i \u0111\u1ec1u \u0111\u01b0\u1ee3c x\u00e2y d\u1ef1ng tr\u00ean n\u1ec1n t\u1ea3ng x\u00e1c su\u1ea5t v\u00e0 c\u00f4ng b\u1eb1ng tuy\u1ec7t \u0111\u1ed1i.\u00a0<\/span><\/p>\n<p><span style=\"font-weight: 400;\">Do \u0111\u00f3, kh\u00f4ng c\u00f3 c\u00f4ng th\u1ee9c n\u00e0o \u0111\u1ea3m b\u1ea3o chi\u1ebfn th\u1eafng d\u00e0i h\u1ea1n. Vi\u1ec7c ch\u1ea5p nh\u1eadn kh\u1ea3 n\u0103ng thua l\u00e0 y\u1ebfu t\u1ed1 c\u1ea7n thi\u1ebft \u0111\u1ec3 duy tr\u00ec t\u00e2m l\u00fd \u1ed5n \u0111\u1ecbnh khi tham gia c\u00e1 c\u01b0\u1ee3c.<\/span><\/p>\n<p><span style=\"font-weight: 400;\">S\u1ef1 kh\u00e1c bi\u1ec7t n\u1eb1m \u1edf c\u00e1ch ng\u01b0\u1eddi ch\u01a1i ph\u1ea3n \u1ee9ng tr\u01b0\u1edbc chi\u1ebfn th\u1eafng ho\u1eb7c th\u1ea5t b\u1ea1i. M\u1ed9t game th\u1ee7 <\/span><b>ch\u01a1i c\u00f3 tr\u00e1ch nhi\u1ec7m<\/b><span style=\"font-weight: 400;\"> l\u00e0 ng\u01b0\u1eddi bi\u1ebft d\u1eebng l\u1ea1i \u0111\u00fang l\u00fac, kh\u00f4ng b\u1ecb cu\u1ed1n theo c\u1ea3m x\u00fac hay mong mu\u1ed1n \u201cg\u1ee1 g\u1ea1c\u201d thi\u1ebfu l\u00fd tr\u00ed.<\/span><\/p>\n<h2><b>C\u00f4ng c\u1ee5 v\u00e0 ch\u00ednh s\u00e1ch h\u1ed7 tr\u1ee3 ch\u01a1i c\u00f3 tr\u00e1ch nhi\u1ec7m t\u1ea1i Hubet<\/b><\/h2>\n<p><span style=\"font-weight: 400;\">\u0110\u1ec3 \u0111\u1ea3m b\u1ea3o m\u1ecdi game th\u1ee7 \u0111\u1ec1u c\u00f3 th\u1ec3 duy tr\u00ec tr\u1ea3i nghi\u1ec7m l\u00e0nh m\u1ea1nh, nh\u00e0 c\u00e1i \u0111\u00e3 t\u00edch h\u1ee3p h\u00e0ng lo\u1ea1t c\u00f4ng c\u1ee5 ki\u1ec3m so\u00e1t t\u1ef1 \u0111\u1ed9ng c\u00f9ng ch\u00ednh s\u00e1ch h\u1ed7 tr\u1ee3 tinh t\u1ebf. M\u1ee5c \u0111\u00edch nh\u1eb1m mang l\u1ea1i s\u1ef1 an t\u00e2m t\u1ed1i \u0111a trong t\u1eebng l\u1ea7n truy c\u1eadp.<\/span><\/p>\n<figure id=\"attachment_681\" aria-describedby=\"caption-attachment-681\" style=\"width: 800px\" class=\"wp-caption aligncenter\"><img title=\"Nh\u1eefng c\u00f4ng c\u1ee5 h\u1ed7 tr\u1ee3 ch\u01a1i c\u00f3 tr\u00e1ch nhi\u1ec7m t\u1ea1i Hubet\" loading=\"lazy\" decoding=\"async\" class=\"size-full wp-image-681\" src=\"https:\/\/hubet.wine\/wp-content\/uploads\/2026\/05\/choi-co-trach-nhiem-2.webp\" alt=\"Nh\u1eefng c\u00f4ng c\u1ee5 h\u1ed7 tr\u1ee3 ch\u01a1i c\u00f3 tr\u00e1ch nhi\u1ec7m t\u1ea1i Hubet\" width=\"800\" height=\"450\"><figcaption id=\"caption-attachment-681\" class=\"wp-caption-text\">Nh\u1eefng c\u00f4ng c\u1ee5 h\u1ed7 tr\u1ee3 ch\u01a1i c\u00f3 tr\u00e1ch nhi\u1ec7m t\u1ea1i Hubet<\/figcaption><\/figure>\n<h3><b>T\u00ednh n\u0103ng t\u1ef1 gi\u1edbi h\u1ea1n b\u1ea3o v\u1ec7 ng\u01b0\u1eddi ch\u01a1i tr\u01b0\u1edbc m\u1ecdi c\u00e1m <\/b><b>d\u1ed7<\/b><\/h3>\n<p><span style=\"font-weight: 400;\">Ng\u01b0\u1eddi ch\u01a1i t\u1ea1i Hubet c\u00f3 th\u1ec3 ch\u1ee7 \u0111\u1ed9ng thi\u1ebft l\u1eadp gi\u1edbi h\u1ea1n n\u1ea1p ti\u1ec1n, th\u1eddi gian ch\u01a1i ho\u1eb7c s\u1ed1 l\u1ea7n \u0111\u1eb7t c\u01b0\u1ee3c trong ng\u00e0y. \u0110\u00e2y l\u00e0 m\u1ed9t ph\u1ea7n trong cam k\u1ebft b\u1ea3o v\u1ec7 kh\u00e1ch h\u00e0ng kh\u1ecfi r\u1ee7i ro nghi\u1ec7n c\u00e1 c\u01b0\u1ee3c.\u00a0<\/span><\/p>\n<p><span style=\"font-weight: 400;\">Khi \u0111\u1ea1t \u0111\u1ebfn ng\u01b0\u1ee1ng gi\u1edbi h\u1ea1n \u0111\u00e3 thi\u1ebft l\u1eadp, h\u1ec7 th\u1ed1ng s\u1ebd t\u1ef1 \u0111\u1ed9ng kh\u00f3a quy\u1ec1n truy c\u1eadpgi\u00fap ng\u01b0\u1eddi d\u00f9ng d\u1eebng l\u1ea1i \u0111\u00fang l\u00fac m\u00e0 kh\u00f4ng c\u1ea7n s\u1ef1 can thi\u1ec7p b\u00ean ngo\u00e0i. T\u00ednh n\u0103ng n\u00e0y \u0111\u01b0\u1ee3c x\u00e2y d\u1ef1ng tr\u00ean n\u1ec1n t\u1ea3ng b\u1ea3o m\u1eadt cao, \u0111\u1ea3m b\u1ea3o ng\u01b0\u1eddi d\u00f9ng kh\u00f4ng th\u1ec3 thay \u0111\u1ed5i gi\u1edbi h\u1ea1n \u0111\u1ed9t ng\u1ed9t nh\u1eb1m v\u01b0\u1ee3t qua c\u01a1 ch\u1ebf ki\u1ec3m so\u00e1t.<\/span><\/p>\n<h3><b>H\u1ed7 tr\u1ee3 t\u00e2m l\u00fd v\u00e0 c\u1ea3nh b\u00e1o s\u1edbm<\/b><\/h3>\n<p><span style=\"font-weight: 400;\">Hubet hi\u1ec3u r\u00f5 kh\u00f4ng ph\u1ea3i ai c\u0169ng \u0111\u1ee7 t\u1ec9nh t\u00e1o \u0111\u1ec3 nh\u1eadn ra nh\u1eefng d\u1ea5u hi\u1ec7u \u0111\u1ea7u ti\u00ean c\u1ee7a h\u00e0nh vi m\u1ea5t ki\u1ec3m so\u00e1t. V\u00ec v\u1eady, n\u1ec1n t\u1ea3ng n\u00e0y th\u01b0\u1eddng xuy\u00ean hi\u1ec3n th\u1ecb th\u00f4ng b\u00e1o nh\u1eafc nh\u1edf th\u1eddi gian ch\u01a1i. \u0110\u1ed3ng th\u1eddi cung c\u1ea5p c\u00e1c b\u00e0i ki\u1ec3m tra \u0111\u00e1nh gi\u00e1 h\u00e0nh vi ng\u01b0\u1eddi d\u00f9ng t\u1eeb \u0111\u00f3 \u0111\u01b0a ra l\u1eddi khuy\u00ean k\u1ecbp th\u1eddi trong <\/span><b>ch\u01a1i c\u00f3 tr\u00e1ch nhi\u1ec7m<\/b><span style=\"font-weight: 400;\">.<\/span><\/p>\n<p><span style=\"font-weight: 400;\">Ngo\u00e0i ra, \u0111\u1ed9i ng\u0169 ch\u0103m s\u00f3c kh\u00e1ch h\u00e0ng \u0111\u01b0\u1ee3c \u0111\u00e0o t\u1ea1o chuy\u00ean s\u00e2u trong vi\u1ec7c h\u1ed7 tr\u1ee3 t\u00e2m l\u00fd c\u00e1 c\u01b0\u1ee3c c\u00f3 th\u1ec3 t\u01b0 v\u1ea5n cho ng\u01b0\u1eddi ch\u01a1i 24\/7. \u0110i\u1ec1u n\u00e0y kh\u00f4ng ch\u1ec9 gi\u00fap h\u1ecd nh\u1eadn di\u1ec7n v\u1ea5n \u0111\u1ec1 s\u1edbm m\u00e0 c\u00f2n tr\u00e1nh \u0111\u01b0\u1ee3c nh\u1eefng h\u1eadu qu\u1ea3 l\u00e2u d\u00e0i \u1ea3nh h\u01b0\u1edfng \u0111\u1ebfn cu\u1ed9c s\u1ed1ng c\u00e1 nh\u00e2n.<\/span><\/p>\n<h2><b>Vai tr\u00f2 c\u1ee7a c\u1ed9ng \u0111\u1ed3ng v\u00e0 ng\u01b0\u1eddi th\u00e2n trong vi\u1ec7c ch\u01a1i c\u00f3 tr\u00e1ch nhi\u1ec7m<\/b><\/h2>\n<p><span style=\"font-weight: 400;\">M\u1eb7c d\u00f9 Hubet cung c\u1ea5p \u0111\u1ea7y \u0111\u1ee7 c\u00f4ng c\u1ee5 k\u1ef9 thu\u1eadt \u0111\u1ec3 h\u1ed7 tr\u1ee3. Tuy nhi\u00ean y\u1ebfu t\u1ed1 con ng\u01b0\u1eddi v\u1eabn \u0111\u00f3ng vai tr\u00f2 v\u00f4 c\u00f9ng quan tr\u1ecdng trong vi\u1ec7c gi\u00fap ng\u01b0\u1eddi ch\u01a1i duy tr\u00ec th\u00f3i quen l\u00e0nh m\u1ea1nh.<\/span><\/p>\n<figure id=\"attachment_684\" aria-describedby=\"caption-attachment-684\" style=\"width: 800px\" class=\"wp-caption aligncenter\"><img title=\"Vai tr\u00f2 c\u1ee7a c\u1ed9ng \u0111\u1ed3ng \u0111\u1ed1i v\u1edbi c\u00e1 c\u01b0\u1ee3c c\u00f3 tr\u00e1ch nhi\u1ec7m\" loading=\"lazy\" decoding=\"async\" class=\"size-full wp-image-684\" src=\"https:\/\/hubet.wine\/wp-content\/uploads\/2026\/05\/choi-co-trach-nhiem-1.webp\" alt=\"Vai tr\u00f2 c\u1ee7a c\u1ed9ng \u0111\u1ed3ng \u0111\u1ed1i v\u1edbi c\u00e1 c\u01b0\u1ee3c c\u00f3 tr\u00e1ch nhi\u1ec7m\" width=\"800\" height=\"450\"><figcaption id=\"caption-attachment-684\" class=\"wp-caption-text\">Vai tr\u00f2 c\u1ee7a c\u1ed9ng \u0111\u1ed3ng \u0111\u1ed1i v\u1edbi c\u00e1 c\u01b0\u1ee3c c\u00f3 tr\u00e1ch nhi\u1ec7m<\/figcaption><\/figure>\n<h3><b>Gia \u0111\u00ecnh<\/b><\/h3>\n<p><span style=\"font-weight: 400;\">S\u1ef1 quan t\u00e2m c\u1ee7a ng\u01b0\u1eddi th\u00e2n c\u00f3 th\u1ec3 l\u00e0 \u201ct\u1ea5m g\u01b0\u01a1ng\u201d ph\u1ea3n chi\u1ebfu h\u00e0nh vi c\u00e1 c\u01b0\u1ee3c. N\u1ebfu ng\u01b0\u1eddi ch\u01a1i c\u00f3 xu h\u01b0\u1edbng tham gia qu\u00e1 m\u1ee9c, nh\u1eefng l\u1eddi khuy\u00ean ch\u00e2n th\u00e0nh t\u1eeb ng\u01b0\u1eddi th\u00e2n th\u01b0\u1eddng s\u1ebd c\u00f3 t\u00e1c \u0111\u1ed9ng t\u00edch c\u1ef1c h\u01a1n b\u1ea5t k\u1ef3 c\u1ea3nh b\u00e1o n\u00e0o t\u1eeb h\u1ec7 th\u1ed1ng.<\/span><\/p>\n<h3><b>C\u1ed9ng \u0111\u1ed3ng<\/b><\/h3>\n<p><span style=\"font-weight: 400;\">Kh\u00f4ng n\u00ean \u0111\u00e1nh gi\u00e1 th\u1ea5p s\u1ee9c m\u1ea1nh c\u1ee7a c\u1ed9ng \u0111\u1ed3ng ng\u01b0\u1eddi ch\u01a1i v\u0103n minh. Tr\u00ean Hubet, c\u00f3 r\u1ea5t nhi\u1ec1u di\u1ec5n \u0111\u00e0n v\u00e0 nh\u00f3m th\u1ea3o lu\u1eadn t\u00edch c\u1ef1c. N\u01a1i c\u00e1c th\u00e0nh vi\u00ean chia s\u1ebb kinh nghi\u1ec7m c\u00e1 c\u01b0\u1ee3c h\u1ee3p l\u00fd, k\u1ef9 thu\u1eadt ki\u1ec3m so\u00e1t c\u1ea3m x\u00fac v\u00e0 c\u00e1ch v\u01b0\u1ee3t qua c\u00e1m d\u1ed7 t\u00e0i ch\u00ednh. Nh\u1eefng cu\u1ed9c trao \u0111\u1ed5i nh\u01b0 v\u1eady g\u00f3p ph\u1ea7n th\u00fac \u0111\u1ea9y l\u1ed1i ch\u01a1i v\u0103n minh, h\u1ea1n ch\u1ebf s\u1ef1 c\u00f4 l\u1eadp v\u00e0 gia t\u0103ng t\u00ednh k\u1ebft n\u1ed1i gi\u1eefa c\u00e1c ng\u01b0\u1eddi ch\u01a1i.<\/span><\/p>\n<h2><b>K\u1ebft lu\u1eadn<\/b><\/h2>\n<p><b>Ch\u01a1i c\u00f3 tr\u00e1ch nhi\u1ec7m<\/b><span style=\"font-weight: 400;\"> v\u1eeba l\u00e0 m\u1ed9t kh\u1ea9u hi\u1ec7u, \u0111\u1ed3ng th\u1eddi l\u00e0 nguy\u00ean t\u1eafc c\u1ed1t l\u00f5i m\u00e0 Hubet ki\u00ean tr\u00ec x\u00e2y d\u1ef1ng v\u00e0 truy\u1ec1n t\u1ea3i. H\u00e3y c\u00f9ng \u0111\u1ed3ng h\u00e0nh v\u1edbi nh\u00e0 c\u00e1i, l\u1ef1a ch\u1ecdn c\u00e1 c\u01b0\u1ee3c c\u00f3 tr\u00e1ch nhi\u1ec7m\u00a0 v\u00ec m\u1ed9t t\u01b0\u01a1ng lai t\u00edch c\u1ef1c, v\u0103n minh v\u00e0 an to\u00e0n.<\/span><\/p>\n<\/p><\/div>\n<\/p><\/div>\n<\/div>\n","protected":false},"excerpt":{"rendered":"<p>\u2705TH\u00d4NG TIN \u00a0 Th\u01b0\u01a1ng hi\u1ec7u: HUBET Danh M\u1ee5c: C\u00e1 C\u01b0\u1ee3c Tr\u1ef1c Tuy\u1ebfn S\u1ea3n Ph\u1ea9m Ch\u1ee7 \u0110\u1ea1o: Casino Online N\u0103m Th\u00e0nh L\u1eadp: 2019 \u0110\u1ecba ch\u1ec9: 03 L\u00ea Thanh Ngh\u1ecb, Ho\u00e0 C\u01b0\u1eddng B\u1eafc, H\u1ea3i Ch\u00e2u, \u0110\u00e0 N\u1eb5ng 50000, Vi\u1ec7t Nam Email: support@xoi.us.com Hotline: 0375 704 385 Website: https:\/\/xoi.us.com\/ Hashtag: #hubet #hubetdecom #hu_bet #hubet_casino\u00a0 #CasinoOnline #T\u00e0iX\u1ec9u \u00a0\u2705S\u1ea2N PH\u1ea8M [&#8230;]\n","protected":false},"author":1,"featured_media":124,"parent":0,"menu_order":0,"comment_status":"closed","ping_status":"closed","template":"","meta":{"footnotes":""},"class_list":["post-119","page","type-page","status-publish","has-post-thumbnail","hentry"],"_links":{"self":[{"href":"https:\/\/hubet.wine\/index.php\/wp-json\/wp\/v2\/pages\/119","targetHints":{"allow":["GET"]}}],"collection":[{"href":"https:\/\/hubet.wine\/index.php\/wp-json\/wp\/v2\/pages"}],"about":[{"href":"https:\/\/hubet.wine\/index.php\/wp-json\/wp\/v2\/types\/page"}],"author":[{"embeddable":true,"href":"https:\/\/hubet.wine\/index.php\/wp-json\/wp\/v2\/users\/1"}],"replies":[{"embeddable":true,"href":"https:\/\/hubet.wine\/index.php\/wp-json\/wp\/v2\/comments?post=119"}],"version-history":[{"count":0,"href":"https:\/\/hubet.wine\/index.php\/wp-json\/wp\/v2\/pages\/119\/revisions"}],"wp:featuredmedia":[{"embeddable":true,"href":"https:\/\/hubet.wine\/index.php\/wp-json\/wp\/v2\/media\/124"}],"wp:attachment":[{"href":"https:\/\/hubet.wine\/index.php\/wp-json\/wp\/v2\/media?parent=119"}],"curies":[{"name":"wp","href":"https:\/\/api.w.org\/{rel}","templated":true}]}}