{"id":117,"date":"2026-05-14T19:06:36","date_gmt":"2026-05-14T12:06:36","guid":{"rendered":"https:\/\/hubet.wine\/index.php\/ceo-quynh-thi\/"},"modified":"2026-05-14T19:06:36","modified_gmt":"2026-05-14T12:06:36","slug":"ceo-quynh-thi","status":"publish","type":"page","link":"https:\/\/hubet.wine\/index.php\/ceo-quynh-thi\/","title":{"rendered":"CEO Qu\u1ef3nh Thi &#8211; Ng\u01b0\u1eddi L\u00e0m N\u00ean L\u1ecbch S\u1eed C\u1ee7a Nh\u00e0 C\u00e1i Hubet"},"content":{"rendered":"<div class=\"row\" id=\"row-1273772976\">\n<div id=\"col-1238298532\" class=\"col medium-3 small-12 large-3\">\n<div class=\"col-inner\">\n<div id=\"text-2414828344\" class=\"text khung\">\n<div style=\"text-align: center;\"><strong>\u2705TH\u00d4NG TIN<\/strong><\/div>\n<div>\u00a0<\/div>\n<ul>\n<li><strong>Th\u01b0\u01a1ng hi\u1ec7u:<\/strong> <a href=\"https:\/\/hubet.wine\/\"><strong>HUBET<\/strong><\/a><\/li>\n<li><strong>Danh M\u1ee5c:<\/strong> C\u00e1 C\u01b0\u1ee3c Tr\u1ef1c Tuy\u1ebfn<\/li>\n<li><strong>S\u1ea3n Ph\u1ea9m Ch\u1ee7 \u0110\u1ea1o:<\/strong> Casino Online<\/li>\n<li><strong>N\u0103m Th\u00e0nh L\u1eadp:<\/strong> 2019<\/li>\n<li><strong>\u0110\u1ecba ch\u1ec9:<\/strong> 03 L\u00ea Thanh Ngh\u1ecb, Ho\u00e0 C\u01b0\u1eddng B\u1eafc, H\u1ea3i Ch\u00e2u, \u0110\u00e0 N\u1eb5ng 50000, Vi\u1ec7t Nam<\/li>\n<li><strong>Email:<\/strong> support@xoi.us.com<\/li>\n<li><strong>Hotline:<\/strong> 0375 704 385<\/li>\n<li><strong>Website:<\/strong> <a href=\"https:\/\/hubet.wine\/\"><strong>https:\/\/xoi.us.com\/<\/strong><\/a><\/li>\n<li><strong>Hashtag:<\/strong> #hubet #hubetdecom #hu_bet #hubet_casino\u00a0 #CasinoOnline #T\u00e0iX\u1ec9u<\/li>\n<\/ul><\/div>\n<div id=\"text-1909534059\" class=\"text khung\">\n<div style=\"text-align: center;\"><strong>\u00a0\u2705S\u1ea2N PH\u1ea8M<\/strong><\/div>\n<p>\u00a0<\/p>\n<ul>\n<li><a href=\"https:\/\/hubet.wine\/casino-hubet\/\"><strong>Casino<\/strong><\/a><\/li>\n<li><a href=\"https:\/\/hubet.wine\/the-thao-hubet\/\"><strong>Th\u1ec3 Thao<\/strong><\/a><\/li>\n<li><a href=\"https:\/\/hubet.wine\/no-hu-hubet\/\"><strong>N\u1ed5 H\u0169<\/strong><\/a><\/li>\n<li><a href=\"https:\/\/hubet.wine\/ban-ca-hubet\/\"><strong>B\u1eafn C\u00e1<\/strong><\/a><\/li>\n<li><a href=\"https:\/\/hubet.wine\/da-ga-hubet\/\"><strong>\u0110\u00e1 G\u00e0<\/strong><\/a><\/li>\n<li><a href=\"https:\/\/hubet.wine\/xo-so-hubet\/\"><strong>X\u1ed5 S\u1ed1<\/strong><\/a><\/li>\n<\/ul><\/div>\n<\/p><\/div>\n<\/p><\/div>\n<div id=\"col-715260304\" class=\"col medium-9 small-12 large-9\">\n<div class=\"col-inner\">\n<p><a href=\"https:\/\/hubet.wine\/ceo-quynh-thi\/\"><b>CEO Qu\u1ef3nh Thi<\/b><\/a><span style=\"font-weight: 400;\"> l\u00e0 m\u1ed9t nh\u00e0 l\u00e3nh \u0111\u1ea1o t\u00e0i ba t\u1ea1i Hubet v\u1edbi kh\u1ea3 n\u0103ng qu\u1ea3n l\u00fd v\u01b0\u1ee3t tr\u1ed9i v\u00e0 chi\u1ebfn l\u01b0\u1ee3c d\u00e0i h\u1ea1n r\u00f5 r\u00e0ng. Nh\u1edd v\u00e0o nh\u1eefng \u0111\u00f3ng g\u00f3p \u0111\u00f3, ch\u1ecb \u0111\u00e3 x\u00e2y d\u1ef1ng \u0111\u01b0\u1ee3c m\u1ed9t m\u00f4i tr\u01b0\u1eddng c\u00e1 c\u01b0\u1ee3c tr\u1ef1c tuy\u1ebfn uy t\u00edn v\u00e0 chuy\u00ean nghi\u1ec7p, mang l\u1ea1i s\u1ef1 tin c\u1eady cho kh\u00e1ch h\u00e0ng. H\u00e3y c\u00f9ng <strong><a href=\"https:\/\/hubet.wine\/\">Hubet<\/a> <\/strong>kh\u00e1m ph\u00e1 s\u1ef1 nghi\u1ec7p v\u00e0 t\u1ea7m nh\u00ecn c\u1ee7a v\u1ecb CEO n\u00e0y trong b\u00e0i vi\u1ebft sau.<\/span><\/p>\n<h2><b>\u0110\u00f4i n\u00e9t c\u01a1 b\u1ea3n v\u1ec1 CEO Qu\u1ef3nh Thi<\/b><\/h2>\n<p><span style=\"font-weight: 400;\">D\u00e0nh cho nh\u1eefng ai y\u00eau th\u00edch h\u00e0nh tr\u00ecnh c\u00e1 c\u01b0\u1ee3c tr\u1ef1c tuy\u1ebfn trong m\u00f4i tr\u01b0\u1eddng an to\u00e0n, ti\u1ec7n l\u1ee3i v\u00e0 ch\u1ea5t l\u01b0\u1ee3ng, Hubet n\u1ed5i b\u1eadt nh\u01b0 m\u1ed9t \u0111i\u1ec3m \u0111\u1ebfn l\u00fd t\u01b0\u1edfng v\u1edbi h\u00e0ng lo\u1ea1t \u01b0u \u0111\u00e3i c\u00f9ng d\u1ecbch v\u1ee5 \u0111\u1eb3ng c\u1ea5p. G\u00f3p ph\u1ea7n t\u1ea1o n\u00ean nh\u1eefng tr\u1ea3i nghi\u1ec7m \u0111\u00e1ng nh\u1edb \u1ea5y kh\u00f4ng th\u1ec3 kh\u00f4ng nh\u1eafc \u0111\u1ebfn vai tr\u00f2 l\u00e3nh \u0111\u1ea1o c\u1ee7a <\/span><b>CEO Qu\u1ef3nh Thi<\/b><span style=\"font-weight: 400;\">. Sau \u0111\u00e2y l\u00e0 m\u1ed9t v\u00e0i th\u00f4ng tin t\u1ed5ng quan v\u1ec1 ng\u01b0\u1eddi s\u00e1ng l\u1eadp ra th\u01b0\u01a1ng hi\u1ec7u gi\u1ea3i tr\u00ed c\u1ee7a ch\u00fang t\u00f4i:<\/span><\/p>\n<ul>\n<li style=\"font-weight: 400;\" aria-level=\"1\"><span style=\"font-weight: 400;\">H\u1ecd t\u00ean: Nguy\u1ec5n Tr\u1ea7n Qu\u1ef3nh Thi<\/span><\/li>\n<li style=\"font-weight: 400;\" aria-level=\"1\"><span style=\"font-weight: 400;\">Ng\u00e0y sinh: 27\/09\/1992<\/span><\/li>\n<li style=\"font-weight: 400;\" aria-level=\"1\"><span style=\"font-weight: 400;\">Qu\u1ed1c t\u1ecbch: Vi\u1ec7t Nam<\/span><\/li>\n<li style=\"font-weight: 400;\" aria-level=\"1\"><span style=\"font-weight: 400;\">H\u1ecdc v\u1ea5n: T\u1ed1t nghi\u1ec7p xu\u1ea5t s\u1eafc b\u1eb1ng k\u1ef9 s\u01b0 chuy\u00ean ng\u00e0nh K\u1ef9 thu\u1eadt m\u00e1y t\u00ednh t\u1ea1i \u0110\u1ea1i h\u1ecdc B\u00e1ch khoa H\u00e0 N\u1ed9i<\/span><\/li>\n<li style=\"font-weight: 400;\" aria-level=\"1\"><span style=\"font-weight: 400;\">Ngh\u1ec1 nghi\u1ec7p: CEO nh\u00e0 c\u00e1i Hubet<\/span><\/li>\n<li style=\"font-weight: 400;\" aria-level=\"1\"><span style=\"font-weight: 400;\">N\u01a1i c\u01b0 tr\u00fa: Qu\u1eadn \u0110\u1ed1ng \u0110a, H\u00e0 N\u1ed9i.<\/span><\/li>\n<\/ul>\n<figure id=\"attachment_675\" aria-describedby=\"caption-attachment-675\" style=\"width: 800px\" class=\"wp-caption aligncenter\"><img title=\"\u0110\u00f4i n\u00e9t c\u01a1 b\u1ea3n v\u1ec1 CEO Qu\u1ef3nh Thi\" loading=\"lazy\" decoding=\"async\" class=\"size-full wp-image-675\" src=\"https:\/\/hubet.wine\/wp-content\/uploads\/2026\/05\/ceo-quynh-thi-1.webp\" alt=\"\u0110\u00f4i n\u00e9t c\u01a1 b\u1ea3n v\u1ec1 CEO Qu\u1ef3nh Thi\" width=\"800\" height=\"450\"><figcaption id=\"caption-attachment-675\" class=\"wp-caption-text\">\u0110\u00f4i n\u00e9t c\u01a1 b\u1ea3n v\u1ec1 CEO Qu\u1ef3nh Thi<\/figcaption><\/figure>\n<h2><b>Con \u0111\u01b0\u1eddng ti\u1ebfn t\u1edbi th\u00e0nh c\u00f4ng c\u1ee7a CEO Qu\u1ef3nh Thi<\/b><\/h2>\n<p><span style=\"font-weight: 400;\">Tr\u1ea3i qua m\u1ed9t h\u00e0nh tr\u00ecnh kh\u1edfi nghi\u1ec7p \u0111\u1ea7y gian tru\u00e2n, Qu\u1ef3nh Thi \u0111\u00e3 \u0111\u1ed1i m\u1eb7t v\u1edbi mu\u00f4n v\u00e0n th\u1eed th\u00e1ch tr\u00ean con \u0111\u01b0\u1eddng chinh ph\u1ee5c l\u0129nh v\u1ef1c c\u00e1 c\u01b0\u1ee3c tr\u1ef1c tuy\u1ebfn. Trong b\u1ed1i c\u1ea3nh ng\u00e0nh ngh\u1ec1 n\u00e0y v\u1ed1n \u0111\u00e3 c\u00f3 s\u1ef1 c\u1ea1nh tranh kh\u1ed1c li\u1ec7t v\u1edbi s\u1ef1 th\u1ed1ng tr\u1ecb c\u1ee7a nhi\u1ec1u th\u01b0\u01a1ng hi\u1ec7u k\u1ef3 c\u1ef1u, vi\u1ec7c kh\u1edfi t\u1ea1o m\u1ed9t c\u00e1i t\u00ean m\u1edbi ch\u01b0a bao gi\u1edd l\u00e0 \u0111i\u1ec1u \u0111\u01a1n gi\u1ea3n.<\/span><\/p>\n<p><span style=\"font-weight: 400;\">Th\u1ebf nh\u01b0ng, b\u1eb1ng s\u1ef1 ki\u00ean tr\u00ec kh\u00f4ng ng\u1eebng c\u00f9ng tinh th\u1ea7n c\u1ea7u ti\u1ebfn, v\u1ecb l\u00e3nh \u0111\u1ea1o tr\u1ebb \u0111\u00e3 t\u1eebng b\u01b0\u1edbc ph\u00e1 b\u1ecf gi\u1edbi h\u1ea1n c\u00e1 nh\u00e2n. T\u1eeb \u0111\u00f3 t\u1eadp trung to\u00e0n l\u1ef1c v\u00e0o vi\u1ec7c x\u00e2y d\u1ef1ng n\u1ec1n t\u1ea3ng v\u1eefng ch\u1eafc v\u00e0 \u0111\u1ecbnh v\u1ecb th\u01b0\u01a1ng hi\u1ec7u Hubet tr\u00ean th\u1ecb tr\u01b0\u1eddng. C\u1ee5 th\u1ec3, h\u00e0nh tr\u00ecnh ph\u00e1t tri\u1ec3n \u1ea5y c\u00f3 th\u1ec3 \u0111\u01b0\u1ee3c t\u00f3m l\u01b0\u1ee3c qua nh\u1eefng d\u1ea5u m\u1ed1c ti\u00eau bi\u1ec3u d\u01b0\u1edbi \u0111\u00e2y:<\/span><\/p>\n<h3><b>K\u1ef9 n\u0103ng \u0111i\u1ec1u h\u00e0nh tuy\u1ec7t \u0111\u1ec9nh<\/b><\/h3>\n<p><span style=\"font-weight: 400;\">Ch\u00ednh ph\u1ea9m ch\u1ea5t l\u00e3nh \u0111\u1ea1o n\u1ed5i b\u1eadt c\u1ee7a <\/span><b>CEO Qu\u1ef3nh Thi<\/b><span style=\"font-weight: 400;\"> \u0111\u00e3 g\u00f3p ph\u1ea7n t\u1ea1o n\u00ean s\u1ef1 th\u0103ng hoa v\u01b0\u1ee3t b\u1eadc c\u1ee7a Hubet trong th\u1ecb tr\u01b0\u1eddng c\u00e1 c\u01b0\u1ee3c tr\u1ef1c tuy\u1ebfn. V\u1edbi t\u01b0 duy qu\u1ea3n tr\u1ecb linh ho\u1ea1t v\u00e0 chi\u1ebfn l\u01b0\u1ee3c s\u1eafc s\u1ea3o, ch\u1ecb \u0111\u00e3 kh\u1eb3ng \u0111\u1ecbnh \u0111\u01b0\u1ee3c b\u1ea3n l\u0129nh trong vi\u1ec7c \u0111i\u1ec1u ph\u1ed1i ho\u1ea1t \u0111\u1ed9ng kinh doanh. \u0110\u1ed3ng th\u1eddi th\u1ec3 hi\u1ec7n t\u1ea7m nh\u00ecn r\u1ed9ng m\u1edf trong l\u0129nh v\u1ef1c th\u01b0\u01a1ng m\u1ea1i s\u1ed1 nh\u01b0 sau:<\/span><\/p>\n<ul>\n<li style=\"font-weight: 400;\" aria-level=\"1\"><span style=\"font-weight: 400;\">Kh\u00f4ng th\u1ec3 kh\u00f4ng k\u1ec3 \u0111\u1ebfn th\u00e0nh t\u00edch n\u1ed5i b\u1eadt m\u00e0 th\u01b0\u01a1ng hi\u1ec7u \u0111\u1ea1t \u0111\u01b0\u1ee3c nh\u1edd b\u00e0n tay ch\u00e8o l\u00e1i c\u1ee7a ch\u1ecb. L\u01b0\u1ee3ng ng\u01b0\u1eddi d\u00f9ng t\u0103ng v\u1ecdt g\u1ea7n 2 tri\u1ec7u ch\u1ec9 sau 2 n\u0103m v\u1eadn h\u00e0nh, g\u00f3p ph\u1ea7n n\u00e2ng cao \u0111\u1ed9 nh\u1eadn di\u1ec7n v\u00e0 uy t\u00edn th\u01b0\u01a1ng hi\u1ec7u trong gi\u1edbi c\u00e1 c\u01b0\u1ee3c.\u00a0<\/span><\/li>\n<li style=\"font-weight: 400;\" aria-level=\"1\"><span style=\"font-weight: 400;\">Song song v\u1edbi \u0111\u00f3, n\u1eef CEO c\u00f2n t\u00edch c\u1ef1c m\u1edf r\u1ed9ng quy m\u00f4 d\u1ecbch v\u1ee5 v\u00e0 danh m\u1ee5c s\u1ea3n ph\u1ea9m. \u0110\u1ed3ng th\u1eddi ho\u00e0n thi\u1ec7n c\u00e1c ch\u00ednh s\u00e1ch b\u1ea3o m\u1eadt \u0111\u1ec3 \u0111\u00e1p \u1ee9ng \u0111a d\u1ea1ng nhu c\u1ea7u t\u1eeb ph\u00eda kh\u00e1ch h\u00e0ng.<\/span><\/li>\n<li style=\"font-weight: 400;\" aria-level=\"1\"><span style=\"font-weight: 400;\">Trang ch\u1ee7 c\u1ee7a s\u00e2n ch\u01a1i \u0111\u01b0\u1ee3c <\/span><b>CEO Qu\u1ef3nh Thi<\/b><span style=\"font-weight: 400;\"> \u0111\u1ed1c th\u00fac \u0111\u1ed9i ng\u0169 thi\u1ebft k\u1ebf v\u00e0 ph\u00e1t tri\u1ec3n x\u00e2y d\u1ef1ng v\u1edbi giao di\u1ec7n th\u00e2n thi\u1ec7n. \u0110\u1ed3ng th\u1eddi t\u1ed1i \u01b0u tr\u1ea3i nghi\u1ec7m ng\u01b0\u1eddi d\u00f9ng nh\u1edd thi\u1ebft k\u1ebf tr\u1ef1c quan v\u00e0 \u0111\u01a1n gi\u1ea3n.<\/span><\/li>\n<li style=\"font-weight: 400;\" aria-level=\"1\"><span style=\"font-weight: 400;\">B\u00ean c\u1ea1nh \u0111\u00f3, c\u01a1 ch\u1ebf thanh to\u00e1n an to\u00e0n v\u00e0 linh ho\u1ea1t ch\u00ednh l\u00e0 \u0111i\u1ec3m c\u1ed9ng l\u1edbn, n\u00e2ng t\u1ea7m s\u1ef1 thu\u1eadn ti\u1ec7n d\u00e0nh cho h\u1ed9i vi\u00ean tham gia.<\/span><\/li>\n<li style=\"font-weight: 400;\" aria-level=\"1\"><span style=\"font-weight: 400;\">Kh\u00f4ng th\u1ec3 thi\u1ebfu trong chu\u1ed7i th\u00e0nh c\u00f4ng \u1ea5y l\u00e0 \u0111\u1ed9i ng\u0169 h\u1ed7 tr\u1ee3 kh\u00e1ch h\u00e0ng \u2013 nh\u1eefng c\u00e1 nh\u00e2n lu\u00f4n t\u1eadn t\u00e2m t\u00fac tr\u1ef1c 24\/7 \u0111\u1ec3 x\u1eed l\u00fd m\u1ecdi v\u1ea5n \u0111\u1ec1 ng\u01b0\u1eddi d\u00f9ng g\u1eb7p ph\u1ea3i. T\u1eeb \u0111\u00f3 g\u00f3p ph\u1ea7n duy tr\u00ec s\u1ef1 chuy\u00ean nghi\u1ec7p v\u00e0 t\u1ea1o d\u1ef1ng l\u00f2ng tin t\u1eeb ph\u00eda ng\u01b0\u1eddi ch\u01a1i.<\/span><\/li>\n<\/ul>\n<h3><b>B\u00ed k\u00edp th\u00e0nh c\u00f4ng<\/b><\/h3>\n<p><span style=\"font-weight: 400;\">Vi\u1ec7c \u0111\u01b0a Hubet tr\u1edf th\u00e0nh m\u1ed9t trong nh\u1eefng n\u1ec1n t\u1ea3ng c\u00e1 c\u01b0\u1ee3c uy t\u00edn h\u00e0ng \u0111\u1ea7u kh\u00f4ng ph\u1ea3i l\u00e0 k\u1ebft qu\u1ea3 c\u1ee7a may m\u1eafn, m\u00e0 l\u00e0 s\u1ef1 k\u1ebft tinh t\u1eeb n\u1ed7 l\u1ef1c kh\u00f4ng ng\u1eebng ngh\u1ec9 c\u1ee7a ng\u01b0\u1eddi \u0111\u1ee9ng \u0111\u1ea7u th\u01b0\u01a1ng hi\u1ec7u. D\u01b0\u1edbi \u0111\u00e2y l\u00e0 nh\u1eefng y\u1ebfu t\u1ed1 ch\u1ee7 ch\u1ed1t l\u00e0m n\u00ean h\u00e0nh tr\u00ecnh th\u00e0nh c\u00f4ng \u0111\u1ea7y \u1ea5n t\u01b0\u1ee3ng c\u1ee7a <\/span><b>CEO Qu\u1ef3nh Thi<\/b><span style=\"font-weight: 400;\">:<\/span><\/p>\n<ul>\n<li style=\"font-weight: 400;\" aria-level=\"1\"><span style=\"font-weight: 400;\">Ngu\u1ed3n n\u0103ng l\u01b0\u1ee3ng \u0111am m\u00ea v\u00e0 t\u00e2m huy\u1ebft: N\u1eef gi\u00e1m \u0111\u1ed1c lu\u00f4n th\u1ec3 hi\u1ec7n s\u1ef1 y\u00eau ngh\u1ec1 m\u00e3nh li\u1ec7t. Ch\u1ecb s\u1eb5n s\u00e0ng d\u00e0nh to\u00e0n b\u1ed9 th\u1eddi gian v\u00e0 tr\u00ed l\u1ef1c \u0111\u1ec3 v\u01b0\u1ee3t qua ch\u00f4ng gai, chinh ph\u1ee5c m\u1ee5c ti\u00eau m\u1ed9t c\u00e1ch b\u1ec1n b\u1ec9.<\/span><\/li>\n<li style=\"font-weight: 400;\" aria-level=\"1\"><span style=\"font-weight: 400;\">T\u01b0 duy s\u1eafc b\u00e9n: Kh\u00f4ng ch\u1ec9 nhanh nh\u1ea1y trong vi\u1ec7c nh\u1eadn di\u1ec7n xu th\u1ebf, c\u00f4 g\u00e1i tr\u1ebb c\u00f2n kh\u00e9o l\u00e9o ho\u1ea1ch \u0111\u1ecbnh h\u01b0\u1edbng \u0111i ph\u00f9 h\u1ee3p cho nh\u00e0 c\u00e1i. T\u1eeb \u0111\u00f3 gi\u1eef cho th\u01b0\u01a1ng hi\u1ec7u lu\u00f4n d\u1eabn \u0111\u1ea7u trong vi\u1ec7c c\u1eadp nh\u1eadt c\u00f4ng ngh\u1ec7 hi\u1ec7n \u0111\u1ea1i.<\/span><\/li>\n<li style=\"font-weight: 400;\" aria-level=\"1\"><span style=\"font-weight: 400;\">Kh\u1ea3 n\u0103ng l\u00e3nh \u0111\u1ea1o to\u00e0n di\u1ec7n: Kh\u00f4ng ch\u1ec9 \u0111\u00f3ng vai tr\u00f2 \u0111i\u1ec1u h\u00e0nh, Qu\u1ef3nh Thi c\u00f2n l\u00e0 ng\u01b0\u1eddi truy\u1ec1n c\u1ea3m h\u1ee9ng cho to\u00e0n b\u1ed9 \u0111\u1ed9i ng\u0169. Nh\u1edd v\u00e0o kh\u1ea3 n\u0103ng k\u1ebft n\u1ed1i v\u00e0 kh\u00edch l\u1ec7 tinh th\u1ea7n l\u00e0m vi\u1ec7c, c\u00f4 \u0111\u00e3 t\u1ea1o d\u1ef1ng \u0111\u01b0\u1ee3c m\u1ed9t m\u00f4i tr\u01b0\u1eddng n\u0103ng \u0111\u1ed9ng, s\u00e1ng t\u1ea1o v\u00e0 \u0111\u1ea7y t\u00ednh \u0111\u1ed3ng \u0111\u1ed9i.<\/span><\/li>\n<\/ul>\n<figure id=\"attachment_676\" aria-describedby=\"caption-attachment-676\" style=\"width: 800px\" class=\"wp-caption aligncenter\"><img title=\"H\u00e0nh tr\u00ecnh n\u1eef CEO ch\u1ea1m t\u1edbi th\u00e0nh c\u00f4ng\" loading=\"lazy\" decoding=\"async\" class=\"size-full wp-image-676\" src=\"https:\/\/hubet.wine\/wp-content\/uploads\/2026\/05\/ceo-quynh-thi-2.webp\" alt=\"H\u00e0nh tr\u00ecnh n\u1eef CEO ch\u1ea1m t\u1edbi th\u00e0nh c\u00f4ng\" width=\"800\" height=\"450\"><figcaption id=\"caption-attachment-676\" class=\"wp-caption-text\">H\u00e0nh tr\u00ecnh n\u1eef CEO ch\u1ea1m t\u1edbi th\u00e0nh c\u00f4ng<\/figcaption><\/figure>\n<h2><b>Gi\u00e1 tr\u1ecb c\u1ed1t l\u00f5i CEO Qu\u1ef3nh Thi \u0111\u1eb7t cho Hubet<\/b><\/h2>\n<p><span style=\"font-weight: 400;\">Qu\u1ef3nh Thi mong mu\u1ed1n x\u00e2y d\u1ef1ng m\u1ed9t b\u1ea3n s\u1eafc \u0111\u1ed9c \u0111\u00e1o cho nh\u00e0 c\u00e1i th\u00f4ng qua nh\u1eefng gi\u00e1 tr\u1ecb r\u00f5 r\u00e0ng. T\u1eeb \u0111\u00f3 gi\u00fap th\u01b0\u01a1ng hi\u1ec7u d\u1ec5 d\u00e0ng \u0111\u1ecbnh v\u1ecb h\u00ecnh \u1ea3nh trong t\u00e2m tr\u00ed ng\u01b0\u1eddi d\u00f9ng. C\u1ee5 th\u1ec3:<\/span><\/p>\n<ul>\n<li style=\"font-weight: 400;\" aria-level=\"1\"><span style=\"font-weight: 400;\">Theo <\/span><b>CEO Qu\u1ef3nh Thi<\/b><span style=\"font-weight: 400;\">, m\u1ecdi chi\u1ebfn l\u01b0\u1ee3c \u0111\u1ec1u ph\u1ea3i l\u1ea5y kh\u00e1ch h\u00e0ng l\u00e0m \u01b0u ti\u00ean h\u00e0ng \u0111\u1ea7u. Ch\u1ec9 khi ng\u01b0\u1eddi ch\u01a1i c\u00f3 tr\u1ea3i nghi\u1ec7m t\u1ed1t, h\u1ecd m\u1edbi tin t\u01b0\u1edfng v\u00e0 g\u1eafn b\u00f3 l\u00e2u d\u00e0i v\u1edbi th\u01b0\u01a1ng hi\u1ec7u.<\/span><\/li>\n<li style=\"font-weight: 400;\" aria-level=\"1\"><span style=\"font-weight: 400;\">C\u1ed1t l\u00f5i m\u00e0 nh\u00e0 c\u00e1i h\u01b0\u1edbng \u0111\u1ebfn l\u00e0 x\u00e2y d\u1ef1ng ni\u1ec1m tin v\u00e0 s\u1ef1 uy t\u00edn. Th\u00e0nh c\u00f4ng c\u1ee7a s\u00e2n ch\u01a1i ch\u1ec9 c\u00f3 th\u1ec3 x\u00e2y d\u1ef1ng tr\u00ean n\u1ec1n t\u1ea3ng minh b\u1ea1ch, ch\u1ea5t l\u01b0\u1ee3ng v\u00e0 l\u00f2ng tin v\u1eefng ch\u1eafc t\u1eeb kh\u00e1ch h\u00e0ng.<\/span><\/li>\n<li style=\"font-weight: 400;\" aria-level=\"1\"><span style=\"font-weight: 400;\">N\u1eef CEO lu\u00f4n nh\u1eadn th\u1ee9c r\u00f5 r\u00e0ng v\u1ec1 tr\u00e1ch nhi\u1ec7m c\u1ee7a nh\u00e0 c\u00e1i trong vi\u1ec7c cung c\u1ea5p d\u1ecbch v\u1ee5 c\u00e1 c\u01b0\u1ee3c. Th\u01b0\u01a1ng hi\u1ec7u cam k\u1ebft b\u1ea3o v\u1ec7 quy\u1ec1n l\u1ee3i c\u1ee7a kh\u00e1ch h\u00e0ng v\u00e0 ch\u1ecbu tr\u00e1ch nhi\u1ec7m n\u1ebfu c\u00f3 b\u1ea5t k\u1ef3 s\u1ef1 c\u1ed1 n\u00e0o x\u1ea3y ra do l\u1ed7i c\u1ee7a m\u00ecnh, t\u1eeb \u0111\u00f3 c\u1ee7ng c\u1ed1 l\u00f2ng tin v\u00e0 thu h\u00fat game th\u1ee7.<\/span><\/li>\n<\/ul>\n<h2><b>K\u1ebft lu\u1eadn<\/b><\/h2>\n<p><span style=\"font-weight: 400;\">B\u00e0i vi\u1ebft tr\u00ean \u0111\u00e3 mang \u0111\u1ebfn c\u00e1i nh\u00ecn t\u1ed5ng th\u1ec3 v\u1ec1 <\/span><b>CEO Qu\u1ef3nh Thi<\/b><span style=\"font-weight: 400;\">. Ch\u00fang t\u00f4i mong r\u1eb1ng th\u00f4ng qua nh\u1eefng th\u00f4ng tin n\u00e0y, \u0111\u1ed9c gi\u1ea3 s\u1ebd hi\u1ec3u r\u00f5 h\u01a1n v\u1ec1 v\u1ecb doanh nh\u00e2n n\u00e0y v\u00e0 c\u1ea3m th\u1ea5y y\u00ean t\u00e2m khi l\u1ef1a ch\u1ecdn tham gia v\u00e0o tr\u1ea3i nghi\u1ec7m t\u1ea1i th\u01b0\u01a1ng hi\u1ec7u Hubet.<\/span><\/p>\n<\/p><\/div>\n<\/p><\/div>\n<\/div>\n","protected":false},"excerpt":{"rendered":"<p>\u2705TH\u00d4NG TIN \u00a0 Th\u01b0\u01a1ng hi\u1ec7u: HUBET Danh M\u1ee5c: C\u00e1 C\u01b0\u1ee3c Tr\u1ef1c Tuy\u1ebfn S\u1ea3n Ph\u1ea9m Ch\u1ee7 \u0110\u1ea1o: Casino Online N\u0103m Th\u00e0nh L\u1eadp: 2019 \u0110\u1ecba ch\u1ec9: 03 L\u00ea Thanh Ngh\u1ecb, Ho\u00e0 C\u01b0\u1eddng B\u1eafc, H\u1ea3i Ch\u00e2u, \u0110\u00e0 N\u1eb5ng 50000, Vi\u1ec7t Nam Email: support@xoi.us.com Hotline: 0375 704 385 Website: https:\/\/xoi.us.com\/ Hashtag: #hubet #hubetdecom #hu_bet #hubet_casino\u00a0 #CasinoOnline #T\u00e0iX\u1ec9u \u00a0\u2705S\u1ea2N PH\u1ea8M [&#8230;]\n","protected":false},"author":1,"featured_media":123,"parent":0,"menu_order":0,"comment_status":"closed","ping_status":"closed","template":"","meta":{"footnotes":""},"class_list":["post-117","page","type-page","status-publish","has-post-thumbnail","hentry"],"_links":{"self":[{"href":"https:\/\/hubet.wine\/index.php\/wp-json\/wp\/v2\/pages\/117","targetHints":{"allow":["GET"]}}],"collection":[{"href":"https:\/\/hubet.wine\/index.php\/wp-json\/wp\/v2\/pages"}],"about":[{"href":"https:\/\/hubet.wine\/index.php\/wp-json\/wp\/v2\/types\/page"}],"author":[{"embeddable":true,"href":"https:\/\/hubet.wine\/index.php\/wp-json\/wp\/v2\/users\/1"}],"replies":[{"embeddable":true,"href":"https:\/\/hubet.wine\/index.php\/wp-json\/wp\/v2\/comments?post=117"}],"version-history":[{"count":0,"href":"https:\/\/hubet.wine\/index.php\/wp-json\/wp\/v2\/pages\/117\/revisions"}],"wp:featuredmedia":[{"embeddable":true,"href":"https:\/\/hubet.wine\/index.php\/wp-json\/wp\/v2\/media\/123"}],"wp:attachment":[{"href":"https:\/\/hubet.wine\/index.php\/wp-json\/wp\/v2\/media?parent=117"}],"curies":[{"name":"wp","href":"https:\/\/api.w.org\/{rel}","templated":true}]}}